{"id":44386,"date":"2025-01-23T16:11:39","date_gmt":"2025-01-23T15:11:39","guid":{"rendered":"https:\/\/analysedanmark.stage.heyrobot.com\/?page_id=44386"},"modified":"2025-05-01T12:39:03","modified_gmt":"2025-05-01T10:39:03","slug":"hvad-skal-vi-hjaelpe-med","status":"publish","type":"page","link":"https:\/\/analysedanmark.dk\/it\/hvad-skal-vi-hjaelpe-med\/","title":{"rendered":"Hvad skal vi hj\u00e6lpe med?"},"content":{"rendered":"<div class=\"gb-container gb-container-12d57ba7 gbp-section__inner\">\n<div class=\"gb-container gb-container-3fdcfddb\">\n\n<h1 class=\"gb-headline gb-headline-0e509d67 gb-headline-text\">Hvad skal vi hj\u00e6lpe med?<\/h1>\n\n\n\n<p>Nedenfor er nogle eksempler p\u00e5 forretningsm\u00e6ssige udfordringer, som vi kan hj\u00e6lpe dig med at m\u00f8de. Klik p\u00e5 de forretningsm\u00e6ssige udfordringer for at se, hvilke relevante l\u00f8sninger, vi kan tilbyde jer:<\/p>\n\n\n<div class=\"gb-container gb-container-863a0a69\">\n<div class=\"gb-container gb-container-9c69353f\"><a class=\"gb-container-link\" href=\"https:\/\/analysedanmark.dk\/it\/servizi\/kundeanalyser\/\" aria-label=\"G\u00e5 til Kundeanalyser\"><\/a>\n\n<h4 class=\"gb-headline gb-headline-a0d7f63d gb-headline-text\">Forst\u00e5 dine kunder eller medlemmer<\/h4>\n\n\n\n<p class=\"has-small-font-size\">Hvorfor mister vi kunder eller medlemmer, og hvad k<a href=\"https:\/\/analysedanmark.dk\/it\/servizi\/kundeanalyser\/\" data-type=\"page\" data-id=\"43523\">a<\/a>n vi g\u00f8re for at fastholde dem?<\/p>\n\n<\/div>\n\n<div class=\"gb-container gb-container-5f7c7ad4\"><a class=\"gb-container-link\" href=\"https:\/\/analysedanmark.dk\/it\/servizi\/markedsanalyser\/imageanalyse\/\" aria-label=\"G\u00e5 til Imageanalyse\"><\/a>\n\n<h4 class=\"gb-headline gb-headline-bdac7160 gb-headline-text\">Hvordan er min virksomheds omd\u00f8mme?<\/h4>\n\n\n\n<p class=\"has-small-font-size\">Hvor kendte er vi i m\u00e5lgruppen og hvordan ser denne p\u00e5 os?<\/p>\n\n<\/div>\n\n<div class=\"gb-container gb-container-1f7139c3\"><a class=\"gb-container-link\" href=\"https:\/\/analysedanmark.dk\/it\/servizi\/markedsanalyser\/koncept-og-produkttest\/\" aria-label=\"G\u00e5 til Koncept- og produkttest\"><\/a>\n\n<h4 class=\"gb-headline gb-headline-aa7ad5c2 gb-headline-text\">Test af koncept, produkt eller kommunikation <\/h4>\n\n\n\n<p class=\"has-small-font-size\">F\u00e5&nbsp;forbrugerne eller kundernes vurdering, accept, k\u00f8bsovervejelser mv., den sandsynlige succes\/det sandsynlige potentiale og vore anbefalinger til evt. korrektioner.<\/p>\n\n<\/div>\n\n<div class=\"gb-container gb-container-619c7bdc\"><a class=\"gb-container-link\" href=\"https:\/\/analysedanmark.dk\/it\/servizi\/sondaggi-di-atteggiamento-e-di-opinione\/\" aria-label=\"G\u00e5 til holdnings- og opinionsm\u00e5linger\"><\/a>\n\n<h4 class=\"gb-headline gb-headline-4b9d170f gb-headline-text\">Holdnings- og meningsm\u00e5linger <\/h4>\n\n\n\n<p class=\"has-small-font-size\">Har du brug for at kende holdninger eller adf\u00e6rdsm\u00f8nstre i den brede befolkning eller brede m\u00e5lgrupper?<\/p>\n\n<\/div>\n<\/div>\n<\/div>\n<\/div>","protected":false},"excerpt":{"rendered":"<p>Hvad skal vi hj\u00e6lpe med? Nedenfor er nogle eksempler p\u00e5 forretningsm\u00e6ssige udfordringer, som vi kan hj\u00e6lpe dig med at m\u00f8de. Klik p\u00e5 de forretningsm\u00e6ssige udfordringer for at se, hvilke relevante l\u00f8sninger, vi kan tilbyde jer: Forst\u00e5 dine kunder eller medlemmer Hvorfor mister vi kunder eller medlemmer, og hvad kan vi g\u00f8re for at fastholde dem? &#8230; <\/p>\n<p class=\"read-more-container\"><a title=\"Hvad skal vi hj\u00e6lpe med?\" class=\"read-more button\" href=\"https:\/\/analysedanmark.dk\/it\/hvad-skal-vi-hjaelpe-med\/#more-44386\" aria-label=\"Per saperne di pi\u00f9 su Hvad skal vi hj\u00e6lpe med?\">Leggi tutto<\/a><\/p>","protected":false},"author":1,"featured_media":0,"parent":0,"menu_order":0,"comment_status":"closed","ping_status":"closed","template":"","meta":{"_acf_changed":false,"footnotes":""},"class_list":["post-44386","page","type-page","status-publish"],"acf":[],"_links":{"self":[{"href":"https:\/\/analysedanmark.dk\/it\/wp-json\/wp\/v2\/pages\/44386","targetHints":{"allow":["GET"]}}],"collection":[{"href":"https:\/\/analysedanmark.dk\/it\/wp-json\/wp\/v2\/pages"}],"about":[{"href":"https:\/\/analysedanmark.dk\/it\/wp-json\/wp\/v2\/types\/page"}],"author":[{"embeddable":true,"href":"https:\/\/analysedanmark.dk\/it\/wp-json\/wp\/v2\/users\/1"}],"replies":[{"embeddable":true,"href":"https:\/\/analysedanmark.dk\/it\/wp-json\/wp\/v2\/comments?post=44386"}],"version-history":[{"count":5,"href":"https:\/\/analysedanmark.dk\/it\/wp-json\/wp\/v2\/pages\/44386\/revisions"}],"predecessor-version":[{"id":44462,"href":"https:\/\/analysedanmark.dk\/it\/wp-json\/wp\/v2\/pages\/44386\/revisions\/44462"}],"wp:attachment":[{"href":"https:\/\/analysedanmark.dk\/it\/wp-json\/wp\/v2\/media?parent=44386"}],"curies":[{"name":"wp","href":"https:\/\/api.w.org\/{rel}","templated":true}]}}