{"id":43784,"date":"2024-12-10T11:24:05","date_gmt":"2024-12-10T10:24:05","guid":{"rendered":"https:\/\/analysedanmark.stage.heyrobot.com\/?page_id=43784"},"modified":"2025-05-01T12:47:27","modified_gmt":"2025-05-01T10:47:27","slug":"sms-undersoegelser","status":"publish","type":"page","link":"https:\/\/analysedanmark.dk\/it\/metoder\/kvantitative-metoder\/sms-undersoegelser\/","title":{"rendered":"Sondaggi via SMS"},"content":{"rendered":"<header class=\"gb-container gb-container-58a76ced\">\n<div class=\"gb-container gb-container-3224c6ce gbp-section__inner\">\n<div class=\"gb-grid-wrapper gb-grid-wrapper-d7355558\">\n<div class=\"gb-grid-column gb-grid-column-516ff6c2\"><div class=\"gb-container gb-container-516ff6c2\">\n\n<p class=\"gb-headline gb-headline-ad6edd9c gb-headline-text gbp-section__tagline\">Kvantitativ metode<\/p>\n\n\n\n<h1 class=\"gb-headline gb-headline-0e509d67 gb-headline-text\">Mobilunders\u00f8gelser via SMS<\/h1>\n\n\n\n<p>SMS-unders\u00f8gelser er unders\u00f8gelser, der udsendes pr. SMS og besvares via en mobiltelefon. Respondenterne modtager en SMS med et unikt link til et web sp\u00f8rgeskema, som er tilpasset mobile platforme.<\/p>\n\n\n\n<p>Mobilunders\u00f8gelse som metode egner sig bedst til unders\u00f8gelser, som ikke er alt for lange eller har mange \u00e5bne sp\u00f8rgsm\u00e5l. En fordel ved SMS-unders\u00f8gelsen er, at det er muligt at f\u00e5 meget hurtige svar p\u00e5 sine sp\u00f8rgsm\u00e5l. Derudover kan man n\u00e5 m\u00e5lgrupper via mobiltelefon, som ellers kan v\u00e6re vanskelige at n\u00e5 pr. mail (f.eks. unge).<\/p>\n\n<\/div><\/div>\n\n<div class=\"gb-grid-column gb-grid-column-38b0cc66\"><div class=\"gb-container gb-container-38b0cc66\">\n\n<figure class=\"gb-block-image gb-block-image-6f1ffcca\"><img decoding=\"async\" class=\"gb-image gb-image-6f1ffcca gbp--border-radius\" src=\"https:\/\/gpsites.co\/affinity\/wp-content\/uploads\/sites\/147\/2024\/06\/nordwood-themes-ubIWo074QlU-unsplash-300x225.webp\" alt=\"\" title=\"nordwood-temi-ubIWo074QlU-unsplash\"><\/figure>\n\n\n\n<figure class=\"gb-block-image gb-block-image-e235177f\"><img decoding=\"async\" class=\"gb-image gb-image-e235177f gbp--border-radius\" src=\"https:\/\/gpsites.co\/affinity\/wp-content\/uploads\/sites\/147\/2024\/06\/walling-UP7JSnodG2M-unsplash-300x225.webp\" alt=\"\" title=\"parete-UP7JSnodG2M-unsplash\"><\/figure>\n\n<\/div><\/div>\n<\/div>\n<\/div>\n<\/header>\n\n<div class=\"gb-container gb-container-b510b0bb\">\n<div class=\"gb-container gb-container-7e6d0854 gbp-section\">\n<div class=\"gb-container gb-container-3ff20a45 gbp-section__inner\">\n<div class=\"gb-grid-wrapper gb-grid-wrapper-d4759108\">\n<div class=\"gb-grid-column gb-grid-column-c739950f\"><div class=\"gb-container gb-container-c739950f\">\n\n<figure class=\"wp-block-image size-full\"><img loading=\"lazy\" decoding=\"async\" width=\"800\" height=\"604\" src=\"https:\/\/analysedanmark.dk\/wp-content\/uploads\/2024\/12\/sms-surveyen-analyse-danmark.png\" alt=\"\" class=\"wp-image-43859\" srcset=\"https:\/\/analysedanmark.dk\/wp-content\/uploads\/2024\/12\/sms-surveyen-analyse-danmark.png 800w, https:\/\/analysedanmark.dk\/wp-content\/uploads\/2024\/12\/sms-surveyen-analyse-danmark-640x483.png 640w, https:\/\/analysedanmark.dk\/wp-content\/uploads\/2024\/12\/sms-surveyen-analyse-danmark-768x580.png 768w\" sizes=\"auto, (max-width: 800px) 100vw, 800px\" \/><\/figure>\n\n<\/div><\/div>\n\n<div class=\"gb-grid-column gb-grid-column-44584bd0\"><div class=\"gb-container gb-container-44584bd0\">\n\n<h2 class=\"gb-headline gb-headline-c2afdff5 gb-headline-text\">Egne kontakter eller fra panel<\/h2>\n\n\n\n<ul class=\"wp-block-list\">\n<li>Udsendelse af en unders\u00f8gelse via SMS kan ogs\u00e5 v\u00e6re et supplement til en unders\u00f8gelse, som ogs\u00e5 udsendes pr. mail. F.eks. hvis man har en kunde- eller medlemsbase, hvor man kun har mail p\u00e5 nogle emner og kun mobilnummer p\u00e5 andre.<\/li>\n\n\n\n<li>Det kan ogs\u00e5 v\u00e6re en fordel at udsende en unders\u00f8gelse via mail og herefter p\u00e5minde pr. SMS for at \u00f8ge responsraten<\/li>\n\n\n\n<li>SMS-unders\u00f8gelser kan enten gennemf\u00f8res via panel, eller baseres p\u00e5 et kunde- eller medlemsudtr\u00e6k, som man selv leverer<\/li>\n<\/ul>\n\n<\/div><\/div>\n<\/div>\n<\/div>\n<\/div>\n<\/div>","protected":false},"excerpt":{"rendered":"","protected":false},"author":4,"featured_media":0,"parent":43690,"menu_order":0,"comment_status":"closed","ping_status":"closed","template":"","meta":{"_acf_changed":false,"footnotes":""},"class_list":["post-43784","page","type-page","status-publish"],"acf":[],"_links":{"self":[{"href":"https:\/\/analysedanmark.dk\/it\/wp-json\/wp\/v2\/pages\/43784","targetHints":{"allow":["GET"]}}],"collection":[{"href":"https:\/\/analysedanmark.dk\/it\/wp-json\/wp\/v2\/pages"}],"about":[{"href":"https:\/\/analysedanmark.dk\/it\/wp-json\/wp\/v2\/types\/page"}],"author":[{"embeddable":true,"href":"https:\/\/analysedanmark.dk\/it\/wp-json\/wp\/v2\/users\/4"}],"replies":[{"embeddable":true,"href":"https:\/\/analysedanmark.dk\/it\/wp-json\/wp\/v2\/comments?post=43784"}],"version-history":[{"count":5,"href":"https:\/\/analysedanmark.dk\/it\/wp-json\/wp\/v2\/pages\/43784\/revisions"}],"predecessor-version":[{"id":234788,"href":"https:\/\/analysedanmark.dk\/it\/wp-json\/wp\/v2\/pages\/43784\/revisions\/234788"}],"up":[{"embeddable":true,"href":"https:\/\/analysedanmark.dk\/it\/wp-json\/wp\/v2\/pages\/43690"}],"wp:attachment":[{"href":"https:\/\/analysedanmark.dk\/it\/wp-json\/wp\/v2\/media?parent=43784"}],"curies":[{"name":"wp","href":"https:\/\/api.w.org\/{rel}","templated":true}]}}