{"id":43766,"date":"2024-12-10T11:10:45","date_gmt":"2024-12-10T10:10:45","guid":{"rendered":"https:\/\/analysedanmark.stage.heyrobot.com\/?page_id=43766"},"modified":"2025-05-20T13:32:48","modified_gmt":"2025-05-20T11:32:48","slug":"dybdeinterview","status":"publish","type":"page","link":"https:\/\/analysedanmark.dk\/it\/metoder\/kvalitative-metoder\/dybdeinterview\/","title":{"rendered":"Intervista in profondit\u00e0"},"content":{"rendered":"<div class=\"gb-container gb-container-ba8908d9\">\n<div class=\"gb-container gb-container-84580139\">\n<header class=\"gb-container gb-container-58a76ced\">\n<div class=\"gb-container gb-container-3224c6ce gbp-section__inner\">\n<div class=\"gb-grid-wrapper gb-grid-wrapper-d7355558\">\n<div class=\"gb-grid-column gb-grid-column-516ff6c2\"><div class=\"gb-container gb-container-516ff6c2\">\n\n<p class=\"gb-headline gb-headline-ad6edd9c gb-headline-text gbp-section__tagline\">Metodologia qualitativa<\/p>\n\n\n\n<h1 class=\"gb-headline gb-headline-0e509d67 gb-headline-text\">Intervista in profondit\u00e0<\/h1>\n\n\n\n<p class=\"gb-headline gb-headline-cf6f9690 gb-headline-text\"><strong>Personlige interview med din m\u00e5lgruppe<\/strong>.<br>Dybdeinterviewet, som ogs\u00e5 kaldes personlige interviews eller IDI\u2019s (In Depth Interviews) er en <a href=\"https:\/\/analysedanmark.dk\/it\/metodi\/metodi-qualitativi\/\" data-type=\"page\" data-id=\"43688\">kvalitativ analysemetode<\/a>, der er specielt egnet n\u00e5r meget komplekse problemstillinger skal belyses.<\/p>\n\n\n\n<h2 class=\"wp-block-heading\">Hvorfor v\u00e6lge dybdeinterview?<\/h2>\n\n\n\n<ul class=\"wp-block-list\">\n<li>Det personlige interview anbefales, hvis du har behov for at f\u00e5 en indg\u00e5ende viden om relativt f\u00e5 personers individuelle vurderinger af konkrete temaer. Det eksplorative potentiale i analyseformen giver mulighed for at indhente v\u00e6rdifuld \u201cny viden\u201d, som de kvantitative metoder ikke kan afd\u00e6kke<\/li>\n\n\n\n<li>Det individuelle interview er mere velegnet end gruppeinterview, hvis unders\u00f8gelsesemnet eksempelvis er sensitivt, fordi emnet enten er tabuiseret eller kontroversielt. I dybdeinterviewet kan den enkelte respondent uden p\u00e5virkning fra andre respondenter uddybe og begrunde sine synspunkter<\/li>\n<\/ul>\n\n<\/div><\/div>\n\n<div class=\"gb-grid-column gb-grid-column-38b0cc66\"><div class=\"gb-container gb-container-38b0cc66\">\n\n<figure class=\"gb-block-image gb-block-image-6f1ffcca\"><img loading=\"lazy\" decoding=\"async\" width=\"640\" height=\"427\" class=\"gb-image gb-image-6f1ffcca gbp--border-radius\" src=\"https:\/\/analysedanmark.dk\/wp-content\/uploads\/2025\/02\/IDI-640x427.jpg\" alt=\"Intervista in profondit\u00e0\" title=\"A,Journalist,Conducts,An,In-depth,Conversation,With,A,Woman,Specialist,\" srcset=\"https:\/\/analysedanmark.dk\/wp-content\/uploads\/2025\/02\/IDI-640x427.jpg 640w, https:\/\/analysedanmark.dk\/wp-content\/uploads\/2025\/02\/IDI-360x240.jpg 360w, https:\/\/analysedanmark.dk\/wp-content\/uploads\/2025\/02\/IDI-768x512.jpg 768w, https:\/\/analysedanmark.dk\/wp-content\/uploads\/2025\/02\/IDI.jpg 1000w\" sizes=\"auto, (max-width: 640px) 100vw, 640px\" \/><\/figure>\n\n\n\n<figure class=\"gb-block-image gb-block-image-e235177f\"><img loading=\"lazy\" decoding=\"async\" width=\"640\" height=\"427\" class=\"gb-image gb-image-e235177f gbp--border-radius\" src=\"https:\/\/analysedanmark.dk\/wp-content\/uploads\/2025\/01\/shutterstock_1616372782-640x427.jpg\" alt=\"\" title=\"Male,Product,Reviewer,Tells,His,Subscription,In,An,Online,Broadcast\" srcset=\"https:\/\/analysedanmark.dk\/wp-content\/uploads\/2025\/01\/shutterstock_1616372782-640x427.jpg 640w, https:\/\/analysedanmark.dk\/wp-content\/uploads\/2025\/01\/shutterstock_1616372782-360x240.jpg 360w, https:\/\/analysedanmark.dk\/wp-content\/uploads\/2025\/01\/shutterstock_1616372782-768x512.jpg 768w, https:\/\/analysedanmark.dk\/wp-content\/uploads\/2025\/01\/shutterstock_1616372782.jpg 1000w\" sizes=\"auto, (max-width: 640px) 100vw, 640px\"><\/figure>\n\n<\/div><\/div>\n<\/div>\n<\/div>\n<\/header>\n<\/div>\n\n<div class=\"gb-container gb-container-b510b0bb\">\n<div class=\"gb-container gb-container-7e6d0854 gbp-section\">\n<div class=\"gb-container gb-container-3ff20a45 gbp-section__inner\">\n<div class=\"gb-grid-wrapper gb-grid-wrapper-d4759108\">\n<div class=\"gb-grid-column gb-grid-column-c739950f\"><div class=\"gb-container gb-container-c739950f\">\n\n<figure class=\"wp-block-image size-full\"><img loading=\"lazy\" decoding=\"async\" width=\"1200\" height=\"800\" src=\"https:\/\/analysedanmark.dk\/wp-content\/uploads\/2024\/06\/blue-stag-4JPXmg-N3sg-unsplash.webp\" alt=\"\" class=\"wp-image-42021\" srcset=\"https:\/\/analysedanmark.dk\/wp-content\/uploads\/2024\/06\/blue-stag-4JPXmg-N3sg-unsplash.webp 1200w, https:\/\/analysedanmark.dk\/wp-content\/uploads\/2024\/06\/blue-stag-4JPXmg-N3sg-unsplash-640x427.webp 640w, https:\/\/analysedanmark.dk\/wp-content\/uploads\/2024\/06\/blue-stag-4JPXmg-N3sg-unsplash-360x240.webp 360w, https:\/\/analysedanmark.dk\/wp-content\/uploads\/2024\/06\/blue-stag-4JPXmg-N3sg-unsplash-768x512.webp 768w\" sizes=\"auto, (max-width: 1200px) 100vw, 1200px\" \/><\/figure>\n\n<\/div><\/div>\n\n<div class=\"gb-grid-column gb-grid-column-44584bd0\"><div class=\"gb-container gb-container-44584bd0\">\n\n<h2 class=\"gb-headline gb-headline-c2afdff5 gb-headline-text\">Gennemf\u00f8relsen<\/h2>\n\n\n\n<p>IDI&#8217;s foreg\u00e5r typisk som en \u201cface-to-face\u201d samtale mellem interviewer og respondent, men interviewene kan ogs\u00e5 foreg\u00e5 via telefon (TDI\u2019s), da det er en fleksibel og omkostningseffektiv l\u00f8sning. Personlige telefoninterview er s\u00e5ledes en god metode til at n\u00e5 sv\u00e6rt tilg\u00e6ngelige m\u00e5lgrupper som travle eksperter og key opinion leaders, ligesom det er muligt at sikre geografisk spredning uden \u00f8gede omkostninger.<\/p>\n\n\n\n<ul class=\"wp-block-list\">\n<li>B\u00e5de under \u201cface-to-face\u201d-interviews og telefoninterviews er der mulighed for at vise indhold til respondenten, s\u00e5 det er muligt at teste budskaber, kommunikation og koncepter eller vise projektivt materiale til at facilitere samtalen<\/li>\n\n\n\n<li>Under telefoninterviews foreg\u00e5r dette ved sk\u00e6rmdeling eller ved at man p\u00e5 forh\u00e5nd har sendt materiale<\/li>\n<\/ul>\n\n<\/div><\/div>\n<\/div>\n<\/div>\n<\/div>\n<\/div>\n\n<div class=\"gb-container gb-container-0c83677d\">\n<div class=\"gb-container gb-container-a5391143 gbp-section\">\n<div class=\"gb-container gb-container-93ca79a7 gbp-section__inner\">\n<div class=\"gb-grid-wrapper gb-grid-wrapper-b92d2374\">\n<div class=\"gb-grid-column gb-grid-column-57d1efca\"><div class=\"gb-container gb-container-57d1efca\">\n\n<h2 class=\"gb-headline gb-headline-3f298b35 gb-headline-text\">Interviewguide<\/h2>\n\n\n\n<p>Inden interviewfasen p\u00e5begyndes, udarbejder Analyse Danmark en interviewguide i t\u00e6t dialog med kunden, hvilket sikrer at intervieweren afd\u00e6kker netop de emneomr\u00e5der, som er v\u00e6sentlige at belyse i forhold til unders\u00f8gelsens form\u00e5l og problemstillinger.<\/p>\n\n\n\n<p>Dybdeinterviewet foreg\u00e5r ofte hjemme hos respondenten eller f.eks. p\u00e5 respondentens arbejdsplads, hvilket bevirker at respondenten f\u00f8ler sig mere tryg og afslappet og derfor er \u00e5ben og villig til at besvare dybdeg\u00e5ende sp\u00f8rgsm\u00e5l. Et personligt interview varer typisk 1-2 timer og optages som regel p\u00e5 lydb\u00e5nd eller video, som grundlag for den efterf\u00f8lgende analyse og rapportskrivning.<\/p>\n\n\n\n<p><\/p>\n\n<\/div><\/div>\n\n<div class=\"gb-grid-column gb-grid-column-8020f66b\"><div class=\"gb-container gb-container-8020f66b\">\n\n<figure class=\"wp-block-image size-full\"><img loading=\"lazy\" decoding=\"async\" width=\"1200\" height=\"1200\" src=\"https:\/\/analysedanmark.dk\/wp-content\/uploads\/2024\/11\/giu-vicente-3_uiwITfv4M-unsplash-1.webp\" alt=\"\" class=\"wp-image-43057\" srcset=\"https:\/\/analysedanmark.dk\/wp-content\/uploads\/2024\/11\/giu-vicente-3_uiwITfv4M-unsplash-1.webp 1200w, https:\/\/analysedanmark.dk\/wp-content\/uploads\/2024\/11\/giu-vicente-3_uiwITfv4M-unsplash-1-640x640.webp 640w, https:\/\/analysedanmark.dk\/wp-content\/uploads\/2024\/11\/giu-vicente-3_uiwITfv4M-unsplash-1-768x768.webp 768w, https:\/\/analysedanmark.dk\/wp-content\/uploads\/2024\/11\/giu-vicente-3_uiwITfv4M-unsplash-1-300x300.webp 300w, https:\/\/analysedanmark.dk\/wp-content\/uploads\/2024\/11\/giu-vicente-3_uiwITfv4M-unsplash-1-400x400.webp 400w, https:\/\/analysedanmark.dk\/wp-content\/uploads\/2024\/11\/giu-vicente-3_uiwITfv4M-unsplash-1-600x600.webp 600w\" sizes=\"auto, (max-width: 1200px) 100vw, 1200px\" \/><\/figure>\n\n<\/div><\/div>\n<\/div>\n<\/div>\n<\/div>\n<\/div>\n<\/div>","protected":false},"excerpt":{"rendered":"","protected":false},"author":4,"featured_media":0,"parent":43688,"menu_order":0,"comment_status":"closed","ping_status":"closed","template":"","meta":{"_acf_changed":false,"footnotes":""},"class_list":["post-43766","page","type-page","status-publish"],"acf":[],"_links":{"self":[{"href":"https:\/\/analysedanmark.dk\/it\/wp-json\/wp\/v2\/pages\/43766","targetHints":{"allow":["GET"]}}],"collection":[{"href":"https:\/\/analysedanmark.dk\/it\/wp-json\/wp\/v2\/pages"}],"about":[{"href":"https:\/\/analysedanmark.dk\/it\/wp-json\/wp\/v2\/types\/page"}],"author":[{"embeddable":true,"href":"https:\/\/analysedanmark.dk\/it\/wp-json\/wp\/v2\/users\/4"}],"replies":[{"embeddable":true,"href":"https:\/\/analysedanmark.dk\/it\/wp-json\/wp\/v2\/comments?post=43766"}],"version-history":[{"count":5,"href":"https:\/\/analysedanmark.dk\/it\/wp-json\/wp\/v2\/pages\/43766\/revisions"}],"predecessor-version":[{"id":234916,"href":"https:\/\/analysedanmark.dk\/it\/wp-json\/wp\/v2\/pages\/43766\/revisions\/234916"}],"up":[{"embeddable":true,"href":"https:\/\/analysedanmark.dk\/it\/wp-json\/wp\/v2\/pages\/43688"}],"wp:attachment":[{"href":"https:\/\/analysedanmark.dk\/it\/wp-json\/wp\/v2\/media?parent=43766"}],"curies":[{"name":"wp","href":"https:\/\/api.w.org\/{rel}","templated":true}]}}