{"id":43690,"date":"2024-12-05T11:51:08","date_gmt":"2024-12-05T10:51:08","guid":{"rendered":"https:\/\/analysedanmark.stage.heyrobot.com\/?page_id=43690"},"modified":"2025-05-20T13:42:48","modified_gmt":"2025-05-20T11:42:48","slug":"kvantitative-metoder","status":"publish","type":"page","link":"https:\/\/analysedanmark.dk\/it\/metoder\/kvantitative-metoder\/","title":{"rendered":"Metodi quantitativi"},"content":{"rendered":"<div class=\"gb-container gb-container-0dd65036\">\n<div class=\"gb-container gb-container-3224c6ce gbp-section__inner\">\n<div class=\"gb-grid-wrapper gb-grid-wrapper-d7355558\">\n<div class=\"gb-grid-column gb-grid-column-516ff6c2\"><div class=\"gb-container gb-container-516ff6c2\">\n\n<p class=\"gb-headline gb-headline-ad6edd9c gb-headline-text gbp-section__tagline\">Kvantitative metoder giver dig tal p\u00e5 dine fornemmelser<\/p>\n\n\n\n<h1 class=\"gb-headline gb-headline-0e509d67 gb-headline-text\">Metodi quantitativi<\/h1>\n\n\n\n<p class=\"gb-headline gb-headline-cf6f9690 gb-headline-text\">Kvantitative m\u00e5linger anvendes, hvis man \u00f8nsker at kende til f\u00e6nomeners udbredelse, deres fordeling eller hvorvidt der er sammenh\u00e6ng med andre faktorer. Unders\u00f8gelserne gennemf\u00f8res som hovedregel ved anvendelse af sp\u00f8rgeskemaet som v\u00e6rkt\u00f8j. Analyse Danmark tilbyder flere forskellige typer af metoder, herunder:<\/p>\n\n\n\n<p><a href=\"https:\/\/analysedanmark.dk\/it\/metodi\/kvantitative-metoder\/internetinterview-cawi\/\" data-type=\"page\" data-id=\"43788\">Internetinterviews \/ online sp\u00f8rgeskemaer (CAWI)<\/a>, <a href=\"https:\/\/analysedanmark.dk\/it\/metodi\/kvantitative-metoder\/hall-test\/\" data-type=\"page\" data-id=\"43780\">Hall-tests<\/a>, <a href=\"https:\/\/analysedanmark.dk\/it\/metodi\/kvantitative-metoder\/postale-undersoegelser\/\" data-type=\"page\" data-id=\"43782\">Postale unders\u00f8gelser (PAPI)<\/a>, <a href=\"https:\/\/analysedanmark.dk\/it\/metodi\/kvantitative-metoder\/telefoninterview-cati\/\" data-type=\"page\" data-id=\"43786\">Telefoninterviews (CATI)<\/a> og <a href=\"https:\/\/analysedanmark.dk\/it\/metodi\/kvantitative-metoder\/sms-undersoegelser\/\" data-type=\"page\" data-id=\"43784\">Sondaggi via SMS<\/a>.<\/p>\n\n<\/div><\/div>\n\n<div class=\"gb-grid-column gb-grid-column-38b0cc66\"><div class=\"gb-container gb-container-38b0cc66\">\n\n<figure class=\"gb-block-image gb-block-image-6f1ffcca\"><img decoding=\"async\" class=\"gb-image gb-image-6f1ffcca hey_image_fx gbp--border-radius\" src=\"https:\/\/gpsites.co\/affinity\/wp-content\/uploads\/sites\/147\/2024\/06\/nordwood-themes-ubIWo074QlU-unsplash-300x225.webp\" alt=\"\" title=\"nordwood-temi-ubIWo074QlU-unsplash\"><\/figure>\n\n\n\n<figure class=\"gb-block-image gb-block-image-e235177f\"><img decoding=\"async\" class=\"gb-image gb-image-e235177f hey_image_fx gbp--border-radius\" src=\"https:\/\/gpsites.co\/affinity\/wp-content\/uploads\/sites\/147\/2024\/06\/walling-UP7JSnodG2M-unsplash-300x225.webp\" alt=\"Metodi quantitativi\" title=\"parete-UP7JSnodG2M-unsplash\"\/><\/figure>\n\n<\/div><\/div>\n<\/div>\n<\/div>\n<\/div>\n\n<div class=\"gb-container gb-container-093f5fd5\">\n<div class=\"gb-container gb-container-5e526e74 gbp--border-radius\">\n<div class=\"gb-container gb-container-713676bd gbp-section__inner\">\n<div class=\"gb-grid-wrapper gb-grid-wrapper-686de9ba\">\n<div class=\"gb-grid-column gb-grid-column-ea268650\"><div class=\"gb-container gb-container-ea268650\">\n\n<h2 class=\"gb-headline gb-headline-77811175 gb-headline-text\">Analyse Danmark tilbyder f\u00f8lgende kvantitative metoder<\/h2>\n\n<\/div><\/div>\n\n<div class=\"gb-grid-column gb-grid-column-98247a69\"><div class=\"gb-container gb-container-98247a69\">\n<div class=\"gb-container gb-container-9e904099\">\n\n<div class=\"gb-headline gb-headline-335bd4d2\"><span class=\"gb-icon\"><svg viewbox=\"0 0 256 256\" fill=\"#000000\" height=\"32\" width=\"32\" xmlns=\"http:\/\/www.w3.org\/2000\/svg\"><path d=\"M221.07,144.41A96.68,96.68,0,0,0,181,88h59a8,8,0,0,0,0-16H159a32,32,0,0,0-62,0H16a8,8,0,0,0,0,16H75a96.68,96.68,0,0,0-40.07,56.41A32,32,0,1,0,51.08,146,80.6,80.6,0,0,1,99,93.44a32,32,0,0,0,58.06,0A80.6,80.6,0,0,1,204.92,146a32,32,0,1,0,16.15-1.57ZM56,176a16,16,0,1,1-16-16A16,16,0,0,1,56,176Zm72-80a16,16,0,1,1,16-16A16,16,0,0,1,128,96Zm88,96a16,16,0,1,1,16-16A16,16,0,0,1,216,192Z\"><\/path><\/svg><\/span><\/div>\n\n\n<div class=\"gb-container gb-container-2849d821\">\n\n<h3 class=\"gb-headline gb-headline-eed07374 gb-headline-text\">Test di sala<\/h3>\n\n\n\n<p>Denne metode anvendes som hovedregel, hvis man \u00f8nsker at unders\u00f8ge en umiddelbar reaktion eller holdning.&nbsp;<\/p>\n\n\n\n<p><strong><a href=\"https:\/\/analysedanmark.dk\/it\/metodi\/kvantitative-metoder\/hall-test\/\" data-type=\"page\" data-id=\"43780\">L\u00e6s mere her<\/a><\/strong><\/p>\n\n<\/div>\n<\/div>\n<\/div><\/div>\n\n<div class=\"gb-grid-column gb-grid-column-9dd3916a\"><div class=\"gb-container gb-container-9dd3916a\">\n<div class=\"gb-container gb-container-8f06bfe9\">\n\n<div class=\"gb-headline gb-headline-5e5c223d\"><span class=\"gb-icon\"><svg viewbox=\"0 0 256 256\" fill=\"#000000\" height=\"32\" width=\"32\" xmlns=\"http:\/\/www.w3.org\/2000\/svg\"><path d=\"M58.34,101.66l-32-32a8,8,0,0,1,0-11.32l32-32A8,8,0,0,1,69.66,37.66L43.31,64,69.66,90.34a8,8,0,0,1-11.32,11.32Zm40,0a8,8,0,0,0,11.32,0l32-32a8,8,0,0,0,0-11.32l-32-32A8,8,0,0,0,98.34,37.66L124.69,64,98.34,90.34A8,8,0,0,0,98.34,101.66ZM200,40H176a8,8,0,0,0,0,16h24V200H56V136a8,8,0,0,0-16,0v64a16,16,0,0,0,16,16H200a16,16,0,0,0,16-16V56A16,16,0,0,0,200,40Z\"><\/path><\/svg><\/span><\/div>\n\n\n<div class=\"gb-container gb-container-006115cb\">\n\n<h3 class=\"gb-headline gb-headline-3fe79a7d gb-headline-text\">Sondaggi postali<\/h3>\n\n\n\n<p>Postale unders\u00f8gelser gennemf\u00f8res ligeledes med sp\u00f8rgeskemaet som v\u00e6rkt\u00f8j. <\/p>\n\n\n\n<p><strong><a href=\"https:\/\/analysedanmark.dk\/it\/metodi\/kvantitative-metoder\/postale-undersoegelser\/\" data-type=\"page\" data-id=\"43782\">L\u00e6s mere her<\/a><\/strong><\/p>\n\n<\/div>\n<\/div>\n<\/div><\/div>\n\n<div class=\"gb-grid-column gb-grid-column-83a3618b\"><div class=\"gb-container gb-container-83a3618b\">\n<div class=\"gb-container gb-container-cd5b8909\">\n\n<div class=\"gb-headline gb-headline-6879b666\"><span class=\"gb-icon\"><svg viewbox=\"0 0 256 256\" fill=\"#000000\" height=\"32\" width=\"32\" xmlns=\"http:\/\/www.w3.org\/2000\/svg\"><path d=\"M227.32,28.68a16,16,0,0,0-15.66-4.08l-.15,0L19.57,82.84a16,16,0,0,0-2.49,29.8L102,154l41.3,84.87A15.86,15.86,0,0,0,157.74,248q.69,0,1.38-.06a15.88,15.88,0,0,0,14-11.51l58.2-191.94c0-.05,0-.1,0-.15A16,16,0,0,0,227.32,28.68ZM157.83,231.85l-.05.14,0-.07-40.06-82.3,48-48a8,8,0,0,0-11.31-11.31l-48,48L24.08,98.25l-.07,0,.14,0L216,40Z\"><\/path><\/svg><\/span><\/div>\n\n\n<div class=\"gb-container gb-container-07922ee9\">\n\n<h3 class=\"gb-headline gb-headline-3a725d3e gb-headline-text\">Sondaggi via SMS<\/h3>\n\n\n\n<p>SMS-unders\u00f8gelser som metode egner sig bedst til unders\u00f8gelser, som ikke er alt for lange eller har mange \u00e5bne sp\u00f8rgsm\u00e5l.&nbsp;<\/p>\n\n\n\n<p><strong><a href=\"https:\/\/analysedanmark.dk\/it\/metodi\/kvantitative-metoder\/sms-undersoegelser\/\" data-type=\"page\" data-id=\"43784\">L\u00e6s mere her<\/a><\/strong><\/p>\n\n<\/div>\n<\/div>\n<\/div><\/div>\n\n<div class=\"gb-grid-column gb-grid-column-98ac04f1\"><div class=\"gb-container gb-container-98ac04f1\">\n<div class=\"gb-container gb-container-77e1e11f\">\n\n<div class=\"gb-headline gb-headline-9198defa\"><span class=\"gb-icon\"><svg viewbox=\"0 0 256 256\" fill=\"#000000\" height=\"32\" width=\"32\" xmlns=\"http:\/\/www.w3.org\/2000\/svg\"><path d=\"M227.32,28.68a16,16,0,0,0-15.66-4.08l-.15,0L19.57,82.84a16,16,0,0,0-2.49,29.8L102,154l41.3,84.87A15.86,15.86,0,0,0,157.74,248q.69,0,1.38-.06a15.88,15.88,0,0,0,14-11.51l58.2-191.94c0-.05,0-.1,0-.15A16,16,0,0,0,227.32,28.68ZM157.83,231.85l-.05.14,0-.07-40.06-82.3,48-48a8,8,0,0,0-11.31-11.31l-48,48L24.08,98.25l-.07,0,.14,0L216,40Z\"><\/path><\/svg><\/span><\/div>\n\n\n<div class=\"gb-container gb-container-0d879608\">\n\n<h3 class=\"gb-headline gb-headline-df1de7c9 gb-headline-text\">Intervista telefonica (CATI)<\/h3>\n\n\n\n<p>Telefoninterviewet (CATI, Computer Assisted Telephone Interviewing) er en klassisk analysedisciplin.&nbsp;<\/p>\n\n\n\n<p><strong><a href=\"https:\/\/analysedanmark.dk\/it\/metodi\/kvantitative-metoder\/telefoninterview-cati\/\" data-type=\"page\" data-id=\"43786\">L\u00e6s mere her<\/a><\/strong><\/p>\n\n<\/div>\n<\/div>\n<\/div><\/div>\n\n<div class=\"gb-grid-column gb-grid-column-ad98c1e8\"><div class=\"gb-container gb-container-ad98c1e8\">\n<div class=\"gb-container gb-container-901be4e0\">\n\n<div class=\"gb-headline gb-headline-6531e971\"><span class=\"gb-icon\"><svg viewbox=\"0 0 256 256\" fill=\"#000000\" height=\"32\" width=\"32\" xmlns=\"http:\/\/www.w3.org\/2000\/svg\"><path d=\"M227.32,28.68a16,16,0,0,0-15.66-4.08l-.15,0L19.57,82.84a16,16,0,0,0-2.49,29.8L102,154l41.3,84.87A15.86,15.86,0,0,0,157.74,248q.69,0,1.38-.06a15.88,15.88,0,0,0,14-11.51l58.2-191.94c0-.05,0-.1,0-.15A16,16,0,0,0,227.32,28.68ZM157.83,231.85l-.05.14,0-.07-40.06-82.3,48-48a8,8,0,0,0-11.31-11.31l-48,48L24.08,98.25l-.07,0,.14,0L216,40Z\"><\/path><\/svg><\/span><\/div>\n\n\n<div class=\"gb-container gb-container-3dbf64b4\">\n\n<h3 class=\"gb-headline gb-headline-dad663e0 gb-headline-text\">Internetinterview (CAWI)<\/h3>\n\n\n\n<p>&nbsp;I internetbaserede unders\u00f8gelser inviteres respondenterne direkte via en hjemmeside eller en e-mail.<\/p>\n\n\n\n<p><strong><a href=\"https:\/\/analysedanmark.dk\/it\/metodi\/kvantitative-metoder\/internetinterview-cawi\/\" data-type=\"page\" data-id=\"43788\">L\u00e6s mere her<\/a><\/strong><\/p>\n\n<\/div>\n<\/div>\n<\/div><\/div>\n<\/div>\n<\/div>\n<\/div>\n<\/div>","protected":false},"excerpt":{"rendered":"","protected":false},"author":4,"featured_media":0,"parent":39638,"menu_order":0,"comment_status":"closed","ping_status":"closed","template":"","meta":{"_acf_changed":false,"footnotes":""},"class_list":["post-43690","page","type-page","status-publish"],"acf":[],"_links":{"self":[{"href":"https:\/\/analysedanmark.dk\/it\/wp-json\/wp\/v2\/pages\/43690","targetHints":{"allow":["GET"]}}],"collection":[{"href":"https:\/\/analysedanmark.dk\/it\/wp-json\/wp\/v2\/pages"}],"about":[{"href":"https:\/\/analysedanmark.dk\/it\/wp-json\/wp\/v2\/types\/page"}],"author":[{"embeddable":true,"href":"https:\/\/analysedanmark.dk\/it\/wp-json\/wp\/v2\/users\/4"}],"replies":[{"embeddable":true,"href":"https:\/\/analysedanmark.dk\/it\/wp-json\/wp\/v2\/comments?post=43690"}],"version-history":[{"count":5,"href":"https:\/\/analysedanmark.dk\/it\/wp-json\/wp\/v2\/pages\/43690\/revisions"}],"predecessor-version":[{"id":234921,"href":"https:\/\/analysedanmark.dk\/it\/wp-json\/wp\/v2\/pages\/43690\/revisions\/234921"}],"up":[{"embeddable":true,"href":"https:\/\/analysedanmark.dk\/it\/wp-json\/wp\/v2\/pages\/39638"}],"wp:attachment":[{"href":"https:\/\/analysedanmark.dk\/it\/wp-json\/wp\/v2\/media?parent=43690"}],"curies":[{"name":"wp","href":"https:\/\/api.w.org\/{rel}","templated":true}]}}