{"id":43519,"date":"2024-12-05T03:28:57","date_gmt":"2024-12-05T02:28:57","guid":{"rendered":"https:\/\/analysedanmark.stage.heyrobot.com\/?page_id=43519"},"modified":"2025-05-15T12:17:37","modified_gmt":"2025-05-15T10:17:37","slug":"sondaggi-di-atteggiamento-e-di-opinione","status":"publish","type":"page","link":"https:\/\/analysedanmark.dk\/it\/ydelser\/holdnings-og-opinionsundersoegelser\/","title":{"rendered":"holdnings-og-opinionsundersoegelser"},"content":{"rendered":"<div class=\"gb-container gb-container-69085cdc\">\n<header class=\"gb-container gb-container-58a76ced\">\n<div class=\"gb-container gb-container-3224c6ce gbp-section__inner\">\n<div class=\"gb-grid-wrapper gb-grid-wrapper-d7355558\">\n<div class=\"gb-grid-column gb-grid-column-516ff6c2\"><div class=\"gb-container gb-container-516ff6c2\">\n\n<p class=\"gb-headline gb-headline-ad6edd9c gb-headline-text gbp-section__tagline\">Possiamo aiutarvi a scoprire gli atteggiamenti di un determinato gruppo target<\/p>\n\n\n\n<h1 class=\"gb-headline gb-headline-0e509d67 gb-headline-text\">Sondaggi di atteggiamento e di opinione<\/h1>\n\n\n\n<p class=\"gb-headline gb-headline-cf6f9690 gb-headline-text\">Le aziende private, le istituzioni pubbliche e le organizzazioni hanno sempre pi\u00f9 bisogno di scoprire cosa pensa la popolazione o segmenti selezionati di essa su diversi argomenti.<\/p>\n\n\n\n<h2 class=\"wp-block-heading\">\u201dUna nuova indagine di Analyse Danmark mostra...\u201d<\/h2>\n\n\n\n<p>Analyse Danmark ha molti anni di esperienza nella conduzione di sondaggi di opinione e di atteggiamento e collabora regolarmente con diversi media. In generale, si fa una distinzione tra i sondaggi di opinione e di atteggiamento che riguardano argomenti gi\u00e0 all'ordine del giorno e quelli che riguardano argomenti che si desidera mettere all'ordine del giorno con parti rilevanti del pubblico.<\/p>\n\n<\/div><\/div>\n\n<div class=\"gb-grid-column gb-grid-column-38b0cc66\"><div class=\"gb-container gb-container-38b0cc66\">\n\n<figure class=\"gb-block-image gb-block-image-6f1ffcca\"><img loading=\"lazy\" decoding=\"async\" width=\"640\" height=\"640\" class=\"gb-image gb-image-6f1ffcca gbp--border-radius\" src=\"https:\/\/analysedanmark.dk\/wp-content\/uploads\/2025\/01\/shutterstock_2544046255-640x640.jpg\" alt=\"Sondaggi di atteggiamento e di opinione\" title=\"Misurazione della popolazione\" srcset=\"https:\/\/analysedanmark.dk\/wp-content\/uploads\/2025\/01\/shutterstock_2544046255-640x640.jpg 640w, https:\/\/analysedanmark.dk\/wp-content\/uploads\/2025\/01\/shutterstock_2544046255-1280x1280.jpg 1280w, https:\/\/analysedanmark.dk\/wp-content\/uploads\/2025\/01\/shutterstock_2544046255-768x768.jpg 768w, https:\/\/analysedanmark.dk\/wp-content\/uploads\/2025\/01\/shutterstock_2544046255-1536x1536.jpg 1536w, https:\/\/analysedanmark.dk\/wp-content\/uploads\/2025\/01\/shutterstock_2544046255-2048x2048.jpg 2048w, https:\/\/analysedanmark.dk\/wp-content\/uploads\/2025\/01\/shutterstock_2544046255-300x300.jpg 300w, https:\/\/analysedanmark.dk\/wp-content\/uploads\/2025\/01\/shutterstock_2544046255-400x400.jpg 400w, https:\/\/analysedanmark.dk\/wp-content\/uploads\/2025\/01\/shutterstock_2544046255-600x600.jpg 600w\" sizes=\"auto, (max-width: 640px) 100vw, 640px\" \/><\/figure>\n\n\n\n<figure class=\"wp-block-image size-medium hey_image_fx\"><img loading=\"lazy\" decoding=\"async\" width=\"640\" height=\"427\" src=\"https:\/\/analysedanmark.dk\/wp-content\/uploads\/2024\/11\/20240114-154938-L-1920x1280we-640x427.webp\" alt=\"Sondaggi di atteggiamento e di opinione\" class=\"wp-image-43432\" srcset=\"https:\/\/analysedanmark.dk\/wp-content\/uploads\/2024\/11\/20240114-154938-L-1920x1280we-640x427.webp 640w, https:\/\/analysedanmark.dk\/wp-content\/uploads\/2024\/11\/20240114-154938-L-1920x1280we-360x240.webp 360w, https:\/\/analysedanmark.dk\/wp-content\/uploads\/2024\/11\/20240114-154938-L-1920x1280we-768x512.webp 768w, https:\/\/analysedanmark.dk\/wp-content\/uploads\/2024\/11\/20240114-154938-L-1920x1280we.webp 1000w\" sizes=\"auto, (max-width: 640px) 100vw, 640px\" \/><\/figure>\n\n<\/div><\/div>\n<\/div>\n<\/div>\n<\/header>\n<\/div>\n\n<div class=\"gb-container gb-container-7e6d0854 gbp-section\">\n<div class=\"gb-container gb-container-3ff20a45 gbp-section__inner\">\n<div class=\"gb-grid-wrapper gb-grid-wrapper-d4759108\">\n<div class=\"gb-grid-column gb-grid-column-c739950f\"><div class=\"gb-container gb-container-c739950f\">\n\n<figure class=\"wp-block-image size-full hey_image_fx\"><img loading=\"lazy\" decoding=\"async\" width=\"2560\" height=\"1707\" src=\"https:\/\/analysedanmark.dk\/wp-content\/uploads\/2024\/11\/31_gallery_stroget3-scaled.webp\" alt=\"\" class=\"wp-image-43431\" srcset=\"https:\/\/analysedanmark.dk\/wp-content\/uploads\/2024\/11\/31_gallery_stroget3-scaled.webp 2560w, https:\/\/analysedanmark.dk\/wp-content\/uploads\/2024\/11\/31_gallery_stroget3-scaled-640x427.webp 640w, https:\/\/analysedanmark.dk\/wp-content\/uploads\/2024\/11\/31_gallery_stroget3-scaled-1280x854.webp 1280w, https:\/\/analysedanmark.dk\/wp-content\/uploads\/2024\/11\/31_gallery_stroget3-scaled-360x240.webp 360w, https:\/\/analysedanmark.dk\/wp-content\/uploads\/2024\/11\/31_gallery_stroget3-scaled-768x512.webp 768w, https:\/\/analysedanmark.dk\/wp-content\/uploads\/2024\/11\/31_gallery_stroget3-scaled-1536x1024.webp 1536w, https:\/\/analysedanmark.dk\/wp-content\/uploads\/2024\/11\/31_gallery_stroget3-scaled-2048x1366.webp 2048w\" sizes=\"auto, (max-width: 2560px) 100vw, 2560px\" \/><\/figure>\n\n<\/div><\/div>\n\n<div class=\"gb-grid-column gb-grid-column-44584bd0\"><div class=\"gb-container gb-container-44584bd0\">\n\n<h2 class=\"gb-headline gb-headline-c2afdff5 gb-headline-text\">Indagini convenienti e di alta qualit\u00e0 completate rapidamente. <\/h2>\n\n\n\n<ul class=\"wp-block-list\">\n<li>La stragrande maggioranza dei sondaggi di opinione e di atteggiamento di Analysis Denmark \u00e8 condotta come sondaggio a panel. Questo perch\u00e9 i sondaggi panel di Analysis Denmark sono economicamente vantaggiosi e veloci, di alta qualit\u00e0. Spesso sono necessarie risposte rapide in relazione a sondaggi su argomenti di attualit\u00e0.<\/li>\n\n\n\n<li>Sebbene le indagini a panel siano pi\u00f9 economiche e possano essere completate pi\u00f9 rapidamente rispetto a quelle tradizionali, la qualit\u00e0 e la metodologia devono comunque essere elevate (per saperne di pi\u00f9 sulle indagini a panel <a href=\"https:\/\/analysedanmark.dk\/it\/servizi\/panelundersoegelser\/\">qui<\/a>). Analysis Denmark si impegna a fornire analisi di alta qualit\u00e0 e ottimizza e sviluppa continuamente le proprie metodologie e procedure di garanzia della qualit\u00e0.<\/li>\n<\/ul>\n\n<\/div><\/div>\n<\/div>\n<\/div>\n<\/div>","protected":false},"excerpt":{"rendered":"","protected":false},"author":4,"featured_media":0,"parent":35209,"menu_order":0,"comment_status":"closed","ping_status":"closed","template":"","meta":{"_acf_changed":false,"footnotes":""},"class_list":["post-43519","page","type-page","status-publish"],"acf":[],"_links":{"self":[{"href":"https:\/\/analysedanmark.dk\/it\/wp-json\/wp\/v2\/pages\/43519","targetHints":{"allow":["GET"]}}],"collection":[{"href":"https:\/\/analysedanmark.dk\/it\/wp-json\/wp\/v2\/pages"}],"about":[{"href":"https:\/\/analysedanmark.dk\/it\/wp-json\/wp\/v2\/types\/page"}],"author":[{"embeddable":true,"href":"https:\/\/analysedanmark.dk\/it\/wp-json\/wp\/v2\/users\/4"}],"replies":[{"embeddable":true,"href":"https:\/\/analysedanmark.dk\/it\/wp-json\/wp\/v2\/comments?post=43519"}],"version-history":[{"count":5,"href":"https:\/\/analysedanmark.dk\/it\/wp-json\/wp\/v2\/pages\/43519\/revisions"}],"predecessor-version":[{"id":234875,"href":"https:\/\/analysedanmark.dk\/it\/wp-json\/wp\/v2\/pages\/43519\/revisions\/234875"}],"up":[{"embeddable":true,"href":"https:\/\/analysedanmark.dk\/it\/wp-json\/wp\/v2\/pages\/35209"}],"wp:attachment":[{"href":"https:\/\/analysedanmark.dk\/it\/wp-json\/wp\/v2\/media?parent=43519"}],"curies":[{"name":"wp","href":"https:\/\/api.w.org\/{rel}","templated":true}]}}