{"id":30249,"date":"2023-08-24T20:15:00","date_gmt":"2023-08-24T20:15:00","guid":{"rendered":"https:\/\/gpsites.co\/affinity\/?page_id=30249"},"modified":"2026-03-25T14:40:23","modified_gmt":"2026-03-25T13:40:23","slug":"informativa-sulla-privacy","status":"publish","type":"page","link":"https:\/\/analysedanmark.dk\/it\/persondatapolitik\/","title":{"rendered":"Informativa sulla privacy"},"content":{"rendered":"<div class=\"gb-container gb-container-00dad267 gbp-section\">\n<div class=\"gb-container gb-container-7c095171 gb-container-e12be6ba gbp-section__inner\">\n\n<p>Nella nostra informativa sulla privacy potete leggere come raccogliamo ed elaboriamo i vostri dati personali quando partecipate ai nostri sondaggi, vi iscrivete alla nostra newsletter o inviate una richiesta tramite un modulo sul sito web.<\/p>\n\n\n\n<h3 class=\"wp-block-heading\"><strong>Titolare del trattamento dei dati<\/strong><\/h3>\n\n\n\n<p>Analyse Danmark ApS \u00e8 il titolare del trattamento dei vostri dati personali.<\/p>\n\n\n\n<p>Analizzare Danmark ApS<br>Vesterbrogade 124 B, 4\u00b0 a sinistra.<br>1620 Copenaghen V<br>Telefono: 43331020<br>CVR: 3740 8174<br><\/p>\n\n\n\n<h3 class=\"wp-block-heading\"><strong>Elaborazione dei dati personali quando partecipate ai nostri sondaggi, avete domande sui sondaggi esistenti o, ad esempio, inviate una richiesta tramite un link inviato, per telefono, di persona (ad esempio un'intervista personale o un partecipante a un focus group), per posta, per e-mail o sul sito web.<\/strong><\/h3>\n\n\n\n<p>Quando partecipate ai nostri sondaggi o inviate una richiesta di informazioni tramite il sito web, potrebbe esservi chiesto di fornire il vostro nome, indirizzo e-mail, numero di telefono e altre informazioni rilevanti per la partecipazione al sondaggio o per consentirci di rispondere alla vostra richiesta. Tutte le informazioni saranno trattate in modo riservato e anonimo sia per i nostri clienti che per i terzi. Le vostre informazioni di contatto non saranno divulgate a terzi senza il vostro consenso, a meno che non ci venga richiesto dalla legge. Non utilizziamo le informazioni per spam o altri invii commerciali. In alcuni casi, esternalizziamo il trattamento dei vostri dati personali ai nostri fornitori. \u00c8 il caso, ad esempio, di GoGift, Send a Thought o altri fornitori di buoni regalo, che ci forniscono solo gli indirizzi e-mail per l'invio del buono regalo per via elettronica.<\/p>\n\n\n\n<p>Di norma, conserviamo i dati personali per un massimo di 2 anni, dopodich\u00e9 li cancelliamo. Il motivo per cui non sempre li cancelliamo subito dopo la conclusione di un sondaggio \u00e8 per motivi di controllo della qualit\u00e0 e se \u00e8 necessario ripetere il sondaggio presso lo stesso gruppo target, ad esempio per misurare la storia di un argomento specifico o per invitare a interviste pi\u00f9 approfondite. Nei sondaggi in cui abbiamo bisogno di ricontattarvi successivamente, ne sarete informati.<\/p>\n\n\n\n<p>Potreste ricevere un sondaggio da parte nostra senza aver espresso il vostro interesse a partecipare a un sondaggio. Ci\u00f2 potrebbe avvenire in relazione a un sondaggio in cui il nostro cliente ha raccolto informazioni di contatto disponibili pubblicamente, come le e-mail dai siti web, oppure se siete membri di un'associazione in cui l'associazione \u00e8 il responsabile del trattamento dei dati. Tutto ci\u00f2 \u00e8 perfettamente legale e l'utente \u00e8 ovviamente libero di decidere se partecipare al sondaggio. Per saperne di pi\u00f9 sulla legge sul marketing e sul divieto di spam, cliccate qui.<\/p>\n\n\n\n<p><a href=\"https:\/\/www.forbrugerombudsmanden.dk\/hvad-gaelder\/ofte-stillede-spoergsmaal\/spam\" rel=\"nofollow noopener\" target=\"_blank\">https:\/\/www.forbrugerombudsmanden.dk\/hvad-gaelder\/ofte-stillede-spoergsmaal\/spam<\/a><\/p>\n\n\n\n<p>I dipendenti di Analyse Danmark sono soggetti a un accordo di riservatezza che riguarda sia le questioni interne all'azienda, sia le informazioni sui nostri clienti e sui loro prodotti\/servizi, sia i partecipanti ai nostri sondaggi.<\/p>\n\n\n\n<h3 class=\"wp-block-heading\"><strong>Trattamento dei dati personali al momento dell'iscrizione alla nostra newsletter<\/strong><\/h3>\n\n\n\n<p>Quando vi iscrivete alla nostra newsletter, registriamo il vostro nome e indirizzo e-mail per potervi inviare le nostre newsletter.&nbsp;<\/p>\n\n\n\n<p>Trattiamo i suddetti dati sulla base del consenso che ci date quando vi iscrivete alle nostre newsletter. Potete sempre revocare il vostro consenso scrivendo un'e-mail a o cancellandovi direttamente cliccando sul link presente in una delle newsletter che vi inviamo. In genere non divulghiamo i vostri dati personali a terzi senza il vostro consenso, a meno che non ci venga richiesto dalla legge. In genere trattiamo i dati personali fino a quando l'utente non ritira il proprio consenso a ricevere le nostre newsletter.<\/p>\n\n\n\n<h3 class=\"wp-block-heading\"><strong>I vostri diritti<\/strong><\/h3>\n\n\n\n<p>Potete sempre chiedere di conoscere i dati personali che trattiamo su di voi.<\/p>\n\n\n\n<p>Potete anche opporvi al trattamento dei vostri dati personali da parte nostra, ad esempio chiedendoci di correggere, cancellare, limitare, trasferire o interrompere il trattamento.<\/p>\n\n\n\n<p><strong>Per tutte le richieste di informazioni, \u00e8 sufficiente contattarci tramite i recapiti indicati di seguito.&nbsp;<\/strong><\/p>\n\n\n\n<p>Se avete domande o commenti sul trattamento dei vostri dati personali, siete sempre invitati a contattarci qui:<\/p>\n\n\n\n<p>Analizzare Danmark ApS<br>Vesterbrogade 124 B, 4\u00b0 a sinistra.&nbsp;<br>1620 Copenaghen V<br>Telefono: 43331020<br>Posta:&nbsp;<a href=\"mailto:info@analysedanmark.dk\">info@analysedanmark.dk<\/a><\/p>\n\n\n\n<p>Se desiderate presentare un reclamo sul trattamento dei vostri dati personali da parte nostra, potete farlo a:&nbsp;<\/p>\n\n\n\n<p>Autorit\u00e0 per la protezione dei dati<br>Borgergade 28, 5<br>1300 Copenaghen K, Danimarca&nbsp;<br>Telefono: 33 19 32 00<br>&nbsp;<\/p>\n\n\n\n<p>Vedi anche&nbsp;<a href=\"https:\/\/www.datatilsynet.dk\/om-datatilsynet\/kontakt\/\" rel=\"nofollow noopener\" target=\"_blank\">https:\/\/www.datatilsynet.dk\/om-datatilsynet\/kontakt\/<\/a><\/p>\n\n<\/div>\n<\/div>","protected":false},"excerpt":{"rendered":"<p>I vores&nbsp;persondatapolitik kan du l\u00e6se om, hvordan vi indsamler og behandler dine persondata, n\u00e5r du deltager i vores unders\u00f8gelser, tilmelder dig vores nyhedsbrev eller sender en foresp\u00f8rgsel via formular p\u00e5 hjemmesiden. Dataansvarlig Analyse Danmark ApS er dataansvarlig for behandling af dine personoplysninger. Analyse Danmark ApSVesterbrogade 124 B, 4. t.v.1620 K\u00f8benhavn VTelefon: 43331020CVR: 3740 8174 Behandling &#8230; <\/p>\n<p class=\"read-more-container\"><a title=\"Informativa sulla privacy\" class=\"read-more button\" href=\"https:\/\/analysedanmark.dk\/it\/persondatapolitik\/#more-30249\" aria-label=\"Per saperne di pi\u00f9 su Persondatapolitik\">Leggi tutto<\/a><\/p>","protected":false},"author":1,"featured_media":0,"parent":0,"menu_order":0,"comment_status":"closed","ping_status":"closed","template":"","meta":{"_acf_changed":false,"footnotes":""},"class_list":["post-30249","page","type-page","status-publish"],"acf":[],"_links":{"self":[{"href":"https:\/\/analysedanmark.dk\/it\/wp-json\/wp\/v2\/pages\/30249","targetHints":{"allow":["GET"]}}],"collection":[{"href":"https:\/\/analysedanmark.dk\/it\/wp-json\/wp\/v2\/pages"}],"about":[{"href":"https:\/\/analysedanmark.dk\/it\/wp-json\/wp\/v2\/types\/page"}],"author":[{"embeddable":true,"href":"https:\/\/analysedanmark.dk\/it\/wp-json\/wp\/v2\/users\/1"}],"replies":[{"embeddable":true,"href":"https:\/\/analysedanmark.dk\/it\/wp-json\/wp\/v2\/comments?post=30249"}],"version-history":[{"count":7,"href":"https:\/\/analysedanmark.dk\/it\/wp-json\/wp\/v2\/pages\/30249\/revisions"}],"predecessor-version":[{"id":235028,"href":"https:\/\/analysedanmark.dk\/it\/wp-json\/wp\/v2\/pages\/30249\/revisions\/235028"}],"wp:attachment":[{"href":"https:\/\/analysedanmark.dk\/it\/wp-json\/wp\/v2\/media?parent=30249"}],"curies":[{"name":"wp","href":"https:\/\/api.w.org\/{rel}","templated":true}]}}