{"id":44059,"date":"2024-12-16T04:50:30","date_gmt":"2024-12-16T03:50:30","guid":{"rendered":"https:\/\/analysedanmark.stage.heyrobot.com\/?page_id=44059"},"modified":"2025-05-20T12:54:28","modified_gmt":"2025-05-20T10:54:28","slug":"dansk-industri","status":"publish","type":"page","link":"https:\/\/analysedanmark.dk\/fr\/cases\/dansk-industri\/","title":{"rendered":"Industrie danoise"},"content":{"rendered":"<header class=\"gb-container gb-container-fa2dff78 gbp--border-radius\">\n<div class=\"gb-container gb-container-d2d53606 gbp-section__inner\">\n<div class=\"gb-grid-wrapper gb-grid-wrapper-781df5b1\">\n<div class=\"gb-grid-column gb-grid-column-63aab36c\"><div class=\"gb-container gb-container-63aab36c\">\n\n<figure class=\"gb-block-image gb-block-image-e61ea73b\"><a href=\"https:\/\/www.danskindustri.dk\/\" target=\"_blank\" rel=\"noopener noreferrer nofollow\"><img loading=\"lazy\" decoding=\"async\" width=\"800\" height=\"571\" class=\"gb-image gb-image-e61ea73b gbp--border-radius gbp--margin-after\" src=\"https:\/\/analysedanmark.dk\/wp-content\/uploads\/2025\/05\/Industriens-Hus-2024_0307_kontraframe-800px.jpg\" alt=\"Industriens Hus (Copyright Dansk Industri)\" title=\"Industriens Hus 2024_0307_kontraframe-800px\" srcset=\"https:\/\/analysedanmark.dk\/wp-content\/uploads\/2025\/05\/Industriens-Hus-2024_0307_kontraframe-800px.jpg 800w, https:\/\/analysedanmark.dk\/wp-content\/uploads\/2025\/05\/Industriens-Hus-2024_0307_kontraframe-800px-640x457.jpg 640w, https:\/\/analysedanmark.dk\/wp-content\/uploads\/2025\/05\/Industriens-Hus-2024_0307_kontraframe-800px-768x548.jpg 768w, https:\/\/analysedanmark.dk\/wp-content\/uploads\/2025\/05\/Industriens-Hus-2024_0307_kontraframe-800px-18x12.jpg 18w\" sizes=\"auto, (max-width: 800px) 100vw, 800px\" \/><\/a><\/figure>\n\n<\/div><\/div>\n\n<div class=\"gb-grid-column gb-grid-column-7de558b8\"><div class=\"gb-container gb-container-7de558b8\">\n\n<h1 class=\"gb-headline gb-headline-be302155 gb-headline-text\">Industrie danoise<\/h1>\n\n\n\n<p>Fra kortsortering og tegninger til praktisk v\u00e6rkt\u00f8j i dagligdagen.<\/p>\n\n\n\n<h2 class=\"wp-block-heading\">Udfordring<\/h2>\n\n\n\n<p><a href=\"https:\/\/www.danskindustri.dk\/\" rel=\"nofollow noopener\" target=\"_blank\">DI<\/a>&nbsp;er en privat erhvervs- og arbejdsgiverorganisation, der repr\u00e6senterer 8 brancheforeninger og ca. 80 medlemsforeninger. <a href=\"https:\/\/www.danskindustri.dk\/\" rel=\"nofollow noopener\" target=\"_blank\">DI<\/a> repr\u00e6senterer 10.000 virksomheder i Danmark, som besk\u00e6ftiger \u00bd mio. medarbejdere i Danmark og en mio. medarbejdere i udlandet. Der er alts\u00e5 tale om en meget differentieret m\u00e5lgruppe med forskellige behov og \u00f8nsker. DI \u00f8nskede derfor at styrke introduktionen af nye medlemmer med en mere systematisk opf\u00f8lgning p\u00e5 deres nye medlemskab og introduktion til DI\u2019s mange ydelser.<\/p>\n\n\n\n<p>N\u00e5r man ikke identificerer sig med de store danske produktionsvirksomheder som f.eks. LEGO eller Novo Nordisk og der er langt ind til \u2019glashuset\u2019 p\u00e5 R\u00e5dhuspladsen, s\u00e5 kan man som lille eller mellemstor virksomhed v\u00e6re i tvivl om, hvad man reelt kan f\u00e5 ud af sit medlemskab i <a href=\"https:\/\/www.danskindustri.dk\/\" rel=\"nofollow noopener\" target=\"_blank\">DI<\/a>.<\/p>\n\n<\/div><\/div>\n<\/div>\n<\/div>\n<\/header>\n\n<div class=\"gb-container gb-container-58a76ced gbp-section\">\n<div class=\"gb-container gb-container-3224c6ce gbp-section__inner\">\n<div class=\"gb-grid-wrapper gb-grid-wrapper-d7355558\">\n<div class=\"gb-grid-column gb-grid-column-516ff6c2\"><div class=\"gb-container gb-container-516ff6c2\">\n\n<p class=\"gb-headline gb-headline-b2a7a5e2 gb-headline-text gbp-section__tagline\">Metodevalget<\/p>\n\n\n\n<h2 class=\"gb-headline gb-headline-cf6f9690 gb-headline-text\"><strong><strong><strong><strong>Viden sl\u00e5r mavefornemmelse<\/strong><\/strong><\/strong><\/strong><\/h2>\n\n\n\n<p>Dansk Industri havde ganske enkelt behov for at f\u00e5 et indblik i, hvordan nye medlemsvirksomheder opfatter DI og hvilke services og ydelser disse oplever relevante. Analyse Danmark gennemf\u00f8rte derfor <a href=\"https:\/\/analysedanmark.dk\/fr\/methodes\/kvalitative-metoder\/groupes-de-discussion\/\" data-type=\"page\" data-id=\"43770\">groupes de discussion <\/a>og en r\u00e6kke virksomhedsbes\u00f8g for at komme helt ind til benet af, hvordan de nye medlemmer ser p\u00e5 DI, og hvad de som nye medlemmer har behov for. Et af form\u00e5lene med unders\u00f8gelsen var at f\u00e5 input til konkrete v\u00e6rkt\u00f8jer, som DI kan bruge i kommunikationen med de nye medlemmer.<\/p>\n\n\n\n<p>Undervejs i interviews anvendte vi bl.a. kortsortering, hvor medlemmerne sorterede DIs services efter relevans samt en workshop-\u00f8velse til udvikling af den ideelle velkomst til Dansk Industri.<\/p>\n\n<\/div><\/div>\n\n<div class=\"gb-grid-column gb-grid-column-38b0cc66\"><div class=\"gb-container gb-container-38b0cc66 gbp--gradient-secondary\">\n\n<figure class=\"gb-block-image gb-block-image-ff825c85\"><img loading=\"lazy\" decoding=\"async\" width=\"418\" height=\"557\" class=\"gb-image gb-image-ff825c85 gbp--border-radius\" src=\"https:\/\/analysedanmark.dk\/wp-content\/uploads\/2024\/12\/DI_billed-1.png\" alt=\"\" title=\"DI_billed-1\"><\/figure>\n\n\n\n<p class=\"has-text-align-center\"><em>Kortsorterings\u00f8velse<\/em><\/p>\n\n<\/div><\/div>\n<\/div>\n<\/div>\n<\/div>\n\n<div class=\"gb-container gb-container-7e6d0854 gbp-section\">\n<div class=\"gb-container gb-container-3ff20a45 gbp-section__inner\">\n<div class=\"gb-grid-wrapper gb-grid-wrapper-d4759108\">\n<div class=\"gb-grid-column gb-grid-column-c739950f\"><div class=\"gb-container gb-container-c739950f\">\n\n<figure class=\"wp-block-image size-full\"><img loading=\"lazy\" decoding=\"async\" width=\"500\" height=\"347\" src=\"https:\/\/analysedanmark.dk\/wp-content\/uploads\/2024\/12\/DI_billed-2.png\" alt=\"\" class=\"wp-image-44163\"><\/figure>\n\n\n\n<p><em>Tegning fra workshop-\u00f8velse<\/em><\/p>\n\n<\/div><\/div>\n\n<div class=\"gb-grid-column gb-grid-column-44584bd0\"><div class=\"gb-container gb-container-44584bd0\">\n\n<h2 class=\"gb-headline gb-headline-c2afdff5 gb-headline-text\">Resultat<\/h2>\n\n\n\n<p><strong><strong>Fra analyse til konkret handling<\/strong><\/strong><br>Med afs\u00e6t i konklusionerne fra den <a href=\"https:\/\/analysedanmark.dk\/fr\/methodes\/kvalitative-metoder\/\" data-type=\"page\" data-id=\"43688\">kvalitative unders\u00f8gelse<\/a> er Dansk Industri nu trukket i arbejdst\u00f8jet og anvender de nye v\u00e6rkt\u00f8jer i kontakten med de nye medlemmer. Bl.a. viste kort\u00f8velsen sig at v\u00e6re en stor succes ift. at blive helt konkret p\u00e5, hvad det er vigtigt med fokus p\u00e5 den enkelte medlemsvirksomheds behov fremfor, hvad DI gerne vil fort\u00e6lle om sig selv.<\/p>\n\n\n\n<p>Ikke nok med det, Dansk Industri tester nu den nye tilgang overfor den gamle m\u00e5de at g\u00f8re tingene p\u00e5 for at kunne dokumentere resultaterne af den \u00e6ndrede kommunikationstilgang.<\/p>\n\n<\/div><\/div>\n<\/div>\n<\/div>\n<\/div>\n\n<div class=\"gb-container gb-container-68a23b27 gbp--border-radius\">\n<div class=\"gb-container gb-container-4c3bf351 gbp-section__inner\">\n\n<p class=\"gb-headline gb-headline-49bc7c64\"><span class=\"gb-icon\"><svg viewbox=\"0 0 40 26.79\" data-name=\"Layer 1\" xmlns=\"http:\/\/www.w3.org\/2000\/svg\"><path style=\"stroke-width:0\" d=\"M.31 18.41C-1.37 10.67 3.97 2.41 12.65 0l.63 5.23c-2.3.94-4.29 3.14-4.29 6.07 3.45-1.57 8.27.42 9.42 5.34.94 4.5-1.99 8.89-6.59 9.94C6.8 27.63 1.67 24.7.31 18.42Zm21.49 0C20.13 10.67 25.36 2.4 34.04 0l.73 5.23c-2.41.94-4.29 3.14-4.4 6.07 3.56-1.57 8.37.42 9.42 5.34 1.05 4.5-1.99 8.89-6.59 9.94-4.92 1.05-10.04-1.88-11.41-8.16Z\"><\/path><\/svg><\/span><span class=\"gb-headline-text\">Unders\u00f8gelsen har givet os en indsigt, der g\u00f8r det muligt for os at afpr\u00f8ve en r\u00e6kke konkrete tiltag b\u00e5de i indmeldelsesfasen og efter et stykke tid som medlem. Sorteringskortene er et godt eksempel p\u00e5, hvordan vi i medlemsm\u00f8der nu p\u00e5 en meget let m\u00e5de kan spore os ind p\u00e5, hvad der er relevante og brugbare ydelser for medlemmet at tale om<\/span><\/p>\n\n\n\n<p class=\"has-base-3-color has-text-color\"><strong>Vivian Winter<\/strong>, chefkonsulent i DI<\/p>\n\n<\/div>\n<\/div>","protected":false},"excerpt":{"rendered":"<p>Unders\u00f8gelsen har givet os en indsigt, der g\u00f8r det muligt for os at afpr\u00f8ve en r\u00e6kke konkrete tiltag b\u00e5de i indmeldelsesfasen og efter et stykke tid som medlem. Sorteringskortene er et godt eksempel p\u00e5, hvordan vi i medlemsm\u00f8der nu p\u00e5 en meget let m\u00e5de kan spore os ind p\u00e5, hvad der er relevante og brugbare &#8230; <\/p>\n<p class=\"read-more-container\"><a title=\"Industrie danoise\" class=\"read-more button\" href=\"https:\/\/analysedanmark.dk\/fr\/cases\/dansk-industri\/#more-44059\" aria-label=\"En savoir plus sur Dansk Industri\">Lire plus<\/a><\/p>","protected":false},"author":4,"featured_media":0,"parent":24,"menu_order":0,"comment_status":"closed","ping_status":"closed","template":"","meta":{"_acf_changed":false,"footnotes":""},"class_list":["post-44059","page","type-page","status-publish"],"acf":[],"_links":{"self":[{"href":"https:\/\/analysedanmark.dk\/fr\/wp-json\/wp\/v2\/pages\/44059","targetHints":{"allow":["GET"]}}],"collection":[{"href":"https:\/\/analysedanmark.dk\/fr\/wp-json\/wp\/v2\/pages"}],"about":[{"href":"https:\/\/analysedanmark.dk\/fr\/wp-json\/wp\/v2\/types\/page"}],"author":[{"embeddable":true,"href":"https:\/\/analysedanmark.dk\/fr\/wp-json\/wp\/v2\/users\/4"}],"replies":[{"embeddable":true,"href":"https:\/\/analysedanmark.dk\/fr\/wp-json\/wp\/v2\/comments?post=44059"}],"version-history":[{"count":5,"href":"https:\/\/analysedanmark.dk\/fr\/wp-json\/wp\/v2\/pages\/44059\/revisions"}],"predecessor-version":[{"id":234906,"href":"https:\/\/analysedanmark.dk\/fr\/wp-json\/wp\/v2\/pages\/44059\/revisions\/234906"}],"up":[{"embeddable":true,"href":"https:\/\/analysedanmark.dk\/fr\/wp-json\/wp\/v2\/pages\/24"}],"wp:attachment":[{"href":"https:\/\/analysedanmark.dk\/fr\/wp-json\/wp\/v2\/media?parent=44059"}],"curies":[{"name":"wp","href":"https:\/\/api.w.org\/{rel}","templated":true}]}}