{"id":43786,"date":"2024-12-10T11:24:34","date_gmt":"2024-12-10T10:24:34","guid":{"rendered":"https:\/\/analysedanmark.stage.heyrobot.com\/?page_id=43786"},"modified":"2025-01-03T06:32:18","modified_gmt":"2025-01-03T05:32:18","slug":"telefoninterview-cati","status":"publish","type":"page","link":"https:\/\/analysedanmark.dk\/fr\/metoder\/kvantitative-metoder\/telefoninterview-cati\/","title":{"rendered":"Entretien t\u00e9l\u00e9phonique (CATI)"},"content":{"rendered":"<header class=\"gb-container gb-container-58a76ced\">\n<div class=\"gb-container gb-container-3224c6ce gbp-section__inner\">\n<div class=\"gb-grid-wrapper gb-grid-wrapper-d7355558\">\n<div class=\"gb-grid-column gb-grid-column-516ff6c2\"><div class=\"gb-container gb-container-516ff6c2\">\n\n<p class=\"gb-headline gb-headline-ad6edd9c gb-headline-text gbp-section__tagline\">Kvantitativ metode<\/p>\n\n\n\n<h1 class=\"gb-headline gb-headline-0e509d67 gb-headline-text\">Entretien t\u00e9l\u00e9phonique (CATI)<\/h1>\n\n\n\n<p>Telefoninterviewet (CATI, Computer Assisted Telephone Interviewing) er en klassisk analysedisciplin. <\/p>\n\n\n\n<p>Det foreg\u00e5r ved, at tr\u00e6nede interviewere ringer til respondenterne i en bestemt m\u00e5lgruppe og gennemf\u00f8rer de kvantitative interviews via telefonen. Svarene indtastes direkte i et p\u00e5 forh\u00e5nd opsat onlinesp\u00f8rgeskema.<\/p>\n\n\n\n<p>Interviewerne har ogs\u00e5 til opgave, at komme forbi diverse gatekeepers. Det kan f.eks. dreje sig om, at man skal kontakte medarbejdere med bestemte funktioner i en virksomhed eller organisation.<\/p>\n\n<\/div><\/div>\n\n<div class=\"gb-grid-column gb-grid-column-38b0cc66\"><div class=\"gb-container gb-container-38b0cc66\">\n\n<figure class=\"gb-block-image gb-block-image-6f1ffcca\"><img decoding=\"async\" class=\"gb-image gb-image-6f1ffcca gbp--border-radius\" src=\"https:\/\/gpsites.co\/affinity\/wp-content\/uploads\/sites\/147\/2024\/06\/nordwood-themes-ubIWo074QlU-unsplash-300x225.webp\" alt=\"\" title=\"nordwood-themes-ubIWo074QlU-unsplash\"><\/figure>\n\n\n\n<figure class=\"gb-block-image gb-block-image-e235177f\"><img decoding=\"async\" class=\"gb-image gb-image-e235177f gbp--border-radius\" src=\"https:\/\/gpsites.co\/affinity\/wp-content\/uploads\/sites\/147\/2024\/06\/walling-UP7JSnodG2M-unsplash-300x225.webp\" alt=\"\" title=\"walling-UP7JSnodG2M-unsplash\"><\/figure>\n\n<\/div><\/div>\n<\/div>\n<\/div>\n<\/header>\n\n<div class=\"gb-container gb-container-b510b0bb\">\n<div class=\"gb-container gb-container-7e6d0854 gbp-section\">\n<div class=\"gb-container gb-container-3ff20a45 gbp-section__inner\">\n<div class=\"gb-grid-wrapper gb-grid-wrapper-d4759108\">\n<div class=\"gb-grid-column gb-grid-column-c739950f\"><div class=\"gb-container gb-container-c739950f\">\n\n<figure class=\"wp-block-image size-full\"><img loading=\"lazy\" decoding=\"async\" width=\"1200\" height=\"1200\" src=\"https:\/\/analysedanmark.dk\/wp-content\/uploads\/2024\/11\/giu-vicente-3_uiwITfv4M-unsplash-1.webp\" alt=\"\" class=\"wp-image-43057\" srcset=\"https:\/\/analysedanmark.dk\/wp-content\/uploads\/2024\/11\/giu-vicente-3_uiwITfv4M-unsplash-1.webp 1200w, https:\/\/analysedanmark.dk\/wp-content\/uploads\/2024\/11\/giu-vicente-3_uiwITfv4M-unsplash-1-640x640.webp 640w, https:\/\/analysedanmark.dk\/wp-content\/uploads\/2024\/11\/giu-vicente-3_uiwITfv4M-unsplash-1-768x768.webp 768w, https:\/\/analysedanmark.dk\/wp-content\/uploads\/2024\/11\/giu-vicente-3_uiwITfv4M-unsplash-1-300x300.webp 300w, https:\/\/analysedanmark.dk\/wp-content\/uploads\/2024\/11\/giu-vicente-3_uiwITfv4M-unsplash-1-400x400.webp 400w, https:\/\/analysedanmark.dk\/wp-content\/uploads\/2024\/11\/giu-vicente-3_uiwITfv4M-unsplash-1-600x600.webp 600w\" sizes=\"auto, (max-width: 1200px) 100vw, 1200px\" \/><\/figure>\n\n<\/div><\/div>\n\n<div class=\"gb-grid-column gb-grid-column-44584bd0\"><div class=\"gb-container gb-container-44584bd0\">\n\n<h2 class=\"gb-headline gb-headline-c2afdff5 gb-headline-text\">Fordele og ulemper?<\/h2>\n\n\n\n<ul class=\"wp-block-list\">\n<li>Fordele ved telefoninterviewet er, at Intervieweren har stor kontrol over den situation, hvori interviewet foreg\u00e5r. Dette medf\u00f8rer, at intervieweren kan sikre sig, at respondenten forst\u00e5r sp\u00f8rgsm\u00e5lene samt afs\u00e6tter den forn\u00f8dne tid til at besvare sp\u00f8rgsm\u00e5lene. Det er ogs\u00e5 ofte den bedste m\u00e5de at lave kvantitative interviews med sn\u00e6vre og sv\u00e6re m\u00e5lgrupper (f.eks. BTB). Man kan nemlig i h\u00f8jere grad sikre, at det er den rigtige person, der svarer. Ofte vil man ogs\u00e5 f\u00e5 en h\u00f8jere svarprocent end uopfordrede intertnet- eller postale interviews.<\/li>\n\n\n\n<li>Ulemper ved telefoninterviewet er, at dataindsamlingen typisk tager l\u00e6ngere tid end f.eks. i&nbsp;<a href=\"https:\/\/analysedanmark.dk\/fr\/methodes\/kvantitative-metoder\/internetinterview\/\">internetinterviewet<\/a>&nbsp;og at prisen er h\u00f8jere. Der kr\u00e6ves typisk mange ressourcer i form af interviewertimer. Det er f.eks. heller ikke muligt at teste visuelle ting s\u00e5som billeder eller film.<\/li>\n<\/ul>\n\n<\/div><\/div>\n<\/div>\n<\/div>\n<\/div>\n<\/div>","protected":false},"excerpt":{"rendered":"","protected":false},"author":4,"featured_media":0,"parent":43690,"menu_order":0,"comment_status":"closed","ping_status":"closed","template":"","meta":{"_acf_changed":false,"footnotes":""},"class_list":["post-43786","page","type-page","status-publish"],"acf":[],"_links":{"self":[{"href":"https:\/\/analysedanmark.dk\/fr\/wp-json\/wp\/v2\/pages\/43786","targetHints":{"allow":["GET"]}}],"collection":[{"href":"https:\/\/analysedanmark.dk\/fr\/wp-json\/wp\/v2\/pages"}],"about":[{"href":"https:\/\/analysedanmark.dk\/fr\/wp-json\/wp\/v2\/types\/page"}],"author":[{"embeddable":true,"href":"https:\/\/analysedanmark.dk\/fr\/wp-json\/wp\/v2\/users\/4"}],"replies":[{"embeddable":true,"href":"https:\/\/analysedanmark.dk\/fr\/wp-json\/wp\/v2\/comments?post=43786"}],"version-history":[{"count":5,"href":"https:\/\/analysedanmark.dk\/fr\/wp-json\/wp\/v2\/pages\/43786\/revisions"}],"predecessor-version":[{"id":44357,"href":"https:\/\/analysedanmark.dk\/fr\/wp-json\/wp\/v2\/pages\/43786\/revisions\/44357"}],"up":[{"embeddable":true,"href":"https:\/\/analysedanmark.dk\/fr\/wp-json\/wp\/v2\/pages\/43690"}],"wp:attachment":[{"href":"https:\/\/analysedanmark.dk\/fr\/wp-json\/wp\/v2\/media?parent=43786"}],"curies":[{"name":"wp","href":"https:\/\/api.w.org\/{rel}","templated":true}]}}