{"id":43782,"date":"2024-12-10T11:23:37","date_gmt":"2024-12-10T10:23:37","guid":{"rendered":"https:\/\/analysedanmark.stage.heyrobot.com\/?page_id=43782"},"modified":"2025-01-03T06:30:22","modified_gmt":"2025-01-03T05:30:22","slug":"postale-undersoegelser","status":"publish","type":"page","link":"https:\/\/analysedanmark.dk\/fr\/metoder\/kvantitative-metoder\/postale-undersoegelser\/","title":{"rendered":"Enqu\u00eates postales"},"content":{"rendered":"<header class=\"gb-container gb-container-58a76ced\">\n<div class=\"gb-container gb-container-3224c6ce gbp-section__inner\">\n<div class=\"gb-grid-wrapper gb-grid-wrapper-d7355558\">\n<div class=\"gb-grid-column gb-grid-column-516ff6c2\"><div class=\"gb-container gb-container-516ff6c2\">\n\n<p class=\"gb-headline gb-headline-ad6edd9c gb-headline-text gbp-section__tagline\">Kvantitativ metode<\/p>\n\n\n\n<h1 class=\"gb-headline gb-headline-0e509d67 gb-headline-text\">Enqu\u00eates postales<\/h1>\n\n\n\n<p>Postale unders\u00f8gelser gennemf\u00f8res ligeledes med sp\u00f8rgeskemaet som v\u00e6rkt\u00f8j. Respondenterne f\u00e5r sp\u00f8rgeskemaet tilsendt i papirform og skal returnere dette i udfyldt stand. <br><br>En fordel ved postale unders\u00f8gelser er f.eks., at det er muligt for den enkelte respondent at besvare sp\u00f8rgeskemaet, n\u00e5r det passer bedst. Derudover er det ogs\u00e5 muligt f\u00e5 vurderet kommunikationsmateriale, hvilket er en fordel i forhold til telefoninterview.<\/p>\n\n<\/div><\/div>\n\n<div class=\"gb-grid-column gb-grid-column-38b0cc66\"><div class=\"gb-container gb-container-38b0cc66\">\n\n<figure class=\"gb-block-image gb-block-image-6f1ffcca\"><img decoding=\"async\" class=\"gb-image gb-image-6f1ffcca gbp--border-radius\" src=\"https:\/\/gpsites.co\/affinity\/wp-content\/uploads\/sites\/147\/2024\/06\/nordwood-themes-ubIWo074QlU-unsplash-300x225.webp\" alt=\"\" title=\"nordwood-themes-ubIWo074QlU-unsplash\"><\/figure>\n\n\n\n<figure class=\"gb-block-image gb-block-image-e235177f\"><img decoding=\"async\" class=\"gb-image gb-image-e235177f gbp--border-radius\" src=\"https:\/\/gpsites.co\/affinity\/wp-content\/uploads\/sites\/147\/2024\/06\/walling-UP7JSnodG2M-unsplash-300x225.webp\" alt=\"\" title=\"walling-UP7JSnodG2M-unsplash\"><\/figure>\n\n<\/div><\/div>\n<\/div>\n<\/div>\n<\/header>\n\n<div class=\"gb-container gb-container-b510b0bb\">\n<div class=\"gb-container gb-container-7e6d0854 gbp-section\">\n<div class=\"gb-container gb-container-3ff20a45 gbp-section__inner\">\n<div class=\"gb-grid-wrapper gb-grid-wrapper-d4759108\">\n<div class=\"gb-grid-column gb-grid-column-c739950f\"><div class=\"gb-container gb-container-c739950f\">\n\n<figure class=\"wp-block-image size-full\"><img loading=\"lazy\" decoding=\"async\" width=\"1200\" height=\"1200\" src=\"https:\/\/analysedanmark.dk\/wp-content\/uploads\/2024\/11\/giu-vicente-3_uiwITfv4M-unsplash-1.webp\" alt=\"\" class=\"wp-image-43057\" srcset=\"https:\/\/analysedanmark.dk\/wp-content\/uploads\/2024\/11\/giu-vicente-3_uiwITfv4M-unsplash-1.webp 1200w, https:\/\/analysedanmark.dk\/wp-content\/uploads\/2024\/11\/giu-vicente-3_uiwITfv4M-unsplash-1-640x640.webp 640w, https:\/\/analysedanmark.dk\/wp-content\/uploads\/2024\/11\/giu-vicente-3_uiwITfv4M-unsplash-1-768x768.webp 768w, https:\/\/analysedanmark.dk\/wp-content\/uploads\/2024\/11\/giu-vicente-3_uiwITfv4M-unsplash-1-300x300.webp 300w, https:\/\/analysedanmark.dk\/wp-content\/uploads\/2024\/11\/giu-vicente-3_uiwITfv4M-unsplash-1-400x400.webp 400w, https:\/\/analysedanmark.dk\/wp-content\/uploads\/2024\/11\/giu-vicente-3_uiwITfv4M-unsplash-1-600x600.webp 600w\" sizes=\"auto, (max-width: 1200px) 100vw, 1200px\" \/><\/figure>\n\n<\/div><\/div>\n\n<div class=\"gb-grid-column gb-grid-column-44584bd0\"><div class=\"gb-container gb-container-44584bd0\">\n\n<h2 class=\"gb-headline gb-headline-c2afdff5 gb-headline-text\">Ulemper?<\/h2>\n\n\n\n<ul class=\"wp-block-list\">\n<li>Ulemper ved postale unders\u00f8gelser (f.eks. i forhold til internetinterview) er, at dataindsamlingen typisk tager l\u00e6ngere tid end ved f.eks. internetinterview, og at svarprocenten ofte er lav. Derudover er omkostningerne ogs\u00e5 relativt h\u00f8je ved denne form for dataindsamling (f.eks. pga. udgifterne til porto og tastning af de udfyldte sp\u00f8rgeskemaer)<\/li>\n<\/ul>\n\n<\/div><\/div>\n<\/div>\n<\/div>\n<\/div>\n<\/div>","protected":false},"excerpt":{"rendered":"","protected":false},"author":4,"featured_media":0,"parent":43690,"menu_order":0,"comment_status":"closed","ping_status":"closed","template":"","meta":{"_acf_changed":false,"footnotes":""},"class_list":["post-43782","page","type-page","status-publish"],"acf":[],"_links":{"self":[{"href":"https:\/\/analysedanmark.dk\/fr\/wp-json\/wp\/v2\/pages\/43782","targetHints":{"allow":["GET"]}}],"collection":[{"href":"https:\/\/analysedanmark.dk\/fr\/wp-json\/wp\/v2\/pages"}],"about":[{"href":"https:\/\/analysedanmark.dk\/fr\/wp-json\/wp\/v2\/types\/page"}],"author":[{"embeddable":true,"href":"https:\/\/analysedanmark.dk\/fr\/wp-json\/wp\/v2\/users\/4"}],"replies":[{"embeddable":true,"href":"https:\/\/analysedanmark.dk\/fr\/wp-json\/wp\/v2\/comments?post=43782"}],"version-history":[{"count":3,"href":"https:\/\/analysedanmark.dk\/fr\/wp-json\/wp\/v2\/pages\/43782\/revisions"}],"predecessor-version":[{"id":44355,"href":"https:\/\/analysedanmark.dk\/fr\/wp-json\/wp\/v2\/pages\/43782\/revisions\/44355"}],"up":[{"embeddable":true,"href":"https:\/\/analysedanmark.dk\/fr\/wp-json\/wp\/v2\/pages\/43690"}],"wp:attachment":[{"href":"https:\/\/analysedanmark.dk\/fr\/wp-json\/wp\/v2\/media?parent=43782"}],"curies":[{"name":"wp","href":"https:\/\/api.w.org\/{rel}","templated":true}]}}