{"id":43772,"date":"2024-12-10T11:12:26","date_gmt":"2024-12-10T10:12:26","guid":{"rendered":"https:\/\/analysedanmark.stage.heyrobot.com\/?page_id=43772"},"modified":"2025-05-01T12:51:41","modified_gmt":"2025-05-01T10:51:41","slug":"kvalitative-onlinemetoder","status":"publish","type":"page","link":"https:\/\/analysedanmark.dk\/fr\/metoder\/kvalitative-metoder\/kvalitative-onlinemetoder\/","title":{"rendered":"M\u00e9thodes qualitatives en ligne"},"content":{"rendered":"<header class=\"gb-container gb-container-58a76ced\">\n<div class=\"gb-container gb-container-3224c6ce gbp-section__inner\">\n<div class=\"gb-grid-wrapper gb-grid-wrapper-d7355558\">\n<div class=\"gb-grid-column gb-grid-column-516ff6c2\"><div class=\"gb-container gb-container-516ff6c2\">\n\n<p class=\"gb-headline gb-headline-ad6edd9c gb-headline-text gbp-section__tagline\">Kvalitativ metode<\/p>\n\n\n\n<h1 class=\"gb-headline gb-headline-0e509d67 gb-headline-text\">Onlinemetoder<\/h1>\n\n\n\n<p><strong>Kvalitative onlinemetoder giver fleksibilitet.<\/strong><br>Traditionelt gennemf\u00f8res mange kvalitative unders\u00f8gelser ved face-to-face m\u00f8der f.eks. i fysiske <a href=\"https:\/\/analysedanmark.dk\/fr\/methodes\/kvalitative-metoder\/groupes-de-discussion\/\" data-type=\"page\" data-id=\"43770\">groupes de discussion<\/a>, personlige interviews hjemme hos respondenten eller ved mere antropologiske og etnografiske metoder som f.eks. shop-along, etnoraids, observationsstudier etc.<\/p>\n\n\n\n<p>Indtil Covid-19 i for\u00e5ret 2020 har interessen for web-baserede kvalitative unders\u00f8gelser i Danmark v\u00e6ret begr\u00e6nset, hvis man sammenligner med andre lande f.eks. med vores naboer i Sverige eller UK og USA. <\/p>\n\n\n\n<p>Efter Covid-19 lockdown boomer onlineunders\u00f8gelser og alle vil pludselig i kontakt med deres m\u00e5lgrupper via nettet.<br>Analyse Danmarks kvalitative team har arbejdet med kvalitative web-baserede unders\u00f8gelser siden 2008 og vi har derfor stor erfaring med forskellige online-metoder. Systemerne er blevet bedre og mere brugervenlige med tiden.<\/p>\n\n\n\n<p>Kvalitative online metoder er en mulighed for praktisk og nemt at gennemf\u00f8re kvalitative online-unders\u00f8gelser, som motiverer og engagerer deltagerne, og hvor opdragsgiver kan f\u00f8lge med som observat\u00f8r og v\u00e6re i dialog med moderator undervejs.<\/p>\n\n<\/div><\/div>\n\n<div class=\"gb-grid-column gb-grid-column-38b0cc66\"><div class=\"gb-container gb-container-38b0cc66\">\n\n<figure class=\"gb-block-image gb-block-image-6f1ffcca\"><img loading=\"lazy\" decoding=\"async\" width=\"640\" height=\"427\" class=\"gb-image gb-image-6f1ffcca gbp--border-radius\" src=\"https:\/\/analysedanmark.dk\/wp-content\/uploads\/2024\/06\/kelly-sikkema-YK0HPwWDJ1I-unsplash-640x427.webp\" alt=\"\" title=\"kelly-sikkema-YK0HPwWDJ1I-unsplash\" srcset=\"https:\/\/analysedanmark.dk\/wp-content\/uploads\/2024\/06\/kelly-sikkema-YK0HPwWDJ1I-unsplash-640x427.webp 640w, https:\/\/analysedanmark.dk\/wp-content\/uploads\/2024\/06\/kelly-sikkema-YK0HPwWDJ1I-unsplash-360x240.webp 360w, https:\/\/analysedanmark.dk\/wp-content\/uploads\/2024\/06\/kelly-sikkema-YK0HPwWDJ1I-unsplash-768x512.webp 768w, https:\/\/analysedanmark.dk\/wp-content\/uploads\/2024\/06\/kelly-sikkema-YK0HPwWDJ1I-unsplash.webp 1200w\" sizes=\"auto, (max-width: 640px) 100vw, 640px\"><\/figure>\n\n\n\n<figure class=\"gb-block-image gb-block-image-e235177f\"><img loading=\"lazy\" decoding=\"async\" width=\"640\" height=\"640\" class=\"gb-image gb-image-e235177f gbp--border-radius\" src=\"https:\/\/analysedanmark.dk\/wp-content\/uploads\/2024\/06\/kal-visuals-PFC2fY9LE_g-unsplash-640x640.webp\" alt=\"\" title=\"kal-visuals-PFC2fY9LE_g-unsplash\" srcset=\"https:\/\/analysedanmark.dk\/wp-content\/uploads\/2024\/06\/kal-visuals-PFC2fY9LE_g-unsplash-640x640.webp 640w, https:\/\/analysedanmark.dk\/wp-content\/uploads\/2024\/06\/kal-visuals-PFC2fY9LE_g-unsplash-768x768.webp 768w, https:\/\/analysedanmark.dk\/wp-content\/uploads\/2024\/06\/kal-visuals-PFC2fY9LE_g-unsplash-300x300.webp 300w, https:\/\/analysedanmark.dk\/wp-content\/uploads\/2024\/06\/kal-visuals-PFC2fY9LE_g-unsplash-400x400.webp 400w, https:\/\/analysedanmark.dk\/wp-content\/uploads\/2024\/06\/kal-visuals-PFC2fY9LE_g-unsplash-600x600.webp 600w, https:\/\/analysedanmark.dk\/wp-content\/uploads\/2024\/06\/kal-visuals-PFC2fY9LE_g-unsplash.webp 800w\" sizes=\"auto, (max-width: 640px) 100vw, 640px\"><\/figure>\n\n<\/div><\/div>\n<\/div>\n<\/div>\n<\/header>\n\n<div class=\"gb-container gb-container-b510b0bb\">\n<div class=\"gb-container gb-container-7e6d0854 gbp-section\">\n<div class=\"gb-container gb-container-3ff20a45 gbp-section__inner\">\n<div class=\"gb-grid-wrapper gb-grid-wrapper-d4759108\">\n<div class=\"gb-grid-column gb-grid-column-c739950f\"><div class=\"gb-container gb-container-c739950f\">\n\n<figure class=\"wp-block-image size-full\"><img loading=\"lazy\" decoding=\"async\" width=\"1000\" height=\"600\" src=\"https:\/\/analysedanmark.dk\/wp-content\/uploads\/2025\/01\/shutterstock_2514266543.jpg\" alt=\"\" class=\"wp-image-44434\" srcset=\"https:\/\/analysedanmark.dk\/wp-content\/uploads\/2025\/01\/shutterstock_2514266543.jpg 1000w, https:\/\/analysedanmark.dk\/wp-content\/uploads\/2025\/01\/shutterstock_2514266543-640x384.jpg 640w, https:\/\/analysedanmark.dk\/wp-content\/uploads\/2025\/01\/shutterstock_2514266543-768x461.jpg 768w\" sizes=\"auto, (max-width: 1000px) 100vw, 1000px\" \/><\/figure>\n\n<\/div><\/div>\n\n<div class=\"gb-grid-column gb-grid-column-44584bd0\"><div class=\"gb-container gb-container-44584bd0\">\n\n<h2 class=\"gb-headline gb-headline-c2afdff5 gb-headline-text\">Fordele ved kvalitative onlinemetoder:<\/h2>\n\n\n\n<ul class=\"wp-block-list\">\n<li>Man kan samle m\u00e5lgrupper, der ellers er sv\u00e6re at samle pga. travlhed f.eks. B-t-B, sk\u00e6ve arbejdstider, stor geografisk spredning eller som i tilf\u00e6ldet med Covid-19 lockdown.<\/li>\n\n\n\n<li>Giver 100% anonymitet. S\u00e6rligt relevant ifm. et s\u00e6rligt sensitivt emne eller en intern medarbejderunders\u00f8gelse, hvor man \u00f8nsker anonymitet overfor kolleger og ledere.<\/li>\n\n\n\n<li>Deltagelse kan ske hjemmefra, f.eks. i tilf\u00e6lde af involvering af familiemedlemmer f.eks. b\u00f8rn og for\u00e6ldre, der skal diskutere og evaluere et tema eller et produkt sammen.<\/li>\n\n\n\n<li>Mulighed for at unders\u00f8ge produkter on-the-move eller ydelser, der ikke kan \u201cbringes ind\u201d i fokusgruppen f.eks. en live-koncert, arrangement, begivenhed, bygning eller andet \u2019uh\u00e5ndterbart\u2019.<\/li>\n\n\n\n<li>S\u00e6rligt anvendeligt til fokus p\u00e5 unge. Ofte vil unge mennesker have nemmere ved at udtrykke f\u00f8lelser p\u00e5 skrift frem for i det personlige m\u00f8de med mennesker, de ikke kender.<\/li>\n<\/ul>\n\n\n\n<p>Vi arbejder med forskellige platforme, herunder Zoom for Business, VisionsLive, InterVu og Revelation afh\u00e6ngig af kundens behov.<\/p>\n\n<\/div><\/div>\n<\/div>\n<\/div>\n<\/div>\n\n<div class=\"gb-container gb-container-0c83677d\">\n<div class=\"gb-container gb-container-a5391143 gbp-section\">\n<div class=\"gb-container gb-container-93ca79a7 gbp-section__inner\">\n<div class=\"gb-grid-wrapper gb-grid-wrapper-b92d2374\">\n<div class=\"gb-grid-column gb-grid-column-57d1efca\"><div class=\"gb-container gb-container-57d1efca\">\n\n<h2 class=\"gb-headline gb-headline-3f298b35 gb-headline-text\">Videogrupper<\/h2>\n\n\n\n<p>Web-cam grupper fungerer som fysiske fokusgrupper, bare online og med brug af web cam og mikrofon. Vi arbejder normalt med 6 deltagere per gruppe. Gruppevarighed er typisk 1 \u00bd time og der kan vises forskelligt testmateriale, laves projektive og kreative \u00f8velser, afstemninger mm. Afh\u00e6ngig af system kan der kobles en simultantolk p\u00e5, hvis n\u00f8dvendigt. Video fra gruppen optages og det skriftlige og visuelle input lagres i en rapport.<\/p>\n\n\n\n<h2 class=\"gb-headline gb-headline-31abc23e gb-headline-text\">Chat-grupper<\/h2>\n\n\n\n<p>Chatgrupper er en simpel og effektiv mulighed for at f\u00e5 feedback p\u00e5 et tema, et produkt eller kommunikation. Deltagerantal ca. 8-12. Al kommunikation foreg\u00e5r skriftligt i et lukket chat-forum p\u00e5 1\u00bd -2 timer. Man arbejder som vanligt ud fra en fastlagt sp\u00f8rgeguide. Desuden gives ogs\u00e5 plads til, at moderator og evt. observat\u00f8rer l\u00f8bende stiller opf\u00f8lgende sp\u00f8rgsm\u00e5l. Den skriftlige dialog lagres i et arkiv.<\/p>\n\n<\/div><\/div>\n\n<div class=\"gb-grid-column gb-grid-column-8020f66b\"><div class=\"gb-container gb-container-8020f66b\">\n\n<figure class=\"wp-block-image size-full\"><img loading=\"lazy\" decoding=\"async\" width=\"1200\" height=\"1200\" src=\"https:\/\/analysedanmark.dk\/wp-content\/uploads\/2024\/11\/giu-vicente-3_uiwITfv4M-unsplash-1.webp\" alt=\"\" class=\"wp-image-43057\" srcset=\"https:\/\/analysedanmark.dk\/wp-content\/uploads\/2024\/11\/giu-vicente-3_uiwITfv4M-unsplash-1.webp 1200w, https:\/\/analysedanmark.dk\/wp-content\/uploads\/2024\/11\/giu-vicente-3_uiwITfv4M-unsplash-1-640x640.webp 640w, https:\/\/analysedanmark.dk\/wp-content\/uploads\/2024\/11\/giu-vicente-3_uiwITfv4M-unsplash-1-768x768.webp 768w, https:\/\/analysedanmark.dk\/wp-content\/uploads\/2024\/11\/giu-vicente-3_uiwITfv4M-unsplash-1-300x300.webp 300w, https:\/\/analysedanmark.dk\/wp-content\/uploads\/2024\/11\/giu-vicente-3_uiwITfv4M-unsplash-1-400x400.webp 400w, https:\/\/analysedanmark.dk\/wp-content\/uploads\/2024\/11\/giu-vicente-3_uiwITfv4M-unsplash-1-600x600.webp 600w\" sizes=\"auto, (max-width: 1200px) 100vw, 1200px\" \/><\/figure>\n\n<\/div><\/div>\n<\/div>\n<\/div>\n<\/div>\n<\/div>\n<\/div>\n\n<div class=\"gb-container gb-container-881d5d01\">\n<div class=\"gb-container gb-container-8eac374b gbp-section\">\n<div class=\"gb-container gb-container-77570098 gbp-section__inner\">\n<div class=\"gb-grid-wrapper gb-grid-wrapper-88cf97ee\">\n<div class=\"gb-grid-column gb-grid-column-c4a89e8c\"><div class=\"gb-container gb-container-c4a89e8c\">\n\n<figure class=\"wp-block-image size-full\"><img loading=\"lazy\" decoding=\"async\" width=\"597\" height=\"450\" src=\"https:\/\/analysedanmark.dk\/wp-content\/uploads\/2024\/12\/HeatMap-til-online-kval-hjemmeside_beskaaret-2.png\" alt=\"\" class=\"wp-image-43851\"><\/figure>\n\n\n\n<p><em>Billede: Heat map fra en pr\u00e6test af en b\u00f8rnebog i et community med for\u00e6ldre og b\u00f8rn<\/em><\/p>\n\n<\/div><\/div>\n\n<div class=\"gb-grid-column gb-grid-column-cc1f1d43\"><div class=\"gb-container gb-container-cc1f1d43\">\n\n<h2 class=\"gb-headline gb-headline-ae519f8a gb-headline-text\">Blog\/Community<\/h2>\n\n\n\n<p>En blog eller et community har de samme styrker og muligheder som en chat-gruppe, men l\u00f8ber typisk over 2-3 dage eller l\u00e6ngere med kontinuerlige tilbagemeldinger fra respondenterne. Der kan v\u00e6re op til 30 deltagere per community afh\u00e6ngig af antal sp\u00f8rgsm\u00e5l og hvor meget, der er brug for moderation. Der stilles nye sp\u00f8rgsm\u00e5l eller \u00f8velser dagligt, som respondenterne skal forholde sig til, eller de skal rapportere om en udvikling over tid, f.eks. ved test af et produkt, dagbog etc. Et community er velegnet, n\u00e5r man:<\/p>\n\n\n\n<ul class=\"wp-block-list\">\n<li>\u00f8nsker at f\u00e5 respondenternes feedback over tid,<\/li>\n\n\n\n<li>skal evaluere et produkt eller en ydelse hjemme<\/li>\n\n\n\n<li>skal f\u00f8re dagbogsnotater p\u00e5 skrift og visuelt.<\/li>\n<\/ul>\n\n\n\n<p>Community giver ogs\u00e5 mulighed for upload af video, billeder og lydfiler.<\/p>\n\n\n\n<h2 class=\"gb-headline gb-headline-5803cf7b gb-headline-text\">P\u00e5 farten med tablet eller smartphone<\/h2>\n\n\n\n<p>De fleste unders\u00f8gelser kan ogs\u00e5 foretages p\u00e5 en smartphone eller en tablet. Dette giver mulighed for respons fra m\u00e5lgruppen i form af visuelle on location oplevelser f.eks. i form af upload af video, billeder og tekst der, hvor brugeren befinder sig. Det kan v\u00e6re p\u00e5 indk\u00f8bsturen, byturen eller hjemme i stuen.<\/p>\n\n\n\n<a class=\"gb-button gb-button-e2f0adc2 gb-button-text gbp-button--primary\" href=\"https:\/\/analysedanmark.dk\/fr\/cases\/aids-fondet\/\">L\u00e6s om AIDS-Fondet med brug af mobill\u00f8sning<\/a>\n\n<\/div><\/div>\n<\/div>\n<\/div>\n<\/div>\n\n<div class=\"gb-container gb-container-a1599ab5\">\n<div class=\"gb-container gb-container-68a23b27 gbp--border-radius\">\n<div class=\"gb-container gb-container-4c3bf351 gbp-section__inner\">\n\n<p class=\"gb-headline gb-headline-49bc7c64\"><span class=\"gb-icon\"><svg viewbox=\"0 0 40 26.79\" data-name=\"Layer 1\" xmlns=\"http:\/\/www.w3.org\/2000\/svg\"><path style=\"stroke-width:0\" d=\"M.31 18.41C-1.37 10.67 3.97 2.41 12.65 0l.63 5.23c-2.3.94-4.29 3.14-4.29 6.07 3.45-1.57 8.27.42 9.42 5.34.94 4.5-1.99 8.89-6.59 9.94C6.8 27.63 1.67 24.7.31 18.42Zm21.49 0C20.13 10.67 25.36 2.4 34.04 0l.73 5.23c-2.41.94-4.29 3.14-4.4 6.07 3.56-1.57 8.37.42 9.42 5.34 1.05 4.5-1.99 8.89-6.59 9.94-4.92 1.05-10.04-1.88-11.41-8.16Z\"><\/path><\/svg><\/span><span class=\"gb-headline-text\"><em>\u201cMin motivation for at deltage har v\u00e6ret rigtig h\u00f8j og jeg har gl\u00e6det mig til at se dagens sp\u00f8rgsm\u00e5l. Lidt ligesom en julekalender, man ser frem til at \u00e5bne\u201d.&nbsp;Deltager i kvalitativ mobilunders\u00f8gelse om ungdomskultur.<\/em><\/span><\/p>\n\n<\/div>\n<\/div>\n<\/div>\n<\/div>","protected":false},"excerpt":{"rendered":"<p>\u201cMin motivation for at deltage har v\u00e6ret rigtig h\u00f8j og jeg har gl\u00e6det mig til at se dagens sp\u00f8rgsm\u00e5l. Lidt ligesom en julekalender, man ser frem til at \u00e5bne\u201d.&nbsp;Deltager i kvalitativ mobilunders\u00f8gelse om ungdomskultur.<\/p>","protected":false},"author":4,"featured_media":0,"parent":43688,"menu_order":0,"comment_status":"closed","ping_status":"closed","template":"","meta":{"_acf_changed":false,"footnotes":""},"class_list":["post-43772","page","type-page","status-publish"],"acf":[],"_links":{"self":[{"href":"https:\/\/analysedanmark.dk\/fr\/wp-json\/wp\/v2\/pages\/43772","targetHints":{"allow":["GET"]}}],"collection":[{"href":"https:\/\/analysedanmark.dk\/fr\/wp-json\/wp\/v2\/pages"}],"about":[{"href":"https:\/\/analysedanmark.dk\/fr\/wp-json\/wp\/v2\/types\/page"}],"author":[{"embeddable":true,"href":"https:\/\/analysedanmark.dk\/fr\/wp-json\/wp\/v2\/users\/4"}],"replies":[{"embeddable":true,"href":"https:\/\/analysedanmark.dk\/fr\/wp-json\/wp\/v2\/comments?post=43772"}],"version-history":[{"count":5,"href":"https:\/\/analysedanmark.dk\/fr\/wp-json\/wp\/v2\/pages\/43772\/revisions"}],"predecessor-version":[{"id":234825,"href":"https:\/\/analysedanmark.dk\/fr\/wp-json\/wp\/v2\/pages\/43772\/revisions\/234825"}],"up":[{"embeddable":true,"href":"https:\/\/analysedanmark.dk\/fr\/wp-json\/wp\/v2\/pages\/43688"}],"wp:attachment":[{"href":"https:\/\/analysedanmark.dk\/fr\/wp-json\/wp\/v2\/media?parent=43772"}],"curies":[{"name":"wp","href":"https:\/\/api.w.org\/{rel}","templated":true}]}}