{"id":43762,"date":"2024-12-10T11:09:44","date_gmt":"2024-12-10T10:09:44","guid":{"rendered":"https:\/\/analysedanmark.stage.heyrobot.com\/?page_id=43762"},"modified":"2025-05-02T09:04:15","modified_gmt":"2025-05-02T07:04:15","slug":"dialoggrupper","status":"publish","type":"page","link":"https:\/\/analysedanmark.dk\/fr\/metoder\/kvalitative-metoder\/dialoggrupper\/","title":{"rendered":"Groupes de dialogue"},"content":{"rendered":"<div class=\"gb-container gb-container-84580139\">\n<header class=\"gb-container gb-container-58a76ced\">\n<div class=\"gb-container gb-container-3224c6ce gbp-section__inner\">\n<div class=\"gb-grid-wrapper gb-grid-wrapper-d7355558\">\n<div class=\"gb-grid-column gb-grid-column-516ff6c2\"><div class=\"gb-container gb-container-516ff6c2\">\n\n<p class=\"gb-headline gb-headline-ad6edd9c gb-headline-text gbp-section__tagline\">Kvalitativ metode<\/p>\n\n\n\n<h1 class=\"gb-headline gb-headline-0e509d67 gb-headline-text\">Groupes de dialogue<\/h1>\n\n\n\n<p class=\"gb-headline gb-headline-cf6f9690 gb-headline-text\">Fokusgrupper er efterh\u00e5nden blevet benyttet som beslutningsv\u00e6rkt\u00f8j ved v\u00e6sentlige beslutninger de seneste 25 \u00e5r. M\u00f8det med kunderne eller brugerne i en fokusgruppe, giver en bedre forst\u00e5else for fakta ved at \u201clevere\u201d \u00e5rsagerne og samtidig vise de f\u00f8lelsesm\u00e6ssige reaktioner fra deltagerne.<\/p>\n\n\n\n<p>Analyse Danmarks Dialoggrupper er en videreudvikling af den klassiske&nbsp;<a href=\"https:\/\/analysedanmark.dk\/fr\/methodes\/kvalitative-metoder\/groupes-de-discussion\/\" data-type=\"page\" data-id=\"43770\">fokusgruppe<\/a>. Metoden giver dig direkte kompetence til selv at gennemf\u00f8re den kritiske dialog der haves ved fokusgrupper. Derved gives muligheden for, at du og dine kunder eller brugere kan f\u00e5 en unik oplevelse af kundeanalysefakta kombineret med nye kundeindsigter.<\/p>\n\n<\/div><\/div>\n\n<div class=\"gb-grid-column gb-grid-column-38b0cc66\"><div class=\"gb-container gb-container-38b0cc66\">\n\n<figure class=\"gb-block-image gb-block-image-6f1ffcca\"><img loading=\"lazy\" decoding=\"async\" width=\"640\" height=\"427\" class=\"gb-image gb-image-6f1ffcca gbp--border-radius\" src=\"https:\/\/analysedanmark.dk\/wp-content\/uploads\/2024\/06\/burst-kUqqaRjJuw0-unsplash-640x427.webp\" alt=\"\" title=\"burst-kUqqaRjJuw0-unsplash\" srcset=\"https:\/\/analysedanmark.dk\/wp-content\/uploads\/2024\/06\/burst-kUqqaRjJuw0-unsplash-640x427.webp 640w, https:\/\/analysedanmark.dk\/wp-content\/uploads\/2024\/06\/burst-kUqqaRjJuw0-unsplash-360x240.webp 360w, https:\/\/analysedanmark.dk\/wp-content\/uploads\/2024\/06\/burst-kUqqaRjJuw0-unsplash-768x512.webp 768w, https:\/\/analysedanmark.dk\/wp-content\/uploads\/2024\/06\/burst-kUqqaRjJuw0-unsplash.webp 1200w\" sizes=\"auto, (max-width: 640px) 100vw, 640px\"><\/figure>\n\n\n\n<figure class=\"gb-block-image gb-block-image-e235177f\"><img loading=\"lazy\" decoding=\"async\" width=\"640\" height=\"427\" class=\"gb-image gb-image-e235177f gbp--border-radius\" src=\"https:\/\/analysedanmark.dk\/wp-content\/uploads\/2025\/01\/shutterstock_2476653977-640x427.jpg\" alt=\"\" title=\"Groupe de discussion\" srcset=\"https:\/\/analysedanmark.dk\/wp-content\/uploads\/2025\/01\/shutterstock_2476653977-640x427.jpg 640w, https:\/\/analysedanmark.dk\/wp-content\/uploads\/2025\/01\/shutterstock_2476653977-360x240.jpg 360w, https:\/\/analysedanmark.dk\/wp-content\/uploads\/2025\/01\/shutterstock_2476653977-768x512.jpg 768w, https:\/\/analysedanmark.dk\/wp-content\/uploads\/2025\/01\/shutterstock_2476653977.jpg 1000w\" sizes=\"auto, (max-width: 640px) 100vw, 640px\"><\/figure>\n\n<\/div><\/div>\n<\/div>\n<\/div>\n<\/header>\n<\/div>\n\n<div class=\"gb-container gb-container-b510b0bb\">\n<div class=\"gb-container gb-container-7e6d0854 gbp-section\">\n<div class=\"gb-container gb-container-3ff20a45 gbp-section__inner\">\n<div class=\"gb-grid-wrapper gb-grid-wrapper-d4759108\">\n<div class=\"gb-grid-column gb-grid-column-c739950f\"><div class=\"gb-container gb-container-c739950f\">\n\n<figure class=\"wp-block-image size-full\"><img loading=\"lazy\" decoding=\"async\" width=\"1200\" height=\"1200\" src=\"https:\/\/analysedanmark.dk\/wp-content\/uploads\/2024\/11\/giu-vicente-3_uiwITfv4M-unsplash-1.webp\" alt=\"\" class=\"wp-image-43057\" srcset=\"https:\/\/analysedanmark.dk\/wp-content\/uploads\/2024\/11\/giu-vicente-3_uiwITfv4M-unsplash-1.webp 1200w, https:\/\/analysedanmark.dk\/wp-content\/uploads\/2024\/11\/giu-vicente-3_uiwITfv4M-unsplash-1-640x640.webp 640w, https:\/\/analysedanmark.dk\/wp-content\/uploads\/2024\/11\/giu-vicente-3_uiwITfv4M-unsplash-1-768x768.webp 768w, https:\/\/analysedanmark.dk\/wp-content\/uploads\/2024\/11\/giu-vicente-3_uiwITfv4M-unsplash-1-300x300.webp 300w, https:\/\/analysedanmark.dk\/wp-content\/uploads\/2024\/11\/giu-vicente-3_uiwITfv4M-unsplash-1-400x400.webp 400w, https:\/\/analysedanmark.dk\/wp-content\/uploads\/2024\/11\/giu-vicente-3_uiwITfv4M-unsplash-1-600x600.webp 600w\" sizes=\"auto, (max-width: 1200px) 100vw, 1200px\" \/><\/figure>\n\n<\/div><\/div>\n\n<div class=\"gb-grid-column gb-grid-column-44584bd0\"><div class=\"gb-container gb-container-44584bd0\">\n\n<h2 class=\"gb-headline gb-headline-c2afdff5 gb-headline-text\">Du g\u00e5r fra at v\u00e6re tilskuer, til selv at v\u00e6re p\u00e5 banen<\/h2>\n\n\n\n<p>Har du pr\u00f8vet det \u00e9n gang vil du forst\u00e5 forskellen p\u00e5 se en fokusgruppe p\u00e5 et TV og v\u00e6re direkte involveret. Forklaringen er ogs\u00e5 simpel \u2013 du kan nemlig anvende alle dine sanser, n\u00e5r du f\u00e5r fakta og f\u00f8lelse leveret i form af reaktion fra kunderne eller brugerne.<\/p>\n\n\n\n<p>Det giver en helt anden og direkte oplevelse af kundernes\/brugernes reaktioner og dermed en forst\u00e5else, som selv de bedste Knowledge Management systemer, rapporter osv. ikke magter at formidle.<\/p>\n\n<\/div><\/div>\n<\/div>\n<\/div>\n<\/div>\n<\/div>\n\n<div class=\"gb-container gb-container-0c83677d\">\n<div class=\"gb-container gb-container-a5391143 gbp-section\">\n<div class=\"gb-container gb-container-93ca79a7 gbp-section__inner\">\n<div class=\"gb-grid-wrapper gb-grid-wrapper-b92d2374\">\n<div class=\"gb-grid-column gb-grid-column-57d1efca\"><div class=\"gb-container gb-container-57d1efca\">\n\n<h2 class=\"gb-headline gb-headline-3f298b35 gb-headline-text\">Interaktive Dialoggrupper<\/h2>\n\n\n\n<p>Ved brug af Analyse Danmarks Dialoggrupper bliver du som opdragsgiver og beslutningstager direkte forbundet til kunderne eller brugeren og dermed vil dine beslutninger blive langt mere kvalificerede og den viden du f\u00e5r, vil helt naturligt indg\u00e5 i \u201cdagligt arbejde\u201d.<\/p>\n\n\n\n<p>Interaktive Dialoggrupper er ikke kun bedre \u2013 det er ogs\u00e5 billigere \u2013 antallet af interne beslutningsm\u00f8der reduceres dramatisk og s\u00e5 sparer du meget papir ved at f\u00e5 fakta og f\u00f8lelse t\u00e6t ind p\u00e5 livet.<\/p>\n\n\n\n<p>Analyse Danmarks Dialoggruppekoncept har den internationale tilgang og er implementeret i 25 % af verdens mest innovative virksomheder (Business Week\u2019s \u201c100 most innovative companies\u201d).<\/p>\n\n<\/div><\/div>\n\n<div class=\"gb-grid-column gb-grid-column-8020f66b\"><div class=\"gb-container gb-container-8020f66b\">\n\n<figure class=\"wp-block-image size-full\"><img loading=\"lazy\" decoding=\"async\" width=\"1200\" height=\"1200\" src=\"https:\/\/analysedanmark.dk\/wp-content\/uploads\/2024\/11\/giu-vicente-3_uiwITfv4M-unsplash-1.webp\" alt=\"\" class=\"wp-image-43057\" srcset=\"https:\/\/analysedanmark.dk\/wp-content\/uploads\/2024\/11\/giu-vicente-3_uiwITfv4M-unsplash-1.webp 1200w, https:\/\/analysedanmark.dk\/wp-content\/uploads\/2024\/11\/giu-vicente-3_uiwITfv4M-unsplash-1-640x640.webp 640w, https:\/\/analysedanmark.dk\/wp-content\/uploads\/2024\/11\/giu-vicente-3_uiwITfv4M-unsplash-1-768x768.webp 768w, https:\/\/analysedanmark.dk\/wp-content\/uploads\/2024\/11\/giu-vicente-3_uiwITfv4M-unsplash-1-300x300.webp 300w, https:\/\/analysedanmark.dk\/wp-content\/uploads\/2024\/11\/giu-vicente-3_uiwITfv4M-unsplash-1-400x400.webp 400w, https:\/\/analysedanmark.dk\/wp-content\/uploads\/2024\/11\/giu-vicente-3_uiwITfv4M-unsplash-1-600x600.webp 600w\" sizes=\"auto, (max-width: 1200px) 100vw, 1200px\" \/><\/figure>\n\n<\/div><\/div>\n<\/div>\n<\/div>\n<\/div>\n<\/div>","protected":false},"excerpt":{"rendered":"","protected":false},"author":4,"featured_media":0,"parent":43688,"menu_order":0,"comment_status":"closed","ping_status":"closed","template":"","meta":{"_acf_changed":false,"footnotes":""},"class_list":["post-43762","page","type-page","status-publish"],"acf":[],"_links":{"self":[{"href":"https:\/\/analysedanmark.dk\/fr\/wp-json\/wp\/v2\/pages\/43762","targetHints":{"allow":["GET"]}}],"collection":[{"href":"https:\/\/analysedanmark.dk\/fr\/wp-json\/wp\/v2\/pages"}],"about":[{"href":"https:\/\/analysedanmark.dk\/fr\/wp-json\/wp\/v2\/types\/page"}],"author":[{"embeddable":true,"href":"https:\/\/analysedanmark.dk\/fr\/wp-json\/wp\/v2\/users\/4"}],"replies":[{"embeddable":true,"href":"https:\/\/analysedanmark.dk\/fr\/wp-json\/wp\/v2\/comments?post=43762"}],"version-history":[{"count":5,"href":"https:\/\/analysedanmark.dk\/fr\/wp-json\/wp\/v2\/pages\/43762\/revisions"}],"predecessor-version":[{"id":234858,"href":"https:\/\/analysedanmark.dk\/fr\/wp-json\/wp\/v2\/pages\/43762\/revisions\/234858"}],"up":[{"embeddable":true,"href":"https:\/\/analysedanmark.dk\/fr\/wp-json\/wp\/v2\/pages\/43688"}],"wp:attachment":[{"href":"https:\/\/analysedanmark.dk\/fr\/wp-json\/wp\/v2\/media?parent=43762"}],"curies":[{"name":"wp","href":"https:\/\/api.w.org\/{rel}","templated":true}]}}