{"id":43547,"date":"2024-12-05T03:41:05","date_gmt":"2024-12-05T02:41:05","guid":{"rendered":"https:\/\/analysedanmark.stage.heyrobot.com\/?page_id=43547"},"modified":"2025-05-01T13:17:22","modified_gmt":"2025-05-01T11:17:22","slug":"panelundersoegelser","status":"publish","type":"page","link":"https:\/\/analysedanmark.dk\/fr\/ydelser\/panelundersoegelser\/","title":{"rendered":"Enqu\u00eates par panel"},"content":{"rendered":"<header class=\"gb-container gb-container-58a76ced\">\n<div class=\"gb-container gb-container-3224c6ce gbp-section__inner\">\n<div class=\"gb-grid-wrapper gb-grid-wrapper-d7355558\">\n<div class=\"gb-grid-column gb-grid-column-516ff6c2\"><div class=\"gb-container gb-container-516ff6c2\">\n\n<p class=\"gb-headline gb-headline-ad6edd9c gb-headline-text gbp-section__tagline\">Omkostningseffektive og hurtige unders\u00f8gelser<\/p>\n\n\n\n<h1 class=\"gb-headline gb-headline-0e509d67 gb-headline-text\">Enqu\u00eates par panel<\/h1>\n\n\n\n<p>Panelunders\u00f8gelser \u2013 omkostningseffektive og hurtige unders\u00f8gelser af h\u00f8j kvalitet.<\/p>\n\n\n\n<p>N\u00e5r der er udtrukket en stikpr\u00f8ve fra panelet i den givne m\u00e5lgruppe, udsendes en e-mail invitation til unders\u00f8gelsen. E-mailen indeholder et krypteret link til et websp\u00f8rgeskema. N\u00e5r respondenterne besvarer sp\u00f8rgeskemaet, lagres svarene direkte i en database, s\u00e5 resultaterne l\u00f8bende kan monitoreres, hvilket kunden ogs\u00e5 kan f\u00e5 adgang til.<\/p>\n\n\n\n<p>N\u00e5r dataindsamlingen er afsluttet, foretager Analyse Danmark databehandlingen (rensning, validering og evt. v\u00e6gtning etc.) og den efterf\u00f8lgende tabulering. Panelunders\u00f8gelser neds\u00e6tter gennemf\u00f8rselstiden betragteligt, og kunden modtager typisk resultaterne af unders\u00f8gelsen efter blot 3 \u2013 6 dage. Kunden bestemmer, om&nbsp;denne vil modtage r\u00e5data eller tabeller i Excel. Afrapportering kan ogs\u00e5 v\u00e6re i form af en fuldt kommenteret rapport samt en valgfri pr\u00e6sentation af resultaterne. Rapporten indeholder typisk executive summary, oversigtsgrafikker, anbefalinger og komplet tabels\u00e6t med frekvens- og krydstabeller. Man kan selvf\u00f8lgelig ogs\u00e5 v\u00e6lge at&nbsp;f\u00e5 en pr\u00e6sentation af sine resultater af en af Analyse Danmarks konsulenter.<\/p>\n\n<\/div><\/div>\n\n<div class=\"gb-grid-column gb-grid-column-38b0cc66\"><div class=\"gb-container gb-container-38b0cc66\">\n\n<figure class=\"gb-block-image gb-block-image-6f1ffcca\"><img decoding=\"async\" class=\"gb-image gb-image-6f1ffcca hey_image_fx gbp--border-radius\" src=\"https:\/\/gpsites.co\/affinity\/wp-content\/uploads\/sites\/147\/2024\/06\/nordwood-themes-ubIWo074QlU-unsplash-300x225.webp\" alt=\"\" title=\"nordwood-themes-ubIWo074QlU-unsplash\"><\/figure>\n\n\n\n<figure class=\"gb-block-image gb-block-image-e235177f\"><img loading=\"lazy\" decoding=\"async\" width=\"640\" height=\"427\" class=\"gb-image gb-image-e235177f hey_image_fx gbp--border-radius\" src=\"https:\/\/analysedanmark.dk\/wp-content\/uploads\/2024\/11\/20240114-154938-L-1920x1280we-640x427.webp\" alt=\"\" title=\"20240114-154938-L-1920x1280we\" srcset=\"https:\/\/analysedanmark.dk\/wp-content\/uploads\/2024\/11\/20240114-154938-L-1920x1280we-640x427.webp 640w, https:\/\/analysedanmark.dk\/wp-content\/uploads\/2024\/11\/20240114-154938-L-1920x1280we-360x240.webp 360w, https:\/\/analysedanmark.dk\/wp-content\/uploads\/2024\/11\/20240114-154938-L-1920x1280we-768x512.webp 768w, https:\/\/analysedanmark.dk\/wp-content\/uploads\/2024\/11\/20240114-154938-L-1920x1280we.webp 1000w\" sizes=\"auto, (max-width: 640px) 100vw, 640px\"><\/figure>\n\n<\/div><\/div>\n<\/div>\n<\/div>\n<\/header>\n\n<div class=\"gb-container gb-container-b510b0bb\">\n<div class=\"gb-container gb-container-7e6d0854 gbp-section\">\n<div class=\"gb-container gb-container-3ff20a45 gbp-section__inner\">\n<div class=\"gb-grid-wrapper gb-grid-wrapper-d4759108\">\n<div class=\"gb-grid-column gb-grid-column-c739950f\"><div class=\"gb-container gb-container-c739950f\">\n\n<figure class=\"wp-block-image size-full hey_image_fx\"><img loading=\"lazy\" decoding=\"async\" width=\"1200\" height=\"1200\" src=\"https:\/\/analysedanmark.dk\/wp-content\/uploads\/2024\/11\/giu-vicente-3_uiwITfv4M-unsplash-1.webp\" alt=\"\" class=\"wp-image-43057\" srcset=\"https:\/\/analysedanmark.dk\/wp-content\/uploads\/2024\/11\/giu-vicente-3_uiwITfv4M-unsplash-1.webp 1200w, https:\/\/analysedanmark.dk\/wp-content\/uploads\/2024\/11\/giu-vicente-3_uiwITfv4M-unsplash-1-640x640.webp 640w, https:\/\/analysedanmark.dk\/wp-content\/uploads\/2024\/11\/giu-vicente-3_uiwITfv4M-unsplash-1-768x768.webp 768w, https:\/\/analysedanmark.dk\/wp-content\/uploads\/2024\/11\/giu-vicente-3_uiwITfv4M-unsplash-1-300x300.webp 300w, https:\/\/analysedanmark.dk\/wp-content\/uploads\/2024\/11\/giu-vicente-3_uiwITfv4M-unsplash-1-400x400.webp 400w, https:\/\/analysedanmark.dk\/wp-content\/uploads\/2024\/11\/giu-vicente-3_uiwITfv4M-unsplash-1-600x600.webp 600w\" sizes=\"auto, (max-width: 1200px) 100vw, 1200px\" \/><\/figure>\n\n<\/div><\/div>\n\n<div class=\"gb-grid-column gb-grid-column-44584bd0\"><div class=\"gb-container gb-container-44584bd0\">\n\n<h2 class=\"gb-headline gb-headline-c2afdff5 gb-headline-text\">Fordele ved internetbaserede panelunders\u00f8gelser<\/h2>\n\n\n\n<ul class=\"wp-block-list\">\n<li>Muligt for at ramme en specifik m\u00e5lgruppe \u2013 Der er p\u00e5 forh\u00e5nd registreret en lang r\u00e6kke baggrundsoplysninger om panelmedlemmerne og man kan derfor udtr\u00e6kke en m\u00e5lrettet stikpr\u00f8ve. Vi kan ofte ramme selv meget vanskelige m\u00e5lgrupper. Derudover kan man udtr\u00e6kke stikpr\u00f8ver, der ligner populationen p\u00e5 udvalgte demografiske parametre<\/li>\n\n\n\n<li>Hurtig dataindsamling \u2013 et&nbsp;websp\u00f8rgeskema&nbsp;kan udsendes til alle respondenter p\u00e5 \u00e9n gang, s\u00e5 snart det har gennemg\u00e5et vores kvalitetssikringsprocedurer, og det tager typisk kun f\u00e5 dage at indsamle data<\/li>\n\n\n\n<li>Relativt lidt omkostningskr\u00e6vende i forhold til postale og telefoniske unders\u00f8gelser, da man undg\u00e5r h\u00f8je omkostninger til henholdsvis porto og afl\u00f8nning af interviewere<\/li>\n\n\n\n<li>Svar kan valideres l\u00f8bende, og det er muligt at prioritere forskellige svarmuligheder, hvilket ikke er hensigtsm\u00e6ssigt i forbindelse med telefoninterview<\/li>\n\n\n\n<li>Giver f.eks. mulighed for at vise billeder og\/eller at streame video<\/li>\n\n\n\n<li>Sp\u00f8rgeskema kan besvares, n\u00e5r det passer den enkelte respondent<\/li>\n<\/ul>\n\n<\/div><\/div>\n<\/div>\n<\/div>\n<\/div>\n\n<div class=\"gb-container gb-container-0c83677d\">\n<div class=\"gb-container gb-container-a5391143 gbp-section\">\n<div class=\"gb-container gb-container-93ca79a7 gbp-section__inner\">\n<div class=\"gb-grid-wrapper gb-grid-wrapper-b92d2374\">\n<div class=\"gb-grid-column gb-grid-column-57d1efca\"><div class=\"gb-container gb-container-57d1efca\">\n\n<h2 class=\"gb-headline gb-headline-3f298b35 gb-headline-text\">Les m\u00e9thodes<\/h2>\n\n\n\n<p>Selvom panelunders\u00f8gelser er billigere og kan gennemf\u00f8res hurtigere end traditionelle unders\u00f8gelser, skal der stadig stilles h\u00f8je krav til kvalitet og metode. Analyse Danmark l\u00e6gger v\u00e6gt p\u00e5 at levere analyser af h\u00f8j kvalitet og vi optimerer og udvikler l\u00f8bende vores metodikker og kvalitetssikringsprocedurer.<\/p>\n\n<\/div><\/div>\n\n<div class=\"gb-grid-column gb-grid-column-8020f66b\"><div class=\"gb-container gb-container-8020f66b\">\n\n<figure class=\"wp-block-image size-full hey_image_fx\"><img loading=\"lazy\" decoding=\"async\" width=\"1200\" height=\"1200\" src=\"https:\/\/analysedanmark.dk\/wp-content\/uploads\/2024\/11\/giu-vicente-3_uiwITfv4M-unsplash-1.webp\" alt=\"\" class=\"wp-image-43057\" srcset=\"https:\/\/analysedanmark.dk\/wp-content\/uploads\/2024\/11\/giu-vicente-3_uiwITfv4M-unsplash-1.webp 1200w, https:\/\/analysedanmark.dk\/wp-content\/uploads\/2024\/11\/giu-vicente-3_uiwITfv4M-unsplash-1-640x640.webp 640w, https:\/\/analysedanmark.dk\/wp-content\/uploads\/2024\/11\/giu-vicente-3_uiwITfv4M-unsplash-1-768x768.webp 768w, https:\/\/analysedanmark.dk\/wp-content\/uploads\/2024\/11\/giu-vicente-3_uiwITfv4M-unsplash-1-300x300.webp 300w, https:\/\/analysedanmark.dk\/wp-content\/uploads\/2024\/11\/giu-vicente-3_uiwITfv4M-unsplash-1-400x400.webp 400w, https:\/\/analysedanmark.dk\/wp-content\/uploads\/2024\/11\/giu-vicente-3_uiwITfv4M-unsplash-1-600x600.webp 600w\" sizes=\"auto, (max-width: 1200px) 100vw, 1200px\" \/><\/figure>\n\n<\/div><\/div>\n<\/div>\n<\/div>\n<\/div>\n<\/div>\n<\/div>","protected":false},"excerpt":{"rendered":"","protected":false},"author":4,"featured_media":0,"parent":35209,"menu_order":0,"comment_status":"closed","ping_status":"closed","template":"","meta":{"_acf_changed":false,"footnotes":""},"class_list":["post-43547","page","type-page","status-publish"],"acf":[],"_links":{"self":[{"href":"https:\/\/analysedanmark.dk\/fr\/wp-json\/wp\/v2\/pages\/43547","targetHints":{"allow":["GET"]}}],"collection":[{"href":"https:\/\/analysedanmark.dk\/fr\/wp-json\/wp\/v2\/pages"}],"about":[{"href":"https:\/\/analysedanmark.dk\/fr\/wp-json\/wp\/v2\/types\/page"}],"author":[{"embeddable":true,"href":"https:\/\/analysedanmark.dk\/fr\/wp-json\/wp\/v2\/users\/4"}],"replies":[{"embeddable":true,"href":"https:\/\/analysedanmark.dk\/fr\/wp-json\/wp\/v2\/comments?post=43547"}],"version-history":[{"count":5,"href":"https:\/\/analysedanmark.dk\/fr\/wp-json\/wp\/v2\/pages\/43547\/revisions"}],"predecessor-version":[{"id":190902,"href":"https:\/\/analysedanmark.dk\/fr\/wp-json\/wp\/v2\/pages\/43547\/revisions\/190902"}],"up":[{"embeddable":true,"href":"https:\/\/analysedanmark.dk\/fr\/wp-json\/wp\/v2\/pages\/35209"}],"wp:attachment":[{"href":"https:\/\/analysedanmark.dk\/fr\/wp-json\/wp\/v2\/media?parent=43547"}],"curies":[{"name":"wp","href":"https:\/\/api.w.org\/{rel}","templated":true}]}}