{"id":43545,"date":"2024-12-05T03:40:28","date_gmt":"2024-12-05T02:40:28","guid":{"rendered":"https:\/\/analysedanmark.stage.heyrobot.com\/?page_id=43545"},"modified":"2025-05-01T13:15:31","modified_gmt":"2025-05-01T11:15:31","slug":"analyse-du-groupe-cible","status":"publish","type":"page","link":"https:\/\/analysedanmark.dk\/fr\/ydelser\/maalgruppeanalyse\/","title":{"rendered":"Analyse du public cible"},"content":{"rendered":"<header class=\"gb-container gb-container-58a76ced\">\n<div class=\"gb-container gb-container-3224c6ce gbp-section__inner\">\n<div class=\"gb-grid-wrapper gb-grid-wrapper-d7355558\">\n<div class=\"gb-grid-column gb-grid-column-516ff6c2\"><div class=\"gb-container gb-container-516ff6c2\">\n\n<p class=\"gb-headline gb-headline-ad6edd9c gb-headline-text gbp-section__tagline\">Analyse d\u00e9taill\u00e9e et approfondie<\/p>\n\n\n\n<h1 class=\"gb-headline gb-headline-0e509d67 gb-headline-text\">Analyse du public cible<\/h1>\n\n\n\n<p>De nombreuses entreprises op\u00e8rent sur un march\u00e9 en \u00e9volution rapide, caract\u00e9ris\u00e9 par une forte concurrence et un afflux constant de nouveaux produits. Si vous voulez que votre marketing produise les r\u00e9sultats escompt\u00e9s, il est essentiel de savoir qui est votre public cible. Le marketing sans groupe cible clairement d\u00e9fini donne rarement les r\u00e9sultats escompt\u00e9s. C'est pourquoi une analyse du groupe cible est un bon investissement, car elle permet de cibler vos efforts de communication.<\/p>\n\n\n\n<p><strong>Une analyse du public cible peut apporter \u00e0 votre organisation des r\u00e9ponses aux questions suivantes, entre autres :<\/strong><\/p>\n\n\n\n<ul class=\"wp-block-list\">\n<li>Quel est votre public cible ?<\/li>\n\n\n\n<li>\u00c0 quoi ressemble votre public cible ?<\/li>\n\n\n\n<li>Quelles sont les pr\u00e9f\u00e9rences et les attitudes de votre public cible ?<\/li>\n<\/ul>\n\n\n\n<p>Une \u00e9tude sur les groupes cibles donnera \u00e0 votre organisation des indications importantes sur la mani\u00e8re d'atteindre au mieux votre groupe cible. Une analyse d'audience peut \u00eatre r\u00e9alis\u00e9e sur votre entreprise ou sur votre produit, en fonction de votre objectif.<\/p>\n\n<\/div><\/div>\n\n<div class=\"gb-grid-column gb-grid-column-38b0cc66\"><div class=\"gb-container gb-container-38b0cc66\">\n\n<figure class=\"gb-block-image gb-block-image-6f1ffcca\"><img loading=\"lazy\" decoding=\"async\" width=\"640\" height=\"640\" class=\"gb-image gb-image-6f1ffcca gbp--border-radius\" src=\"https:\/\/analysedanmark.dk\/wp-content\/uploads\/2025\/01\/shutterstock_2544046255-640x640.jpg\" alt=\"Analyse du public cible\" title=\"Mesure de la population\" srcset=\"https:\/\/analysedanmark.dk\/wp-content\/uploads\/2025\/01\/shutterstock_2544046255-640x640.jpg 640w, https:\/\/analysedanmark.dk\/wp-content\/uploads\/2025\/01\/shutterstock_2544046255-1280x1280.jpg 1280w, https:\/\/analysedanmark.dk\/wp-content\/uploads\/2025\/01\/shutterstock_2544046255-768x768.jpg 768w, https:\/\/analysedanmark.dk\/wp-content\/uploads\/2025\/01\/shutterstock_2544046255-1536x1536.jpg 1536w, https:\/\/analysedanmark.dk\/wp-content\/uploads\/2025\/01\/shutterstock_2544046255-2048x2048.jpg 2048w, https:\/\/analysedanmark.dk\/wp-content\/uploads\/2025\/01\/shutterstock_2544046255-300x300.jpg 300w, https:\/\/analysedanmark.dk\/wp-content\/uploads\/2025\/01\/shutterstock_2544046255-400x400.jpg 400w, https:\/\/analysedanmark.dk\/wp-content\/uploads\/2025\/01\/shutterstock_2544046255-600x600.jpg 600w\" sizes=\"auto, (max-width: 640px) 100vw, 640px\" \/><\/figure>\n\n\n\n<figure class=\"gb-block-image gb-block-image-e235177f\"><img decoding=\"async\" class=\"gb-image gb-image-e235177f hey_image_fx gbp--border-radius\" src=\"https:\/\/gpsites.co\/affinity\/wp-content\/uploads\/sites\/147\/2024\/06\/walling-UP7JSnodG2M-unsplash-300x225.webp\" alt=\"\" title=\"walling-UP7JSnodG2M-unsplash\"><\/figure>\n\n<\/div><\/div>\n<\/div>\n<\/div>\n<\/header>\n\n<div class=\"gb-container gb-container-7e6d0854 gbp-section\">\n<div class=\"gb-container gb-container-3ff20a45 gbp-section__inner\">\n<div class=\"gb-grid-wrapper gb-grid-wrapper-d4759108\">\n<div class=\"gb-grid-column gb-grid-column-c739950f\"><div class=\"gb-container gb-container-c739950f\">\n\n<figure class=\"wp-block-image size-full hey_image_fx\"><img loading=\"lazy\" decoding=\"async\" width=\"1200\" height=\"1200\" src=\"https:\/\/analysedanmark.dk\/wp-content\/uploads\/2024\/11\/giu-vicente-3_uiwITfv4M-unsplash-1.webp\" alt=\"\" class=\"wp-image-43057\" srcset=\"https:\/\/analysedanmark.dk\/wp-content\/uploads\/2024\/11\/giu-vicente-3_uiwITfv4M-unsplash-1.webp 1200w, https:\/\/analysedanmark.dk\/wp-content\/uploads\/2024\/11\/giu-vicente-3_uiwITfv4M-unsplash-1-640x640.webp 640w, https:\/\/analysedanmark.dk\/wp-content\/uploads\/2024\/11\/giu-vicente-3_uiwITfv4M-unsplash-1-768x768.webp 768w, https:\/\/analysedanmark.dk\/wp-content\/uploads\/2024\/11\/giu-vicente-3_uiwITfv4M-unsplash-1-300x300.webp 300w, https:\/\/analysedanmark.dk\/wp-content\/uploads\/2024\/11\/giu-vicente-3_uiwITfv4M-unsplash-1-400x400.webp 400w, https:\/\/analysedanmark.dk\/wp-content\/uploads\/2024\/11\/giu-vicente-3_uiwITfv4M-unsplash-1-600x600.webp 600w\" sizes=\"auto, (max-width: 1200px) 100vw, 1200px\" \/><\/figure>\n\n<\/div><\/div>\n\n<div class=\"gb-grid-column gb-grid-column-44584bd0\"><div class=\"gb-container gb-container-44584bd0\">\n\n<h2 class=\"gb-headline gb-headline-c2afdff5 gb-headline-text\">M\u00e9thode :<\/h2>\n\n\n\n<p>Si vous souhaitez d\u00e9finir votre public cible en fonction du sexe, de l'\u00e2ge, de la g\u00e9ographie ou d'autres variables d\u00e9mographiques, ainsi que de ses attitudes ou de son comportement, il est judicieux de proc\u00e9der \u00e0 une analyse du public cible \u00e0 l'aide d'une m\u00e9thode quantitative.<\/p>\n\n\n\n<p>Selon que vos produits\/services s'adressent \u00e0 des consommateurs priv\u00e9s ou \u00e0 d'autres entreprises, l'enqu\u00eate est men\u00e9e soit par le biais d'un panel de population, soit par le biais d'une enqu\u00eate sur le terrain.&nbsp;<a href=\"https:\/\/analysedanmark.dk\/fr\/methodes\/kvantitative-metoder\/telefoninterview\/\">T\u00e9l\u00e9phone (CATI)<\/a>.<\/p>\n\n\n\n<p>Si vous disposez d\u00e9j\u00e0 d'une d\u00e9finition d\u00e9mographique de votre public cible, il est possible d'utiliser un formulaire de demande d'information.&nbsp;<a href=\"https:\/\/analysedanmark.dk\/fr\/methodes\/kvalitative-metoder\/\">analyse qualitative<\/a>&nbsp;avec des personnes appartenant \u00e0 votre groupe cible afin de mieux le conna\u00eetre et de d\u00e9couvrir les causes profondes de ses pr\u00e9f\u00e9rences et de ses attitudes.<\/p>\n\n<\/div><\/div>\n<\/div>\n<\/div>\n<\/div>","protected":false},"excerpt":{"rendered":"","protected":false},"author":4,"featured_media":0,"parent":35209,"menu_order":0,"comment_status":"closed","ping_status":"closed","template":"","meta":{"_acf_changed":false,"footnotes":""},"class_list":["post-43545","page","type-page","status-publish"],"acf":[],"_links":{"self":[{"href":"https:\/\/analysedanmark.dk\/fr\/wp-json\/wp\/v2\/pages\/43545","targetHints":{"allow":["GET"]}}],"collection":[{"href":"https:\/\/analysedanmark.dk\/fr\/wp-json\/wp\/v2\/pages"}],"about":[{"href":"https:\/\/analysedanmark.dk\/fr\/wp-json\/wp\/v2\/types\/page"}],"author":[{"embeddable":true,"href":"https:\/\/analysedanmark.dk\/fr\/wp-json\/wp\/v2\/users\/4"}],"replies":[{"embeddable":true,"href":"https:\/\/analysedanmark.dk\/fr\/wp-json\/wp\/v2\/comments?post=43545"}],"version-history":[{"count":5,"href":"https:\/\/analysedanmark.dk\/fr\/wp-json\/wp\/v2\/pages\/43545\/revisions"}],"predecessor-version":[{"id":234834,"href":"https:\/\/analysedanmark.dk\/fr\/wp-json\/wp\/v2\/pages\/43545\/revisions\/234834"}],"up":[{"embeddable":true,"href":"https:\/\/analysedanmark.dk\/fr\/wp-json\/wp\/v2\/pages\/35209"}],"wp:attachment":[{"href":"https:\/\/analysedanmark.dk\/fr\/wp-json\/wp\/v2\/media?parent=43545"}],"curies":[{"name":"wp","href":"https:\/\/api.w.org\/{rel}","templated":true}]}}