{"id":43529,"date":"2024-12-05T03:32:25","date_gmt":"2024-12-05T02:32:25","guid":{"rendered":"https:\/\/analysedanmark.stage.heyrobot.com\/?page_id=43529"},"modified":"2025-05-01T13:12:48","modified_gmt":"2025-05-01T11:12:48","slug":"kundepaneler-og-medlemspaneler","status":"publish","type":"page","link":"https:\/\/analysedanmark.dk\/fr\/ydelser\/kundepaneler-og-medlemspaneler\/","title":{"rendered":"Panels de clients et panels de membres"},"content":{"rendered":"<header class=\"gb-container gb-container-58a76ced\">\n<div class=\"gb-container gb-container-3224c6ce gbp-section__inner\">\n<div class=\"gb-grid-wrapper gb-grid-wrapper-d7355558\">\n<div class=\"gb-grid-column gb-grid-column-516ff6c2\"><div class=\"gb-container gb-container-516ff6c2\">\n\n<p class=\"gb-headline gb-headline-ad6edd9c gb-headline-text gbp-section__tagline\">F\u00e5 l\u00f8bende feedback fra jeres kunder\/medlemmer via et panel<\/p>\n\n\n\n<h1 class=\"gb-headline gb-headline-0e509d67 gb-headline-text\">Panels de clients et panels de membres<\/h1>\n\n\n\n<p><strong>Reducer tidsforbruget og omkostningerne i forbindelse med analyser blandt jeres kunder\/medlemmer!<\/strong><\/p>\n\n\n\n<p>De plus en plus d'entreprises et d'organisations souhaitent \u00e9tablir un dialogue plus \u00e9troit avec leurs clients\/membres au sujet de leur comportement et de leurs opinions sur diverses questions. Si vous souhaitez prendre en permanence la temp\u00e9rature des opinions de vos clients\/membres sur diff\u00e9rents sujets, la mise en place d'un panel en ligne est souvent la solution la plus rentable.<\/p>\n\n<\/div><\/div>\n\n<div class=\"gb-grid-column gb-grid-column-38b0cc66\"><div class=\"gb-container gb-container-38b0cc66\">\n\n<figure class=\"gb-block-image gb-block-image-6f1ffcca\"><img loading=\"lazy\" decoding=\"async\" width=\"640\" height=\"427\" class=\"gb-image gb-image-6f1ffcca hey_image_fx gbp--border-radius\" src=\"https:\/\/analysedanmark.dk\/wp-content\/uploads\/2024\/06\/kelly-sikkema-YK0HPwWDJ1I-unsplash-640x427.webp\" alt=\"\" title=\"kelly-sikkema-YK0HPwWDJ1I-unsplash\" srcset=\"https:\/\/analysedanmark.dk\/wp-content\/uploads\/2024\/06\/kelly-sikkema-YK0HPwWDJ1I-unsplash-640x427.webp 640w, https:\/\/analysedanmark.dk\/wp-content\/uploads\/2024\/06\/kelly-sikkema-YK0HPwWDJ1I-unsplash-360x240.webp 360w, https:\/\/analysedanmark.dk\/wp-content\/uploads\/2024\/06\/kelly-sikkema-YK0HPwWDJ1I-unsplash-768x512.webp 768w, https:\/\/analysedanmark.dk\/wp-content\/uploads\/2024\/06\/kelly-sikkema-YK0HPwWDJ1I-unsplash.webp 1200w\" sizes=\"auto, (max-width: 640px) 100vw, 640px\"><\/figure>\n\n\n\n<figure class=\"gb-block-image gb-block-image-e235177f\"><img loading=\"lazy\" decoding=\"async\" width=\"640\" height=\"427\" class=\"gb-image gb-image-e235177f hey_image_fx gbp--border-radius\" src=\"https:\/\/analysedanmark.dk\/wp-content\/uploads\/2025\/01\/shutterstock_2496682153-1-640x427.jpg\" alt=\"\" title=\"Portrait,d&#039;une,femme,heureuse,faisant,ses,courses,dans,un,supermarch\u00e9,et,regardant\" srcset=\"https:\/\/analysedanmark.dk\/wp-content\/uploads\/2025\/01\/shutterstock_2496682153-1-640x427.jpg 640w, https:\/\/analysedanmark.dk\/wp-content\/uploads\/2025\/01\/shutterstock_2496682153-1-1280x854.jpg 1280w, https:\/\/analysedanmark.dk\/wp-content\/uploads\/2025\/01\/shutterstock_2496682153-1-360x240.jpg 360w, https:\/\/analysedanmark.dk\/wp-content\/uploads\/2025\/01\/shutterstock_2496682153-1-768x512.jpg 768w, https:\/\/analysedanmark.dk\/wp-content\/uploads\/2025\/01\/shutterstock_2496682153-1-1536x1025.jpg 1536w, https:\/\/analysedanmark.dk\/wp-content\/uploads\/2025\/01\/shutterstock_2496682153-1-2048x1366.jpg 2048w\" sizes=\"auto, (max-width: 640px) 100vw, 640px\"><\/figure>\n\n<\/div><\/div>\n<\/div>\n<\/div>\n<\/header>\n\n<div class=\"gb-container gb-container-b510b0bb\">\n<div class=\"gb-container gb-container-7e6d0854 gbp-section\">\n<div class=\"gb-container gb-container-3ff20a45 gbp-section__inner\">\n<div class=\"gb-grid-wrapper gb-grid-wrapper-d4759108\">\n<div class=\"gb-grid-column gb-grid-column-c739950f\"><div class=\"gb-container gb-container-c739950f\">\n\n<figure class=\"wp-block-image size-full hey_image_fx\"><img loading=\"lazy\" decoding=\"async\" width=\"1200\" height=\"1200\" src=\"https:\/\/analysedanmark.dk\/wp-content\/uploads\/2024\/11\/giu-vicente-3_uiwITfv4M-unsplash-1.webp\" alt=\"\" class=\"wp-image-43057\" srcset=\"https:\/\/analysedanmark.dk\/wp-content\/uploads\/2024\/11\/giu-vicente-3_uiwITfv4M-unsplash-1.webp 1200w, https:\/\/analysedanmark.dk\/wp-content\/uploads\/2024\/11\/giu-vicente-3_uiwITfv4M-unsplash-1-640x640.webp 640w, https:\/\/analysedanmark.dk\/wp-content\/uploads\/2024\/11\/giu-vicente-3_uiwITfv4M-unsplash-1-768x768.webp 768w, https:\/\/analysedanmark.dk\/wp-content\/uploads\/2024\/11\/giu-vicente-3_uiwITfv4M-unsplash-1-300x300.webp 300w, https:\/\/analysedanmark.dk\/wp-content\/uploads\/2024\/11\/giu-vicente-3_uiwITfv4M-unsplash-1-400x400.webp 400w, https:\/\/analysedanmark.dk\/wp-content\/uploads\/2024\/11\/giu-vicente-3_uiwITfv4M-unsplash-1-600x600.webp 600w\" sizes=\"auto, (max-width: 1200px) 100vw, 1200px\" \/><\/figure>\n\n<\/div><\/div>\n\n<div class=\"gb-grid-column gb-grid-column-44584bd0\"><div class=\"gb-container gb-container-44584bd0\">\n\n<h2 class=\"gb-headline gb-headline-c2afdff5 gb-headline-text\"><strong>Analyse Danmark har stor erfaring med at opbygge, administrere og vedligeholde internetpaneler for forskellige kunder.<\/strong><\/h2>\n\n\n\n<p> Panelerne anvendes til at gennemf\u00f8re&nbsp;internetbaserede sp\u00f8rgeskemaunders\u00f8gelser&nbsp;blandt kunderne\/medlemmerne (f.eks. holdningsunders\u00f8gelser eller koncepttests). En panell\u00f8sning hos Analyse Danmark kan indeholde f\u00f8lgende:<\/p>\n\n\n\n<ul class=\"wp-block-list\">\n<li>Udarbejdelse af baggrundsskema med relevante oplysninger, som kunder\/medlemmer udfylder<\/li>\n\n\n\n<li>Oprettelse af databasestruktur<\/li>\n\n\n\n<li>Rekruttering af panelmedlemmer (postalt, via hjemmeside\/e-mail eller telefon)<\/li>\n\n\n\n<li>Udtr\u00e6k af stikpr\u00f8ver fra panel<\/li>\n\n\n\n<li>H\u00e5ndtering af panelunders\u00f8gelser (metodisk r\u00e5dgivning i forbindelse med udarbejdelse af sp\u00f8rgeskemaer, dataindsamling, databehandling og rapportering)<\/li>\n\n\n\n<li>L\u00f8bende vedligeholdelse af panel (bl.a. rekruttering, opdatering af baggrundsoplysninger, afmelding af inaktive panelmedlemmer og besvarelser af sp\u00f8rgsm\u00e5l omkring panelunders\u00f8gelser og panelmedlemskab)<\/li>\n<\/ul>\n\n\n\n<p>Panell\u00f8sningen kan naturligvis tilpasses jeres specifikke behov. Analyse Danmark administrerer i dag paneler for blandt andre 3F og&nbsp;<a href=\"https:\/\/handicap.dk\/dh-panelet\" rel=\"nofollow noopener\" target=\"_blank\">Danske Handicaporganisationer<\/a>.<\/p>\n\n<\/div><\/div>\n<\/div>\n<\/div>\n<\/div>\n<\/div>","protected":false},"excerpt":{"rendered":"","protected":false},"author":4,"featured_media":0,"parent":35209,"menu_order":0,"comment_status":"closed","ping_status":"closed","template":"","meta":{"_acf_changed":false,"footnotes":""},"class_list":["post-43529","page","type-page","status-publish"],"acf":[],"_links":{"self":[{"href":"https:\/\/analysedanmark.dk\/fr\/wp-json\/wp\/v2\/pages\/43529","targetHints":{"allow":["GET"]}}],"collection":[{"href":"https:\/\/analysedanmark.dk\/fr\/wp-json\/wp\/v2\/pages"}],"about":[{"href":"https:\/\/analysedanmark.dk\/fr\/wp-json\/wp\/v2\/types\/page"}],"author":[{"embeddable":true,"href":"https:\/\/analysedanmark.dk\/fr\/wp-json\/wp\/v2\/users\/4"}],"replies":[{"embeddable":true,"href":"https:\/\/analysedanmark.dk\/fr\/wp-json\/wp\/v2\/comments?post=43529"}],"version-history":[{"count":5,"href":"https:\/\/analysedanmark.dk\/fr\/wp-json\/wp\/v2\/pages\/43529\/revisions"}],"predecessor-version":[{"id":190893,"href":"https:\/\/analysedanmark.dk\/fr\/wp-json\/wp\/v2\/pages\/43529\/revisions\/190893"}],"up":[{"embeddable":true,"href":"https:\/\/analysedanmark.dk\/fr\/wp-json\/wp\/v2\/pages\/35209"}],"wp:attachment":[{"href":"https:\/\/analysedanmark.dk\/fr\/wp-json\/wp\/v2\/media?parent=43529"}],"curies":[{"name":"wp","href":"https:\/\/api.w.org\/{rel}","templated":true}]}}