{"id":43527,"date":"2024-12-05T03:31:40","date_gmt":"2024-12-05T02:31:40","guid":{"rendered":"https:\/\/analysedanmark.stage.heyrobot.com\/?page_id=43527"},"modified":"2025-01-03T06:14:18","modified_gmt":"2025-01-03T05:14:18","slug":"undersoegelse-om-udbytte-af-kundeanalyser","status":"publish","type":"page","link":"https:\/\/analysedanmark.dk\/fr\/ydelser\/kundeanalyser\/undersoegelse-om-udbytte-af-kundeanalyser\/","title":{"rendered":"Unders\u00f8gelse om udbytte af kundeanalyser"},"content":{"rendered":"<header class=\"gb-container gb-container-58a76ced\">\n<div class=\"gb-container gb-container-3224c6ce gbp-section__inner\">\n<div class=\"gb-grid-wrapper gb-grid-wrapper-d7355558\">\n<div class=\"gb-grid-column gb-grid-column-516ff6c2\"><div class=\"gb-container gb-container-516ff6c2\">\n\n<p class=\"gb-headline gb-headline-ad6edd9c gb-headline-text gbp-section__tagline\">Kundeanalyser kan give et stort udbytte<\/p>\n\n\n\n<h1 class=\"gb-headline gb-headline-0e509d67 gb-headline-text\">Unders\u00f8gelse om udbytte af kundeanalyser<\/h1>\n\n\n\n<p>Analyse Danmark har gennemf\u00f8rt en unders\u00f8gelse om brugen af kundeanalyser for virksomheder bosiddende i Region Hovedstaden. Form\u00e5let med unders\u00f8gelsen er at afd\u00e6kke virksomhedernes brug af og tilfredshed med kundeanalyse, herunder omfanget, typerne og udbyttet af kundeanalyserne.<\/p>\n\n\n\n<p>M\u00e5lgruppen var virksomheder i Region Hovedstaden med 20 til 499 ansatte. Unders\u00f8gelsen er gennemf\u00f8rt telefonisk (Cati), og i alt 199 virksomheder, har deltaget i unders\u00f8gelsen.<\/p>\n\n<\/div><\/div>\n\n<div class=\"gb-grid-column gb-grid-column-38b0cc66\"><div class=\"gb-container gb-container-38b0cc66\">\n\n<figure class=\"gb-block-image gb-block-image-6f1ffcca\"><img decoding=\"async\" class=\"gb-image gb-image-6f1ffcca gbp--border-radius\" src=\"https:\/\/gpsites.co\/affinity\/wp-content\/uploads\/sites\/147\/2024\/06\/nordwood-themes-ubIWo074QlU-unsplash-300x225.webp\" alt=\"\" title=\"nordwood-themes-ubIWo074QlU-unsplash\"><\/figure>\n\n\n\n<figure class=\"gb-block-image gb-block-image-e235177f\"><img decoding=\"async\" class=\"gb-image gb-image-e235177f gbp--border-radius\" src=\"https:\/\/gpsites.co\/affinity\/wp-content\/uploads\/sites\/147\/2024\/06\/walling-UP7JSnodG2M-unsplash-300x225.webp\" alt=\"\" title=\"walling-UP7JSnodG2M-unsplash\"><\/figure>\n\n<\/div><\/div>\n<\/div>\n<\/div>\n<\/header>\n\n<div class=\"gb-container gb-container-b510b0bb\">\n<div class=\"gb-container gb-container-7e6d0854 gbp-section\">\n<div class=\"gb-container gb-container-3ff20a45 gbp-section__inner\">\n<div class=\"gb-grid-wrapper gb-grid-wrapper-d4759108\">\n<div class=\"gb-grid-column gb-grid-column-c739950f\"><div class=\"gb-container gb-container-c739950f\">\n\n<figure class=\"wp-block-image size-full\"><img loading=\"lazy\" decoding=\"async\" width=\"1200\" height=\"1200\" src=\"https:\/\/analysedanmark.dk\/wp-content\/uploads\/2024\/11\/giu-vicente-3_uiwITfv4M-unsplash-1.webp\" alt=\"\" class=\"wp-image-43057\" srcset=\"https:\/\/analysedanmark.dk\/wp-content\/uploads\/2024\/11\/giu-vicente-3_uiwITfv4M-unsplash-1.webp 1200w, https:\/\/analysedanmark.dk\/wp-content\/uploads\/2024\/11\/giu-vicente-3_uiwITfv4M-unsplash-1-640x640.webp 640w, https:\/\/analysedanmark.dk\/wp-content\/uploads\/2024\/11\/giu-vicente-3_uiwITfv4M-unsplash-1-768x768.webp 768w, https:\/\/analysedanmark.dk\/wp-content\/uploads\/2024\/11\/giu-vicente-3_uiwITfv4M-unsplash-1-300x300.webp 300w, https:\/\/analysedanmark.dk\/wp-content\/uploads\/2024\/11\/giu-vicente-3_uiwITfv4M-unsplash-1-400x400.webp 400w, https:\/\/analysedanmark.dk\/wp-content\/uploads\/2024\/11\/giu-vicente-3_uiwITfv4M-unsplash-1-600x600.webp 600w\" sizes=\"auto, (max-width: 1200px) 100vw, 1200px\" \/><\/figure>\n\n<\/div><\/div>\n\n<div class=\"gb-grid-column gb-grid-column-44584bd0\"><div class=\"gb-container gb-container-44584bd0\">\n\n<h2 class=\"gb-headline gb-headline-c2afdff5 gb-headline-text\"><strong>Unders\u00f8gelsen viser blandt andet:<\/strong><\/h2>\n\n\n\n<p>Hovedparten af de unders\u00f8gte virksomheder har inden for de seneste tre \u00e5r gennemf\u00f8rt mindst \u00e9n kundeanalyse. Heraf er der ca. lige s\u00e5 mange virksomheder, der har gennemf\u00f8rt kundeanalysen selv, som virksomheder, der har gjort det i samarbejde med en ekstern leverand\u00f8r. Hovedparten af virksomhederne (b\u00e5de dem, der har, og ikke har lavet kundeanalyse) svarer, at hvis de skal bruge en ekstern leverand\u00f8r til gennemf\u00f8relse af kundeanalyser, er det tillid til kvaliteten, der er den afg\u00f8rende parameter i valget af leverand\u00f8r.<\/p>\n\n\n\n<p>Der er ingen af virksomhederne, der mener, at det har v\u00e6ret negativt for deres virksomhed at gennemf\u00f8re kundeanalyser, mens hele 86 % mener, at det har v\u00e6ret positivt.<\/p>\n\n\n\n<p>De fleste af de virksomheder, der ikke har gjort brug af kundeanalyser, angiver, at hoved\u00e5rsagen til ikke at lave kundeanalyse er, at de ikke finder det n\u00f8dvendigt.<br>Der har dog v\u00e6ret et klart positivt udbytte for de virksomheder, der har benyttet sig af kundeanalyser.&nbsp;<\/p>\n\n\n\n<p><\/p>\n\n<\/div><\/div>\n<\/div>\n<\/div>\n<\/div>\n\n<div class=\"gb-container gb-container-0c83677d\">\n<div class=\"gb-container gb-container-a5391143 gbp-section\">\n<div class=\"gb-container gb-container-93ca79a7 gbp-section__inner\">\n<div class=\"gb-grid-wrapper gb-grid-wrapper-b92d2374\">\n<div class=\"gb-grid-column gb-grid-column-57d1efca\"><div class=\"gb-container gb-container-57d1efca\">\n\n<h2 class=\"gb-headline gb-headline-9d1ec87b gb-headline-text\">Det st\u00f8rste udbytte har for virksomhederne v\u00e6ret:<\/h2>\n\n\n\n<p>Mere tilfredse kunder (77 %)<\/p>\n\n\n\n<p>Mere fokuseret ressourceanvendelse (72 %)<\/p>\n\n\n\n<p>Bedre fastholdelse af eksisterende kunder (72 %)<\/p>\n\n\n\n<p>En mere m\u00e5lrettet salgsindsats (69 %)<\/p>\n\n<\/div><\/div>\n\n<div class=\"gb-grid-column gb-grid-column-8020f66b\"><div class=\"gb-container gb-container-8020f66b\">\n\n<figure class=\"wp-block-image size-full\"><img loading=\"lazy\" decoding=\"async\" width=\"1200\" height=\"1200\" src=\"https:\/\/analysedanmark.dk\/wp-content\/uploads\/2024\/11\/giu-vicente-3_uiwITfv4M-unsplash-1.webp\" alt=\"\" class=\"wp-image-43057\" srcset=\"https:\/\/analysedanmark.dk\/wp-content\/uploads\/2024\/11\/giu-vicente-3_uiwITfv4M-unsplash-1.webp 1200w, https:\/\/analysedanmark.dk\/wp-content\/uploads\/2024\/11\/giu-vicente-3_uiwITfv4M-unsplash-1-640x640.webp 640w, https:\/\/analysedanmark.dk\/wp-content\/uploads\/2024\/11\/giu-vicente-3_uiwITfv4M-unsplash-1-768x768.webp 768w, https:\/\/analysedanmark.dk\/wp-content\/uploads\/2024\/11\/giu-vicente-3_uiwITfv4M-unsplash-1-300x300.webp 300w, https:\/\/analysedanmark.dk\/wp-content\/uploads\/2024\/11\/giu-vicente-3_uiwITfv4M-unsplash-1-400x400.webp 400w, https:\/\/analysedanmark.dk\/wp-content\/uploads\/2024\/11\/giu-vicente-3_uiwITfv4M-unsplash-1-600x600.webp 600w\" sizes=\"auto, (max-width: 1200px) 100vw, 1200px\" \/><\/figure>\n\n<\/div><\/div>\n<\/div>\n<\/div>\n<\/div>\n<\/div>\n\n<div class=\"gb-container gb-container-fb4c9977 gbp-section\">\n<div class=\"gb-container gb-container-f3741dc4 gbp-section__inner\">\n<div class=\"gb-grid-wrapper gb-grid-wrapper-bc33b8b3\">\n<div class=\"gb-grid-column gb-grid-column-81fcc691\"><div class=\"gb-container gb-container-81fcc691\">\n\n<figure class=\"wp-block-image size-full\"><img loading=\"lazy\" decoding=\"async\" width=\"1200\" height=\"1200\" src=\"https:\/\/analysedanmark.dk\/wp-content\/uploads\/2024\/11\/giu-vicente-3_uiwITfv4M-unsplash-1.webp\" alt=\"\" class=\"wp-image-43057\" srcset=\"https:\/\/analysedanmark.dk\/wp-content\/uploads\/2024\/11\/giu-vicente-3_uiwITfv4M-unsplash-1.webp 1200w, https:\/\/analysedanmark.dk\/wp-content\/uploads\/2024\/11\/giu-vicente-3_uiwITfv4M-unsplash-1-640x640.webp 640w, https:\/\/analysedanmark.dk\/wp-content\/uploads\/2024\/11\/giu-vicente-3_uiwITfv4M-unsplash-1-768x768.webp 768w, https:\/\/analysedanmark.dk\/wp-content\/uploads\/2024\/11\/giu-vicente-3_uiwITfv4M-unsplash-1-300x300.webp 300w, https:\/\/analysedanmark.dk\/wp-content\/uploads\/2024\/11\/giu-vicente-3_uiwITfv4M-unsplash-1-400x400.webp 400w, https:\/\/analysedanmark.dk\/wp-content\/uploads\/2024\/11\/giu-vicente-3_uiwITfv4M-unsplash-1-600x600.webp 600w\" sizes=\"auto, (max-width: 1200px) 100vw, 1200px\" \/><\/figure>\n\n<\/div><\/div>\n\n<div class=\"gb-grid-column gb-grid-column-c558841a\"><div class=\"gb-container gb-container-c558841a\">\n\n<h2 class=\"gb-headline gb-headline-e6a4acdb gb-headline-text\">Derudover er der flere virksomheder i unders\u00f8gelsen, der har opn\u00e5et udbytte p\u00e5 f\u00f8lgende omr\u00e5der:<\/h2>\n\n\n\n<ul class=\"wp-block-list\">\n<li>Styrket konkurrenceevne (58 %)<\/li>\n\n\n\n<li>\u00d8get oms\u00e6tning fra eksisterende kunder (43 %)<\/li>\n\n\n\n<li>\u00d8get oms\u00e6tning fra nye kunder (33 %)<\/li>\n<\/ul>\n\n\n\n<a class=\"gb-button gb-button-e2f0adc2 gb-button-text gbp-button--primary\" href=\"https:\/\/analysedanmark.dk\/fr\/services\/analyses-de-la-clientele\/\">L\u00e6s mere om kundeanalyser her<\/a>\n\n<\/div><\/div>\n<\/div>\n<\/div>\n<\/div>\n<\/div>\n\n\n<p><\/p>","protected":false},"excerpt":{"rendered":"","protected":false},"author":4,"featured_media":0,"parent":43523,"menu_order":0,"comment_status":"closed","ping_status":"closed","template":"","meta":{"_acf_changed":false,"footnotes":""},"class_list":["post-43527","page","type-page","status-publish"],"acf":[],"_links":{"self":[{"href":"https:\/\/analysedanmark.dk\/fr\/wp-json\/wp\/v2\/pages\/43527","targetHints":{"allow":["GET"]}}],"collection":[{"href":"https:\/\/analysedanmark.dk\/fr\/wp-json\/wp\/v2\/pages"}],"about":[{"href":"https:\/\/analysedanmark.dk\/fr\/wp-json\/wp\/v2\/types\/page"}],"author":[{"embeddable":true,"href":"https:\/\/analysedanmark.dk\/fr\/wp-json\/wp\/v2\/users\/4"}],"replies":[{"embeddable":true,"href":"https:\/\/analysedanmark.dk\/fr\/wp-json\/wp\/v2\/comments?post=43527"}],"version-history":[{"count":4,"href":"https:\/\/analysedanmark.dk\/fr\/wp-json\/wp\/v2\/pages\/43527\/revisions"}],"predecessor-version":[{"id":44340,"href":"https:\/\/analysedanmark.dk\/fr\/wp-json\/wp\/v2\/pages\/43527\/revisions\/44340"}],"up":[{"embeddable":true,"href":"https:\/\/analysedanmark.dk\/fr\/wp-json\/wp\/v2\/pages\/43523"}],"wp:attachment":[{"href":"https:\/\/analysedanmark.dk\/fr\/wp-json\/wp\/v2\/media?parent=43527"}],"curies":[{"name":"wp","href":"https:\/\/api.w.org\/{rel}","templated":true}]}}