{"id":43521,"date":"2024-12-05T03:29:19","date_gmt":"2024-12-05T02:29:19","guid":{"rendered":"https:\/\/analysedanmark.stage.heyrobot.com\/?page_id=43521"},"modified":"2025-05-15T12:23:04","modified_gmt":"2025-05-15T10:23:04","slug":"test-de-communication","status":"publish","type":"page","link":"https:\/\/analysedanmark.dk\/fr\/ydelser\/kommunikationstest\/","title":{"rendered":"test de communication"},"content":{"rendered":"<div class=\"gb-container gb-container-69085cdc\">\n<header class=\"gb-container gb-container-58a76ced\">\n<div class=\"gb-container gb-container-3224c6ce gbp-section__inner\">\n<div class=\"gb-grid-wrapper gb-grid-wrapper-d7355558\">\n<div class=\"gb-grid-column gb-grid-column-516ff6c2\"><div class=\"gb-container gb-container-516ff6c2\">\n\n<p class=\"gb-headline gb-headline-ad6edd9c gb-headline-text gbp-section__tagline\">Obtenez un retour d'information pr\u00e9cieux de la part de votre public cible<\/p>\n\n\n\n<h1 class=\"gb-headline gb-headline-0e509d67 gb-headline-text\">Test de communication<\/h1>\n\n\n\n<p>Avant de lancer une campagne publicitaire, une campagne t\u00e9l\u00e9vis\u00e9e ou autre, il est souvent utile de v\u00e9rifier si le public cible comprend la communication, si celle-ci contribue positivement \u00e0 l'image de l'\u00e9metteur et si le public cible r\u00e9agit comme pr\u00e9vu. En effet, un test est souvent beaucoup moins co\u00fbteux que la pr\u00e9paration et la mise en \u0153uvre de la communication.<\/p>\n\n<\/div><\/div>\n\n<div class=\"gb-grid-column gb-grid-column-38b0cc66\"><div class=\"gb-container gb-container-38b0cc66\">\n\n<figure class=\"gb-block-image gb-block-image-6f1ffcca\"><img loading=\"lazy\" decoding=\"async\" width=\"640\" height=\"427\" class=\"gb-image gb-image-6f1ffcca hey_image_fx gbp--border-radius\" src=\"https:\/\/analysedanmark.dk\/wp-content\/uploads\/2025\/01\/shutterstock_117941944-1-640x427.jpg\" alt=\"Test de communication\" title=\"Groupe\" srcset=\"https:\/\/analysedanmark.dk\/wp-content\/uploads\/2025\/01\/shutterstock_117941944-1-640x427.jpg 640w, https:\/\/analysedanmark.dk\/wp-content\/uploads\/2025\/01\/shutterstock_117941944-1-360x240.jpg 360w, https:\/\/analysedanmark.dk\/wp-content\/uploads\/2025\/01\/shutterstock_117941944-1-768x512.jpg 768w, https:\/\/analysedanmark.dk\/wp-content\/uploads\/2025\/01\/shutterstock_117941944-1.jpg 1000w\" sizes=\"auto, (max-width: 640px) 100vw, 640px\" \/><\/figure>\n\n\n\n<figure class=\"gb-block-image gb-block-image-e235177f\"><img decoding=\"async\" class=\"gb-image gb-image-e235177f hey_image_fx gbp--border-radius\" src=\"https:\/\/gpsites.co\/affinity\/wp-content\/uploads\/sites\/147\/2024\/06\/walling-UP7JSnodG2M-unsplash-300x225.webp\" alt=\"\" title=\"walling-UP7JSnodG2M-unsplash\"><\/figure>\n\n<\/div><\/div>\n<\/div>\n<\/div>\n<\/header>\n<\/div>\n\n<div class=\"gb-container gb-container-7e6d0854 gbp-section\">\n<div class=\"gb-container gb-container-3ff20a45 gbp-section__inner\">\n<div class=\"gb-grid-wrapper gb-grid-wrapper-d4759108\">\n<div class=\"gb-grid-column gb-grid-column-c739950f\"><div class=\"gb-container gb-container-c739950f\">\n\n<figure class=\"wp-block-image size-full hey_image_fx\"><img loading=\"lazy\" decoding=\"async\" width=\"1200\" height=\"1200\" src=\"https:\/\/analysedanmark.dk\/wp-content\/uploads\/2024\/11\/giu-vicente-3_uiwITfv4M-unsplash-1.webp\" alt=\"\" class=\"wp-image-43057\" srcset=\"https:\/\/analysedanmark.dk\/wp-content\/uploads\/2024\/11\/giu-vicente-3_uiwITfv4M-unsplash-1.webp 1200w, https:\/\/analysedanmark.dk\/wp-content\/uploads\/2024\/11\/giu-vicente-3_uiwITfv4M-unsplash-1-640x640.webp 640w, https:\/\/analysedanmark.dk\/wp-content\/uploads\/2024\/11\/giu-vicente-3_uiwITfv4M-unsplash-1-768x768.webp 768w, https:\/\/analysedanmark.dk\/wp-content\/uploads\/2024\/11\/giu-vicente-3_uiwITfv4M-unsplash-1-300x300.webp 300w, https:\/\/analysedanmark.dk\/wp-content\/uploads\/2024\/11\/giu-vicente-3_uiwITfv4M-unsplash-1-400x400.webp 400w, https:\/\/analysedanmark.dk\/wp-content\/uploads\/2024\/11\/giu-vicente-3_uiwITfv4M-unsplash-1-600x600.webp 600w\" sizes=\"auto, (max-width: 1200px) 100vw, 1200px\" \/><\/figure>\n\n<\/div><\/div>\n\n<div class=\"gb-grid-column gb-grid-column-44584bd0\"><div class=\"gb-container gb-container-44584bd0\">\n\n<h2 class=\"gb-headline gb-headline-c2afdff5 gb-headline-text\">Analyse Danmark teste toutes les formes de communication : presse \u00e9crite, affichage, m\u00e9dias en magasin, journaux d'offres sp\u00e9ciales, publicit\u00e9s radio\/TV, relations publiques, etc.<\/h2>\n\n\n\n<ul class=\"wp-block-list\">\n<li>En fonction du m\u00e9dia, du public cible et des besoins d'information, nous pouvons r\u00e9aliser des tests de communication dans les domaines suivants&nbsp;<a href=\"https:\/\/analysedanmark.dk\/fr\/methodes\/kvalitative-metoder\/groupes-de-discussion\/\">groupes de discussion<\/a>, qui&nbsp;<a href=\"https:\/\/analysedanmark.dk\/fr\/methodes\/kvantitative-metoder\/hall-test\/\">Tests en salle<\/a>&nbsp;ou&nbsp;<a href=\"https:\/\/analysedanmark.dk\/fr\/methodes\/kvantitative-metoder\/internetinterview\/\">En ligne dans le panel<\/a>.<\/li>\n\n\n\n<li>Les tests de communication peuvent \u00eatre effectu\u00e9s \u00e0 tous les niveaux, depuis l'id\u00e9e jusqu'\u00e0 la communication finale. Plus le test est r\u00e9alis\u00e9 t\u00f4t, plus les corrections peuvent \u00eatre apport\u00e9es rapidement afin de s'assurer que la communication remplit ses objectifs. Il peut s'agir, par exemple, d'un test publicitaire classique qui documente l'effet d'une campagne (<em>rappel<\/em>,&nbsp;<em>go\u00fbt<\/em>&nbsp;etc.)\n<ul class=\"wp-block-list\">\n<li>Un test de communication d\u00e9bouche g\u00e9n\u00e9ralement sur un rapport qui indique la compr\u00e9hension du message par le groupe cible, l'\u00e9valuation et l'acceptation de la communication et de sa pertinence, les \u00e9ventuelles consid\u00e9rations d'achat, etc. En outre, nous \u00e9valuons le succ\u00e8s\/potentiel probable et formulons des recommandations pour d'\u00e9ventuelles corrections.<\/li>\n<\/ul>\n<\/li>\n\n\n\n<li>Tous les tests de communication peuvent \u00eatre compl\u00e9t\u00e9s par des mod\u00e8les de segmentation personnalis\u00e9s, bas\u00e9s par exemple sur des questions relatives au mode de vie. Cela permet d'obtenir une image beaucoup plus nuanc\u00e9e du groupe cible que les variables d\u00e9mographiques traditionnelles.<\/li>\n<\/ul>\n\n<\/div><\/div>\n<\/div>\n<\/div>\n<\/div>","protected":false},"excerpt":{"rendered":"","protected":false},"author":4,"featured_media":0,"parent":35209,"menu_order":0,"comment_status":"closed","ping_status":"closed","template":"","meta":{"_acf_changed":false,"footnotes":""},"class_list":["post-43521","page","type-page","status-publish"],"acf":[],"_links":{"self":[{"href":"https:\/\/analysedanmark.dk\/fr\/wp-json\/wp\/v2\/pages\/43521","targetHints":{"allow":["GET"]}}],"collection":[{"href":"https:\/\/analysedanmark.dk\/fr\/wp-json\/wp\/v2\/pages"}],"about":[{"href":"https:\/\/analysedanmark.dk\/fr\/wp-json\/wp\/v2\/types\/page"}],"author":[{"embeddable":true,"href":"https:\/\/analysedanmark.dk\/fr\/wp-json\/wp\/v2\/users\/4"}],"replies":[{"embeddable":true,"href":"https:\/\/analysedanmark.dk\/fr\/wp-json\/wp\/v2\/comments?post=43521"}],"version-history":[{"count":5,"href":"https:\/\/analysedanmark.dk\/fr\/wp-json\/wp\/v2\/pages\/43521\/revisions"}],"predecessor-version":[{"id":234922,"href":"https:\/\/analysedanmark.dk\/fr\/wp-json\/wp\/v2\/pages\/43521\/revisions\/234922"}],"up":[{"embeddable":true,"href":"https:\/\/analysedanmark.dk\/fr\/wp-json\/wp\/v2\/pages\/35209"}],"wp:attachment":[{"href":"https:\/\/analysedanmark.dk\/fr\/wp-json\/wp\/v2\/media?parent=43521"}],"curies":[{"name":"wp","href":"https:\/\/api.w.org\/{rel}","templated":true}]}}