{"id":43519,"date":"2024-12-05T03:28:57","date_gmt":"2024-12-05T02:28:57","guid":{"rendered":"https:\/\/analysedanmark.stage.heyrobot.com\/?page_id=43519"},"modified":"2025-05-15T12:17:37","modified_gmt":"2025-05-15T10:17:37","slug":"holdnings-og-opinionsundersoegelser","status":"publish","type":"page","link":"https:\/\/analysedanmark.dk\/fr\/ydelser\/holdnings-og-opinionsundersoegelser\/","title":{"rendered":"holdnings-og-opinionsundersoegelser"},"content":{"rendered":"<div class=\"gb-container gb-container-69085cdc\">\n<header class=\"gb-container gb-container-58a76ced\">\n<div class=\"gb-container gb-container-3224c6ce gbp-section__inner\">\n<div class=\"gb-grid-wrapper gb-grid-wrapper-d7355558\">\n<div class=\"gb-grid-column gb-grid-column-516ff6c2\"><div class=\"gb-container gb-container-516ff6c2\">\n\n<p class=\"gb-headline gb-headline-ad6edd9c gb-headline-text gbp-section__tagline\">Vi kan hj\u00e6lpe jer med at afd\u00e6kke en given m\u00e5lgruppes holdninger<\/p>\n\n\n\n<h1 class=\"gb-headline gb-headline-0e509d67 gb-headline-text\">Enqu\u00eates d'attitude et d'opinion<\/h1>\n\n\n\n<p class=\"gb-headline gb-headline-cf6f9690 gb-headline-text\">Les entreprises priv\u00e9es, les institutions et les organisations publiques ont de plus en plus besoin de savoir ce que la population ou des segments s\u00e9lectionn\u00e9s de la population pensent de diff\u00e9rents sujets.<\/p>\n\n\n\n<h2 class=\"wp-block-heading\">\u201dEn ny m\u00e5ling fra Analyse Danmark viser\u2026\u201d<\/h2>\n\n\n\n<p>Analyse Danmark har&nbsp;mange\u00e5rig erfaring med at gennemf\u00f8re holdnings- og opinionsunders\u00f8gelser og har f.eks. et fast samarbejde med flere medier. Overordnet skelnes der mellem holdnings- og opinionsunders\u00f8gelser, som afd\u00e6kker emner, der allerede er p\u00e5 dagsordenen og de, der afd\u00e6kker emner man \u00f8nsker at f\u00e5 sat p\u00e5 dagsordenen hos relevante dele af offentligheden.<\/p>\n\n<\/div><\/div>\n\n<div class=\"gb-grid-column gb-grid-column-38b0cc66\"><div class=\"gb-container gb-container-38b0cc66\">\n\n<figure class=\"gb-block-image gb-block-image-6f1ffcca\"><img loading=\"lazy\" decoding=\"async\" width=\"640\" height=\"640\" class=\"gb-image gb-image-6f1ffcca gbp--border-radius\" src=\"https:\/\/analysedanmark.dk\/wp-content\/uploads\/2025\/01\/shutterstock_2544046255-640x640.jpg\" alt=\"Enqu\u00eates d&#039;attitude et d&#039;opinion\" title=\"Mesure de la population\" srcset=\"https:\/\/analysedanmark.dk\/wp-content\/uploads\/2025\/01\/shutterstock_2544046255-640x640.jpg 640w, https:\/\/analysedanmark.dk\/wp-content\/uploads\/2025\/01\/shutterstock_2544046255-1280x1280.jpg 1280w, https:\/\/analysedanmark.dk\/wp-content\/uploads\/2025\/01\/shutterstock_2544046255-768x768.jpg 768w, https:\/\/analysedanmark.dk\/wp-content\/uploads\/2025\/01\/shutterstock_2544046255-1536x1536.jpg 1536w, https:\/\/analysedanmark.dk\/wp-content\/uploads\/2025\/01\/shutterstock_2544046255-2048x2048.jpg 2048w, https:\/\/analysedanmark.dk\/wp-content\/uploads\/2025\/01\/shutterstock_2544046255-300x300.jpg 300w, https:\/\/analysedanmark.dk\/wp-content\/uploads\/2025\/01\/shutterstock_2544046255-400x400.jpg 400w, https:\/\/analysedanmark.dk\/wp-content\/uploads\/2025\/01\/shutterstock_2544046255-600x600.jpg 600w\" sizes=\"auto, (max-width: 640px) 100vw, 640px\" \/><\/figure>\n\n\n\n<figure class=\"wp-block-image size-medium hey_image_fx\"><img loading=\"lazy\" decoding=\"async\" width=\"640\" height=\"427\" src=\"https:\/\/analysedanmark.dk\/wp-content\/uploads\/2024\/11\/20240114-154938-L-1920x1280we-640x427.webp\" alt=\"Enqu\u00eates d&#039;attitude et d&#039;opinion\" class=\"wp-image-43432\" srcset=\"https:\/\/analysedanmark.dk\/wp-content\/uploads\/2024\/11\/20240114-154938-L-1920x1280we-640x427.webp 640w, https:\/\/analysedanmark.dk\/wp-content\/uploads\/2024\/11\/20240114-154938-L-1920x1280we-360x240.webp 360w, https:\/\/analysedanmark.dk\/wp-content\/uploads\/2024\/11\/20240114-154938-L-1920x1280we-768x512.webp 768w, https:\/\/analysedanmark.dk\/wp-content\/uploads\/2024\/11\/20240114-154938-L-1920x1280we.webp 1000w\" sizes=\"auto, (max-width: 640px) 100vw, 640px\" \/><\/figure>\n\n<\/div><\/div>\n<\/div>\n<\/div>\n<\/header>\n<\/div>\n\n<div class=\"gb-container gb-container-7e6d0854 gbp-section\">\n<div class=\"gb-container gb-container-3ff20a45 gbp-section__inner\">\n<div class=\"gb-grid-wrapper gb-grid-wrapper-d4759108\">\n<div class=\"gb-grid-column gb-grid-column-c739950f\"><div class=\"gb-container gb-container-c739950f\">\n\n<figure class=\"wp-block-image size-full hey_image_fx\"><img loading=\"lazy\" decoding=\"async\" width=\"2560\" height=\"1707\" src=\"https:\/\/analysedanmark.dk\/wp-content\/uploads\/2024\/11\/31_gallery_stroget3-scaled.webp\" alt=\"\" class=\"wp-image-43431\" srcset=\"https:\/\/analysedanmark.dk\/wp-content\/uploads\/2024\/11\/31_gallery_stroget3-scaled.webp 2560w, https:\/\/analysedanmark.dk\/wp-content\/uploads\/2024\/11\/31_gallery_stroget3-scaled-640x427.webp 640w, https:\/\/analysedanmark.dk\/wp-content\/uploads\/2024\/11\/31_gallery_stroget3-scaled-1280x854.webp 1280w, https:\/\/analysedanmark.dk\/wp-content\/uploads\/2024\/11\/31_gallery_stroget3-scaled-360x240.webp 360w, https:\/\/analysedanmark.dk\/wp-content\/uploads\/2024\/11\/31_gallery_stroget3-scaled-768x512.webp 768w, https:\/\/analysedanmark.dk\/wp-content\/uploads\/2024\/11\/31_gallery_stroget3-scaled-1536x1024.webp 1536w, https:\/\/analysedanmark.dk\/wp-content\/uploads\/2024\/11\/31_gallery_stroget3-scaled-2048x1366.webp 2048w\" sizes=\"auto, (max-width: 2560px) 100vw, 2560px\" \/><\/figure>\n\n<\/div><\/div>\n\n<div class=\"gb-grid-column gb-grid-column-44584bd0\"><div class=\"gb-container gb-container-44584bd0\">\n\n<h2 class=\"gb-headline gb-headline-c2afdff5 gb-headline-text\">Omkostningseffektive og hurtige gennemf\u00f8rte unders\u00f8gelser af h\u00f8j kvalitet. <\/h2>\n\n\n\n<ul class=\"wp-block-list\">\n<li>Langt de fleste af Analyse Danmarks holdnings- og opinionsunders\u00f8gelser gennemf\u00f8res som panelunders\u00f8gelser. Det skyldes, at Analyse Danmarks panelunders\u00f8gelser er omkostningseffektive og hurtige gennemf\u00f8rte unders\u00f8gelser af h\u00f8j kvalitet. Ofte er der i forbindelse med unders\u00f8gelser af aktuelle emner\u00a0behov for hurtige svar.<\/li>\n\n\n\n<li>Selvom panelunders\u00f8gelser er billigere og kan gennemf\u00f8res hurtigere end traditionelle unders\u00f8gelser, skal der stadig stilles h\u00f8je krav til kvalitet og metode (l\u00e6s mere om panelunders\u00f8gelser <a href=\"https:\/\/analysedanmark.dk\/fr\/services\/panelundersoegelser\/\">her<\/a>). Analyse Danmark l\u00e6gger v\u00e6gt p\u00e5 at levere analyser af h\u00f8j kvalitet, og vi optimerer og udvikler l\u00f8bende vores metodikker og kvalitetssikringsprocedurer.<\/li>\n<\/ul>\n\n<\/div><\/div>\n<\/div>\n<\/div>\n<\/div>","protected":false},"excerpt":{"rendered":"","protected":false},"author":4,"featured_media":0,"parent":35209,"menu_order":0,"comment_status":"closed","ping_status":"closed","template":"","meta":{"_acf_changed":false,"footnotes":""},"class_list":["post-43519","page","type-page","status-publish"],"acf":[],"_links":{"self":[{"href":"https:\/\/analysedanmark.dk\/fr\/wp-json\/wp\/v2\/pages\/43519","targetHints":{"allow":["GET"]}}],"collection":[{"href":"https:\/\/analysedanmark.dk\/fr\/wp-json\/wp\/v2\/pages"}],"about":[{"href":"https:\/\/analysedanmark.dk\/fr\/wp-json\/wp\/v2\/types\/page"}],"author":[{"embeddable":true,"href":"https:\/\/analysedanmark.dk\/fr\/wp-json\/wp\/v2\/users\/4"}],"replies":[{"embeddable":true,"href":"https:\/\/analysedanmark.dk\/fr\/wp-json\/wp\/v2\/comments?post=43519"}],"version-history":[{"count":5,"href":"https:\/\/analysedanmark.dk\/fr\/wp-json\/wp\/v2\/pages\/43519\/revisions"}],"predecessor-version":[{"id":234875,"href":"https:\/\/analysedanmark.dk\/fr\/wp-json\/wp\/v2\/pages\/43519\/revisions\/234875"}],"up":[{"embeddable":true,"href":"https:\/\/analysedanmark.dk\/fr\/wp-json\/wp\/v2\/pages\/35209"}],"wp:attachment":[{"href":"https:\/\/analysedanmark.dk\/fr\/wp-json\/wp\/v2\/media?parent=43519"}],"curies":[{"name":"wp","href":"https:\/\/api.w.org\/{rel}","templated":true}]}}