{"id":43515,"date":"2024-12-05T03:26:24","date_gmt":"2024-12-05T02:26:24","guid":{"rendered":"https:\/\/analysedanmark.stage.heyrobot.com\/?page_id=43515"},"modified":"2025-05-01T13:07:37","modified_gmt":"2025-05-01T11:07:37","slug":"enquetes-aupres-des-utilisateurs","status":"publish","type":"page","link":"https:\/\/analysedanmark.dk\/fr\/ydelser\/brugerundersoegelser\/","title":{"rendered":"Enqu\u00eates aupr\u00e8s des utilisateurs"},"content":{"rendered":"<header class=\"gb-container gb-container-58a76ced\">\n<div class=\"gb-container gb-container-3224c6ce gbp-section__inner\">\n<div class=\"gb-grid-wrapper gb-grid-wrapper-d7355558\">\n<div class=\"gb-grid-column gb-grid-column-516ff6c2\"><div class=\"gb-container gb-container-516ff6c2\">\n\n<p class=\"gb-headline gb-headline-ad6edd9c gb-headline-text gbp-section__tagline\">Par exemple, une enqu\u00eate aupr\u00e8s des utilisateurs peut vous fournir des informations utiles sur votre site web<\/p>\n\n\n\n<h1 class=\"gb-headline gb-headline-0e509d67 gb-headline-text\">Enqu\u00eates aupr\u00e8s des utilisateurs<\/h1>\n\n\n\n<p>Une enqu\u00eate aupr\u00e8s des utilisateurs permet de conna\u00eetre leur exp\u00e9rience d'un produit, d'un service ou d'un site web, par exemple. L'enqu\u00eate r\u00e9v\u00e8le g\u00e9n\u00e9ralement la satisfaction des utilisateurs et leur attitude \u00e0 l'\u00e9gard de ce qui est test\u00e9. Le test d'un produit ou d'un service s'inscrit g\u00e9n\u00e9ralement dans le cadre d'un projet de recherche.&nbsp;<a href=\"https:\/\/analysedanmark.dk\/fr\/services\/analyses-de-la-clientele\/\" data-type=\"page\" data-id=\"43523\">analyse de la client\u00e8le<\/a>. L'accent est mis ici sur la recherche sur les utilisateurs de sites web.<\/p>\n\n\n\n<p>Une enqu\u00eate aupr\u00e8s des utilisateurs d'un site web est id\u00e9ale dans les cas suivants<\/p>\n\n\n\n<p>Le d\u00e9veloppement du site web est en cours - nous recommandons un pr\u00e9-test et un post-test pour d\u00e9tecter les changements de perception.<\/p>\n\n\n\n<p>Vous souhaitez conna\u00eetre le type d'utilisateurs et leur comportement sur le site web afin d'optimiser la communication.<\/p>\n\n\n\n<p>Vous souhaitez optimiser en permanence le site web en fonction des souhaits de l'utilisateur.<\/p>\n\n<\/div><\/div>\n\n<div class=\"gb-grid-column gb-grid-column-38b0cc66\"><div class=\"gb-container gb-container-38b0cc66\">\n\n<figure class=\"gb-block-image gb-block-image-6f1ffcca\"><img decoding=\"async\" class=\"gb-image gb-image-6f1ffcca hey_image_fx gbp--border-radius\" src=\"https:\/\/gpsites.co\/affinity\/wp-content\/uploads\/sites\/147\/2024\/06\/nordwood-themes-ubIWo074QlU-unsplash-300x225.webp\" alt=\"\" title=\"nordwood-themes-ubIWo074QlU-unsplash\"><\/figure>\n\n\n\n<figure class=\"gb-block-image gb-block-image-e235177f\"><img decoding=\"async\" class=\"gb-image gb-image-e235177f hey_image_fx gbp--border-radius\" src=\"https:\/\/gpsites.co\/affinity\/wp-content\/uploads\/sites\/147\/2024\/06\/walling-UP7JSnodG2M-unsplash-300x225.webp\" alt=\"\" title=\"walling-UP7JSnodG2M-unsplash\"><\/figure>\n\n<\/div><\/div>\n<\/div>\n<\/div>\n<\/header>\n\n<div class=\"gb-container gb-container-b510b0bb\">\n<div class=\"gb-container gb-container-7e6d0854 gbp-section\">\n<div class=\"gb-container gb-container-3ff20a45 gbp-section__inner\">\n<div class=\"gb-grid-wrapper gb-grid-wrapper-d4759108\">\n<div class=\"gb-grid-column gb-grid-column-c739950f\"><div class=\"gb-container gb-container-c739950f\">\n\n<figure class=\"wp-block-image size-full hey_image_fx\"><img loading=\"lazy\" decoding=\"async\" width=\"1200\" height=\"1200\" src=\"https:\/\/analysedanmark.dk\/wp-content\/uploads\/2024\/11\/giu-vicente-3_uiwITfv4M-unsplash-1.webp\" alt=\"\" class=\"wp-image-43057\" srcset=\"https:\/\/analysedanmark.dk\/wp-content\/uploads\/2024\/11\/giu-vicente-3_uiwITfv4M-unsplash-1.webp 1200w, https:\/\/analysedanmark.dk\/wp-content\/uploads\/2024\/11\/giu-vicente-3_uiwITfv4M-unsplash-1-640x640.webp 640w, https:\/\/analysedanmark.dk\/wp-content\/uploads\/2024\/11\/giu-vicente-3_uiwITfv4M-unsplash-1-768x768.webp 768w, https:\/\/analysedanmark.dk\/wp-content\/uploads\/2024\/11\/giu-vicente-3_uiwITfv4M-unsplash-1-300x300.webp 300w, https:\/\/analysedanmark.dk\/wp-content\/uploads\/2024\/11\/giu-vicente-3_uiwITfv4M-unsplash-1-400x400.webp 400w, https:\/\/analysedanmark.dk\/wp-content\/uploads\/2024\/11\/giu-vicente-3_uiwITfv4M-unsplash-1-600x600.webp 600w\" sizes=\"auto, (max-width: 1200px) 100vw, 1200px\" \/><\/figure>\n\n<\/div><\/div>\n\n<div class=\"gb-grid-column gb-grid-column-44584bd0\"><div class=\"gb-container gb-container-44584bd0\">\n\n<h2 class=\"gb-headline gb-headline-c2afdff5 gb-headline-text\"><strong><strong>Analyse Danmark propose de suivre le comportement des sites web afin que vous puissiez optimiser vos efforts et le d\u00e9veloppement de votre site web.<\/strong><\/strong><\/h2>\n\n\n\n<p>Souvent, beaucoup de ressources - financi\u00e8res et humaines - sont consacr\u00e9es au d\u00e9veloppement et \u00e0 la maintenance du site web d'une entreprise. C'est logique, car aujourd'hui, l'internet est souvent le premier point d'entr\u00e9e pour les nouveaux clients et donc le d\u00e9but possible d'une longue relation avec eux.<\/p>\n\n\n\n<p>Mais les nouveaux clients ne sont pas les seuls \u00e0 utiliser le site web. La presse, les concurrents, les (futurs) employ\u00e9s et d'autres parties prenantes peuvent se faire une id\u00e9e de votre monde par le biais de votre site web. Le probl\u00e8me est souvent que l'entreprise n'en sait pas assez sur la perception du site par les utilisateurs ou sur leur comportement.<\/p>\n\n\n\n<p><strong>En d'autres termes, obtenez-vous suffisamment de vos visiteurs ? Savez-vous qui ils sont - et obtiennent-ils ce qu'ils sont venus chercher ?<\/strong><\/p>\n\n\n\n<p>Analyse Denmark sugg\u00e8re de compl\u00e9ter votre propre perception en interrogeant les utilisateurs eux-m\u00eames !<\/p>\n\n<\/div><\/div>\n<\/div>\n<\/div>\n<\/div>\n<\/div>\n\n<div class=\"gb-container gb-container-0c83677d\">\n<div class=\"gb-container gb-container-a5391143 gbp-section\">\n<div class=\"gb-container gb-container-93ca79a7 gbp-section__inner\">\n<div class=\"gb-grid-wrapper gb-grid-wrapper-b92d2374\">\n<div class=\"gb-grid-column gb-grid-column-57d1efca\"><div class=\"gb-container gb-container-57d1efca\">\n\n<h2 class=\"gb-headline gb-headline-9d1ec87b gb-headline-text\">Les m\u00e9thodes<\/h2>\n\n\n\n<p>Une enqu\u00eate compl\u00e8te aupr\u00e8s des utilisateurs de votre site web peut \u00eatre r\u00e9alis\u00e9e en 2 \u00e0 3 semaines, en fonction du trafic sur le site, ce qui garantit l'actualit\u00e9 des r\u00e9sultats.<\/p>\n\n\n\n<p>Analyse Denmark peut fournir des donn\u00e9es brutes ou une analyse avec des conclusions et des recommandations. Si vous optez pour cette derni\u00e8re solution, vous obtiendrez un rapport complet et annot\u00e9 contenant des graphiques d'ensemble, des recommandations et un ensemble complet de tableaux avec des fr\u00e9quences et des tableaux crois\u00e9s.<\/p>\n\n\n\n<ul class=\"wp-block-list\">\n<li>Les utilisateurs qui cliquent sur votre site web se voient proposer un questionnaire contextuel con\u00e7u \u00e0 cet effet.<\/li>\n\n\n\n<li>La fen\u00eatre pop-up est contr\u00f4l\u00e9e par cookie et par fr\u00e9quence, de sorte que l'utilisateur n'est pas d\u00e9rang\u00e9 par le m\u00eame formulaire plusieurs fois. L'utilisateur r\u00e9pond aux questions et apr\u00e8s au moins 500 r\u00e9ponses, l'enqu\u00eate s'arr\u00eate. 500 r\u00e9ponses, l'enqu\u00eate s'arr\u00eate.<\/li>\n<\/ul>\n\n<\/div><\/div>\n\n<div class=\"gb-grid-column gb-grid-column-8020f66b\"><div class=\"gb-container gb-container-8020f66b\">\n\n<figure class=\"wp-block-image size-full hey_image_fx\"><img loading=\"lazy\" decoding=\"async\" width=\"1200\" height=\"1200\" src=\"https:\/\/analysedanmark.dk\/wp-content\/uploads\/2024\/11\/giu-vicente-3_uiwITfv4M-unsplash-1.webp\" alt=\"\" class=\"wp-image-43057\" srcset=\"https:\/\/analysedanmark.dk\/wp-content\/uploads\/2024\/11\/giu-vicente-3_uiwITfv4M-unsplash-1.webp 1200w, https:\/\/analysedanmark.dk\/wp-content\/uploads\/2024\/11\/giu-vicente-3_uiwITfv4M-unsplash-1-640x640.webp 640w, https:\/\/analysedanmark.dk\/wp-content\/uploads\/2024\/11\/giu-vicente-3_uiwITfv4M-unsplash-1-768x768.webp 768w, https:\/\/analysedanmark.dk\/wp-content\/uploads\/2024\/11\/giu-vicente-3_uiwITfv4M-unsplash-1-300x300.webp 300w, https:\/\/analysedanmark.dk\/wp-content\/uploads\/2024\/11\/giu-vicente-3_uiwITfv4M-unsplash-1-400x400.webp 400w, https:\/\/analysedanmark.dk\/wp-content\/uploads\/2024\/11\/giu-vicente-3_uiwITfv4M-unsplash-1-600x600.webp 600w\" sizes=\"auto, (max-width: 1200px) 100vw, 1200px\" \/><\/figure>\n\n<\/div><\/div>\n<\/div>\n<\/div>\n<\/div>\n<\/div>","protected":false},"excerpt":{"rendered":"","protected":false},"author":4,"featured_media":0,"parent":35209,"menu_order":0,"comment_status":"closed","ping_status":"closed","template":"","meta":{"_acf_changed":false,"footnotes":""},"class_list":["post-43515","page","type-page","status-publish"],"acf":[],"_links":{"self":[{"href":"https:\/\/analysedanmark.dk\/fr\/wp-json\/wp\/v2\/pages\/43515","targetHints":{"allow":["GET"]}}],"collection":[{"href":"https:\/\/analysedanmark.dk\/fr\/wp-json\/wp\/v2\/pages"}],"about":[{"href":"https:\/\/analysedanmark.dk\/fr\/wp-json\/wp\/v2\/types\/page"}],"author":[{"embeddable":true,"href":"https:\/\/analysedanmark.dk\/fr\/wp-json\/wp\/v2\/users\/4"}],"replies":[{"embeddable":true,"href":"https:\/\/analysedanmark.dk\/fr\/wp-json\/wp\/v2\/comments?post=43515"}],"version-history":[{"count":5,"href":"https:\/\/analysedanmark.dk\/fr\/wp-json\/wp\/v2\/pages\/43515\/revisions"}],"predecessor-version":[{"id":234832,"href":"https:\/\/analysedanmark.dk\/fr\/wp-json\/wp\/v2\/pages\/43515\/revisions\/234832"}],"up":[{"embeddable":true,"href":"https:\/\/analysedanmark.dk\/fr\/wp-json\/wp\/v2\/pages\/35209"}],"wp:attachment":[{"href":"https:\/\/analysedanmark.dk\/fr\/wp-json\/wp\/v2\/media?parent=43515"}],"curies":[{"name":"wp","href":"https:\/\/api.w.org\/{rel}","templated":true}]}}