{"id":30249,"date":"2023-08-24T20:15:00","date_gmt":"2023-08-24T20:15:00","guid":{"rendered":"https:\/\/gpsites.co\/affinity\/?page_id=30249"},"modified":"2026-03-25T14:40:23","modified_gmt":"2026-03-25T13:40:23","slug":"politique-de-confidentialite","status":"publish","type":"page","link":"https:\/\/analysedanmark.dk\/fr\/persondatapolitik\/","title":{"rendered":"Politique de confidentialit\u00e9"},"content":{"rendered":"<div class=\"gb-container gb-container-00dad267 gbp-section\">\n<div class=\"gb-container gb-container-7c095171 gb-container-e12be6ba gbp-section__inner\">\n\n<p>Dans notre politique de confidentialit\u00e9, vous pouvez lire comment nous collectons et traitons vos donn\u00e9es personnelles lorsque vous participez \u00e0 nos enqu\u00eates, vous inscrivez \u00e0 notre bulletin d'information ou soumettez une demande via un formulaire sur le site web.<\/p>\n\n\n\n<h3 class=\"wp-block-heading\"><strong>Responsable du traitement des donn\u00e9es<\/strong><\/h3>\n\n\n\n<p>Analyse Danmark ApS est le responsable du traitement de vos donn\u00e9es personnelles.<\/p>\n\n\n\n<p>Analyse Danmark ApS<br>Vesterbrogade 124 B, 4\u00e8me \u00e0 gauche.<br>1620 Copenhague V<br>T\u00e9l\u00e9phone : 43331020<br>CVR : 3740 8174<br><\/p>\n\n\n\n<h3 class=\"wp-block-heading\"><strong>Traitement des donn\u00e9es \u00e0 caract\u00e8re personnel lorsque vous participez \u00e0 nos enqu\u00eates, posez des questions sur des enqu\u00eates existantes ou envoyez une demande via un lien envoy\u00e9, par t\u00e9l\u00e9phone, en personne (par exemple, lors d'un entretien personnel ou en tant que participant \u00e0 un groupe de discussion), par courrier postal, par courrier \u00e9lectronique ou sur le site web.<\/strong><\/h3>\n\n\n\n<p>Lorsque vous participez \u00e0 nos enqu\u00eates ou que vous envoyez une demande via le site web, il peut vous \u00eatre demand\u00e9 de fournir votre nom, votre adresse \u00e9lectronique, votre num\u00e9ro de t\u00e9l\u00e9phone et d'autres informations utiles pour participer \u00e0 l'enqu\u00eate ou pour que nous puissions r\u00e9pondre \u00e0 votre demande. Toutes les informations seront trait\u00e9es de mani\u00e8re confidentielle et anonyme, tant pour nos clients que pour les tiers. Vos coordonn\u00e9es ne seront pas divulgu\u00e9es \u00e0 des tiers sans votre consentement, sauf si la loi nous y oblige. Nous n'utilisons pas ces informations \u00e0 des fins de spam ou d'autres envois commerciaux. Dans certains cas, nous confions le traitement de vos donn\u00e9es personnelles \u00e0 nos fournisseurs. C'est le cas, par exemple, lorsque nous utilisons GoGift, Send a Thought ou d'autres comme fournisseurs de ch\u00e8ques-cadeaux et que nous ne recevons que des adresses \u00e9lectroniques afin que le ch\u00e8que-cadeau puisse vous \u00eatre envoy\u00e9 par voie \u00e9lectronique.<\/p>\n\n\n\n<p>En r\u00e8gle g\u00e9n\u00e9rale, nous conservons les donn\u00e9es personnelles pendant deux ans au maximum, apr\u00e8s quoi nous les supprimons. La raison pour laquelle nous ne les supprimons pas toujours imm\u00e9diatement apr\u00e8s la fin d'une enqu\u00eate est le contr\u00f4le de la qualit\u00e9 et la n\u00e9cessit\u00e9 de r\u00e9p\u00e9ter l'enqu\u00eate aupr\u00e8s du m\u00eame groupe cible, par exemple pour mesurer l'historique d'un sujet sp\u00e9cifique ou pour inviter \u00e0 des entretiens plus approfondis. Dans le cas d'enqu\u00eates pour lesquelles nous devons vous recontacter ult\u00e9rieurement, vous en serez inform\u00e9.<\/p>\n\n\n\n<p>Vous pouvez recevoir une enqu\u00eate de notre part sans avoir exprim\u00e9 votre int\u00e9r\u00eat \u00e0 y participer. Il peut s'agir d'une enqu\u00eate dans le cadre de laquelle notre client a recueilli des informations de contact accessibles au public, telles que des courriels provenant de sites web, ou dans le cadre de laquelle vous \u00eates membre d'une association dont l'association est le responsable du traitement des donn\u00e9es. Cette pratique est parfaitement l\u00e9gale et vous \u00eates bien entendu libre de participer ou non \u00e0 l'enqu\u00eate. Pour en savoir plus sur la loi sur le marketing et l'interdiction du spam, cliquez ici.<\/p>\n\n\n\n<p><a href=\"https:\/\/www.forbrugerombudsmanden.dk\/hvad-gaelder\/ofte-stillede-spoergsmaal\/spam\" rel=\"nofollow noopener\" target=\"_blank\">https:\/\/www.forbrugerombudsmanden.dk\/hvad-gaelder\/ofte-stillede-spoergsmaal\/spam<\/a><\/p>\n\n\n\n<p>Les employ\u00e9s d'Analyse Danmark sont soumis \u00e0 un accord de confidentialit\u00e9 qui couvre \u00e0 la fois les questions internes propres \u00e0 l'entreprise, les informations sur nos clients et leurs produits\/services et les personnes interrog\u00e9es dans le cadre de nos enqu\u00eates.<\/p>\n\n\n\n<h3 class=\"wp-block-heading\"><strong>Traitement des donn\u00e9es personnelles lors de l'inscription \u00e0 notre lettre d'information<\/strong><\/h3>\n\n\n\n<p>Lorsque vous vous inscrivez \u00e0 notre lettre d'information, nous enregistrons votre nom et votre adresse \u00e9lectronique afin de vous envoyer nos lettres d'information.&nbsp;<\/p>\n\n\n\n<p>Nous traitons les donn\u00e9es susmentionn\u00e9es sur la base du consentement que vous donnez lorsque vous vous inscrivez \u00e0 nos bulletins d'information. Vous pouvez toujours retirer votre consentement en \u00e9crivant un courriel \u00e0 ou vous d\u00e9sabonner directement en cliquant sur le lien figurant dans l'une des lettres d'information que nous vous envoyons. En r\u00e8gle g\u00e9n\u00e9rale, nous ne divulguons pas vos donn\u00e9es \u00e0 caract\u00e8re personnel \u00e0 des tiers sans votre consentement, sauf si la loi nous y oblige. Nous traitons g\u00e9n\u00e9ralement les donn\u00e9es \u00e0 caract\u00e8re personnel jusqu'\u00e0 ce que vous retiriez votre consentement \u00e0 recevoir nos bulletins d'information.<\/p>\n\n\n\n<h3 class=\"wp-block-heading\"><strong>Vos droits<\/strong><\/h3>\n\n\n\n<p>Vous pouvez toujours demander \u00e0 conna\u00eetre les donn\u00e9es personnelles que nous traitons \u00e0 votre sujet.<\/p>\n\n\n\n<p>Vous pouvez \u00e9galement vous opposer au traitement de vos donn\u00e9es \u00e0 caract\u00e8re personnel, notamment en nous demandant de les corriger, de les supprimer, de les limiter, de les transf\u00e9rer ou d'en cesser le traitement.<\/p>\n\n\n\n<p><strong>Pour toutes ces questions, vous pouvez simplement nous contacter aux coordonn\u00e9es indiqu\u00e9es ci-dessous.&nbsp;<\/strong><\/p>\n\n\n\n<p>Si vous avez des questions ou des commentaires sur le traitement de vos donn\u00e9es personnelles, vous pouvez toujours nous contacter ici :<\/p>\n\n\n\n<p>Analyse Danmark ApS<br>Vesterbrogade 124 B, 4\u00e8me \u00e0 gauche.&nbsp;<br>1620 Copenhague V<br>T\u00e9l\u00e9phone : 43331020<br>Courrier :&nbsp;<a href=\"mailto:info@analysedanmark.dk\">info@analysedanmark.dk<\/a><\/p>\n\n\n\n<p>Si vous souhaitez d\u00e9poser une plainte concernant le traitement de vos donn\u00e9es personnelles, vous pouvez le faire \u00e0 l'adresse suivante :&nbsp;<\/p>\n\n\n\n<p>Autorit\u00e9 de protection des donn\u00e9es<br>Borgergade 28, 5<br>1300 Copenhague K, Danemark&nbsp;<br>T\u00e9l\u00e9phone : 33 19 32 00<br>&nbsp;<\/p>\n\n\n\n<p>Voir aussi&nbsp;<a href=\"https:\/\/www.datatilsynet.dk\/om-datatilsynet\/kontakt\/\" rel=\"nofollow noopener\" target=\"_blank\">https:\/\/www.datatilsynet.dk\/om-datatilsynet\/kontakt\/<\/a><\/p>\n\n<\/div>\n<\/div>","protected":false},"excerpt":{"rendered":"<p>I vores&nbsp;persondatapolitik kan du l\u00e6se om, hvordan vi indsamler og behandler dine persondata, n\u00e5r du deltager i vores unders\u00f8gelser, tilmelder dig vores nyhedsbrev eller sender en foresp\u00f8rgsel via formular p\u00e5 hjemmesiden. Dataansvarlig Analyse Danmark ApS er dataansvarlig for behandling af dine personoplysninger. Analyse Danmark ApSVesterbrogade 124 B, 4. t.v.1620 K\u00f8benhavn VTelefon: 43331020CVR: 3740 8174 Behandling &#8230; <\/p>\n<p class=\"read-more-container\"><a title=\"Politique de confidentialit\u00e9\" class=\"read-more button\" href=\"https:\/\/analysedanmark.dk\/fr\/persondatapolitik\/#more-30249\" aria-label=\"En savoir plus sur Persondatapolitik\">Lire plus<\/a><\/p>","protected":false},"author":1,"featured_media":0,"parent":0,"menu_order":0,"comment_status":"closed","ping_status":"closed","template":"","meta":{"_acf_changed":false,"footnotes":""},"class_list":["post-30249","page","type-page","status-publish"],"acf":[],"_links":{"self":[{"href":"https:\/\/analysedanmark.dk\/fr\/wp-json\/wp\/v2\/pages\/30249","targetHints":{"allow":["GET"]}}],"collection":[{"href":"https:\/\/analysedanmark.dk\/fr\/wp-json\/wp\/v2\/pages"}],"about":[{"href":"https:\/\/analysedanmark.dk\/fr\/wp-json\/wp\/v2\/types\/page"}],"author":[{"embeddable":true,"href":"https:\/\/analysedanmark.dk\/fr\/wp-json\/wp\/v2\/users\/1"}],"replies":[{"embeddable":true,"href":"https:\/\/analysedanmark.dk\/fr\/wp-json\/wp\/v2\/comments?post=30249"}],"version-history":[{"count":7,"href":"https:\/\/analysedanmark.dk\/fr\/wp-json\/wp\/v2\/pages\/30249\/revisions"}],"predecessor-version":[{"id":235028,"href":"https:\/\/analysedanmark.dk\/fr\/wp-json\/wp\/v2\/pages\/30249\/revisions\/235028"}],"wp:attachment":[{"href":"https:\/\/analysedanmark.dk\/fr\/wp-json\/wp\/v2\/media?parent=30249"}],"curies":[{"name":"wp","href":"https:\/\/api.w.org\/{rel}","templated":true}]}}