{"id":234992,"date":"2026-03-04T11:37:03","date_gmt":"2026-03-04T10:37:03","guid":{"rendered":"https:\/\/analysedanmark.dk\/?page_id=234992"},"modified":"2026-03-04T13:10:01","modified_gmt":"2026-03-04T12:10:01","slug":"performance-de-la-marque","status":"publish","type":"page","link":"https:\/\/analysedanmark.dk\/fr\/ydelser\/markedsanalyser\/brand-performance\/","title":{"rendered":"Performance de la marque"},"content":{"rendered":"<header class=\"gb-container gb-container-58a76ced\">\n<div class=\"gb-container gb-container-3224c6ce gbp-section__inner\">\n<div class=\"gb-grid-wrapper gb-grid-wrapper-d7355558\">\n<div class=\"gb-grid-column gb-grid-column-516ff6c2\"><div class=\"gb-container gb-container-516ff6c2\">\n\n<p class=\"gb-headline gb-headline-ad6edd9c gb-headline-text gbp-section__tagline\">Comprendre les performances de votre marque sur le march\u00e9<\/p>\n\n\n\n<h1 class=\"gb-headline gb-headline-0e509d67 gb-headline-text\">Performance de la marque<\/h1>\n\n\n\n<p>Une marque forte suscite la pr\u00e9f\u00e9rence, la fid\u00e9lit\u00e9 et la croissance - mais seulement si elle se d\u00e9veloppe dans la bonne direction. Les analyses de performance de la marque vous donnent une image claire de la fa\u00e7on dont votre marque est per\u00e7ue par les consommateurs et de ses performances par rapport \u00e0 la concurrence.<\/p>\n\n\n\n<p>Analyse Danmark aide les entreprises \u00e0 mesurer et \u00e0 comprendre leur marque tout au long du parcours du client, de la prise de conscience \u00e0 l'achat et \u00e0 la fid\u00e9lisation. Nous identifions les points forts de la marque, les obstacles et les facteurs qui d\u00e9terminent le choix des consommateurs.<\/p>\n\n\n\n<p>Nos analyses peuvent notamment r\u00e9v\u00e9ler<\/p>\n\n\n\n<ul class=\"wp-block-list\">\n<li><strong>Notori\u00e9t\u00e9 de la marque<\/strong> - notori\u00e9t\u00e9 de la marque<\/li>\n\n\n\n<li><strong>Entonnoir de la marque<\/strong> - L'\u00e9volution de la prise de conscience \u00e0 la consid\u00e9ration, \u00e0 l'achat et \u00e0 la fid\u00e9lisation<\/li>\n\n\n\n<li><strong>Intention d'achat et consid\u00e9ration de la marque<\/strong><\/li>\n\n\n\n<li><strong>Conducteurs de marque<\/strong> - Les moteurs de la pr\u00e9f\u00e9rence et de la fid\u00e9lit\u00e9<\/li>\n\n\n\n<li><strong>Publicit\u00e9 et reconnaissance m\u00e9diatique<\/strong><\/li>\n\n\n\n<li><strong>Net Promoter Score (NPS)<\/strong> et la volont\u00e9 de recommander<\/li>\n<\/ul>\n\n\n\n<p>Gr\u00e2ce \u00e0 des analyses et des visualisations claires de l'entonnoir de la marque, des moteurs de la marque et de la fid\u00e9lit\u00e9, il devient clair o\u00f9 se trouve le plus grand potentiel de renforcement de la marque et de cr\u00e9ation de croissance.<\/p>\n\n<\/div><\/div>\n\n<div class=\"gb-grid-column gb-grid-column-38b0cc66\"><div class=\"gb-container gb-container-38b0cc66\">\n\n<figure class=\"gb-block-image gb-block-image-6f1ffcca\"><img loading=\"lazy\" decoding=\"async\" width=\"640\" height=\"440\" class=\"gb-image gb-image-6f1ffcca\" src=\"https:\/\/analysedanmark.dk\/wp-content\/uploads\/2026\/03\/Skaermbillede-2026-03-04-111858-640x440.png\" alt=\"Performance de la marque\" title=\"Performance de la marque\" srcset=\"https:\/\/analysedanmark.dk\/wp-content\/uploads\/2026\/03\/Skaermbillede-2026-03-04-111858-640x440.png 640w, https:\/\/analysedanmark.dk\/wp-content\/uploads\/2026\/03\/Skaermbillede-2026-03-04-111858-18x12.png 18w, https:\/\/analysedanmark.dk\/wp-content\/uploads\/2026\/03\/Skaermbillede-2026-03-04-111858.png 666w\" sizes=\"auto, (max-width: 640px) 100vw, 640px\" \/><\/figure>\n\n\n\n<figure class=\"gb-block-image gb-block-image-e235177f\"><img loading=\"lazy\" decoding=\"async\" width=\"640\" height=\"453\" class=\"gb-image gb-image-e235177f gbp--border-radius\" src=\"https:\/\/analysedanmark.dk\/wp-content\/uploads\/2026\/03\/Skaermbillede-2026-03-04-112143-640x453.png\" alt=\"NPS\" title=\"Net Promoter Score\" srcset=\"https:\/\/analysedanmark.dk\/wp-content\/uploads\/2026\/03\/Skaermbillede-2026-03-04-112143-640x453.png 640w, https:\/\/analysedanmark.dk\/wp-content\/uploads\/2026\/03\/Skaermbillede-2026-03-04-112143-18x12.png 18w, https:\/\/analysedanmark.dk\/wp-content\/uploads\/2026\/03\/Skaermbillede-2026-03-04-112143.png 652w\" sizes=\"auto, (max-width: 640px) 100vw, 640px\" \/><\/figure>\n\n<\/div><\/div>\n<\/div>\n<\/div>\n<\/header>\n\n<div class=\"gb-container gb-container-b510b0bb\">\n<div class=\"gb-container gb-container-7e6d0854 gbp-section\">\n<div class=\"gb-container gb-container-3ff20a45 gbp-section__inner\">\n<div class=\"gb-grid-wrapper gb-grid-wrapper-d4759108\">\n<div class=\"gb-grid-column gb-grid-column-c739950f\"><div class=\"gb-container gb-container-c739950f\">\n\n<figure class=\"wp-block-image size-full\"><img loading=\"lazy\" decoding=\"async\" width=\"1000\" height=\"600\" src=\"https:\/\/analysedanmark.dk\/wp-content\/uploads\/2025\/01\/shutterstock_2514266543.jpg\" alt=\"Incendie\" class=\"wp-image-44434\" srcset=\"https:\/\/analysedanmark.dk\/wp-content\/uploads\/2025\/01\/shutterstock_2514266543.jpg 1000w, https:\/\/analysedanmark.dk\/wp-content\/uploads\/2025\/01\/shutterstock_2514266543-640x384.jpg 640w, https:\/\/analysedanmark.dk\/wp-content\/uploads\/2025\/01\/shutterstock_2514266543-768x461.jpg 768w\" sizes=\"auto, (max-width: 1000px) 100vw, 1000px\" \/><\/figure>\n\n<\/div><\/div>\n\n<div class=\"gb-grid-column gb-grid-column-44584bd0\"><div class=\"gb-container gb-container-44584bd0\">\n\n<h2 class=\"gb-headline gb-headline-c2afdff5 gb-headline-text\"><strong><strong>Des informations exploitables<\/strong><\/strong><\/h2>\n\n\n\n<p>La performance de la marque n'est pas qu'une question de chiffres - il s'agit de traduire les donn\u00e9es en d\u00e9cisions strat\u00e9giques concr\u00e8tes.<\/p>\n\n\n\n<p>Analyser le Danemark vous aide \u00e0 :<\/p>\n\n\n\n<ul class=\"wp-block-list\">\n<li>identifier <strong>Forces et faiblesses de la position de la marque<\/strong><\/li>\n\n\n\n<li>comprendre <strong>Ce qui motive la pr\u00e9f\u00e9rence des clients<\/strong><\/li>\n\n\n\n<li>Mesure <strong>L'impact des activit\u00e9s de marketing et de promotion<\/strong><\/li>\n\n\n\n<li>\u00c9tablir des crit\u00e8res de r\u00e9f\u00e9rence pour la marque <strong>contre les concurrents<\/strong><\/li>\n\n\n\n<li>Suivre <strong>le d\u00e9veloppement de la marque au fil du temps<\/strong><\/li>\n<\/ul>\n\n\n\n<p>Il en r\u00e9sulte une hi\u00e9rarchisation claire des efforts susceptibles de renforcer la position de la marque et de stimuler la croissance.<\/p>\n\n\n\n<h2 class=\"wp-block-heading\">Une m\u00e9thodologie solide et des donn\u00e9es de haute qualit\u00e9<\/h2>\n\n\n\n<p>Nous avons des dizaines d'ann\u00e9es d'exp\u00e9rience dans la mesure des attitudes, des pr\u00e9f\u00e9rences et du comportement des consommateurs. Nos analyses sont bas\u00e9es sur des questionnaires bien con\u00e7us, des groupes cibles repr\u00e9sentatifs et des mod\u00e8les analytiques robustes afin de vous fournir des informations valables et exploitables.<\/p>\n\n\n\n<p>Voir aussi nos autres <a href=\"https:\/\/analysedanmark.dk\/fr\/services\/analyses-de-marche\/\" data-type=\"page\" data-id=\"43533\">analyses de march\u00e9<\/a><\/p>\n\n<\/div><\/div>\n<\/div>\n<\/div>\n<\/div>\n<\/div>\n\n\n<p><\/p>","protected":false},"excerpt":{"rendered":"","protected":false},"author":4,"featured_media":0,"parent":43533,"menu_order":0,"comment_status":"closed","ping_status":"closed","template":"","meta":{"_acf_changed":false,"footnotes":""},"class_list":["post-234992","page","type-page","status-publish"],"acf":[],"_links":{"self":[{"href":"https:\/\/analysedanmark.dk\/fr\/wp-json\/wp\/v2\/pages\/234992","targetHints":{"allow":["GET"]}}],"collection":[{"href":"https:\/\/analysedanmark.dk\/fr\/wp-json\/wp\/v2\/pages"}],"about":[{"href":"https:\/\/analysedanmark.dk\/fr\/wp-json\/wp\/v2\/types\/page"}],"author":[{"embeddable":true,"href":"https:\/\/analysedanmark.dk\/fr\/wp-json\/wp\/v2\/users\/4"}],"replies":[{"embeddable":true,"href":"https:\/\/analysedanmark.dk\/fr\/wp-json\/wp\/v2\/comments?post=234992"}],"version-history":[{"count":15,"href":"https:\/\/analysedanmark.dk\/fr\/wp-json\/wp\/v2\/pages\/234992\/revisions"}],"predecessor-version":[{"id":235018,"href":"https:\/\/analysedanmark.dk\/fr\/wp-json\/wp\/v2\/pages\/234992\/revisions\/235018"}],"up":[{"embeddable":true,"href":"https:\/\/analysedanmark.dk\/fr\/wp-json\/wp\/v2\/pages\/43533"}],"wp:attachment":[{"href":"https:\/\/analysedanmark.dk\/fr\/wp-json\/wp\/v2\/media?parent=234992"}],"curies":[{"name":"wp","href":"https:\/\/api.w.org\/{rel}","templated":true}]}}