{"id":44001,"date":"2024-12-13T08:24:40","date_gmt":"2024-12-13T07:24:40","guid":{"rendered":"https:\/\/analysedanmark.stage.heyrobot.com\/?page_id=44001"},"modified":"2025-05-20T13:25:14","modified_gmt":"2025-05-20T11:25:14","slug":"realdania","status":"publish","type":"page","link":"https:\/\/analysedanmark.dk\/es\/cases\/realdania\/","title":{"rendered":"Realdania"},"content":{"rendered":"<header class=\"gb-container gb-container-fa2dff78 gbp--border-radius\">\n<div class=\"gb-container gb-container-d2d53606 gbp-section__inner\">\n<div class=\"gb-grid-wrapper gb-grid-wrapper-781df5b1\">\n<div class=\"gb-grid-column gb-grid-column-63aab36c\"><div class=\"gb-container gb-container-63aab36c\">\n\n<figure class=\"gb-block-image gb-block-image-e61ea73b\"><a href=\"https:\/\/realdania.dk\/\" target=\"_blank\" rel=\"noopener noreferrer nofollow\"><img loading=\"lazy\" decoding=\"async\" width=\"500\" height=\"500\" class=\"gb-image gb-image-e61ea73b gbp--border-radius gbp--margin-after\" src=\"https:\/\/analysedanmark.dk\/wp-content\/uploads\/2024\/12\/Realdania-logo.png\" alt=\"Realdania\" title=\"Realdania-logo\" srcset=\"https:\/\/analysedanmark.dk\/wp-content\/uploads\/2024\/12\/Realdania-logo.png 500w, https:\/\/analysedanmark.dk\/wp-content\/uploads\/2024\/12\/Realdania-logo-300x300.png 300w, https:\/\/analysedanmark.dk\/wp-content\/uploads\/2024\/12\/Realdania-logo-400x400.png 400w\" sizes=\"auto, (max-width: 500px) 100vw, 500px\" \/><\/a><\/figure>\n\n<\/div><\/div>\n\n<div class=\"gb-grid-column gb-grid-column-7de558b8\"><div class=\"gb-container gb-container-7de558b8\">\n\n<h1 class=\"gb-headline gb-headline-be302155 gb-headline-text\">Realdania<\/h1>\n\n\n\n<p>Segmentering af Realdanias potentielle medlemmer.<\/p>\n\n\n\n<h2 class=\"wp-block-heading\">Udfordring<\/h2>\n\n\n\n<p><strong>N\u00e5r alle er i m\u00e5lgruppen\u2026<\/strong><br><a href=\"https:\/\/realdania.dk\/\" rel=\"nofollow noopener\" target=\"_blank\">Realdania<\/a>\u00a0har i dag omkring 150.000 medlemmer, heriblandt b\u00e5de fagfolk og private boligejere. Det lyder umiddelbart som mange, men foreningen \u00f8nsker at \u00f8ge sit medlemsantal \u2013 og ikke mindst sikre en bredere sammens\u00e6tning af medlemsdatabasen, der i dag s\u00e6rligt t\u00e6ller den \u00e6ldre del af boligejerne. <\/p>\n\n\n\n<p>Det skal ske gennem en styrket kommunikationsindsats. Der var derfor et behov for at opbygge en bedre forst\u00e5else af m\u00e5lgruppen af boligejere, inden foreningen kunne p\u00e5begynde en kommunikationsindsats over for potentielle medlemmer. Foreningen st\u00e5r dog over for en ekstremt bred m\u00e5lgruppe af potentielle medlemmer, idet foreningen reelt henvender sig til alle cirka 1,4 million boligejere i Danmark. <\/p>\n\n\n\n<p>Derfor \u00f8nskede man en unders\u00f8gelse, der kunne s\u00e6tte fokus p\u00e5, hvad der kunne tiltr\u00e6kke nye medlemmer, idet der var en hypotese om, at det var noget andet end det, der tiltrak de eksisterende medlemmer.<\/p>\n\n<\/div><\/div>\n<\/div>\n<\/div>\n<\/header>\n\n<div class=\"gb-container gb-container-58a76ced gbp-section\">\n<div class=\"gb-container gb-container-3224c6ce gbp-section__inner\">\n<div class=\"gb-grid-wrapper gb-grid-wrapper-d7355558\">\n<div class=\"gb-grid-column gb-grid-column-516ff6c2\"><div class=\"gb-container gb-container-516ff6c2\">\n\n<p class=\"gb-headline gb-headline-b2a7a5e2 gb-headline-text gbp-section__tagline\">Metodevalget<\/p>\n\n\n\n<h2 class=\"gb-headline gb-headline-cf6f9690 gb-headline-text\"><strong><strong><strong><strong>Segmenteringsunders\u00f8gelse med b\u00e5de kvantitative og kvalitative metoder:<\/strong><\/strong><\/strong><\/strong><\/h2>\n\n\n\n<ol class=\"wp-block-list\">\n<li>Fase: Analyse Danmark gennemf\u00f8rte f\u00f8rst en kvantitativ s\u00e5kaldt <a href=\"https:\/\/analysedanmark.dk\/es\/servicios\/segmentacion\/\" data-type=\"page\" data-id=\"43549\">klyngeanalyse <\/a>via\u00a0en online <a href=\"https:\/\/analysedanmark.dk\/es\/servicios\/panelundersoegelser\/\" data-type=\"page\" data-id=\"43547\">panelunders\u00f8gelse <\/a>blandt boligejere, hvilket f\u00f8rte til en opdeling af den overordnede m\u00e5lgruppe af boligejere i fem segmenter ud fra demografi, livsv\u00e6rdier og holdninger til forskellige temaer og projekter, som er Realdanias kerneomr\u00e5der.<\/li>\n\n\n\n<li>Fase: Herefter fulgte seks kvalitative\u00a0<a href=\"https:\/\/analysedanmark.dk\/es\/metodos\/metodos-cualitativos\/fokusgrupper\/\" data-type=\"page\" data-id=\"43770\">fokusgrupper\u00a0<\/a>rundt om i Danmark. Fokusgrupperne blev sammensat ud fra de fem\u00a0segmenter, hvor der bl.a. blev spurgt ind til, hvad der kan motivere segmenterne til at blive Realdania-medlemmer og hvilke barrierer, man ans\u00e5 som de v\u00e6sentligste for et potentielt medlemsskab.<\/li>\n\n\n\n<li>Fase: Efterf\u00f8lgende testede Analyse Danmark fokusgruppernes input og potentielle medlems-drivers i det kvantitative univers. Synes flertallet for eksempel ogs\u00e5, at rabatordninger er en motivation til at blive medlem?<\/li>\n<\/ol>\n\n\n\n<p><\/p>\n\n<\/div><\/div>\n\n<div class=\"gb-grid-column gb-grid-column-38b0cc66\"><div class=\"gb-container gb-container-38b0cc66 gbp--gradient-secondary\">\n\n<figure class=\"gb-block-image gb-block-image-ff825c85\"><img loading=\"lazy\" decoding=\"async\" width=\"914\" height=\"162\" class=\"gb-image gb-image-ff825c85 gbp--border-radius\" src=\"https:\/\/analysedanmark.dk\/wp-content\/uploads\/2024\/12\/Cases_realdania_AnalyseDanmark.png\" alt=\"\" title=\"Cases_realdania_AnalyseDanmark\" srcset=\"https:\/\/analysedanmark.dk\/wp-content\/uploads\/2024\/12\/Cases_realdania_AnalyseDanmark.png 914w, https:\/\/analysedanmark.dk\/wp-content\/uploads\/2024\/12\/Cases_realdania_AnalyseDanmark-640x113.png 640w, https:\/\/analysedanmark.dk\/wp-content\/uploads\/2024\/12\/Cases_realdania_AnalyseDanmark-768x136.png 768w\" sizes=\"auto, (max-width: 914px) 100vw, 914px\"><\/figure>\n\n<\/div><\/div>\n<\/div>\n<\/div>\n<\/div>\n\n<div class=\"gb-container gb-container-7e6d0854 gbp-section\">\n<div class=\"gb-container gb-container-3ff20a45 gbp-section__inner\">\n<div class=\"gb-grid-wrapper gb-grid-wrapper-d4759108\">\n<div class=\"gb-grid-column gb-grid-column-c739950f\"><div class=\"gb-container gb-container-c739950f\">\n\n<figure class=\"wp-block-image size-full\"><img loading=\"lazy\" decoding=\"async\" width=\"966\" height=\"582\" src=\"https:\/\/analysedanmark.dk\/wp-content\/uploads\/2024\/12\/Realdania-case.png\" alt=\"\" class=\"wp-image-44192\" srcset=\"https:\/\/analysedanmark.dk\/wp-content\/uploads\/2024\/12\/Realdania-case.png 966w, https:\/\/analysedanmark.dk\/wp-content\/uploads\/2024\/12\/Realdania-case-640x386.png 640w, https:\/\/analysedanmark.dk\/wp-content\/uploads\/2024\/12\/Realdania-case-768x463.png 768w\" sizes=\"auto, (max-width: 966px) 100vw, 966px\" \/><\/figure>\n\n\n\n<p class=\"has-text-align-center\"><em>Eksempler fra Realdanias temaer, her B\u00e6redygtigt byggeri og Havne- og Havbad<\/em><\/p>\n\n<\/div><\/div>\n\n<div class=\"gb-grid-column gb-grid-column-44584bd0\"><div class=\"gb-container gb-container-44584bd0\">\n\n<h2 class=\"gb-headline gb-headline-c2afdff5 gb-headline-text\">Resultater<\/h2>\n\n\n\n<p><strong>Fra alle er i m\u00e5lgruppen til fem konkrete segmenter<\/strong><br>Unders\u00f8gelsen viste bl.a., at segmenterne motiveres af meget forskellige ting som f.eks. s\u00e6rlige kulturoplevelser, n\u00e6rmilj\u00f8, selv at kunne g\u00f8re en forskel eller rabatter. Der er derfor stor forskel i drivers bag valg af foreninger og p\u00e5, hvordan segmenternes potentielle medlemskab af Realdania skal manifesteres. Unders\u00f8gelsen viste endvidere, at et f\u00e5tal kender Realdania, mens flere kender de projekter, der st\u00f8ttes.<\/p>\n\n\n\n<p>Med afs\u00e6t i de fem segmenter skal Realdania derfor nu i gang med at prioritere sin kommunikationsindsats. Foreningen har endnu ikke opstillet nogle endelige succeskriterier, og selvom antallet af medlemmer er vigtigt, handler det ogs\u00e5 om den brede sammens\u00e6tning.<\/p>\n\n<\/div><\/div>\n<\/div>\n<\/div>\n<\/div>\n\n<div class=\"gb-container gb-container-68a23b27 gbp--border-radius\">\n<div class=\"gb-container gb-container-4c3bf351 gbp-section__inner\">\n\n<p class=\"gb-headline gb-headline-49bc7c64\"><span class=\"gb-icon\"><svg viewbox=\"0 0 40 26.79\" data-name=\"Layer 1\" xmlns=\"http:\/\/www.w3.org\/2000\/svg\"><path style=\"stroke-width:0\" d=\"M.31 18.41C-1.37 10.67 3.97 2.41 12.65 0l.63 5.23c-2.3.94-4.29 3.14-4.29 6.07 3.45-1.57 8.27.42 9.42 5.34.94 4.5-1.99 8.89-6.59 9.94C6.8 27.63 1.67 24.7.31 18.42Zm21.49 0C20.13 10.67 25.36 2.4 34.04 0l.73 5.23c-2.41.94-4.29 3.14-4.4 6.07 3.56-1.57 8.37.42 9.42 5.34 1.05 4.5-1.99 8.89-6.59 9.94-4.92 1.05-10.04-1.88-11.41-8.16Z\"><\/path><\/svg><\/span><span class=\"gb-headline-text\">Analyse Danmark har i den grad v\u00e6ret med til at tydeligg\u00f8re vores behov for kommunikation. Vi havde p\u00e5 forh\u00e5nd en formodning om, at mange danskere ikke kender til Realdania, og det blev i den grad understreget i unders\u00f8gelsen. Det er vores klare oplevelse, at der er rigtig god substans i de resultater, vi har f\u00e5et fra Analyse Danmark. Det er meget anvendeligt som beslutningsgrundlag i forhold til at prioritere vores kommunikation<\/span><\/p>\n\n\n\n<p class=\"has-base-3-color has-text-color\"><strong>Kristian S\u00f8rensen<\/strong>, projektleder i Realdania<\/p>\n\n<\/div>\n<\/div>","protected":false},"excerpt":{"rendered":"<p>Analyse Danmark har i den grad v\u00e6ret med til at tydeligg\u00f8re vores behov for kommunikation. Vi havde p\u00e5 forh\u00e5nd en formodning om, at mange danskere ikke kender til Realdania, og det blev i den grad understreget i unders\u00f8gelsen. Det er vores klare oplevelse, at der er rigtig god substans i de resultater, vi har f\u00e5et &#8230; <\/p>\n<p class=\"read-more-container\"><a title=\"Realdania\" class=\"read-more button\" href=\"https:\/\/analysedanmark.dk\/es\/cases\/realdania\/#more-44001\" aria-label=\"Leer m\u00e1s sobre Realdania\">Leer m\u00e1s<\/a><\/p>","protected":false},"author":4,"featured_media":0,"parent":24,"menu_order":0,"comment_status":"closed","ping_status":"closed","template":"","meta":{"_acf_changed":false,"footnotes":""},"class_list":["post-44001","page","type-page","status-publish"],"acf":[],"_links":{"self":[{"href":"https:\/\/analysedanmark.dk\/es\/wp-json\/wp\/v2\/pages\/44001","targetHints":{"allow":["GET"]}}],"collection":[{"href":"https:\/\/analysedanmark.dk\/es\/wp-json\/wp\/v2\/pages"}],"about":[{"href":"https:\/\/analysedanmark.dk\/es\/wp-json\/wp\/v2\/types\/page"}],"author":[{"embeddable":true,"href":"https:\/\/analysedanmark.dk\/es\/wp-json\/wp\/v2\/users\/4"}],"replies":[{"embeddable":true,"href":"https:\/\/analysedanmark.dk\/es\/wp-json\/wp\/v2\/comments?post=44001"}],"version-history":[{"count":5,"href":"https:\/\/analysedanmark.dk\/es\/wp-json\/wp\/v2\/pages\/44001\/revisions"}],"predecessor-version":[{"id":234914,"href":"https:\/\/analysedanmark.dk\/es\/wp-json\/wp\/v2\/pages\/44001\/revisions\/234914"}],"up":[{"embeddable":true,"href":"https:\/\/analysedanmark.dk\/es\/wp-json\/wp\/v2\/pages\/24"}],"wp:attachment":[{"href":"https:\/\/analysedanmark.dk\/es\/wp-json\/wp\/v2\/media?parent=44001"}],"curies":[{"name":"wp","href":"https:\/\/api.w.org\/{rel}","templated":true}]}}