{"id":43889,"date":"2024-12-13T06:07:57","date_gmt":"2024-12-13T05:07:57","guid":{"rendered":"https:\/\/analysedanmark.stage.heyrobot.com\/?page_id=43889"},"modified":"2025-05-01T12:33:20","modified_gmt":"2025-05-01T10:33:20","slug":"b2b","status":"publish","type":"page","link":"https:\/\/analysedanmark.dk\/es\/b2b\/","title":{"rendered":"B2B"},"content":{"rendered":"<header class=\"gb-container gb-container-fa2dff78 gbp--border-radius\">\n<div class=\"gb-container gb-container-d2d53606 gbp-section__inner\">\n<div class=\"gb-grid-wrapper gb-grid-wrapper-781df5b1\">\n<div class=\"gb-grid-column gb-grid-column-63aab36c\"><div class=\"gb-container gb-container-63aab36c\">\n\n<figure class=\"gb-block-image gb-block-image-e61ea73b\"><img loading=\"lazy\" decoding=\"async\" width=\"1467\" height=\"1239\" class=\"gb-image gb-image-e61ea73b\" src=\"https:\/\/analysedanmark.dk\/wp-content\/uploads\/2024\/12\/B2B_kundeorienteretDialog_AnalyseDanmark.jpg\" alt=\"\" title=\"B2B_kundeorienteretDialog_AnalyseDanmark\" srcset=\"https:\/\/analysedanmark.dk\/wp-content\/uploads\/2024\/12\/B2B_kundeorienteretDialog_AnalyseDanmark.jpg 1467w, https:\/\/analysedanmark.dk\/wp-content\/uploads\/2024\/12\/B2B_kundeorienteretDialog_AnalyseDanmark-640x541.jpg 640w, https:\/\/analysedanmark.dk\/wp-content\/uploads\/2024\/12\/B2B_kundeorienteretDialog_AnalyseDanmark-1280x1081.jpg 1280w, https:\/\/analysedanmark.dk\/wp-content\/uploads\/2024\/12\/B2B_kundeorienteretDialog_AnalyseDanmark-768x649.jpg 768w\" sizes=\"auto, (max-width: 1467px) 100vw, 1467px\"><\/figure>\n\n\n\n<p><em>Vi tager udgangspunkt i vores B2B DIALOG CIRKEL og designer en gennempr\u00f8vet proces, som vil f\u00f8re til en succesrig kundeorienteret udvikling.<\/em><\/p>\n\n<\/div><\/div>\n\n<div class=\"gb-grid-column gb-grid-column-7de558b8\"><div class=\"gb-container gb-container-7de558b8\">\n\n<h1 class=\"gb-headline gb-headline-be302155 gb-headline-text\"><strong>B2B D<\/strong>ialog<strong>:<\/strong>&nbsp;en specialiseret afdeling i Analyse Danmark<\/h1>\n\n\n\n<p>Vi er nogle at de mest erfarne specialister inden for business til business research og analyse \u2013 vores kunder er s\u00e5vel nationale som internationale. Vi behersker en omfattende v\u00e6rkt\u00f8jskasse, som er dokumenteret over 25 \u00e5r igennem substantielle projekter for godt 80 internationale og danske virksomheder.<\/p>\n\n\n\n<p>Vores analyserapporter \u2013 kvantitative eller kvalitative \u2013 er robuste og skaber et klart grundlag for design og implementering af kundeorienteret udvikling. Vi er passionerede og kreative p\u00e5 et faktabaseret grundlag. Vores rapporter og r\u00e5dgivning giver \u00f8get indsigt i potentialet hos kunder og marked.<\/p>\n\n\n\n<p>Vi har mange \u00e5rs erfaring og veldokumenterede resultater inden for research, marketing og ledelse hos f\u00f8rende danske og internationale virksomheder. Vores referencer t\u00e6ller bl.a. Dansk Industri, AS3, Lyreco Scandinavia, Pankas, Force Technology med flere. Se for eksempel B2B konkurrent- og markedsanalyse for Lyreco Scandinavia&nbsp;<a href=\"https:\/\/analysedanmark.dk\/es\/caseeksempel-lyreco\/\">her<\/a>.<\/p>\n\n<\/div><\/div>\n<\/div>\n<\/div>\n<\/header>\n\n<div class=\"gb-container gb-container-58a76ced gbp-section\">\n<div class=\"gb-container gb-container-3224c6ce gbp-section__inner\">\n<div class=\"gb-grid-wrapper gb-grid-wrapper-d7355558\">\n<div class=\"gb-grid-column gb-grid-column-516ff6c2\"><div class=\"gb-container gb-container-516ff6c2\">\n\n<p class=\"gb-headline gb-headline-b2a7a5e2 gb-headline-text gbp-section__tagline\">Metodevalget<\/p>\n\n\n\n<h2 class=\"gb-headline gb-headline-cf6f9690 gb-headline-text\"><strong><strong>Vi behersker b\u00e5de kvantitative og kvalitative metoder. Her er et udpluk af vores v\u00e6rkt\u00f8jskasse:<\/strong><\/strong><\/h2>\n\n\n\n<ul class=\"wp-block-list\">\n<li>Vores metodeuafh\u00e6ngighed sikrer, at du f\u00e5r den rette l\u00f8sning og vejledning<\/li>\n<\/ul>\n\n\n\n<ul class=\"wp-block-list\">\n<li>Vores Internationale erfaring og netv\u00e6rk sikrer dig sparring p\u00e5 et forretningsm\u00e6ssigt h\u00f8jt niveau<\/li>\n<\/ul>\n\n\n\n<ul class=\"wp-block-list\">\n<li>Du f\u00e5r en l\u00f8sning, der er tilpasset dine behov og m\u00e5de at g\u00f8re forretning p\u00e5<\/li>\n<\/ul>\n\n<\/div><\/div>\n\n<div class=\"gb-grid-column gb-grid-column-38b0cc66\"><div class=\"gb-container gb-container-38b0cc66 gbp--gradient-secondary\">\n\n<figure class=\"gb-block-image gb-block-image-90a33ced\"><img loading=\"lazy\" decoding=\"async\" width=\"716\" height=\"320\" class=\"gb-image gb-image-90a33ced\" src=\"https:\/\/analysedanmark.dk\/wp-content\/uploads\/2024\/12\/B2B_vaerktoeskasse2-AnalyseDanmark.png\" alt=\"\" title=\"B2B_vaerktoeskasse2-AnalyseDanmark\" srcset=\"https:\/\/analysedanmark.dk\/wp-content\/uploads\/2024\/12\/B2B_vaerktoeskasse2-AnalyseDanmark.png 716w, https:\/\/analysedanmark.dk\/wp-content\/uploads\/2024\/12\/B2B_vaerktoeskasse2-AnalyseDanmark-640x286.png 640w\" sizes=\"auto, (max-width: 716px) 100vw, 716px\"><\/figure>\n\n<\/div><\/div>\n<\/div>\n<\/div>\n<\/div>","protected":false},"excerpt":{"rendered":"","protected":false},"author":4,"featured_media":0,"parent":0,"menu_order":0,"comment_status":"closed","ping_status":"closed","template":"","meta":{"_acf_changed":false,"footnotes":""},"class_list":["post-43889","page","type-page","status-publish"],"acf":[],"_links":{"self":[{"href":"https:\/\/analysedanmark.dk\/es\/wp-json\/wp\/v2\/pages\/43889","targetHints":{"allow":["GET"]}}],"collection":[{"href":"https:\/\/analysedanmark.dk\/es\/wp-json\/wp\/v2\/pages"}],"about":[{"href":"https:\/\/analysedanmark.dk\/es\/wp-json\/wp\/v2\/types\/page"}],"author":[{"embeddable":true,"href":"https:\/\/analysedanmark.dk\/es\/wp-json\/wp\/v2\/users\/4"}],"replies":[{"embeddable":true,"href":"https:\/\/analysedanmark.dk\/es\/wp-json\/wp\/v2\/comments?post=43889"}],"version-history":[{"count":5,"href":"https:\/\/analysedanmark.dk\/es\/wp-json\/wp\/v2\/pages\/43889\/revisions"}],"predecessor-version":[{"id":190854,"href":"https:\/\/analysedanmark.dk\/es\/wp-json\/wp\/v2\/pages\/43889\/revisions\/190854"}],"wp:attachment":[{"href":"https:\/\/analysedanmark.dk\/es\/wp-json\/wp\/v2\/media?parent=43889"}],"curies":[{"name":"wp","href":"https:\/\/api.w.org\/{rel}","templated":true}]}}