{"id":43847,"date":"2024-12-10T12:51:54","date_gmt":"2024-12-10T11:51:54","guid":{"rendered":"https:\/\/analysedanmark.stage.heyrobot.com\/?page_id=43847"},"modified":"2025-05-20T12:51:03","modified_gmt":"2025-05-20T10:51:03","slug":"aids-fondet","status":"publish","type":"page","link":"https:\/\/analysedanmark.dk\/es\/cases\/aids-fondet\/","title":{"rendered":"La Fundaci\u00f3n contra el Sida"},"content":{"rendered":"<header class=\"gb-container gb-container-fa2dff78 gbp--border-radius\">\n<div class=\"gb-container gb-container-d2d53606 gbp-section__inner\">\n<div class=\"gb-grid-wrapper gb-grid-wrapper-781df5b1\">\n<div class=\"gb-grid-column gb-grid-column-63aab36c\"><div class=\"gb-container gb-container-63aab36c\">\n\n<figure class=\"gb-block-image gb-block-image-e61ea73b\"><a href=\"https:\/\/aidsfondet.dk\/\" target=\"_blank\" rel=\"noopener noreferrer nofollow\"><img loading=\"lazy\" decoding=\"async\" width=\"500\" height=\"500\" class=\"gb-image gb-image-e61ea73b gbp--border-radius gbp--margin-after\" src=\"https:\/\/analysedanmark.dk\/wp-content\/uploads\/2024\/12\/AD-logo.png\" alt=\"AIDS-fondet\" title=\"AD-logo\" srcset=\"https:\/\/analysedanmark.dk\/wp-content\/uploads\/2024\/12\/AD-logo.png 500w, https:\/\/analysedanmark.dk\/wp-content\/uploads\/2024\/12\/AD-logo-300x300.png 300w, https:\/\/analysedanmark.dk\/wp-content\/uploads\/2024\/12\/AD-logo-400x400.png 400w\" sizes=\"auto, (max-width: 500px) 100vw, 500px\" \/><\/a><\/figure>\n\n<\/div><\/div>\n\n<div class=\"gb-grid-column gb-grid-column-7de558b8\"><div class=\"gb-container gb-container-7de558b8\">\n\n<h1 class=\"gb-headline gb-headline-be302155 gb-headline-text\">AIDS fondet<\/h1>\n\n\n\n<p>Motiver og barrierer for brug af kondom blandt m\u00e6nd, der har sex med m\u00e6nd.<\/p>\n\n\n\n<h2 class=\"wp-block-heading\">Udfordring<\/h2>\n\n\n\n<p><strong>Hvilken rolle spiller kondomet for m\u00e6nd, der har sex med m\u00e6nd (MSM)?<\/strong><br>AIDS-Fondet lancerede i september 2014 i samarbejde med Sundhedsstyrelsen kampagnen \u2019Kun med kondom\u2019 i form af distribution af pr\u00f8vepakker med kondomer i forskellige st\u00f8rrelser til m\u00e6nd, der har sex med m\u00e6nd (MSM). I den forbindelse \u00f8nskede AIDS-Fondet at g\u00f8re opm\u00e6rksom p\u00e5 fordelene ved at bruge kondom og p\u00e5 eventuelle misopfattelser omkring kondombrug.<\/p>\n\n\n\n<p>AIDS-Fondet kontaktede Analyse Danmark om et customer journey forl\u00f8b, der kunne afd\u00e6kke motiver og barrierer til at bruge kondom i hele processen fra initial kontakt til afsked \u2013 og skaffe input til at underst\u00f8tte AIDS-Fondets budskab om \u2019reintroduktion\u2019 af kondomet til bl.a. forebyggelse af hiv over for m\u00e5lgruppen MSM, samt give synlighed i kraft af konklusionernes og tallenes nyhedsv\u00e6rd ifm. med PR.<\/p>\n\n<\/div><\/div>\n<\/div>\n<\/div>\n<\/header>\n\n<div class=\"gb-container gb-container-58a76ced gbp-section\">\n<div class=\"gb-container gb-container-3224c6ce gbp-section__inner\">\n<div class=\"gb-grid-wrapper gb-grid-wrapper-d7355558\">\n<div class=\"gb-grid-column gb-grid-column-516ff6c2\"><div class=\"gb-container gb-container-516ff6c2\">\n\n<p class=\"gb-headline gb-headline-b2a7a5e2 gb-headline-text gbp-section__tagline\">Metodevalget<\/p>\n\n\n\n<h2 class=\"gb-headline gb-headline-cf6f9690 gb-headline-text\"><strong><strong>Kombinationsunders\u00f8gelse i tre faser:<\/strong><\/strong><\/h2>\n\n\n\n<ul class=\"wp-block-list\">\n<li>Dybdeg\u00e5ende interviews<\/li>\n\n\n\n<li>Online sp\u00f8rgeskemaunders\u00f8gelse<\/li>\n\n\n\n<li>Bulletin Board<\/li>\n<\/ul>\n\n\n\n<p>Hvad ang\u00e5r de kvalitative unders\u00f8gelser, kan vi tilbyde en r\u00e6kke forskellige metoder, som udf\u00f8res af meget erfarne moderatorer. Her kunne f.eks. <a href=\"https:\/\/analysedanmark.dk\/es\/metodos\/metodos-cualitativos\/fokusgrupper\/\" data-type=\"page\" data-id=\"43770\">fokusgrupper<\/a>, <a href=\"https:\/\/analysedanmark.dk\/es\/metodos\/metodos-cualitativos\/entrevista-en-profundidad\/\" data-type=\"page\" data-id=\"43766\">entrevista en profundidad<\/a> eller <a href=\"https:\/\/analysedanmark.dk\/es\/metodos\/metodos-cualitativos\/kvalitative-onlinemetoder\/\" data-type=\"page\" data-id=\"43772\">online bulletin boards<\/a> komme i spil. De fleste metoder findes b\u00e5de p\u00e5 traditionel vis, hvor man m\u00f8der respondenterne face-to-face og i onlineversioner, som blandt andet giver bedre muligheder for geografisk spredning og er mindre tidskr\u00e6vende for respondenterne.<\/p>\n\n<\/div><\/div>\n\n<div class=\"gb-grid-column gb-grid-column-38b0cc66\"><div class=\"gb-container gb-container-38b0cc66 gbp--gradient-secondary\">\n\n<figure class=\"gb-block-image gb-block-image-ff825c85\"><img loading=\"lazy\" decoding=\"async\" width=\"390\" height=\"336\" class=\"gb-image gb-image-ff825c85 gbp--border-radius\" src=\"https:\/\/analysedanmark.dk\/wp-content\/uploads\/2024\/12\/figur-case.png\" alt=\"\" title=\"figur-case\"><\/figure>\n\n<\/div><\/div>\n<\/div>\n<\/div>\n<\/div>\n\n<div class=\"gb-container gb-container-7e6d0854 gbp-section\">\n<div class=\"gb-container gb-container-3ff20a45 gbp-section__inner\">\n<div class=\"gb-grid-wrapper gb-grid-wrapper-d4759108\">\n<div class=\"gb-grid-column gb-grid-column-c739950f\"><div class=\"gb-container gb-container-c739950f\">\n\n<figure class=\"wp-block-image size-full\"><img loading=\"lazy\" decoding=\"async\" width=\"973\" height=\"447\" src=\"https:\/\/analysedanmark.dk\/wp-content\/uploads\/2024\/12\/risiko.png\" alt=\"\" class=\"wp-image-44130\" srcset=\"https:\/\/analysedanmark.dk\/wp-content\/uploads\/2024\/12\/risiko.png 973w, https:\/\/analysedanmark.dk\/wp-content\/uploads\/2024\/12\/risiko-640x294.png 640w, https:\/\/analysedanmark.dk\/wp-content\/uploads\/2024\/12\/risiko-768x353.png 768w\" sizes=\"auto, (max-width: 973px) 100vw, 973px\" \/><\/figure>\n\n<\/div><\/div>\n\n<div class=\"gb-grid-column gb-grid-column-44584bd0\"><div class=\"gb-container gb-container-44584bd0\">\n\n<h2 class=\"gb-headline gb-headline-c2afdff5 gb-headline-text\">Resultat<\/h2>\n\n\n\n<p><strong>Nye indsigter og videngrundlag som baggrund for dialog med AIDS-Fondets samarbejdspartnere<\/strong><br>Analyse Danmarks rapport g\u00e5r i dybden med m\u00e5lgruppens motiver og barrierer for at bruge kondom, kondomets rolle, MSMs sprogbrug omkring sikker og usikker sex samt yderligere indsigter formidlet i et visuelt format. Unders\u00f8gelsen viser bl.a., at MSM opererer med en s\u00e5kaldt kalkuleret risikovurdering ift. partnere og situationer, n\u00e5r det kommer til brug\/ikke-brug af kondom.<\/p>\n\n\n\n<ul class=\"wp-block-list\">\n<li><em>\u2018Tillid til partner\u2019<\/em>&nbsp;anses af MSM som en af de v\u00e6sentligste \u00e5rsager til at undlade brug af kondom, ligesom p\u00e5virkning af alkohol og stoffer kan v\u00e6re medvirkende til, at kondomet ikke altid kommer p\u00e5. 49% af MSM, der har haft mere end 10 sexpartnere inden for de seneste seks m\u00e5neder, benytter sig af gratis kondomer p\u00e5 caf\u00e9er og barer. Dette indikerer, at gratis distribution af kondomer er et vigtigt element i forebyggelse af hiv og andre seksuelt overf\u00f8rte sygdomme blandt denne m\u00e5lgruppe.&nbsp;<a href=\"https:\/\/www.kk.dk\/indhold\/sundheds-og-omsorgsudvalgets-modemateriale\/22102015\/edoc-agenda\/6e655e2c-626e-43c9-b5fc-33f3a143e8ea\/0ab88f6f-2250-456c-ae8e-264324432e58\" rel=\"nofollow noopener\" target=\"_blank\">L\u00e6s mere om, hvordan unders\u00f8gelsen har \u00e6ndret K\u00f8benhavns Kommunes bevilling.<\/a><\/li>\n<\/ul>\n\n\n\n<p>Unders\u00f8gelsen har bl.a. bidraget til \u00f8get kendskab til MSM\u2019s kondomadf\u00e6rd, herunder til forskelle i m\u00e5lgruppen relateret til f.eks. seksuelle pr\u00e6ferencer (aktiv vs. passiv), alder etc. samt mere konkret at danne videngrundlag for AIDS-Fondets dialog med bl.a. K\u00f8benhavns Kommune om tilskud til gratis kondomer p\u00e5 byens caf\u00e9er og barer.<\/p>\n\n<\/div><\/div>\n<\/div>\n<\/div>\n<\/div>\n\n<div class=\"gb-container gb-container-68a23b27 gbp--border-radius\">\n<div class=\"gb-container gb-container-4c3bf351 gbp-section__inner\">\n\n<p class=\"gb-headline gb-headline-49bc7c64\"><span class=\"gb-icon\"><svg viewbox=\"0 0 40 26.79\" data-name=\"Layer 1\" xmlns=\"http:\/\/www.w3.org\/2000\/svg\"><path style=\"stroke-width:0\" d=\"M.31 18.41C-1.37 10.67 3.97 2.41 12.65 0l.63 5.23c-2.3.94-4.29 3.14-4.29 6.07 3.45-1.57 8.27.42 9.42 5.34.94 4.5-1.99 8.89-6.59 9.94C6.8 27.63 1.67 24.7.31 18.42Zm21.49 0C20.13 10.67 25.36 2.4 34.04 0l.73 5.23c-2.41.94-4.29 3.14-4.4 6.07 3.56-1.57 8.37.42 9.42 5.34 1.05 4.5-1.99 8.89-6.59 9.94-4.92 1.05-10.04-1.88-11.41-8.16Z\"><\/path><\/svg><\/span><span class=\"gb-headline-text\">El estudio nos ha permitido conocer los motivos que influyen en la elecci\u00f3n y el rechazo del preservativo en situaciones muy \u00edntimas. Esto nos permite formular mensajes contundentes tanto en nuestro di\u00e1logo con el grupo objetivo de HSH como en la comunicaci\u00f3n de masas. La parte cuantitativa del estudio tambi\u00e9n ha demostrado que el f\u00e1cil acceso a preservativos gratuitos es una parte importante y central de la prevenci\u00f3n danesa del VIH.<\/span><\/p>\n\n\n\n<p class=\"has-base-3-color has-text-color\"><strong>Ole M\u00f8ller Markussen,<\/strong> projektleder AIDS-Fondet<\/p>\n\n<\/div>\n<\/div>","protected":false},"excerpt":{"rendered":"<p>Unders\u00f8gelsen har givet os indsigt i de bev\u00e6ggrunde, der p\u00e5virker tilvalg og fravalg af kondomer i de meget intime situationer. Det giver os mulighed for at formulere v\u00e6gtige budskaber b\u00e5de i vores dialog med m\u00e5lgruppen MSM og i massekommunikation. Unders\u00f8gelsens kvantitative del har desuden vist, at den lette adgang til gratis kondomer er en vigtig &#8230; <\/p>\n<p class=\"read-more-container\"><a title=\"La Fundaci\u00f3n contra el Sida\" class=\"read-more button\" href=\"https:\/\/analysedanmark.dk\/es\/cases\/aids-fondet\/#more-43847\" aria-label=\"Leer m\u00e1s sobre Aids-fondet\">Leer m\u00e1s<\/a><\/p>","protected":false},"author":4,"featured_media":0,"parent":24,"menu_order":0,"comment_status":"closed","ping_status":"closed","template":"","meta":{"_acf_changed":false,"footnotes":""},"class_list":["post-43847","page","type-page","status-publish"],"acf":[],"_links":{"self":[{"href":"https:\/\/analysedanmark.dk\/es\/wp-json\/wp\/v2\/pages\/43847","targetHints":{"allow":["GET"]}}],"collection":[{"href":"https:\/\/analysedanmark.dk\/es\/wp-json\/wp\/v2\/pages"}],"about":[{"href":"https:\/\/analysedanmark.dk\/es\/wp-json\/wp\/v2\/types\/page"}],"author":[{"embeddable":true,"href":"https:\/\/analysedanmark.dk\/es\/wp-json\/wp\/v2\/users\/4"}],"replies":[{"embeddable":true,"href":"https:\/\/analysedanmark.dk\/es\/wp-json\/wp\/v2\/comments?post=43847"}],"version-history":[{"count":5,"href":"https:\/\/analysedanmark.dk\/es\/wp-json\/wp\/v2\/pages\/43847\/revisions"}],"predecessor-version":[{"id":234902,"href":"https:\/\/analysedanmark.dk\/es\/wp-json\/wp\/v2\/pages\/43847\/revisions\/234902"}],"up":[{"embeddable":true,"href":"https:\/\/analysedanmark.dk\/es\/wp-json\/wp\/v2\/pages\/24"}],"wp:attachment":[{"href":"https:\/\/analysedanmark.dk\/es\/wp-json\/wp\/v2\/media?parent=43847"}],"curies":[{"name":"wp","href":"https:\/\/api.w.org\/{rel}","templated":true}]}}