{"id":43766,"date":"2024-12-10T11:10:45","date_gmt":"2024-12-10T10:10:45","guid":{"rendered":"https:\/\/analysedanmark.stage.heyrobot.com\/?page_id=43766"},"modified":"2025-05-20T13:32:48","modified_gmt":"2025-05-20T11:32:48","slug":"entrevista-en-profundidad","status":"publish","type":"page","link":"https:\/\/analysedanmark.dk\/es\/metoder\/kvalitative-metoder\/dybdeinterview\/","title":{"rendered":"Entrevista en profundidad"},"content":{"rendered":"<div class=\"gb-container gb-container-ba8908d9\">\n<div class=\"gb-container gb-container-84580139\">\n<header class=\"gb-container gb-container-58a76ced\">\n<div class=\"gb-container gb-container-3224c6ce gbp-section__inner\">\n<div class=\"gb-grid-wrapper gb-grid-wrapper-d7355558\">\n<div class=\"gb-grid-column gb-grid-column-516ff6c2\"><div class=\"gb-container gb-container-516ff6c2\">\n\n<p class=\"gb-headline gb-headline-ad6edd9c gb-headline-text gbp-section__tagline\">M\u00e9todo cualitativo<\/p>\n\n\n\n<h1 class=\"gb-headline gb-headline-0e509d67 gb-headline-text\">Entrevista en profundidad<\/h1>\n\n\n\n<p class=\"gb-headline gb-headline-cf6f9690 gb-headline-text\"><strong>Entrevistas personales con su p\u00fablico objetivo<\/strong>.<br>La entrevista en profundidad, tambi\u00e9n conocida como entrevista personal o IDI (In Depth Interviews) es una <a href=\"https:\/\/analysedanmark.dk\/es\/metodos\/metodos-cualitativos\/\" data-type=\"page\" data-id=\"43688\">m\u00e9todo de an\u00e1lisis cualitativo<\/a>, que resulta especialmente adecuado cuando hay que analizar cuestiones muy complejas.<\/p>\n\n\n\n<h2 class=\"wp-block-heading\">\u00bfPor qu\u00e9 elegir una entrevista en profundidad?<\/h2>\n\n\n\n<ul class=\"wp-block-list\">\n<li>La entrevista personal es recomendable si necesita conocer en profundidad los juicios individuales de relativamente pocas personas sobre temas concretos. El potencial exploratorio de esta forma de an\u00e1lisis permite obtener valiosos \u201cnuevos conocimientos\u201d que los m\u00e9todos cuantitativos no pueden revelar.<\/li>\n\n\n\n<li>La entrevista individual es m\u00e1s adecuada que la entrevista en grupo si, por ejemplo, el tema de investigaci\u00f3n es delicado por ser tab\u00fa o controvertido. En la entrevista en profundidad, el entrevistado individual puede elaborar y justificar sus opiniones sin la influencia de otros entrevistados.<\/li>\n<\/ul>\n\n<\/div><\/div>\n\n<div class=\"gb-grid-column gb-grid-column-38b0cc66\"><div class=\"gb-container gb-container-38b0cc66\">\n\n<figure class=\"gb-block-image gb-block-image-6f1ffcca\"><img loading=\"lazy\" decoding=\"async\" width=\"640\" height=\"427\" class=\"gb-image gb-image-6f1ffcca gbp--border-radius\" src=\"https:\/\/analysedanmark.dk\/wp-content\/uploads\/2025\/02\/IDI-640x427.jpg\" alt=\"Entrevista en profundidad\" title=\"Un,periodista,mantiene,una,conversaci\u00f3n,en,profundidad,con,una,mujer,especialista,\" srcset=\"https:\/\/analysedanmark.dk\/wp-content\/uploads\/2025\/02\/IDI-640x427.jpg 640w, https:\/\/analysedanmark.dk\/wp-content\/uploads\/2025\/02\/IDI-360x240.jpg 360w, https:\/\/analysedanmark.dk\/wp-content\/uploads\/2025\/02\/IDI-768x512.jpg 768w, https:\/\/analysedanmark.dk\/wp-content\/uploads\/2025\/02\/IDI.jpg 1000w\" sizes=\"auto, (max-width: 640px) 100vw, 640px\" \/><\/figure>\n\n\n\n<figure class=\"gb-block-image gb-block-image-e235177f\"><img loading=\"lazy\" decoding=\"async\" width=\"640\" height=\"427\" class=\"gb-image gb-image-e235177f gbp--border-radius\" src=\"https:\/\/analysedanmark.dk\/wp-content\/uploads\/2025\/01\/shutterstock_1616372782-640x427.jpg\" alt=\"\" title=\"Hombre,Producto,Rese\u00f1ador,Cuenta,Su,Suscripci\u00f3n,En,Una,Emisi\u00f3n,Online\" srcset=\"https:\/\/analysedanmark.dk\/wp-content\/uploads\/2025\/01\/shutterstock_1616372782-640x427.jpg 640w, https:\/\/analysedanmark.dk\/wp-content\/uploads\/2025\/01\/shutterstock_1616372782-360x240.jpg 360w, https:\/\/analysedanmark.dk\/wp-content\/uploads\/2025\/01\/shutterstock_1616372782-768x512.jpg 768w, https:\/\/analysedanmark.dk\/wp-content\/uploads\/2025\/01\/shutterstock_1616372782.jpg 1000w\" sizes=\"auto, (max-width: 640px) 100vw, 640px\"><\/figure>\n\n<\/div><\/div>\n<\/div>\n<\/div>\n<\/header>\n<\/div>\n\n<div class=\"gb-container gb-container-b510b0bb\">\n<div class=\"gb-container gb-container-7e6d0854 gbp-section\">\n<div class=\"gb-container gb-container-3ff20a45 gbp-section__inner\">\n<div class=\"gb-grid-wrapper gb-grid-wrapper-d4759108\">\n<div class=\"gb-grid-column gb-grid-column-c739950f\"><div class=\"gb-container gb-container-c739950f\">\n\n<figure class=\"wp-block-image size-full\"><img loading=\"lazy\" decoding=\"async\" width=\"1200\" height=\"800\" src=\"https:\/\/analysedanmark.dk\/wp-content\/uploads\/2024\/06\/blue-stag-4JPXmg-N3sg-unsplash.webp\" alt=\"\" class=\"wp-image-42021\" srcset=\"https:\/\/analysedanmark.dk\/wp-content\/uploads\/2024\/06\/blue-stag-4JPXmg-N3sg-unsplash.webp 1200w, https:\/\/analysedanmark.dk\/wp-content\/uploads\/2024\/06\/blue-stag-4JPXmg-N3sg-unsplash-640x427.webp 640w, https:\/\/analysedanmark.dk\/wp-content\/uploads\/2024\/06\/blue-stag-4JPXmg-N3sg-unsplash-360x240.webp 360w, https:\/\/analysedanmark.dk\/wp-content\/uploads\/2024\/06\/blue-stag-4JPXmg-N3sg-unsplash-768x512.webp 768w\" sizes=\"auto, (max-width: 1200px) 100vw, 1200px\" \/><\/figure>\n\n<\/div><\/div>\n\n<div class=\"gb-grid-column gb-grid-column-44584bd0\"><div class=\"gb-container gb-container-44584bd0\">\n\n<h2 class=\"gb-headline gb-headline-c2afdff5 gb-headline-text\">La realizaci\u00f3n<\/h2>\n\n\n\n<p>Las IDI suelen realizarse como una conversaci\u00f3n cara a cara entre el entrevistador y el entrevistado, pero las entrevistas tambi\u00e9n pueden realizarse por tel\u00e9fono (TDI), ya que es una soluci\u00f3n flexible y rentable. Las entrevistas telef\u00f3nicas cara a cara son una excelente manera de llegar a grupos objetivo dif\u00edciles de alcanzar, como expertos ocupados y l\u00edderes de opini\u00f3n clave, y tambi\u00e9n es posible garantizar la dispersi\u00f3n geogr\u00e1fica sin aumentar los costes.<\/p>\n\n\n\n<ul class=\"wp-block-list\">\n<li>Tanto en las entrevistas cara a cara como en las telef\u00f3nicas, existen oportunidades de mostrar contenidos al entrevistado para poner a prueba los mensajes, la comunicaci\u00f3n y los conceptos o mostrar material proyectivo para facilitar la conversaci\u00f3n.<\/li>\n\n\n\n<li>Durante las entrevistas telef\u00f3nicas, esto se hace compartiendo la pantalla o enviando material por adelantado.<\/li>\n<\/ul>\n\n<\/div><\/div>\n<\/div>\n<\/div>\n<\/div>\n<\/div>\n\n<div class=\"gb-container gb-container-0c83677d\">\n<div class=\"gb-container gb-container-a5391143 gbp-section\">\n<div class=\"gb-container gb-container-93ca79a7 gbp-section__inner\">\n<div class=\"gb-grid-wrapper gb-grid-wrapper-b92d2374\">\n<div class=\"gb-grid-column gb-grid-column-57d1efca\"><div class=\"gb-container gb-container-57d1efca\">\n\n<h2 class=\"gb-headline gb-headline-3f298b35 gb-headline-text\">Gu\u00eda para la entrevista<\/h2>\n\n\n\n<p>Antes de iniciar la fase de entrevistas, Analysis Denmark elabora una gu\u00eda de entrevista en estrecho di\u00e1logo con el cliente, lo que garantiza que el entrevistador descubra con precisi\u00f3n las \u00e1reas tem\u00e1ticas que es importante esclarecer en relaci\u00f3n con el prop\u00f3sito y los temas del estudio.<\/p>\n\n\n\n<p>La entrevista en profundidad suele tener lugar en el domicilio o el lugar de trabajo del entrevistado, lo que hace que \u00e9ste se sienta m\u00e1s c\u00f3modo y relajado y, por tanto, abierto y dispuesto a responder a preguntas en profundidad. Una entrevista cara a cara suele durar entre 1 y 2 horas y suele grabarse en cinta o v\u00eddeo como base para el an\u00e1lisis posterior y la redacci\u00f3n del informe.<\/p>\n\n\n\n<p><\/p>\n\n<\/div><\/div>\n\n<div class=\"gb-grid-column gb-grid-column-8020f66b\"><div class=\"gb-container gb-container-8020f66b\">\n\n<figure class=\"wp-block-image size-full\"><img loading=\"lazy\" decoding=\"async\" width=\"1200\" height=\"1200\" src=\"https:\/\/analysedanmark.dk\/wp-content\/uploads\/2024\/11\/giu-vicente-3_uiwITfv4M-unsplash-1.webp\" alt=\"\" class=\"wp-image-43057\" srcset=\"https:\/\/analysedanmark.dk\/wp-content\/uploads\/2024\/11\/giu-vicente-3_uiwITfv4M-unsplash-1.webp 1200w, https:\/\/analysedanmark.dk\/wp-content\/uploads\/2024\/11\/giu-vicente-3_uiwITfv4M-unsplash-1-640x640.webp 640w, https:\/\/analysedanmark.dk\/wp-content\/uploads\/2024\/11\/giu-vicente-3_uiwITfv4M-unsplash-1-768x768.webp 768w, https:\/\/analysedanmark.dk\/wp-content\/uploads\/2024\/11\/giu-vicente-3_uiwITfv4M-unsplash-1-300x300.webp 300w, https:\/\/analysedanmark.dk\/wp-content\/uploads\/2024\/11\/giu-vicente-3_uiwITfv4M-unsplash-1-400x400.webp 400w, https:\/\/analysedanmark.dk\/wp-content\/uploads\/2024\/11\/giu-vicente-3_uiwITfv4M-unsplash-1-600x600.webp 600w\" sizes=\"auto, (max-width: 1200px) 100vw, 1200px\" \/><\/figure>\n\n<\/div><\/div>\n<\/div>\n<\/div>\n<\/div>\n<\/div>\n<\/div>","protected":false},"excerpt":{"rendered":"","protected":false},"author":4,"featured_media":0,"parent":43688,"menu_order":0,"comment_status":"closed","ping_status":"closed","template":"","meta":{"_acf_changed":false,"footnotes":""},"class_list":["post-43766","page","type-page","status-publish"],"acf":[],"_links":{"self":[{"href":"https:\/\/analysedanmark.dk\/es\/wp-json\/wp\/v2\/pages\/43766","targetHints":{"allow":["GET"]}}],"collection":[{"href":"https:\/\/analysedanmark.dk\/es\/wp-json\/wp\/v2\/pages"}],"about":[{"href":"https:\/\/analysedanmark.dk\/es\/wp-json\/wp\/v2\/types\/page"}],"author":[{"embeddable":true,"href":"https:\/\/analysedanmark.dk\/es\/wp-json\/wp\/v2\/users\/4"}],"replies":[{"embeddable":true,"href":"https:\/\/analysedanmark.dk\/es\/wp-json\/wp\/v2\/comments?post=43766"}],"version-history":[{"count":5,"href":"https:\/\/analysedanmark.dk\/es\/wp-json\/wp\/v2\/pages\/43766\/revisions"}],"predecessor-version":[{"id":234916,"href":"https:\/\/analysedanmark.dk\/es\/wp-json\/wp\/v2\/pages\/43766\/revisions\/234916"}],"up":[{"embeddable":true,"href":"https:\/\/analysedanmark.dk\/es\/wp-json\/wp\/v2\/pages\/43688"}],"wp:attachment":[{"href":"https:\/\/analysedanmark.dk\/es\/wp-json\/wp\/v2\/media?parent=43766"}],"curies":[{"name":"wp","href":"https:\/\/api.w.org\/{rel}","templated":true}]}}