{"id":43549,"date":"2024-12-05T03:41:47","date_gmt":"2024-12-05T02:41:47","guid":{"rendered":"https:\/\/analysedanmark.stage.heyrobot.com\/?page_id=43549"},"modified":"2025-05-01T13:21:25","modified_gmt":"2025-05-01T11:21:25","slug":"segmentacion","status":"publish","type":"page","link":"https:\/\/analysedanmark.dk\/es\/ydelser\/segmentering\/","title":{"rendered":"Segmentaci\u00f3n"},"content":{"rendered":"<header class=\"gb-container gb-container-58a76ced\">\n<div class=\"gb-container gb-container-3224c6ce gbp-section__inner\">\n<div class=\"gb-grid-wrapper gb-grid-wrapper-d7355558\">\n<div class=\"gb-grid-column gb-grid-column-516ff6c2\"><div class=\"gb-container gb-container-516ff6c2\">\n\n<p class=\"gb-headline gb-headline-ad6edd9c gb-headline-text gbp-section__tagline\">Segmente su audiencia y descomp\u00f3ngala en perfiles procesables<\/p>\n\n\n\n<h1 class=\"gb-headline gb-headline-0e509d67 gb-headline-text\">Segmentaci\u00f3n<\/h1>\n\n\n\n<p><strong>Un an\u00e1lisis de segmentaci\u00f3n puede crear un gran valor<\/strong>.<br>Un an\u00e1lisis de segmentaci\u00f3n es ideal si tiene una base de clientes, usuarios o socios muy heterog\u00e9nea en la que es interesante saber algo sobre los distintos perfiles dentro del grupo global. La segmentaci\u00f3n divide a sus clientes\/usuarios\/socios o similares en segmentos con caracter\u00edsticas diferentes. Este tipo de an\u00e1lisis puede utilizarse, por ejemplo, como punto de partida para comprender mejor a su grupo objetivo y mejorar la comunicaci\u00f3n con \u00e9l.<\/p>\n\n<\/div><\/div>\n\n<div class=\"gb-grid-column gb-grid-column-38b0cc66\"><div class=\"gb-container gb-container-38b0cc66\">\n\n<figure class=\"gb-block-image gb-block-image-6f1ffcca\"><img decoding=\"async\" class=\"gb-image gb-image-6f1ffcca hey_image_fx gbp--border-radius\" src=\"https:\/\/gpsites.co\/affinity\/wp-content\/uploads\/sites\/147\/2024\/06\/nordwood-themes-ubIWo074QlU-unsplash-300x225.webp\" alt=\"\" title=\"nordwood-themes-ubIWo074QlU-unsplash\"><\/figure>\n\n\n\n<figure class=\"gb-block-image gb-block-image-e235177f\"><img loading=\"lazy\" decoding=\"async\" width=\"640\" height=\"640\" class=\"gb-image gb-image-e235177f hey_image_fx gbp--border-radius\" src=\"https:\/\/analysedanmark.dk\/wp-content\/uploads\/2025\/01\/shutterstock_2544046255-640x640.jpg\" alt=\"\" title=\"Medici\u00f3n de la poblaci\u00f3n\" srcset=\"https:\/\/analysedanmark.dk\/wp-content\/uploads\/2025\/01\/shutterstock_2544046255-640x640.jpg 640w, https:\/\/analysedanmark.dk\/wp-content\/uploads\/2025\/01\/shutterstock_2544046255-1280x1280.jpg 1280w, https:\/\/analysedanmark.dk\/wp-content\/uploads\/2025\/01\/shutterstock_2544046255-768x768.jpg 768w, https:\/\/analysedanmark.dk\/wp-content\/uploads\/2025\/01\/shutterstock_2544046255-1536x1536.jpg 1536w, https:\/\/analysedanmark.dk\/wp-content\/uploads\/2025\/01\/shutterstock_2544046255-2048x2048.jpg 2048w, https:\/\/analysedanmark.dk\/wp-content\/uploads\/2025\/01\/shutterstock_2544046255-300x300.jpg 300w, https:\/\/analysedanmark.dk\/wp-content\/uploads\/2025\/01\/shutterstock_2544046255-400x400.jpg 400w, https:\/\/analysedanmark.dk\/wp-content\/uploads\/2025\/01\/shutterstock_2544046255-600x600.jpg 600w\" sizes=\"auto, (max-width: 640px) 100vw, 640px\"><\/figure>\n\n<\/div><\/div>\n<\/div>\n<\/div>\n<\/header>\n\n<div class=\"gb-container gb-container-b510b0bb\">\n<div class=\"gb-container gb-container-7e6d0854 gbp-section\">\n<div class=\"gb-container gb-container-3ff20a45 gbp-section__inner\">\n<div class=\"gb-grid-wrapper gb-grid-wrapper-d4759108\">\n<div class=\"gb-grid-column gb-grid-column-c739950f\"><div class=\"gb-container gb-container-c739950f\">\n\n<figure class=\"wp-block-image size-full hey_image_fx\"><img loading=\"lazy\" decoding=\"async\" width=\"1200\" height=\"1200\" src=\"https:\/\/analysedanmark.dk\/wp-content\/uploads\/2024\/11\/giu-vicente-3_uiwITfv4M-unsplash-1.webp\" alt=\"\" class=\"wp-image-43057\" srcset=\"https:\/\/analysedanmark.dk\/wp-content\/uploads\/2024\/11\/giu-vicente-3_uiwITfv4M-unsplash-1.webp 1200w, https:\/\/analysedanmark.dk\/wp-content\/uploads\/2024\/11\/giu-vicente-3_uiwITfv4M-unsplash-1-640x640.webp 640w, https:\/\/analysedanmark.dk\/wp-content\/uploads\/2024\/11\/giu-vicente-3_uiwITfv4M-unsplash-1-768x768.webp 768w, https:\/\/analysedanmark.dk\/wp-content\/uploads\/2024\/11\/giu-vicente-3_uiwITfv4M-unsplash-1-300x300.webp 300w, https:\/\/analysedanmark.dk\/wp-content\/uploads\/2024\/11\/giu-vicente-3_uiwITfv4M-unsplash-1-400x400.webp 400w, https:\/\/analysedanmark.dk\/wp-content\/uploads\/2024\/11\/giu-vicente-3_uiwITfv4M-unsplash-1-600x600.webp 600w\" sizes=\"auto, (max-width: 1200px) 100vw, 1200px\" \/><\/figure>\n\n<\/div><\/div>\n\n<div class=\"gb-grid-column gb-grid-column-44584bd0\"><div class=\"gb-container gb-container-44584bd0\">\n\n<h2 class=\"gb-headline gb-headline-c2afdff5 gb-headline-text\"><strong>Metodolog\u00eda<\/strong><\/h2>\n\n\n\n<ul class=\"wp-block-list\">\n<li>Tanto los m\u00e9todos cuantitativos como los cualitativos son aplicables en un an\u00e1lisis de segmentaci\u00f3n, y una combinaci\u00f3n de m\u00e9todos tambi\u00e9n es una opci\u00f3n.<\/li>\n\n\n\n<li>Si utiliza el m\u00e9todo cuantitativo, la base para la segmentaci\u00f3n puede ser su propia base de clientes o una encuesta de panel. Posteriormente, los segmentos pueden formarse mediante un an\u00e1lisis factorial y\/o de conglomerados.<\/li>\n\n\n\n<li>Una segmentaci\u00f3n mediante m\u00e9todos cualitativos puede consistir, por ejemplo, en utilizar entrevistas en profundidad a partir de las cuales se forman los segmentos.<\/li>\n\n\n\n<li>Estos m\u00e9todos tambi\u00e9n pueden combinarse en cualquier orden.\n<ul class=\"wp-block-list\">\n<li>Un an\u00e1lisis estad\u00edstico de segmentaci\u00f3n puede servir de base para una entrevista o un grupo de discusi\u00f3n con segmentos seleccionados para conocer en profundidad cada segmento.<\/li>\n\n\n\n<li>Al mismo tiempo, las entrevistas en profundidad o los grupos de discusi\u00f3n tambi\u00e9n pueden generar conocimientos relevantes sobre el p\u00fablico objetivo, lo cual es importante para construir las mejores preguntas de segmentaci\u00f3n.<\/li>\n<\/ul>\n<\/li>\n<\/ul>\n\n<\/div><\/div>\n<\/div>\n<\/div>\n<\/div>\n\n<div class=\"gb-container gb-container-0c83677d\">\n<div class=\"gb-container gb-container-a5391143 gbp-section\">\n<div class=\"gb-container gb-container-93ca79a7 gbp-section__inner\">\n<div class=\"gb-grid-wrapper gb-grid-wrapper-b92d2374\">\n<div class=\"gb-grid-column gb-grid-column-57d1efca\"><div class=\"gb-container gb-container-57d1efca\">\n\n<h2 class=\"gb-headline gb-headline-3f298b35 gb-headline-text\"><strong>Ejemplos de segmentaci\u00f3n<\/strong><\/h2>\n\n\n\n<ul class=\"wp-block-list\">\n<li>Por ejemplo, Analyse Danmark utiliza la segmentaci\u00f3n en el An\u00e1lisis Bancario, en el que dividimos a los clientes bancarios en diferentes segmentos en funci\u00f3n de su acuerdo con una serie de declaraciones de actitud. Para formar los segmentos se utiliza un an\u00e1lisis de conglomerados. Con el an\u00e1lisis de segmentaci\u00f3n, cada banco puede, por ejemplo, ver qu\u00e9 tipo de clientes tiene m\u00e1s y averiguar cu\u00e1l es la mejor forma de comunicarse con los distintos perfiles de clientes.<\/li>\n\n\n\n<li>Otro ejemplo de an\u00e1lisis de segmentaci\u00f3n es una encuesta realizada por Analyse Danmark para Sundhed.dk entre sus usuarios. Un an\u00e1lisis por conglomerados de sus usuarios y las posteriores entrevistas en profundidad con los encuestados de cada segmento proporcionaron a Sundhed.dk una visi\u00f3n \u00fanica de c\u00f3mo deber\u00edan comunicarse en el futuro para lograr una relaci\u00f3n \u00f3ptima con sus diferentes usuarios.<\/li>\n<\/ul>\n\n\n\n<p>Vea c\u00f3mo hemos resuelto una tarea de segmentaci\u00f3n y hemos creado personas para&nbsp;<a href=\"https:\/\/analysedanmark.dk\/es\/cases\/realdania\/\" data-type=\"page\" data-id=\"44001\">Realdania<\/a> Toma.<\/p>\n\n<\/div><\/div>\n\n<div class=\"gb-grid-column gb-grid-column-8020f66b\"><div class=\"gb-container gb-container-8020f66b\">\n\n<figure class=\"wp-block-image size-full hey_image_fx\"><img loading=\"lazy\" decoding=\"async\" width=\"1200\" height=\"1200\" src=\"https:\/\/analysedanmark.dk\/wp-content\/uploads\/2024\/11\/giu-vicente-3_uiwITfv4M-unsplash-1.webp\" alt=\"\" class=\"wp-image-43057\" srcset=\"https:\/\/analysedanmark.dk\/wp-content\/uploads\/2024\/11\/giu-vicente-3_uiwITfv4M-unsplash-1.webp 1200w, https:\/\/analysedanmark.dk\/wp-content\/uploads\/2024\/11\/giu-vicente-3_uiwITfv4M-unsplash-1-640x640.webp 640w, https:\/\/analysedanmark.dk\/wp-content\/uploads\/2024\/11\/giu-vicente-3_uiwITfv4M-unsplash-1-768x768.webp 768w, https:\/\/analysedanmark.dk\/wp-content\/uploads\/2024\/11\/giu-vicente-3_uiwITfv4M-unsplash-1-300x300.webp 300w, https:\/\/analysedanmark.dk\/wp-content\/uploads\/2024\/11\/giu-vicente-3_uiwITfv4M-unsplash-1-400x400.webp 400w, https:\/\/analysedanmark.dk\/wp-content\/uploads\/2024\/11\/giu-vicente-3_uiwITfv4M-unsplash-1-600x600.webp 600w\" sizes=\"auto, (max-width: 1200px) 100vw, 1200px\" \/><\/figure>\n\n<\/div><\/div>\n<\/div>\n<\/div>\n<\/div>\n<\/div>\n<\/div>","protected":false},"excerpt":{"rendered":"","protected":false},"author":4,"featured_media":0,"parent":35209,"menu_order":0,"comment_status":"closed","ping_status":"closed","template":"","meta":{"_acf_changed":false,"footnotes":""},"class_list":["post-43549","page","type-page","status-publish"],"acf":[],"_links":{"self":[{"href":"https:\/\/analysedanmark.dk\/es\/wp-json\/wp\/v2\/pages\/43549","targetHints":{"allow":["GET"]}}],"collection":[{"href":"https:\/\/analysedanmark.dk\/es\/wp-json\/wp\/v2\/pages"}],"about":[{"href":"https:\/\/analysedanmark.dk\/es\/wp-json\/wp\/v2\/types\/page"}],"author":[{"embeddable":true,"href":"https:\/\/analysedanmark.dk\/es\/wp-json\/wp\/v2\/users\/4"}],"replies":[{"embeddable":true,"href":"https:\/\/analysedanmark.dk\/es\/wp-json\/wp\/v2\/comments?post=43549"}],"version-history":[{"count":5,"href":"https:\/\/analysedanmark.dk\/es\/wp-json\/wp\/v2\/pages\/43549\/revisions"}],"predecessor-version":[{"id":190903,"href":"https:\/\/analysedanmark.dk\/es\/wp-json\/wp\/v2\/pages\/43549\/revisions\/190903"}],"up":[{"embeddable":true,"href":"https:\/\/analysedanmark.dk\/es\/wp-json\/wp\/v2\/pages\/35209"}],"wp:attachment":[{"href":"https:\/\/analysedanmark.dk\/es\/wp-json\/wp\/v2\/media?parent=43549"}],"curies":[{"name":"wp","href":"https:\/\/api.w.org\/{rel}","templated":true}]}}