{"id":43545,"date":"2024-12-05T03:40:28","date_gmt":"2024-12-05T02:40:28","guid":{"rendered":"https:\/\/analysedanmark.stage.heyrobot.com\/?page_id=43545"},"modified":"2025-05-01T13:15:31","modified_gmt":"2025-05-01T11:15:31","slug":"maalgruppeanalyse","status":"publish","type":"page","link":"https:\/\/analysedanmark.dk\/es\/ydelser\/maalgruppeanalyse\/","title":{"rendered":"An\u00e1lisis del p\u00fablico destinatario"},"content":{"rendered":"<header class=\"gb-container gb-container-58a76ced\">\n<div class=\"gb-container gb-container-3224c6ce gbp-section__inner\">\n<div class=\"gb-grid-wrapper gb-grid-wrapper-d7355558\">\n<div class=\"gb-grid-column gb-grid-column-516ff6c2\"><div class=\"gb-container gb-container-516ff6c2\">\n\n<p class=\"gb-headline gb-headline-ad6edd9c gb-headline-text gbp-section__tagline\">Detaljeret og dybdeg\u00e5ende analyse<\/p>\n\n\n\n<h1 class=\"gb-headline gb-headline-0e509d67 gb-headline-text\">An\u00e1lisis del p\u00fablico destinatario<\/h1>\n\n\n\n<p>Mange virksomheder opererer i et omskifteligt marked med stor konkurrence og en konstant tilgang af nye produkter. Hvis I vil sikre, at jeres markedsf\u00f8ring opn\u00e5r det \u00f8nskede resultat, er det afg\u00f8rende at vide, hvem jeres m\u00e5lgruppe er. Markedsf\u00f8ring uden en skarpt defineret m\u00e5lgruppe giver sj\u00e6ldent det \u00f8nskede resultat. Derfor er en m\u00e5lgruppeanalyse en god investering, da det vil m\u00e5lrette det videre arbejde med jeres kommunikation.<\/p>\n\n\n\n<p><strong>En m\u00e5lgruppeanalyse kan blandt andet give jeres virksomhed svar p\u00e5 f\u00f8lgende sp\u00f8rgsm\u00e5l:<\/strong><\/p>\n\n\n\n<ul class=\"wp-block-list\">\n<li>Hvem er din m\u00e5lgruppe?<\/li>\n\n\n\n<li>Hvordan ser din m\u00e5lgruppe ud?<\/li>\n\n\n\n<li>Hvordan er din m\u00e5lgruppes pr\u00e6ferencer og holdninger?<\/li>\n<\/ul>\n\n\n\n<p>En m\u00e5lgruppeunders\u00f8gelse vil give jeres virksomhed vigtige indsigter i, hvordan I bedst rammer jeres m\u00e5lgruppe. En m\u00e5lgruppeanalyse kan b\u00e5de udf\u00f8res med udgangspunkt i jeres virksomhed eller i jeres produkt afh\u00e6ngigt af, hvad der er jeres fokus.<\/p>\n\n<\/div><\/div>\n\n<div class=\"gb-grid-column gb-grid-column-38b0cc66\"><div class=\"gb-container gb-container-38b0cc66\">\n\n<figure class=\"gb-block-image gb-block-image-6f1ffcca\"><img loading=\"lazy\" decoding=\"async\" width=\"640\" height=\"640\" class=\"gb-image gb-image-6f1ffcca gbp--border-radius\" src=\"https:\/\/analysedanmark.dk\/wp-content\/uploads\/2025\/01\/shutterstock_2544046255-640x640.jpg\" alt=\"An\u00e1lisis del p\u00fablico destinatario\" title=\"Medici\u00f3n de la poblaci\u00f3n\" srcset=\"https:\/\/analysedanmark.dk\/wp-content\/uploads\/2025\/01\/shutterstock_2544046255-640x640.jpg 640w, https:\/\/analysedanmark.dk\/wp-content\/uploads\/2025\/01\/shutterstock_2544046255-1280x1280.jpg 1280w, https:\/\/analysedanmark.dk\/wp-content\/uploads\/2025\/01\/shutterstock_2544046255-768x768.jpg 768w, https:\/\/analysedanmark.dk\/wp-content\/uploads\/2025\/01\/shutterstock_2544046255-1536x1536.jpg 1536w, https:\/\/analysedanmark.dk\/wp-content\/uploads\/2025\/01\/shutterstock_2544046255-2048x2048.jpg 2048w, https:\/\/analysedanmark.dk\/wp-content\/uploads\/2025\/01\/shutterstock_2544046255-300x300.jpg 300w, https:\/\/analysedanmark.dk\/wp-content\/uploads\/2025\/01\/shutterstock_2544046255-400x400.jpg 400w, https:\/\/analysedanmark.dk\/wp-content\/uploads\/2025\/01\/shutterstock_2544046255-600x600.jpg 600w\" sizes=\"auto, (max-width: 640px) 100vw, 640px\" \/><\/figure>\n\n\n\n<figure class=\"gb-block-image gb-block-image-e235177f\"><img decoding=\"async\" class=\"gb-image gb-image-e235177f hey_image_fx gbp--border-radius\" src=\"https:\/\/gpsites.co\/affinity\/wp-content\/uploads\/sites\/147\/2024\/06\/walling-UP7JSnodG2M-unsplash-300x225.webp\" alt=\"\" title=\"muro-UP7JSnodG2M-unsplash\"><\/figure>\n\n<\/div><\/div>\n<\/div>\n<\/div>\n<\/header>\n\n<div class=\"gb-container gb-container-7e6d0854 gbp-section\">\n<div class=\"gb-container gb-container-3ff20a45 gbp-section__inner\">\n<div class=\"gb-grid-wrapper gb-grid-wrapper-d4759108\">\n<div class=\"gb-grid-column gb-grid-column-c739950f\"><div class=\"gb-container gb-container-c739950f\">\n\n<figure class=\"wp-block-image size-full hey_image_fx\"><img loading=\"lazy\" decoding=\"async\" width=\"1200\" height=\"1200\" src=\"https:\/\/analysedanmark.dk\/wp-content\/uploads\/2024\/11\/giu-vicente-3_uiwITfv4M-unsplash-1.webp\" alt=\"\" class=\"wp-image-43057\" srcset=\"https:\/\/analysedanmark.dk\/wp-content\/uploads\/2024\/11\/giu-vicente-3_uiwITfv4M-unsplash-1.webp 1200w, https:\/\/analysedanmark.dk\/wp-content\/uploads\/2024\/11\/giu-vicente-3_uiwITfv4M-unsplash-1-640x640.webp 640w, https:\/\/analysedanmark.dk\/wp-content\/uploads\/2024\/11\/giu-vicente-3_uiwITfv4M-unsplash-1-768x768.webp 768w, https:\/\/analysedanmark.dk\/wp-content\/uploads\/2024\/11\/giu-vicente-3_uiwITfv4M-unsplash-1-300x300.webp 300w, https:\/\/analysedanmark.dk\/wp-content\/uploads\/2024\/11\/giu-vicente-3_uiwITfv4M-unsplash-1-400x400.webp 400w, https:\/\/analysedanmark.dk\/wp-content\/uploads\/2024\/11\/giu-vicente-3_uiwITfv4M-unsplash-1-600x600.webp 600w\" sizes=\"auto, (max-width: 1200px) 100vw, 1200px\" \/><\/figure>\n\n<\/div><\/div>\n\n<div class=\"gb-grid-column gb-grid-column-44584bd0\"><div class=\"gb-container gb-container-44584bd0\">\n\n<h2 class=\"gb-headline gb-headline-c2afdff5 gb-headline-text\">Metode:<\/h2>\n\n\n\n<p>Hvis I \u00f8nsker af f\u00e5 afgr\u00e6nset jeres m\u00e5lgruppe i forhold til k\u00f8n, alder, geografi eller andre demografiske variable samt ud fra dennes holdninger eller adf\u00e6rd, vil det v\u00e6re oplagt at gennemf\u00f8re en m\u00e5lgruppeanalyse ved hj\u00e6lp af en kvantitativ metode.<\/p>\n\n\n\n<p>Afh\u00e6ngigt af om jeres produkter\/ydelser henvender sig til private forbrugere eller andre virksomheder, gennemf\u00f8res unders\u00f8gelsen enten via et befolkningspanel, eller via&nbsp;<a href=\"https:\/\/analysedanmark.dk\/es\/metodos\/kvantitative-metoder\/telefoninterview\/\">telefon (CATI)<\/a>.<\/p>\n\n\n\n<p>Hvis I allerede har en demografisk afgr\u00e6nsning af jeres m\u00e5lgruppe, kan en&nbsp;<a href=\"https:\/\/analysedanmark.dk\/es\/metodos\/metodos-cualitativos\/\">kvalitativ analyse<\/a>&nbsp;med personer i jeres m\u00e5lgruppe skabe dybere indsigt m\u00e5lgruppen og afd\u00e6kke dybereliggende \u00e5rsager til deres pr\u00e6ferencer og holdninger.<\/p>\n\n<\/div><\/div>\n<\/div>\n<\/div>\n<\/div>","protected":false},"excerpt":{"rendered":"","protected":false},"author":4,"featured_media":0,"parent":35209,"menu_order":0,"comment_status":"closed","ping_status":"closed","template":"","meta":{"_acf_changed":false,"footnotes":""},"class_list":["post-43545","page","type-page","status-publish"],"acf":[],"_links":{"self":[{"href":"https:\/\/analysedanmark.dk\/es\/wp-json\/wp\/v2\/pages\/43545","targetHints":{"allow":["GET"]}}],"collection":[{"href":"https:\/\/analysedanmark.dk\/es\/wp-json\/wp\/v2\/pages"}],"about":[{"href":"https:\/\/analysedanmark.dk\/es\/wp-json\/wp\/v2\/types\/page"}],"author":[{"embeddable":true,"href":"https:\/\/analysedanmark.dk\/es\/wp-json\/wp\/v2\/users\/4"}],"replies":[{"embeddable":true,"href":"https:\/\/analysedanmark.dk\/es\/wp-json\/wp\/v2\/comments?post=43545"}],"version-history":[{"count":5,"href":"https:\/\/analysedanmark.dk\/es\/wp-json\/wp\/v2\/pages\/43545\/revisions"}],"predecessor-version":[{"id":234834,"href":"https:\/\/analysedanmark.dk\/es\/wp-json\/wp\/v2\/pages\/43545\/revisions\/234834"}],"up":[{"embeddable":true,"href":"https:\/\/analysedanmark.dk\/es\/wp-json\/wp\/v2\/pages\/35209"}],"wp:attachment":[{"href":"https:\/\/analysedanmark.dk\/es\/wp-json\/wp\/v2\/media?parent=43545"}],"curies":[{"name":"wp","href":"https:\/\/api.w.org\/{rel}","templated":true}]}}