{"id":43521,"date":"2024-12-05T03:29:19","date_gmt":"2024-12-05T02:29:19","guid":{"rendered":"https:\/\/analysedanmark.stage.heyrobot.com\/?page_id=43521"},"modified":"2025-05-15T12:23:04","modified_gmt":"2025-05-15T10:23:04","slug":"kommunikationstest","status":"publish","type":"page","link":"https:\/\/analysedanmark.dk\/es\/ydelser\/kommunikationstest\/","title":{"rendered":"kommunikationstest"},"content":{"rendered":"<div class=\"gb-container gb-container-69085cdc\">\n<header class=\"gb-container gb-container-58a76ced\">\n<div class=\"gb-container gb-container-3224c6ce gbp-section__inner\">\n<div class=\"gb-grid-wrapper gb-grid-wrapper-d7355558\">\n<div class=\"gb-grid-column gb-grid-column-516ff6c2\"><div class=\"gb-container gb-container-516ff6c2\">\n\n<p class=\"gb-headline gb-headline-ad6edd9c gb-headline-text gbp-section__tagline\">F\u00e5 v\u00e6rdifuld feedback fra jeres m\u00e5lgruppe<\/p>\n\n\n\n<h1 class=\"gb-headline gb-headline-0e509d67 gb-headline-text\">Prueba de comunicaci\u00f3n<\/h1>\n\n\n\n<p>Inden iv\u00e6rks\u00e6ttelse af en annoncekampagne, en TV-kampagne eller lignende er det ofte en fordel at teste, om m\u00e5lgruppen forst\u00e5r kommunikationen, om kommunikationen bidrager positivt til afsenderens image og om m\u00e5lgruppen reagerer som forventet.&nbsp;Ikke mindst fordi en test ofte vil v\u00e6re langt billigere end omkostningerne til udarbejdelse og gennemf\u00f8relse af kommunikationen.<\/p>\n\n<\/div><\/div>\n\n<div class=\"gb-grid-column gb-grid-column-38b0cc66\"><div class=\"gb-container gb-container-38b0cc66\">\n\n<figure class=\"gb-block-image gb-block-image-6f1ffcca\"><img loading=\"lazy\" decoding=\"async\" width=\"640\" height=\"427\" class=\"gb-image gb-image-6f1ffcca hey_image_fx gbp--border-radius\" src=\"https:\/\/analysedanmark.dk\/wp-content\/uploads\/2025\/01\/shutterstock_117941944-1-640x427.jpg\" alt=\"Prueba de comunicaci\u00f3n\" title=\"Gruppe\" srcset=\"https:\/\/analysedanmark.dk\/wp-content\/uploads\/2025\/01\/shutterstock_117941944-1-640x427.jpg 640w, https:\/\/analysedanmark.dk\/wp-content\/uploads\/2025\/01\/shutterstock_117941944-1-360x240.jpg 360w, https:\/\/analysedanmark.dk\/wp-content\/uploads\/2025\/01\/shutterstock_117941944-1-768x512.jpg 768w, https:\/\/analysedanmark.dk\/wp-content\/uploads\/2025\/01\/shutterstock_117941944-1.jpg 1000w\" sizes=\"auto, (max-width: 640px) 100vw, 640px\" \/><\/figure>\n\n\n\n<figure class=\"gb-block-image gb-block-image-e235177f\"><img decoding=\"async\" class=\"gb-image gb-image-e235177f hey_image_fx gbp--border-radius\" src=\"https:\/\/gpsites.co\/affinity\/wp-content\/uploads\/sites\/147\/2024\/06\/walling-UP7JSnodG2M-unsplash-300x225.webp\" alt=\"\" title=\"muro-UP7JSnodG2M-unsplash\"><\/figure>\n\n<\/div><\/div>\n<\/div>\n<\/div>\n<\/header>\n<\/div>\n\n<div class=\"gb-container gb-container-7e6d0854 gbp-section\">\n<div class=\"gb-container gb-container-3ff20a45 gbp-section__inner\">\n<div class=\"gb-grid-wrapper gb-grid-wrapper-d4759108\">\n<div class=\"gb-grid-column gb-grid-column-c739950f\"><div class=\"gb-container gb-container-c739950f\">\n\n<figure class=\"wp-block-image size-full hey_image_fx\"><img loading=\"lazy\" decoding=\"async\" width=\"1200\" height=\"1200\" src=\"https:\/\/analysedanmark.dk\/wp-content\/uploads\/2024\/11\/giu-vicente-3_uiwITfv4M-unsplash-1.webp\" alt=\"\" class=\"wp-image-43057\" srcset=\"https:\/\/analysedanmark.dk\/wp-content\/uploads\/2024\/11\/giu-vicente-3_uiwITfv4M-unsplash-1.webp 1200w, https:\/\/analysedanmark.dk\/wp-content\/uploads\/2024\/11\/giu-vicente-3_uiwITfv4M-unsplash-1-640x640.webp 640w, https:\/\/analysedanmark.dk\/wp-content\/uploads\/2024\/11\/giu-vicente-3_uiwITfv4M-unsplash-1-768x768.webp 768w, https:\/\/analysedanmark.dk\/wp-content\/uploads\/2024\/11\/giu-vicente-3_uiwITfv4M-unsplash-1-300x300.webp 300w, https:\/\/analysedanmark.dk\/wp-content\/uploads\/2024\/11\/giu-vicente-3_uiwITfv4M-unsplash-1-400x400.webp 400w, https:\/\/analysedanmark.dk\/wp-content\/uploads\/2024\/11\/giu-vicente-3_uiwITfv4M-unsplash-1-600x600.webp 600w\" sizes=\"auto, (max-width: 1200px) 100vw, 1200px\" \/><\/figure>\n\n<\/div><\/div>\n\n<div class=\"gb-grid-column gb-grid-column-44584bd0\"><div class=\"gb-container gb-container-44584bd0\">\n\n<h2 class=\"gb-headline gb-headline-c2afdff5 gb-headline-text\">Analyse Danmark tester alle former for kommunikation: print, outdoor, in-store-medier, tilbudsaviser, radio-\/TV-reklamer, PR mv.<\/h2>\n\n\n\n<ul class=\"wp-block-list\">\n<li>Afh\u00e6ngigt af medie, m\u00e5lgruppe og informationsbehov kan vi gennemf\u00f8re kommunikationstests i&nbsp;<a href=\"https:\/\/analysedanmark.dk\/es\/metodos\/metodos-cualitativos\/fokusgrupper\/\">fokusgrupper<\/a>, som&nbsp;<a href=\"https:\/\/analysedanmark.dk\/es\/metodos\/kvantitative-metoder\/hall-test\/\">Hall-tests<\/a>&nbsp;eller&nbsp;<a href=\"https:\/\/analysedanmark.dk\/es\/metodos\/kvantitative-metoder\/internetinterview\/\">online i panel<\/a>.<\/li>\n\n\n\n<li>Kommunikationstests kan gennemf\u00f8res p\u00e5 alle niveauer fra id\u00e9-stadiet til den f\u00e6rdige kommunikation. Jo tidligere testen gennemf\u00f8res, jo tidligere kan der rettes til, s\u00e5 kommunikationen opfylder m\u00e5ls\u00e6tningen. Der kan f.eks. ogs\u00e5 v\u00e6re tale om&nbsp;en klassisk annoncetest, der&nbsp;dokumenterer&nbsp;effekten af en kampagne (<em>recall<\/em>,&nbsp;<em>liking<\/em>&nbsp;etc.)\n<ul class=\"wp-block-list\">\n<li>En kommunikationstest vil&nbsp;typisk munde ud i en rapport, der angiver m\u00e5lgruppens forst\u00e5else af budskabet, vurdering og accept af kommunikationen og kommunikationens relevans, evt. k\u00f8bsovervejelser mv. Desuden vurderer vi den sandsynlige succes\/det sandsynlige potentiale og giver vore anbefalinger til evt. korrektioner.<\/li>\n<\/ul>\n<\/li>\n\n\n\n<li>I forbindelse med alle kommunikationstests er der mulighed for at supplere med kundetilpassede segmenteringsmodeller, f.eks. med udgangspunkt i livsstilssp\u00f8rgsm\u00e5l. Herved opn\u00e5s et langt mere nuanceret billede af m\u00e5lgruppen, end de traditionelle demografiske variable kan give.<\/li>\n<\/ul>\n\n<\/div><\/div>\n<\/div>\n<\/div>\n<\/div>","protected":false},"excerpt":{"rendered":"","protected":false},"author":4,"featured_media":0,"parent":35209,"menu_order":0,"comment_status":"closed","ping_status":"closed","template":"","meta":{"_acf_changed":false,"footnotes":""},"class_list":["post-43521","page","type-page","status-publish"],"acf":[],"_links":{"self":[{"href":"https:\/\/analysedanmark.dk\/es\/wp-json\/wp\/v2\/pages\/43521","targetHints":{"allow":["GET"]}}],"collection":[{"href":"https:\/\/analysedanmark.dk\/es\/wp-json\/wp\/v2\/pages"}],"about":[{"href":"https:\/\/analysedanmark.dk\/es\/wp-json\/wp\/v2\/types\/page"}],"author":[{"embeddable":true,"href":"https:\/\/analysedanmark.dk\/es\/wp-json\/wp\/v2\/users\/4"}],"replies":[{"embeddable":true,"href":"https:\/\/analysedanmark.dk\/es\/wp-json\/wp\/v2\/comments?post=43521"}],"version-history":[{"count":5,"href":"https:\/\/analysedanmark.dk\/es\/wp-json\/wp\/v2\/pages\/43521\/revisions"}],"predecessor-version":[{"id":234922,"href":"https:\/\/analysedanmark.dk\/es\/wp-json\/wp\/v2\/pages\/43521\/revisions\/234922"}],"up":[{"embeddable":true,"href":"https:\/\/analysedanmark.dk\/es\/wp-json\/wp\/v2\/pages\/35209"}],"wp:attachment":[{"href":"https:\/\/analysedanmark.dk\/es\/wp-json\/wp\/v2\/media?parent=43521"}],"curies":[{"name":"wp","href":"https:\/\/api.w.org\/{rel}","templated":true}]}}