{"id":43515,"date":"2024-12-05T03:26:24","date_gmt":"2024-12-05T02:26:24","guid":{"rendered":"https:\/\/analysedanmark.stage.heyrobot.com\/?page_id=43515"},"modified":"2025-05-01T13:07:37","modified_gmt":"2025-05-01T11:07:37","slug":"encuestas-de-usuarios","status":"publish","type":"page","link":"https:\/\/analysedanmark.dk\/es\/ydelser\/brugerundersoegelser\/","title":{"rendered":"Encuestas a los usuarios"},"content":{"rendered":"<header class=\"gb-container gb-container-58a76ced\">\n<div class=\"gb-container gb-container-3224c6ce gbp-section__inner\">\n<div class=\"gb-grid-wrapper gb-grid-wrapper-d7355558\">\n<div class=\"gb-grid-column gb-grid-column-516ff6c2\"><div class=\"gb-container gb-container-516ff6c2\">\n\n<p class=\"gb-headline gb-headline-ad6edd9c gb-headline-text gbp-section__tagline\">Por ejemplo, una encuesta a los usuarios puede aportarle informaci\u00f3n \u00fatil sobre su sitio web.<\/p>\n\n\n\n<h1 class=\"gb-headline gb-headline-0e509d67 gb-headline-text\">Encuestas a los usuarios<\/h1>\n\n\n\n<p>Una encuesta de usuarios permite conocer la experiencia de los usuarios con, por ejemplo, un producto, un servicio o un sitio web. La encuesta suele revelar la satisfacci\u00f3n de los usuarios y su actitud hacia lo que se est\u00e1 probando. La prueba de un producto o servicio suele formar parte de un programa de pruebas.&nbsp;<a href=\"https:\/\/analysedanmark.dk\/es\/servicios\/analisis-de-clientes\/\" data-type=\"page\" data-id=\"43523\">an\u00e1lisis de clientes<\/a>. Aqu\u00ed nos centramos en la investigaci\u00f3n de usuarios de sitios web.<\/p>\n\n\n\n<p>Una encuesta a los usuarios de un sitio web es ideal cuando:<\/p>\n\n\n\n<p>El desarrollo del sitio web est\u00e1 en marcha - recomendamos una prueba previa y posterior para detectar cambios en las percepciones.<\/p>\n\n\n\n<p>Quiere conocer el tipo de usuarios y su comportamiento en el sitio web para optimizar la comunicaci\u00f3n<\/p>\n\n\n\n<p>Usted quiere optimizar continuamente el sitio web en funci\u00f3n de los deseos del usuario.<\/p>\n\n<\/div><\/div>\n\n<div class=\"gb-grid-column gb-grid-column-38b0cc66\"><div class=\"gb-container gb-container-38b0cc66\">\n\n<figure class=\"gb-block-image gb-block-image-6f1ffcca\"><img decoding=\"async\" class=\"gb-image gb-image-6f1ffcca hey_image_fx gbp--border-radius\" src=\"https:\/\/gpsites.co\/affinity\/wp-content\/uploads\/sites\/147\/2024\/06\/nordwood-themes-ubIWo074QlU-unsplash-300x225.webp\" alt=\"\" title=\"nordwood-themes-ubIWo074QlU-unsplash\"><\/figure>\n\n\n\n<figure class=\"gb-block-image gb-block-image-e235177f\"><img decoding=\"async\" class=\"gb-image gb-image-e235177f hey_image_fx gbp--border-radius\" src=\"https:\/\/gpsites.co\/affinity\/wp-content\/uploads\/sites\/147\/2024\/06\/walling-UP7JSnodG2M-unsplash-300x225.webp\" alt=\"\" title=\"muro-UP7JSnodG2M-unsplash\"><\/figure>\n\n<\/div><\/div>\n<\/div>\n<\/div>\n<\/header>\n\n<div class=\"gb-container gb-container-b510b0bb\">\n<div class=\"gb-container gb-container-7e6d0854 gbp-section\">\n<div class=\"gb-container gb-container-3ff20a45 gbp-section__inner\">\n<div class=\"gb-grid-wrapper gb-grid-wrapper-d4759108\">\n<div class=\"gb-grid-column gb-grid-column-c739950f\"><div class=\"gb-container gb-container-c739950f\">\n\n<figure class=\"wp-block-image size-full hey_image_fx\"><img loading=\"lazy\" decoding=\"async\" width=\"1200\" height=\"1200\" src=\"https:\/\/analysedanmark.dk\/wp-content\/uploads\/2024\/11\/giu-vicente-3_uiwITfv4M-unsplash-1.webp\" alt=\"\" class=\"wp-image-43057\" srcset=\"https:\/\/analysedanmark.dk\/wp-content\/uploads\/2024\/11\/giu-vicente-3_uiwITfv4M-unsplash-1.webp 1200w, https:\/\/analysedanmark.dk\/wp-content\/uploads\/2024\/11\/giu-vicente-3_uiwITfv4M-unsplash-1-640x640.webp 640w, https:\/\/analysedanmark.dk\/wp-content\/uploads\/2024\/11\/giu-vicente-3_uiwITfv4M-unsplash-1-768x768.webp 768w, https:\/\/analysedanmark.dk\/wp-content\/uploads\/2024\/11\/giu-vicente-3_uiwITfv4M-unsplash-1-300x300.webp 300w, https:\/\/analysedanmark.dk\/wp-content\/uploads\/2024\/11\/giu-vicente-3_uiwITfv4M-unsplash-1-400x400.webp 400w, https:\/\/analysedanmark.dk\/wp-content\/uploads\/2024\/11\/giu-vicente-3_uiwITfv4M-unsplash-1-600x600.webp 600w\" sizes=\"auto, (max-width: 1200px) 100vw, 1200px\" \/><\/figure>\n\n<\/div><\/div>\n\n<div class=\"gb-grid-column gb-grid-column-44584bd0\"><div class=\"gb-container gb-container-44584bd0\">\n\n<h2 class=\"gb-headline gb-headline-c2afdff5 gb-headline-text\"><strong><strong>Analyse Danmark le ofrece un seguimiento del comportamiento de su sitio web para que pueda optimizar sus esfuerzos y el desarrollo del mismo.<\/strong><\/strong><\/h2>\n\n\n\n<p>A menudo se invierten muchos recursos -financieros y humanos- en desarrollar y mantener la p\u00e1gina web de una empresa. Esto tiene sentido, porque hoy en d\u00eda Internet es a menudo el primer punto de entrada de nuevos clientes y, por tanto, el posible inicio de una larga relaci\u00f3n con ellos.<\/p>\n\n\n\n<p>Pero no s\u00f3lo los nuevos clientes utilizan el sitio web. La prensa, la competencia, los (futuros) empleados y otras partes interesadas pueden conocer su mundo a trav\u00e9s de su sitio web. El problema suele ser que la empresa no sabe lo suficiente sobre la percepci\u00f3n que tienen los usuarios del sitio o su comportamiento.<\/p>\n\n\n\n<p><strong>En otras palabras, \u00bfest\u00e1 obteniendo lo suficiente de sus visitantes? \u00bfSabe qui\u00e9nes son y qu\u00e9 es lo que buscan?<\/strong><\/p>\n\n\n\n<p>Analyse Denmark sugiere complementar su propia percepci\u00f3n preguntando a los propios usuarios.<\/p>\n\n<\/div><\/div>\n<\/div>\n<\/div>\n<\/div>\n<\/div>\n\n<div class=\"gb-container gb-container-0c83677d\">\n<div class=\"gb-container gb-container-a5391143 gbp-section\">\n<div class=\"gb-container gb-container-93ca79a7 gbp-section__inner\">\n<div class=\"gb-grid-wrapper gb-grid-wrapper-b92d2374\">\n<div class=\"gb-grid-column gb-grid-column-57d1efca\"><div class=\"gb-container gb-container-57d1efca\">\n\n<h2 class=\"gb-headline gb-headline-9d1ec87b gb-headline-text\">Los m\u00e9todos<\/h2>\n\n\n\n<p>Un estudio completo de los usuarios de su sitio web puede completarse en 2-3 semanas, dependiendo del tr\u00e1fico del sitio, lo que garantiza la puntualidad de los resultados.<\/p>\n\n\n\n<p>Analyse Denmark puede entregar desde datos brutos hasta un an\u00e1lisis con conclusiones y recomendaciones. Si opta por esta \u00faltima opci\u00f3n, se elabora un informe completo y anotado que contiene gr\u00e1ficos generales, recomendaciones y un conjunto completo de tablas con tabulaciones de frecuencia y cruzadas.<\/p>\n\n\n\n<ul class=\"wp-block-list\">\n<li>A los usuarios que hacen clic en su sitio web se les presenta un cuestionario emergente dise\u00f1ado para este fin.<\/li>\n\n\n\n<li>La ventana emergente est\u00e1 controlada por cookies y por frecuencia, de modo que no se molesta al usuario con el mismo formulario varias veces. El usuario responde a las preguntas y despu\u00e9s de min. 500 respuestas, la encuesta se detiene.<\/li>\n<\/ul>\n\n<\/div><\/div>\n\n<div class=\"gb-grid-column gb-grid-column-8020f66b\"><div class=\"gb-container gb-container-8020f66b\">\n\n<figure class=\"wp-block-image size-full hey_image_fx\"><img loading=\"lazy\" decoding=\"async\" width=\"1200\" height=\"1200\" src=\"https:\/\/analysedanmark.dk\/wp-content\/uploads\/2024\/11\/giu-vicente-3_uiwITfv4M-unsplash-1.webp\" alt=\"\" class=\"wp-image-43057\" srcset=\"https:\/\/analysedanmark.dk\/wp-content\/uploads\/2024\/11\/giu-vicente-3_uiwITfv4M-unsplash-1.webp 1200w, https:\/\/analysedanmark.dk\/wp-content\/uploads\/2024\/11\/giu-vicente-3_uiwITfv4M-unsplash-1-640x640.webp 640w, https:\/\/analysedanmark.dk\/wp-content\/uploads\/2024\/11\/giu-vicente-3_uiwITfv4M-unsplash-1-768x768.webp 768w, https:\/\/analysedanmark.dk\/wp-content\/uploads\/2024\/11\/giu-vicente-3_uiwITfv4M-unsplash-1-300x300.webp 300w, https:\/\/analysedanmark.dk\/wp-content\/uploads\/2024\/11\/giu-vicente-3_uiwITfv4M-unsplash-1-400x400.webp 400w, https:\/\/analysedanmark.dk\/wp-content\/uploads\/2024\/11\/giu-vicente-3_uiwITfv4M-unsplash-1-600x600.webp 600w\" sizes=\"auto, (max-width: 1200px) 100vw, 1200px\" \/><\/figure>\n\n<\/div><\/div>\n<\/div>\n<\/div>\n<\/div>\n<\/div>","protected":false},"excerpt":{"rendered":"","protected":false},"author":4,"featured_media":0,"parent":35209,"menu_order":0,"comment_status":"closed","ping_status":"closed","template":"","meta":{"_acf_changed":false,"footnotes":""},"class_list":["post-43515","page","type-page","status-publish"],"acf":[],"_links":{"self":[{"href":"https:\/\/analysedanmark.dk\/es\/wp-json\/wp\/v2\/pages\/43515","targetHints":{"allow":["GET"]}}],"collection":[{"href":"https:\/\/analysedanmark.dk\/es\/wp-json\/wp\/v2\/pages"}],"about":[{"href":"https:\/\/analysedanmark.dk\/es\/wp-json\/wp\/v2\/types\/page"}],"author":[{"embeddable":true,"href":"https:\/\/analysedanmark.dk\/es\/wp-json\/wp\/v2\/users\/4"}],"replies":[{"embeddable":true,"href":"https:\/\/analysedanmark.dk\/es\/wp-json\/wp\/v2\/comments?post=43515"}],"version-history":[{"count":5,"href":"https:\/\/analysedanmark.dk\/es\/wp-json\/wp\/v2\/pages\/43515\/revisions"}],"predecessor-version":[{"id":234832,"href":"https:\/\/analysedanmark.dk\/es\/wp-json\/wp\/v2\/pages\/43515\/revisions\/234832"}],"up":[{"embeddable":true,"href":"https:\/\/analysedanmark.dk\/es\/wp-json\/wp\/v2\/pages\/35209"}],"wp:attachment":[{"href":"https:\/\/analysedanmark.dk\/es\/wp-json\/wp\/v2\/media?parent=43515"}],"curies":[{"name":"wp","href":"https:\/\/api.w.org\/{rel}","templated":true}]}}