{"id":30249,"date":"2023-08-24T20:15:00","date_gmt":"2023-08-24T20:15:00","guid":{"rendered":"https:\/\/gpsites.co\/affinity\/?page_id=30249"},"modified":"2026-03-25T14:40:23","modified_gmt":"2026-03-25T13:40:23","slug":"politica-de-privacidad","status":"publish","type":"page","link":"https:\/\/analysedanmark.dk\/es\/persondatapolitik\/","title":{"rendered":"Pol\u00edtica de privacidad"},"content":{"rendered":"<div class=\"gb-container gb-container-00dad267 gbp-section\">\n<div class=\"gb-container gb-container-7c095171 gb-container-e12be6ba gbp-section__inner\">\n\n<p>En nuestra pol\u00edtica de privacidad puede leer c\u00f3mo recogemos y procesamos sus datos personales cuando participa en nuestras encuestas, se suscribe a nuestro bolet\u00edn o nos env\u00eda una consulta a trav\u00e9s de un formulario del sitio web.<\/p>\n\n\n\n<h3 class=\"wp-block-heading\"><strong>Controlador de datos<\/strong><\/h3>\n\n\n\n<p>Analyse Danmark ApS es el responsable del tratamiento de sus datos personales.<\/p>\n\n\n\n<p>Analyse Danmark ApS<br>Vesterbrogade 124 B, 4\u00ba izquierda.<br>1620 Copenhague V<br>Tel\u00e9fono: 43331020<br>CVR: 3740 8174<br><\/p>\n\n\n\n<h3 class=\"wp-block-heading\"><strong>Tratamiento de datos personales cuando participa en nuestras encuestas, tiene preguntas sobre encuestas existentes o, por ejemplo, env\u00eda una consulta a trav\u00e9s de un enlace enviado, por tel\u00e9fono, en persona (por ejemplo, entrevista personal o como participante en un grupo de discusi\u00f3n), por correo postal, correo electr\u00f3nico o en el sitio web.<\/strong><\/h3>\n\n\n\n<p>Cuando participe en nuestras encuestas o env\u00ede una consulta a trav\u00e9s del sitio web, es posible que se le pida que facilite su nombre, direcci\u00f3n de correo electr\u00f3nico, n\u00famero de tel\u00e9fono y otra informaci\u00f3n relevante para la participaci\u00f3n en la encuesta o para que podamos responder a su consulta. Toda la informaci\u00f3n ser\u00e1 tratada de forma confidencial y an\u00f3nima tanto para nuestros clientes como para terceros. Su informaci\u00f3n de contacto no ser\u00e1 revelada a terceros sin su consentimiento, a menos que estemos obligados a hacerlo por ley. No utilizamos la informaci\u00f3n para spam u otros env\u00edos comerciales. En algunos casos, subcontratamos el tratamiento de sus datos personales a nuestros proveedores. Este es el caso, por ejemplo, cuando utilizamos GoGift, Send a Thought u otros como proveedores de cheques regalo y aqu\u00ed s\u00f3lo las direcciones de correo electr\u00f3nico para poder enviarle el cheque regalo por v\u00eda electr\u00f3nica.<\/p>\n\n\n\n<p>Por regla general, almacenamos los datos personales durante un m\u00e1ximo de 2 a\u00f1os, transcurridos los cuales los eliminamos. La raz\u00f3n por la que no siempre los borramos inmediatamente despu\u00e9s de terminar una encuesta es por motivos de control de calidad y si es necesario repetir la encuesta entre el mismo grupo destinatario, por ejemplo, para medir la historia dentro de un tema espec\u00edfico o invitar a entrevistas m\u00e1s en profundidad. En las encuestas en las que posteriormente necesitemos ponernos en contacto de nuevo con usted, se le informar\u00e1 de ello.<\/p>\n\n\n\n<p>Es posible que reciba una encuesta de nuestra parte sin haber expresado su inter\u00e9s en participar en una encuesta. Esto podr\u00eda ocurrir en relaci\u00f3n con una encuesta en la que nuestro cliente ha recopilado informaci\u00f3n de contacto disponible p\u00fablicamente, como correos electr\u00f3nicos de sitios web, o usted es miembro de una asociaci\u00f3n en la que la asociaci\u00f3n es la responsable del tratamiento de los datos. Esto es perfectamente legal y, por supuesto, usted es libre de decidir si desea participar en la encuesta. M\u00e1s informaci\u00f3n sobre la ley de marketing y la prohibici\u00f3n del spam aqu\u00ed<\/p>\n\n\n\n<p><a href=\"https:\/\/www.forbrugerombudsmanden.dk\/hvad-gaelder\/ofte-stillede-spoergsmaal\/spam\" rel=\"nofollow noopener\" target=\"_blank\">https:\/\/www.forbrugerombudsmanden.dk\/hvad-gaelder\/ofte-stillede-spoergsmaal\/spam<\/a><\/p>\n\n\n\n<p>Los empleados de Analyse Danmark est\u00e1n sujetos a un acuerdo de confidencialidad que cubre tanto los asuntos internos espec\u00edficos de la empresa como la informaci\u00f3n sobre nuestros clientes y sus productos\/servicios y los encuestados en nuestras encuestas.<\/p>\n\n\n\n<h3 class=\"wp-block-heading\"><strong>Tratamiento de datos personales al suscribirse a nuestro bolet\u00edn de noticias<\/strong><\/h3>\n\n\n\n<p>Cuando se suscribe a nuestro bolet\u00edn, registramos su nombre y direcci\u00f3n de correo electr\u00f3nico para enviarle nuestros boletines.&nbsp;<\/p>\n\n\n\n<p>Tratamos los datos mencionados sobre la base del consentimiento que nos da al suscribirse a nuestros boletines. Siempre puede retirar su consentimiento escribiendo un correo electr\u00f3nico a o darse de baja directamente haciendo clic en el enlace de uno de los boletines que le enviamos. Por lo general, no revelamos sus datos personales a terceros sin su consentimiento, a menos que estemos obligados a hacerlo por ley. Por lo general, procesamos los datos personales hasta que usted retira su consentimiento para recibir nuestros boletines.<\/p>\n\n\n\n<h3 class=\"wp-block-heading\"><strong>Sus derechos<\/strong><\/h3>\n\n\n\n<p>Siempre puede solicitar informaci\u00f3n sobre los datos personales que tratamos sobre usted.<\/p>\n\n\n\n<p>Tambi\u00e9n puede oponerse a que procesemos sus datos personales, por ejemplo, pidi\u00e9ndonos que los corrijamos, eliminemos, limitemos, transfiramos o dejemos de procesarlos.<\/p>\n\n\n\n<p><strong>Para cualquier consulta, puede ponerse en contacto con nosotros a trav\u00e9s de los datos que figuran a continuaci\u00f3n.&nbsp;<\/strong><\/p>\n\n\n\n<p>Si tiene alguna pregunta o comentario sobre el tratamiento de sus datos personales, puede ponerse en contacto con nosotros aqu\u00ed:<\/p>\n\n\n\n<p>Analyse Danmark ApS<br>Vesterbrogade 124 B, 4\u00ba izquierda.&nbsp;<br>1620 Copenhague V<br>Tel\u00e9fono: 43331020<br>Correo:&nbsp;<a href=\"mailto:info@analysedanmark.dk\">info@analysedanmark.dk<\/a><\/p>\n\n\n\n<p>Si desea presentar una queja sobre nuestro tratamiento de sus datos personales, puede hacerlo a&nbsp;<\/p>\n\n\n\n<p>Autoridad de Protecci\u00f3n de Datos<br>Borgergade 28, 5<br>1300 Copenhague K, Dinamarca&nbsp;<br>Tel\u00e9fono: 33 19 32 00<br>&nbsp;<\/p>\n\n\n\n<p>Ver tambi\u00e9n&nbsp;<a href=\"https:\/\/www.datatilsynet.dk\/om-datatilsynet\/kontakt\/\" rel=\"nofollow noopener\" target=\"_blank\">https:\/\/www.datatilsynet.dk\/om-datatilsynet\/kontakt\/<\/a><\/p>\n\n<\/div>\n<\/div>","protected":false},"excerpt":{"rendered":"<p>I vores&nbsp;persondatapolitik kan du l\u00e6se om, hvordan vi indsamler og behandler dine persondata, n\u00e5r du deltager i vores unders\u00f8gelser, tilmelder dig vores nyhedsbrev eller sender en foresp\u00f8rgsel via formular p\u00e5 hjemmesiden. Dataansvarlig Analyse Danmark ApS er dataansvarlig for behandling af dine personoplysninger. Analyse Danmark ApSVesterbrogade 124 B, 4. t.v.1620 K\u00f8benhavn VTelefon: 43331020CVR: 3740 8174 Behandling &#8230; <\/p>\n<p class=\"read-more-container\"><a title=\"Pol\u00edtica de privacidad\" class=\"read-more button\" href=\"https:\/\/analysedanmark.dk\/es\/persondatapolitik\/#more-30249\" aria-label=\"Leer m\u00e1s sobre Persondatapolitik\">Leer m\u00e1s<\/a><\/p>","protected":false},"author":1,"featured_media":0,"parent":0,"menu_order":0,"comment_status":"closed","ping_status":"closed","template":"","meta":{"_acf_changed":false,"footnotes":""},"class_list":["post-30249","page","type-page","status-publish"],"acf":[],"_links":{"self":[{"href":"https:\/\/analysedanmark.dk\/es\/wp-json\/wp\/v2\/pages\/30249","targetHints":{"allow":["GET"]}}],"collection":[{"href":"https:\/\/analysedanmark.dk\/es\/wp-json\/wp\/v2\/pages"}],"about":[{"href":"https:\/\/analysedanmark.dk\/es\/wp-json\/wp\/v2\/types\/page"}],"author":[{"embeddable":true,"href":"https:\/\/analysedanmark.dk\/es\/wp-json\/wp\/v2\/users\/1"}],"replies":[{"embeddable":true,"href":"https:\/\/analysedanmark.dk\/es\/wp-json\/wp\/v2\/comments?post=30249"}],"version-history":[{"count":7,"href":"https:\/\/analysedanmark.dk\/es\/wp-json\/wp\/v2\/pages\/30249\/revisions"}],"predecessor-version":[{"id":235028,"href":"https:\/\/analysedanmark.dk\/es\/wp-json\/wp\/v2\/pages\/30249\/revisions\/235028"}],"wp:attachment":[{"href":"https:\/\/analysedanmark.dk\/es\/wp-json\/wp\/v2\/media?parent=30249"}],"curies":[{"name":"wp","href":"https:\/\/api.w.org\/{rel}","templated":true}]}}