{"id":24,"date":"2023-07-25T17:53:45","date_gmt":"2023-07-25T17:53:45","guid":{"rendered":"https:\/\/business-one.local\/?page_id=24"},"modified":"2025-10-02T11:10:12","modified_gmt":"2025-10-02T09:10:12","slug":"cases","status":"publish","type":"page","link":"https:\/\/analysedanmark.dk\/es\/cases\/","title":{"rendered":"Casos"},"content":{"rendered":"<div class=\"gb-container gb-container-7853d711 gbp-section\">\n<div class=\"gb-container gb-container-e1e22289 gbp-section__inner\">\n<div class=\"gb-container gb-container-6bd182c5 gbp--margin-after\">\n\n<p class=\"gb-headline gb-headline-675b16aa gb-headline-text gbp-section__tagline\">T\u00e6t samarbejde med vores kunder <\/p>\n\n\n\n<h1 class=\"wp-block-heading\">Kunder &amp; cases<\/h1>\n\n\n\n<p class=\"gb-headline gb-headline-0b6d10cc gb-headline-text gb-headline-848d8056\">Vi \u00f8nsker altid at have et t\u00e6t samarbejde med vores kunder, s\u00e5 vi f\u00e5r den bedst mulige forst\u00e5else af deres udfordringer og behov.<\/p>\n\n\n\n<p>Analyse Danmark har siden 1997 udf\u00f8rt b\u00e5de kvalitative og kvantitative unders\u00f8gelser. Her finder du eksempler p\u00e5&nbsp;private virksomheder,&nbsp;organisationer&nbsp;og&nbsp;offentlige institutioner&nbsp;som vi har l\u00f8st opgaver for. I de enkelte cases beskrives, hvilke metoder der er brugt og hvad der kom ud af projekterne. Hvis du har sp\u00f8rgsm\u00e5l eller \u00f8nsker snak om noget lignende kan g\u00f8res for din virksomhed, er du meget velkommen til at henvende dig.<\/p>\n\n\n\n<p>Rigtig god forn\u00f8jelse med at dykke ned i dem.<\/p>\n\n<\/div>\n\n<div class=\"gb-grid-wrapper gb-grid-wrapper-988f5f34\">\n<div class=\"gb-grid-column gb-grid-column-8a3ba7e7\"><div class=\"gb-container gb-container-8a3ba7e7 gbp-card\">\n\n<figure class=\"gb-block-image gb-block-image-f820c0e2\"><a href=\"https:\/\/aidsfondet.dk\/\" target=\"_blank\" rel=\"noopener noreferrer nofollow\"><img loading=\"lazy\" decoding=\"async\" width=\"500\" height=\"500\" class=\"gb-image gb-image-f820c0e2 gbp--border-radius\" src=\"https:\/\/analysedanmark.dk\/wp-content\/uploads\/2024\/12\/AD-logo.png\" alt=\"\" title=\"AD-logo\" srcset=\"https:\/\/analysedanmark.dk\/wp-content\/uploads\/2024\/12\/AD-logo.png 500w, https:\/\/analysedanmark.dk\/wp-content\/uploads\/2024\/12\/AD-logo-300x300.png 300w, https:\/\/analysedanmark.dk\/wp-content\/uploads\/2024\/12\/AD-logo-400x400.png 400w\" sizes=\"auto, (max-width: 500px) 100vw, 500px\"><\/a><\/figure>\n\n\n\n<p class=\"gb-headline gb-headline-25c4c5af gb-headline-text gbp-card__title\"><strong>La Fundaci\u00f3n contra el SIDA<\/strong><\/p>\n\n\n\n<p class=\"gb-headline gb-headline-20389cd3 gb-headline-text gbp-section__text--sm gb-headline-ad44c097\">Hvordan afd\u00e6kker man tabuadf\u00e6rd blandt en sv\u00e6rt tilg\u00e6ngelig m\u00e5lgruppe?<\/p>\n\n\n\n<p class=\"gb-headline gb-headline-71dd314b gb-headline-text gb-headline-931196b7\"><strong><a href=\"https:\/\/analysedanmark.dk\/es\/cases\/aids-fondet\/\" data-type=\"page\" data-id=\"43847\">M\u00e1s informaci\u00f3n<\/a><\/strong><\/p>\n\n<\/div><\/div>\n\n<div class=\"gb-grid-column gb-grid-column-59693bc2\"><div class=\"gb-container gb-container-59693bc2 gbp-card\">\n\n<figure class=\"gb-block-image gb-block-image-a4ba5d5a\"><a href=\"https:\/\/damixa.dk\/\" target=\"_blank\" rel=\"noopener noreferrer nofollow\"><img loading=\"lazy\" decoding=\"async\" width=\"500\" height=\"500\" class=\"gb-image gb-image-a4ba5d5a gbp--border-radius\" src=\"https:\/\/analysedanmark.dk\/wp-content\/uploads\/2024\/12\/damixalogo.png\" alt=\"\" title=\"damixalogo\" srcset=\"https:\/\/analysedanmark.dk\/wp-content\/uploads\/2024\/12\/damixalogo.png 500w, https:\/\/analysedanmark.dk\/wp-content\/uploads\/2024\/12\/damixalogo-300x300.png 300w, https:\/\/analysedanmark.dk\/wp-content\/uploads\/2024\/12\/damixalogo-400x400.png 400w\" sizes=\"auto, (max-width: 500px) 100vw, 500px\"><\/a><\/figure>\n\n\n\n<p class=\"gb-headline gb-headline-a1cbb546 gb-headline-text gbp-card__title\"><strong>Damixa<\/strong><\/p>\n\n\n\n<p class=\"gb-headline gb-headline-2711e439 gb-headline-text gbp-section__text--sm gb-headline-ad44c097\">Fra id\u00e9er p\u00e5 tegnebr\u00e6ttet og plastic dummies til lancering af ny vandhaneserie.<\/p>\n\n\n\n<p class=\"gb-headline gb-headline-a50273c1 gb-headline-text gb-headline-931196b7\"><a href=\"https:\/\/analysedanmark.dk\/es\/cases\/damixa\/\" data-type=\"page\" data-id=\"43821\"><strong>M\u00e1s informaci\u00f3n<\/strong><\/a><\/p>\n\n<\/div><\/div>\n\n<div class=\"gb-grid-column gb-grid-column-c57784d6\"><div class=\"gb-container gb-container-c57784d6 gbp-card\">\n\n<figure class=\"wp-block-image size-medium\"><a href=\"https:\/\/www.danskindustri.dk\/\" rel=\"nofollow noopener\" target=\"_blank\"><img loading=\"lazy\" decoding=\"async\" width=\"500\" height=\"500\" src=\"https:\/\/analysedanmark.dk\/wp-content\/uploads\/2024\/12\/Dansk-industri-logo.png\" alt=\"\" class=\"wp-image-44079\" srcset=\"https:\/\/analysedanmark.dk\/wp-content\/uploads\/2024\/12\/Dansk-industri-logo.png 500w, https:\/\/analysedanmark.dk\/wp-content\/uploads\/2024\/12\/Dansk-industri-logo-300x300.png 300w, https:\/\/analysedanmark.dk\/wp-content\/uploads\/2024\/12\/Dansk-industri-logo-400x400.png 400w\" sizes=\"auto, (max-width: 500px) 100vw, 500px\" \/><\/a><\/figure>\n\n\n\n<p class=\"gb-headline gb-headline-335a494a gb-headline-text gbp-card__title\"><strong><strong>Industria danesa<\/strong><\/strong><\/p>\n\n\n\n<p class=\"gb-headline gb-headline-7b162a8d gb-headline-text gbp-section__text--sm gb-headline-ad44c097\">Fra projektive teknikker som kortsortering og tegninger til praktiske v\u00e6rkt\u00f8jer.<\/p>\n\n\n\n<p class=\"gb-headline gb-headline-4e70528a gb-headline-text gb-headline-931196b7\"><a href=\"https:\/\/analysedanmark.dk\/es\/cases\/dansk-industri\/\" data-type=\"page\" data-id=\"44059\"><strong>M\u00e1s informaci\u00f3n<\/strong><\/a><\/p>\n\n<\/div><\/div>\n<\/div>\n\n<div class=\"gb-grid-wrapper gb-grid-wrapper-2497f7ae\">\n<div class=\"gb-grid-column gb-grid-column-390c22c0\"><div class=\"gb-container gb-container-390c22c0 gbp-card\">\n\n<figure class=\"gb-block-image gb-block-image-7ae110e9\"><a href=\"https:\/\/www.lyreco.com\/\" target=\"_blank\" rel=\"noopener noreferrer nofollow\"><img loading=\"lazy\" decoding=\"async\" width=\"500\" height=\"500\" class=\"gb-image gb-image-7ae110e9 gbp--border-radius\" src=\"https:\/\/analysedanmark.dk\/wp-content\/uploads\/2024\/12\/Lyreco-logo.png\" alt=\"\" title=\"Lyreco-logo\" srcset=\"https:\/\/analysedanmark.dk\/wp-content\/uploads\/2024\/12\/Lyreco-logo.png 500w, https:\/\/analysedanmark.dk\/wp-content\/uploads\/2024\/12\/Lyreco-logo-300x300.png 300w, https:\/\/analysedanmark.dk\/wp-content\/uploads\/2024\/12\/Lyreco-logo-400x400.png 400w\" sizes=\"auto, (max-width: 500px) 100vw, 500px\"><\/a><\/figure>\n\n\n\n<p class=\"gb-headline gb-headline-9aa843c1 gb-headline-text gbp-card__title\"><strong>Lyreco<\/strong><\/p>\n\n\n\n<p class=\"gb-headline gb-headline-44b0dde6 gb-headline-text gbp-section__text--sm gb-headline-ad44c097\">Hvordan opn\u00e5r man detaljeret indsigt om et marked, n\u00e5r alle spillere holder kortene t\u00e6t til kroppen?&nbsp;<\/p>\n\n\n\n<p class=\"gb-headline gb-headline-8387d5e9 gb-headline-text gb-headline-931196b7\"><strong><a href=\"https:\/\/analysedanmark.dk\/es\/cases\/lyreco\/\" data-type=\"page\" data-id=\"44061\">M\u00e1s informaci\u00f3n<\/a><\/strong><\/p>\n\n<\/div><\/div>\n\n<div class=\"gb-grid-column gb-grid-column-a5bacbd7\"><div class=\"gb-container gb-container-a5bacbd7 gbp-card\">\n\n<figure class=\"gb-block-image gb-block-image-ff5fb4ee\"><a href=\"https:\/\/realdania.dk\/\" target=\"_blank\" rel=\"noopener noreferrer nofollow\"><img loading=\"lazy\" decoding=\"async\" width=\"500\" height=\"500\" class=\"gb-image gb-image-ff5fb4ee gbp--border-radius\" src=\"https:\/\/analysedanmark.dk\/wp-content\/uploads\/2024\/12\/Realdania-logo.png\" alt=\"\" title=\"Realdania-logo\" srcset=\"https:\/\/analysedanmark.dk\/wp-content\/uploads\/2024\/12\/Realdania-logo.png 500w, https:\/\/analysedanmark.dk\/wp-content\/uploads\/2024\/12\/Realdania-logo-300x300.png 300w, https:\/\/analysedanmark.dk\/wp-content\/uploads\/2024\/12\/Realdania-logo-400x400.png 400w\" sizes=\"auto, (max-width: 500px) 100vw, 500px\"><\/a><\/figure>\n\n\n\n<p class=\"gb-headline gb-headline-863e7c85 gb-headline-text gbp-card__title\"><strong>Realdania<\/strong><\/p>\n\n\n\n<p class=\"gb-headline gb-headline-bac42861 gb-headline-text gbp-section__text--sm gb-headline-ad44c097\">Hvad g\u00f8r man, n\u00e5r alle er i m\u00e5lgruppen og f\u00e5 har kendskab til ens brand?<\/p>\n\n\n\n<p class=\"gb-headline gb-headline-575ba865 gb-headline-text gb-headline-931196b7\"><a href=\"https:\/\/analysedanmark.dk\/es\/cases\/realdania\/\" data-type=\"page\" data-id=\"44001\"><strong>M\u00e1s informaci\u00f3n<\/strong><\/a><\/p>\n\n<\/div><\/div>\n\n<div class=\"gb-grid-column gb-grid-column-cc6c8461\"><div class=\"gb-container gb-container-cc6c8461 gbp-card\">\n\n<figure class=\"gb-block-image gb-block-image-a1940f51\"><a href=\"https:\/\/mediesundhed.dk\/\" target=\"_blank\" rel=\"noopener noreferrer nofollow\"><img loading=\"lazy\" decoding=\"async\" width=\"500\" height=\"500\" class=\"gb-image gb-image-a1940f51 gbp--border-radius\" src=\"https:\/\/analysedanmark.dk\/wp-content\/uploads\/2024\/12\/mediesundhed-logo.png\" alt=\"\" title=\"mediesundhed-logo\" srcset=\"https:\/\/analysedanmark.dk\/wp-content\/uploads\/2024\/12\/mediesundhed-logo.png 500w, https:\/\/analysedanmark.dk\/wp-content\/uploads\/2024\/12\/mediesundhed-logo-300x300.png 300w, https:\/\/analysedanmark.dk\/wp-content\/uploads\/2024\/12\/mediesundhed-logo-400x400.png 400w\" sizes=\"auto, (max-width: 500px) 100vw, 500px\"><\/a><\/figure>\n\n\n\n<p class=\"gb-headline gb-headline-575c382a gb-headline-text gbp-card__title\"><strong><strong>Medios de comunicaci\u00f3n<\/strong><\/strong><\/p>\n\n\n\n<p class=\"gb-headline gb-headline-79b11bac gb-headline-text gbp-section__text--sm gb-headline-ad44c097\">Mediesundhed for b\u00f8rn og unge: Har du talt med din teenager i dag?<br><\/p>\n\n\n\n<p class=\"gb-headline gb-headline-8821b8f1 gb-headline-text gb-headline-931196b7\"><strong><a href=\"https:\/\/analysedanmark.dk\/es\/cases\/mediesundhed\/\" data-type=\"page\" data-id=\"44057\">M\u00e1s informaci\u00f3n<\/a><\/strong><\/p>\n\n<\/div><\/div>\n<\/div>\n<\/div>\n<\/div>","protected":false},"excerpt":{"rendered":"<p>T\u00e6t samarbejde med vores kunder Kunder &amp; cases Vi \u00f8nsker altid at have et t\u00e6t samarbejde med vores kunder, s\u00e5 vi f\u00e5r den bedst mulige forst\u00e5else af deres udfordringer og behov. Analyse Danmark har siden 1997 udf\u00f8rt b\u00e5de kvalitative og kvantitative unders\u00f8gelser. Her finder du eksempler p\u00e5&nbsp;private virksomheder,&nbsp;organisationer&nbsp;og&nbsp;offentlige institutioner&nbsp;som vi har l\u00f8st opgaver for. I &#8230; <\/p>\n<p class=\"read-more-container\"><a title=\"Casos\" class=\"read-more button\" href=\"https:\/\/analysedanmark.dk\/es\/cases\/#more-24\" aria-label=\"Leer m\u00e1s sobre Cases\">Leer m\u00e1s<\/a><\/p>","protected":false},"author":1,"featured_media":0,"parent":0,"menu_order":0,"comment_status":"closed","ping_status":"closed","template":"","meta":{"_acf_changed":false,"footnotes":""},"class_list":["post-24","page","type-page","status-publish"],"acf":[],"_links":{"self":[{"href":"https:\/\/analysedanmark.dk\/es\/wp-json\/wp\/v2\/pages\/24","targetHints":{"allow":["GET"]}}],"collection":[{"href":"https:\/\/analysedanmark.dk\/es\/wp-json\/wp\/v2\/pages"}],"about":[{"href":"https:\/\/analysedanmark.dk\/es\/wp-json\/wp\/v2\/types\/page"}],"author":[{"embeddable":true,"href":"https:\/\/analysedanmark.dk\/es\/wp-json\/wp\/v2\/users\/1"}],"replies":[{"embeddable":true,"href":"https:\/\/analysedanmark.dk\/es\/wp-json\/wp\/v2\/comments?post=24"}],"version-history":[{"count":5,"href":"https:\/\/analysedanmark.dk\/es\/wp-json\/wp\/v2\/pages\/24\/revisions"}],"predecessor-version":[{"id":234963,"href":"https:\/\/analysedanmark.dk\/es\/wp-json\/wp\/v2\/pages\/24\/revisions\/234963"}],"wp:attachment":[{"href":"https:\/\/analysedanmark.dk\/es\/wp-json\/wp\/v2\/media?parent=24"}],"curies":[{"name":"wp","href":"https:\/\/api.w.org\/{rel}","templated":true}]}}