{"id":480,"date":"2023-08-07T14:08:07","date_gmt":"2023-08-07T14:08:07","guid":{"rendered":"https:\/\/business-one.local\/?page_id=480"},"modified":"2025-06-25T12:30:48","modified_gmt":"2025-06-25T10:30:48","slug":"about-us","status":"publish","type":"page","link":"https:\/\/analysedanmark.dk\/en\/om-os\/","title":{"rendered":"About us"},"content":{"rendered":"<header class=\"gb-container gb-container-fa2dff78 gbp--border-radius\">\n<div class=\"gb-container gb-container-d2d53606 gbp-section__inner\">\n<div class=\"gb-grid-wrapper gb-grid-wrapper-781df5b1\">\n<div class=\"gb-grid-column gb-grid-column-63aab36c\"><div class=\"gb-container gb-container-63aab36c\">\n\n<figure class=\"gb-block-image gb-block-image-e61ea73b\"><img decoding=\"async\" class=\"gb-image gb-image-e61ea73b hey_image_fx gbp--border-radius gbp--margin-after\" src=\"https:\/\/gpsites.co\/affinity\/wp-content\/uploads\/sites\/147\/2024\/06\/wes-hicks-4-EeTnaC1S4-unsplash-1024x1024.webp\" alt=\"\" title=\"wes-hicks-4-EeTnaC1S4-unsplash\"><\/figure>\n\n<\/div><\/div>\n\n<div class=\"gb-grid-column gb-grid-column-7de558b8\"><div class=\"gb-container gb-container-7de558b8\">\n\n<h1 class=\"gb-headline gb-headline-be302155 gb-headline-text\">Who is Analyse Danmark?<\/h1>\n\n\n\n<p>Analyse Danmark is a Danish research institute with a Nordic focus. We were among the first to recognise the many new opportunities that the Internet has created for the research industry through web-based surveys, challenging the existing more traditional research institutes. <\/p>\n\n\n\n<p>But we can do much more.<\/p>\n\n\n\n<h2 class=\"wp-block-heading\">Core competences<\/h2>\n\n\n\n<p class=\"gb-headline gb-headline-afcf7767 gb-headline-text\"><strong>\u2192 <a href=\"https:\/\/analysedanmark.dk\/en\/services\/customer-analyses\/\" data-type=\"page\" data-id=\"43523\">Customer analyses and member surveys<\/a><\/strong><\/p>\n\n\n\n<p class=\"gb-headline gb-headline-379717a6 gb-headline-text\"><strong>\u2192 <a href=\"https:\/\/analysedanmark.dk\/en\/services\/attitude-and-opinion-surveys\/\" data-type=\"page\" data-id=\"43519\">Attitudinal and opinion surveys<\/a><\/strong><\/p>\n\n\n\n<p class=\"gb-headline gb-headline-fb33e496 gb-headline-text\"><strong>\u2192 <a href=\"https:\/\/analysedanmark.dk\/en\/services\/customer-panels-and-member-panels\/\" data-type=\"page\" data-id=\"43529\">Building and running customer and member panels<\/a><\/strong><\/p>\n\n<\/div><\/div>\n<\/div>\n<\/div>\n<\/header>\n\n<div class=\"gb-container gb-container-58a76ced gbp-section\">\n<div class=\"gb-container gb-container-3224c6ce gbp-section__inner\">\n<div class=\"gb-grid-wrapper gb-grid-wrapper-d7355558\">\n<div class=\"gb-grid-column gb-grid-column-516ff6c2\"><div class=\"gb-container gb-container-516ff6c2\">\n\n<p class=\"gb-headline gb-headline-b2a7a5e2 gb-headline-text gbp-section__tagline\">The methodology<\/p>\n\n\n\n<h2 class=\"gb-headline gb-headline-cf6f9690 gb-headline-text\"><strong>Flexible analysis methods<\/strong><\/h2>\n\n\n\n<p>The choice of method depends on the problem, but most often our quantitative analyses are conducted as web-based surveys, but we also master traditional data collection methods such as telephone (CATI) and postal surveys.<\/p>\n\n\n\n<p>When it comes to qualitative research, we offer a variety of methods carried out by highly experienced moderators. For example, focus groups, in-depth interviews or online bulletin boards could come into play. <\/p>\n\n\n\n<p>Most methods are available in both traditional face-to-face and online versions, which offer better geographical spread and are less time-consuming for respondents.<\/p>\n\n<\/div><\/div>\n\n<div class=\"gb-grid-column gb-grid-column-38b0cc66\"><div class=\"gb-container gb-container-38b0cc66 gbp--gradient-secondary\">\n\n<figure class=\"gb-block-image gb-block-image-6f1ffcca\"><img decoding=\"async\" class=\"gb-image gb-image-6f1ffcca hey_image_fx gbp--border-radius\" src=\"https:\/\/gpsites.co\/affinity\/wp-content\/uploads\/sites\/147\/2024\/06\/redd-f-5U_28ojjgms-unsplash-1024x1024.webp\" alt=\"\" title=\"redd-f-5U_28ojjgms-unsplash\"><\/figure>\n\n\n\n<figure class=\"gb-block-image gb-block-image-e235177f\"><img decoding=\"async\" class=\"gb-image gb-image-e235177f hey_image_fx gbp--border-radius\" src=\"https:\/\/gpsites.co\/affinity\/wp-content\/uploads\/sites\/147\/2024\/06\/blue-stag-4JPXmg-N3sg-unsplash-300x200.webp\" alt=\"\" title=\"blue-stag-4JPXmg-N3sg-unsplash\"><\/figure>\n\n<\/div><\/div>\n<\/div>\n<\/div>\n<\/div>\n\n<div class=\"gb-container gb-container-18aae1b6\">\n\n<div class=\"gb-headline gb-headline-e172ad2b\"><span class=\"gb-icon\"><svg viewbox=\"0 0 48 48\" data-name=\"Layer 1\" id=\"Layer_1\" xmlns=\"http:\/\/www.w3.org\/2000\/svg\"><defs><style>.cls-1{stroke-width:0}<\/style><\/defs><path class=\"cls-1\" d=\"M24 0C10.75 0 0 10.75 0 24s10.75 24 24 24 24-10.75 24-24S37.25 0 24 0Zm14.95 33.27H16.86l8.91-14.86-1.78-2.96L13.3 33.27H9.04L23.99 8.35l14.96 24.92Z\"><\/path><path class=\"cls-1\" d=\"m32.49 29.62-4.58-7.65-4.59 7.65h9.17z\"><\/path><\/svg><\/span><\/div>\n\n<\/div>\n\n<div class=\"gb-container gb-container-7853d711 gbp-section\">\n<div class=\"gb-container gb-container-e1e22289 gbp-section__inner\">\n<div class=\"gb-container gb-container-6bd182c5 gbp--margin-after\" id=\"Teamet\">\n\n<p class=\"gb-headline gb-headline-460cc0b0 gb-headline-text gbp-section__tagline\">The team<\/p>\n\n\n\n<h2 class=\"gb-headline gb-headline-0499be66 gb-headline-text\">Meet the team behind Analyse Denmark<\/h2>\n\n\n\n<p class=\"gb-headline gb-headline-0b6d10cc gb-headline-text gb-headline-848d8056\">Get to know the passionate people behind our success! Our team consists of dedicated experts with different backgrounds and competences working together to deliver the best solutions for our customers.<\/p>\n\n<\/div>\n\n<div class=\"gb-grid-wrapper gb-grid-wrapper-988f5f34\">\n<div class=\"gb-grid-column gb-grid-column-8a3ba7e7\"><div class=\"gb-container gb-container-8a3ba7e7 gbp-card\">\n\n<figure class=\"gb-block-image gb-block-image-b99432cf\"><img loading=\"lazy\" decoding=\"async\" width=\"360\" height=\"240\" class=\"gb-image gb-image-b99432cf hey_image_fx\" src=\"https:\/\/analysedanmark.dk\/wp-content\/uploads\/2025\/02\/Henrik-SH-360x240.jpg\" srcset=\"https:\/\/analysedanmark.dk\/wp-content\/uploads\/2025\/02\/Henrik-SH-360x240.jpg 360w, https:\/\/analysedanmark.dk\/wp-content\/uploads\/2025\/02\/Henrik-SH-640x427.jpg 640w, https:\/\/analysedanmark.dk\/wp-content\/uploads\/2025\/02\/Henrik-SH-1280x854.jpg 1280w, https:\/\/analysedanmark.dk\/wp-content\/uploads\/2025\/02\/Henrik-SH-768x512.jpg 768w, https:\/\/analysedanmark.dk\/wp-content\/uploads\/2025\/02\/Henrik-SH-1536x1024.jpg 1536w, https:\/\/analysedanmark.dk\/wp-content\/uploads\/2025\/02\/Henrik-SH-2048x1366.jpg 2048w\" sizes=\"auto, (max-width: 360px) 100vw, 360px\" alt=\"\"><\/figure>\n\n\n\n<p class=\"gb-headline gb-headline-25c4c5af gb-headline-text gbp-card__title\"><strong>Henrik Feindor Lyhne<\/strong><\/p>\n\n\n\n<p class=\"gb-headline gb-headline-20389cd3 gb-headline-text gbp-section__text--sm gb-headline-ad44c097\">Managing Director &amp; Partner<\/p>\n\n\n\n<p class=\"gb-headline gb-headline-71dd314b gb-headline-text gb-headline-931196b7\">(+45) 43 33 10 21<br><a href=\"mailto:hfl@analysedanmark.dk\">hfl@analysedanmark.dk<\/a><\/p>\n\n<\/div><\/div>\n\n<div class=\"gb-grid-column gb-grid-column-59693bc2\"><div class=\"gb-container gb-container-59693bc2 gbp-card\">\n\n<figure class=\"gb-block-image gb-block-image-a4ba5d5a\"><img loading=\"lazy\" decoding=\"async\" width=\"2560\" height=\"1714\" class=\"gb-image gb-image-a4ba5d5a hey_image_fx gbp--border-radius\" src=\"https:\/\/analysedanmark.dk\/wp-content\/uploads\/2025\/01\/MHP-scaled.jpg\" alt=\"\" title=\"MHP\" srcset=\"https:\/\/analysedanmark.dk\/wp-content\/uploads\/2025\/01\/MHP-scaled.jpg 2560w, https:\/\/analysedanmark.dk\/wp-content\/uploads\/2025\/01\/MHP-640x428.jpg 640w, https:\/\/analysedanmark.dk\/wp-content\/uploads\/2025\/01\/MHP-1280x857.jpg 1280w, https:\/\/analysedanmark.dk\/wp-content\/uploads\/2025\/01\/MHP-360x240.jpg 360w, https:\/\/analysedanmark.dk\/wp-content\/uploads\/2025\/01\/MHP-768x514.jpg 768w, https:\/\/analysedanmark.dk\/wp-content\/uploads\/2025\/01\/MHP-1536x1028.jpg 1536w, https:\/\/analysedanmark.dk\/wp-content\/uploads\/2025\/01\/MHP-2048x1371.jpg 2048w\" sizes=\"auto, (max-width: 2560px) 100vw, 2560px\"><\/figure>\n\n\n\n<p class=\"gb-headline gb-headline-a1cbb546 gb-headline-text gbp-card__title\"><strong>Marianne Hjelm Parastatis<\/strong><\/p>\n\n\n\n<p class=\"gb-headline gb-headline-2711e439 gb-headline-text gbp-section__text--sm gb-headline-ad44c097\">Head of Qualitative Research<\/p>\n\n\n\n<p class=\"gb-headline gb-headline-a50273c1 gb-headline-text gb-headline-931196b7\">(+45) 43 33 10 28<br><a href=\"mailto:mhp@analysedanmark.dk\">mhp@analysedanmark.dk<\/a><\/p>\n\n<\/div><\/div>\n\n<div class=\"gb-grid-column gb-grid-column-c57784d6\"><div class=\"gb-container gb-container-c57784d6 gbp-card\">\n\n<figure class=\"gb-block-image gb-block-image-ea2c82d4\"><img loading=\"lazy\" decoding=\"async\" width=\"512\" height=\"512\" class=\"gb-image gb-image-ea2c82d4 hey_image_fx gbp--border-radius\" src=\"https:\/\/analysedanmark.dk\/wp-content\/uploads\/2025\/01\/jesper-kromann-larsen.jpg\" alt=\"\" title=\"jesper-kromann-larsen\" srcset=\"https:\/\/analysedanmark.dk\/wp-content\/uploads\/2025\/01\/jesper-kromann-larsen.jpg 512w, https:\/\/analysedanmark.dk\/wp-content\/uploads\/2025\/01\/jesper-kromann-larsen-300x300.jpg 300w, https:\/\/analysedanmark.dk\/wp-content\/uploads\/2025\/01\/jesper-kromann-larsen-400x400.jpg 400w\" sizes=\"auto, (max-width: 512px) 100vw, 512px\"><\/figure>\n\n\n\n<p class=\"gb-headline gb-headline-335a494a gb-headline-text gbp-card__title\"><strong><strong>Jesper Kromann-Larsen <\/strong><\/strong><\/p>\n\n\n\n<p class=\"gb-headline gb-headline-7b162a8d gb-headline-text gbp-section__text--sm gb-headline-ad44c097\">Senior Research Consultant<\/p>\n\n\n\n<p class=\"gb-headline gb-headline-77df3b2c gb-headline-text gb-headline-931196b7\">(+45) 43 33 10 20<br><a href=\"mailto:jkl@analysedanmark.dk\">jkl@analysedanmark.dk<\/a><\/p>\n\n<\/div><\/div>\n<\/div>\n<\/div>\n<\/div>\n\n<div class=\"gb-container gb-container-51994b37\">\n<div class=\"gb-container gb-container-713676bd gbp-section__inner\">\n<div class=\"gb-container gb-container-31a2f9c5 gbp--margin-after\">\n\n<p class=\"gb-headline gb-headline-675b16aa gb-headline-text gbp-section__tagline\">Read about our memberships <\/p>\n\n\n\n<h2 class=\"gb-headline gb-headline-d37601f3 gb-headline-text\">Memberships<\/h2>\n\n<\/div>\n\n<div class=\"gb-grid-wrapper gb-grid-wrapper-686de9ba\">\n<div class=\"gb-grid-column gb-grid-column-ea268650\"><div class=\"gb-container gb-container-ea268650\">\n<div class=\"gb-container gb-container-4ae9c7d3\">\n\n<div class=\"gb-headline gb-headline-4584a96d\"><span class=\"gb-icon\"><svg viewbox=\"0 0 256 256\" height=\"32\" width=\"32\" xmlns=\"http:\/\/www.w3.org\/2000\/svg\"><path d=\"M58.34,101.66l-32-32a8,8,0,0,1,0-11.32l32-32A8,8,0,0,1,69.66,37.66L43.31,64,69.66,90.34a8,8,0,0,1-11.32,11.32Zm40,0a8,8,0,0,0,11.32,0l32-32a8,8,0,0,0,0-11.32l-32-32A8,8,0,0,0,98.34,37.66L124.69,64,98.34,90.34A8,8,0,0,0,98.34,101.66ZM200,40H176a8,8,0,0,0,0,16h24V200H56V136a8,8,0,0,0-16,0v64a16,16,0,0,0,16,16H200a16,16,0,0,0,16-16V56A16,16,0,0,0,200,40Z\"><\/path><\/svg><\/span><\/div>\n\n\n<div class=\"gb-container gb-container-1c8b5496\">\n\n<h3 class=\"gb-headline gb-headline-bc11298b gb-headline-text\"><strong>ESOMAR<\/strong><\/h3>\n\n\n\n<p>Analyse Danmark is a member of the international industry organisation ESOMAR (World association for market, social and opinion research), which sets industry standards for opinion and market research.<\/p>\n\n<\/div>\n<\/div>\n<\/div><\/div>\n\n<div class=\"gb-grid-column gb-grid-column-9dd3916a\"><div class=\"gb-container gb-container-9dd3916a\">\n<div class=\"gb-container gb-container-8f06bfe9\">\n\n<div class=\"gb-headline gb-headline-5e5c223d\"><span class=\"gb-icon\"><svg viewbox=\"0 0 256 256\" height=\"32\" width=\"32\" xmlns=\"http:\/\/www.w3.org\/2000\/svg\"><path d=\"M230.91,172A8,8,0,0,1,228,182.91l-96,56a8,8,0,0,1-8.06,0l-96-56A8,8,0,0,1,36,169.09l92,53.65,92-53.65A8,8,0,0,1,230.91,172ZM220,121.09l-92,53.65L36,121.09A8,8,0,0,0,28,134.91l96,56a8,8,0,0,0,8.06,0l96-56A8,8,0,1,0,220,121.09ZM24,80a8,8,0,0,1,4-6.91l96-56a8,8,0,0,1,8.06,0l96,56a8,8,0,0,1,0,13.82l-96,56a8,8,0,0,1-8.06,0l-96-56A8,8,0,0,1,24,80Zm23.88,0L128,126.74,208.12,80,128,33.26Z\"><\/path><\/svg><\/span><\/div>\n\n\n<div class=\"gb-container gb-container-006115cb\">\n\n<h3 class=\"gb-headline gb-headline-3fe79a7d gb-headline-text\"><strong>DI Advisors<\/strong><\/h3>\n\n\n\n<p>Analyse Danmark is a member of DI R\u00e5dgiverne, DI's trade association for knowledge and consultancy companies. <\/p>\n\n\n\n<p>The focus is on the growth, value creation and utility that professional knowledge counselling contributes to companies and society in general.<\/p>\n\n<\/div>\n<\/div>\n<\/div><\/div>\n\n<div class=\"gb-grid-column gb-grid-column-83a3618b\"><div class=\"gb-container gb-container-83a3618b\">\n<div class=\"gb-container gb-container-cd5b8909\">\n\n<div class=\"gb-headline gb-headline-6879b666\"><span class=\"gb-icon\"><svg xmlns=\"http:\/\/www.w3.org\/2000\/svg\" width=\"32\" height=\"32\" viewbox=\"0 0 256 256\"><path d=\"M224,40V76a8,8,0,0,1-16,0V48H180a8,8,0,0,1,0-16h36A8,8,0,0,1,224,40Zm-8,132a8,8,0,0,0-8,8v28H180a8,8,0,0,0,0,16h36a8,8,0,0,0,8-8V180A8,8,0,0,0,216,172ZM76,208H48V180a8,8,0,0,0-16,0v36a8,8,0,0,0,8,8H76a8,8,0,0,0,0-16ZM40,84a8,8,0,0,0,8-8V48H76a8,8,0,0,0,0-16H40a8,8,0,0,0-8,8V76A8,8,0,0,0,40,84Zm136,92a8,8,0,0,1-6.41-3.19,52,52,0,0,0-83.2,0,8,8,0,1,1-12.8-9.62A67.94,67.94,0,0,1,101,141.51a40,40,0,1,1,53.94,0,67.94,67.94,0,0,1,27.43,21.68A8,8,0,0,1,176,176Zm-48-40a24,24,0,1,0-24-24A24,24,0,0,0,128,136Z\"><\/path><\/svg><\/span><\/div>\n\n\n<div class=\"gb-container gb-container-07922ee9\">\n\n<h3 class=\"gb-headline gb-headline-3a725d3e gb-headline-text\"><strong>Qualnet<\/strong><\/h3>\n\n\n\n<p><strong>Kvalnet focuses on the development and application of qualitative methods, including<\/strong><\/p>\n\n\n\n<p>Contribute to new methods within the qualitative methodology<\/p>\n\n\n\n<p>Establish sparring meetings and exchanges to provide members with access and new knowledge in qualitative methods<\/p>\n\n\n\n<p>Promote the visibility of qualitative methodology in Denmark<\/p>\n\n<\/div>\n<\/div>\n<\/div><\/div>\n\n<div class=\"gb-grid-column gb-grid-column-2c45c92e\"><div class=\"gb-container gb-container-2c45c92e\">\n<div class=\"gb-container gb-container-17070e59\">\n\n<div class=\"gb-headline gb-headline-66b53d6e\"><span class=\"gb-icon\"><svg xmlns=\"http:\/\/www.w3.org\/2000\/svg\" width=\"32\" height=\"32\" viewbox=\"0 0 256 256\"><path d=\"M221.87,83.16A104.1,104.1,0,1,1,195.67,49l22.67-22.68a8,8,0,0,1,11.32,11.32l-96,96a8,8,0,0,1-11.32-11.32l27.72-27.72a40,40,0,1,0,17.87,31.09,8,8,0,1,1,16-.9,56,56,0,1,1-22.38-41.65L184.3,60.39a87.88,87.88,0,1,0,23.13,29.67,8,8,0,0,1,14.44-6.9Z\"><\/path><\/svg><\/span><\/div>\n\n\n<div class=\"gb-container gb-container-eb769479\">\n\n<h3 class=\"gb-headline gb-headline-cd0f47d4 gb-headline-text\"><strong>Nordic Research Alliance<\/strong><\/h3>\n\n\n\n<p>Analyse Danmark is a co-founder of the Nordic Research Alliance, which is a collaboration between Analyse Danmark, Swedish Novus, Norwegian Respons Analyse, Icelandic Midlun and Finnish Otantatutkimus Oy. <\/p>\n\n\n\n<p>Read more about Nordic Research Alliance<strong>&nbsp;<a href=\"https:\/\/analysedanmark.dk\/en\/nordic-research-alliance\/\">here<\/a>&nbsp;<\/strong>or visit Nordic Research Alliance's&nbsp;<a href=\"http:\/\/nordic-research-alliance.com\/\" rel=\"nofollow noopener\" target=\"_blank\">Home page<\/a>.<\/p>\n\n<\/div>\n<\/div>\n<\/div><\/div>\n<\/div>\n<\/div>\n<\/div>\n\n<div class=\"gb-container gb-container-17e97cdc gbp-section\">\n<div class=\"gb-container gb-container-bf44b650 gbp-section__inner\">\n<div class=\"gb-container gb-container-7e30647d\">\n<div class=\"gb-grid-wrapper gb-grid-wrapper-b2027279\">\n<div class=\"gb-grid-column gb-grid-column-93728856\"><div class=\"gb-container gb-container-93728856\">\n<div class=\"gb-container gb-container-efee9493 hey_image_fx gbp--border-radius\"><\/div>\n\n<div class=\"gb-container gb-container-91db58bc hey_image_fx gbp--border-radius\"><\/div>\n<\/div><\/div>\n\n<div class=\"gb-grid-column gb-grid-column-d18965ff\"><div class=\"gb-container gb-container-d18965ff\">\n<div class=\"gb-container gb-container-4d2b59cb hey_image_fx gbp--border-radius\"><\/div>\n\n<div class=\"gb-container gb-container-81c0dbd6 hey_image_fx gbp--border-radius\"><\/div>\n<\/div><\/div>\n\n<div class=\"gb-grid-column gb-grid-column-e105be9a\"><div class=\"gb-container gb-container-e105be9a\">\n<div class=\"gb-container gb-container-53f95267 hey_image_fx gbp--border-radius\"><\/div>\n<\/div><\/div>\n\n<div class=\"gb-grid-column gb-grid-column-b9f56d3a\"><div class=\"gb-container gb-container-b9f56d3a\">\n<div class=\"gb-container gb-container-3df8e902 hey_image_fx gbp--border-radius\"><\/div>\n\n<div class=\"gb-container gb-container-b2a2eeb5 hey_image_fx gbp--border-radius\"><\/div>\n<\/div><\/div>\n<\/div>\n<\/div>\n<\/div>\n<\/div>\n\n<div class=\"gb-container gb-container-d0a14860\">\n<div class=\"gb-container gb-container-b1d96011 gbp-section__inner\">\n<div class=\"gb-container gb-container-ad136584 gbp--margin-after\">\n\n<p class=\"gb-headline gb-headline-1cc13af0 gb-headline-text gbp-section__tagline\">From attitude to insight to action <\/p>\n\n\n\n<h2 class=\"gb-headline gb-headline-e9ec414d gb-headline-text\">Collaboration - Nordic Research Alliance<\/h2>\n\n\n\n<p>Nordic Research Alliance is a collaboration between Analyse Denmark, Swedish Novus, Norwegian Respons Analyse and Finnish Otantatutkimus Oy.<\/p>\n\n<\/div>\n\n<div class=\"gb-container gb-container-758be712 gb-accordion\">\n<div class=\"gb-container gb-container-9b78a9c2 gb-accordion__item\" data-transition=\"slide\">\n\n<button class=\"gb-button gb-button-c64ef76f gb-accordion__toggle\" aria-label=\"accordion one title \" id=\"gb-accordion-toggle-c64ef76f\"><span class=\"gb-button-text\"><strong>Nordic Research Alliance<\/strong><\/span><span class=\"gb-icon\"><svg xmlns=\"http:\/\/www.w3.org\/2000\/svg\" viewbox=\"0 0 448 512\" width=\"1em\" height=\"1em\" ariahidden=\"true\" role=\"img\" class=\"gb-accordion__icon\"><path d=\"M416 208H272V64c0-17.67-14.33-32-32-32h-32c-17.67 0-32 14.33-32 32v144H32c-17.67 0-32 14.33-32 32v32c0 17.67 14.33 32 32 32h144v144c0 17.67 14.33 32 32 32h32c17.67 0 32-14.33 32-32V304h144c17.67 0 32-14.33 32-32v-32c0-17.67-14.33-32-32-32z\" fill=\"currentColor\"><\/path><\/svg><svg xmlns=\"http:\/\/www.w3.org\/2000\/svg\" viewbox=\"0 0 448 512\" width=\"1em\" height=\"1em\" ariahidden=\"true\" role=\"img\" class=\"gb-accordion__icon-open\"><path d=\"M416 208H32c-17.67 0-32 14.33-32 32v32c0 17.67 14.33 32 32 32h384c17.67 0 32-14.33 32-32v-32c0-17.67-14.33-32-32-32z\" fill=\"currentColor\"><\/path><\/svg><\/span><\/button>\n\n\n<div id=\"gb-accordion-content-151b4357\" class=\"gb-accordion__content\"><div class=\"gb-container gb-container-151b4357\">\n\n<p class=\"gb-headline gb-headline-42733ade gb-headline-text\">Analyse Denmark's participation in this collaboration makes us a natural choice if you need analyses in the Nordic market - and only want one point of contact but local expertise in each country.<\/p>\n\n\n\n<p><br>We can offer our customers the opportunity to also have both&nbsp;<a href=\"https:\/\/analysedanmark.dk\/en\/methods\/qualitative-methods\/\">qualitative<\/a>&nbsp;and&nbsp;<a href=\"https:\/\/analysedanmark.dk\/en\/methods\/quantitative-methods\/\">quantitative<\/a>&nbsp;high-quality surveys in Sweden, Norway and Finland at a reasonable price. Together, the alliance has access to more than 200,000 panel members in the four countries.<\/p>\n\n\n\n<p>The partnership is also used to share knowledge about products and methods and develop common technological platforms for the benefit of both partners and customers.<\/p>\n\n<\/div><\/div>\n<\/div>\n\n<div class=\"gb-container gb-container-6330369b gb-accordion__item\" data-transition=\"slide\">\n\n<button class=\"gb-button gb-button-3dee3117 gb-accordion__toggle\" aria-label=\"accordion one title \" id=\"gb-accordion-toggle-3dee3117\"><span class=\"gb-button-text\"><strong><strong>Novus<\/strong><\/strong><\/span><span class=\"gb-icon\"><svg xmlns=\"http:\/\/www.w3.org\/2000\/svg\" viewbox=\"0 0 448 512\" width=\"1em\" height=\"1em\" ariahidden=\"true\" role=\"img\" class=\"gb-accordion__icon\"><path d=\"M416 208H272V64c0-17.67-14.33-32-32-32h-32c-17.67 0-32 14.33-32 32v144H32c-17.67 0-32 14.33-32 32v32c0 17.67 14.33 32 32 32h144v144c0 17.67 14.33 32 32 32h32c17.67 0 32-14.33 32-32V304h144c17.67 0 32-14.33 32-32v-32c0-17.67-14.33-32-32-32z\" fill=\"currentColor\"><\/path><\/svg><svg xmlns=\"http:\/\/www.w3.org\/2000\/svg\" viewbox=\"0 0 448 512\" width=\"1em\" height=\"1em\" ariahidden=\"true\" role=\"img\" class=\"gb-accordion__icon-open\"><path d=\"M416 208H32c-17.67 0-32 14.33-32 32v32c0 17.67 14.33 32 32 32h384c17.67 0 32-14.33 32-32v-32c0-17.67-14.33-32-32-32z\" fill=\"currentColor\"><\/path><\/svg><\/span><\/button>\n\n\n<div id=\"gb-accordion-content-4eb60413\" class=\"gb-accordion__content\"><div class=\"gb-container gb-container-4eb60413\">\n\n<p>Novus is a research institute, established in 2006, with the ambition to combine traditional research methods with modern media. <\/p>\n\n\n\n<p>Novus offers services within public opinion, marketing and strategy that are carried out with methods adapted to the topic and target audience.<\/p>\n\n\n\n<p>Novus\u2019 Sweden panel consists of 50,000 Swedes.<\/p>\n\n\n\n<p>Click here&nbsp;<strong><a href=\"https:\/\/novus.se\/\" target=\"_blank\" rel=\"noreferrer noopener nofollow\">here<\/a>&nbsp;<\/strong>to visit the Novus website.<\/p>\n\n<\/div><\/div>\n<\/div>\n\n<div class=\"gb-container gb-container-22086bce gb-accordion__item\" data-transition=\"slide\">\n\n<button class=\"gb-button gb-button-57eca921 gb-accordion__toggle\" aria-label=\"accordion one title \" id=\"gb-accordion-toggle-57eca921\"><span class=\"gb-button-text\"><strong><strong>Response Analysis<\/strong><\/strong><\/span><span class=\"gb-icon\"><svg xmlns=\"http:\/\/www.w3.org\/2000\/svg\" viewbox=\"0 0 448 512\" width=\"1em\" height=\"1em\" ariahidden=\"true\" role=\"img\" class=\"gb-accordion__icon\"><path d=\"M416 208H272V64c0-17.67-14.33-32-32-32h-32c-17.67 0-32 14.33-32 32v144H32c-17.67 0-32 14.33-32 32v32c0 17.67 14.33 32 32 32h144v144c0 17.67 14.33 32 32 32h32c17.67 0 32-14.33 32-32V304h144c17.67 0 32-14.33 32-32v-32c0-17.67-14.33-32-32-32z\" fill=\"currentColor\"><\/path><\/svg><svg xmlns=\"http:\/\/www.w3.org\/2000\/svg\" viewbox=\"0 0 448 512\" width=\"1em\" height=\"1em\" ariahidden=\"true\" role=\"img\" class=\"gb-accordion__icon-open\"><path d=\"M416 208H32c-17.67 0-32 14.33-32 32v32c0 17.67 14.33 32 32 32h384c17.67 0 32-14.33 32-32v-32c0-17.67-14.33-32-32-32z\" fill=\"currentColor\"><\/path><\/svg><\/span><\/button>\n\n\n<div id=\"gb-accordion-content-afa43eec\" class=\"gb-accordion__content\"><div class=\"gb-container gb-container-afa43eec\">\n\n<p>Respons Analyse offers a wide range of different types of surveys and specialises in the following areas:<\/p>\n\n\n\n<ul class=\"wp-block-list\">\n<li>Political polls and other attitude and opinion surveys<\/li>\n\n\n\n<li>Customer satisfaction surveys and mystery shopping<\/li>\n\n\n\n<li>Surveys in Media and Communication<\/li>\n\n\n\n<li>Retail and product development<\/li>\n<\/ul>\n\n\n\n<p>Respons Analyse's panel ResponsPanelet consists of 45,000 Norwegians and is one of the largest online panels in Norway.<\/p>\n\n\n\n<p>Click here&nbsp;<strong><a href=\"https:\/\/www.responsanalyse.no\/\" target=\"_blank\" rel=\"noreferrer noopener nofollow\">here<\/a>&nbsp;<\/strong>to visit Respons Analyse's website<\/p>\n\n<\/div><\/div>\n<\/div>\n\n<div class=\"gb-container gb-container-80efb79d gb-accordion__item\" data-transition=\"slide\">\n\n<button class=\"gb-button gb-button-73ff02d7 gb-accordion__toggle\" aria-label=\"accordion one title \" id=\"gb-accordion-toggle-73ff02d7\"><span class=\"gb-button-text\"><strong><strong>Otantatutkimus Oy<\/strong><\/strong><\/span><span class=\"gb-icon\"><svg xmlns=\"http:\/\/www.w3.org\/2000\/svg\" viewbox=\"0 0 448 512\" width=\"1em\" height=\"1em\" ariahidden=\"true\" role=\"img\" class=\"gb-accordion__icon\"><path d=\"M416 208H272V64c0-17.67-14.33-32-32-32h-32c-17.67 0-32 14.33-32 32v144H32c-17.67 0-32 14.33-32 32v32c0 17.67 14.33 32 32 32h144v144c0 17.67 14.33 32 32 32h32c17.67 0 32-14.33 32-32V304h144c17.67 0 32-14.33 32-32v-32c0-17.67-14.33-32-32-32z\" fill=\"currentColor\"><\/path><\/svg><svg xmlns=\"http:\/\/www.w3.org\/2000\/svg\" viewbox=\"0 0 448 512\" width=\"1em\" height=\"1em\" ariahidden=\"true\" role=\"img\" class=\"gb-accordion__icon-open\"><path d=\"M416 208H32c-17.67 0-32 14.33-32 32v32c0 17.67 14.33 32 32 32h384c17.67 0 32-14.33 32-32v-32c0-17.67-14.33-32-32-32z\" fill=\"currentColor\"><\/path><\/svg><\/span><\/button>\n\n\n<div id=\"gb-accordion-content-065e2295\" class=\"gb-accordion__content\"><div class=\"gb-container gb-container-065e2295\">\n\n<p class=\"gb-headline gb-headline-0d9a916b gb-headline-text\">Otantatutkimus Oy is an independent research institute established in 1980.<br>Otantatutkimus Oy is based in Helsinki, Finland and offers both qualitative and quantitative research methods.<br>Otantatutkimus Oy's panel consists of 12,000 members.<br><\/p>\n\n\n\n<p>Click here<strong>&nbsp;<a href=\"https:\/\/www.otanta.com\/\" target=\"_blank\" rel=\"noreferrer noopener nofollow\">here<\/a>&nbsp;<\/strong>to visit the website of Otantatutkimus Oy.<\/p>\n\n<\/div><\/div>\n<\/div>\n<\/div>\n<\/div>\n<\/div>","protected":false},"excerpt":{"rendered":"<p>Teamet M\u00f8d teamet bag Analyse Danmark L\u00e6r de passionerede mennesker bag vores succes at kende! Vores team best\u00e5r af dedikerede eksperter med forskellige baggrunde og kompetencer, der arbejder sammen for at levere de bedste l\u00f8sninger til vores kunder. L\u00e6s om vores medlemskaber Medlemskaber Fra holdning til indsigt til handling Samarbejde \u2013 Nordic Research Alliance Nordic &#8230; <\/p>\n<p class=\"read-more-container\"><a title=\"About us\" class=\"read-more button\" href=\"https:\/\/analysedanmark.dk\/en\/om-os\/#more-480\" aria-label=\"Read more about Om os\">Read more<\/a><\/p>","protected":false},"author":1,"featured_media":0,"parent":0,"menu_order":0,"comment_status":"closed","ping_status":"closed","template":"","meta":{"_acf_changed":false,"footnotes":""},"class_list":["post-480","page","type-page","status-publish"],"acf":[],"_links":{"self":[{"href":"https:\/\/analysedanmark.dk\/en\/wp-json\/wp\/v2\/pages\/480","targetHints":{"allow":["GET"]}}],"collection":[{"href":"https:\/\/analysedanmark.dk\/en\/wp-json\/wp\/v2\/pages"}],"about":[{"href":"https:\/\/analysedanmark.dk\/en\/wp-json\/wp\/v2\/types\/page"}],"author":[{"embeddable":true,"href":"https:\/\/analysedanmark.dk\/en\/wp-json\/wp\/v2\/users\/1"}],"replies":[{"embeddable":true,"href":"https:\/\/analysedanmark.dk\/en\/wp-json\/wp\/v2\/comments?post=480"}],"version-history":[{"count":5,"href":"https:\/\/analysedanmark.dk\/en\/wp-json\/wp\/v2\/pages\/480\/revisions"}],"predecessor-version":[{"id":234936,"href":"https:\/\/analysedanmark.dk\/en\/wp-json\/wp\/v2\/pages\/480\/revisions\/234936"}],"wp:attachment":[{"href":"https:\/\/analysedanmark.dk\/en\/wp-json\/wp\/v2\/media?parent=480"}],"curies":[{"name":"wp","href":"https:\/\/api.w.org\/{rel}","templated":true}]}}