{"id":44059,"date":"2024-12-16T04:50:30","date_gmt":"2024-12-16T03:50:30","guid":{"rendered":"https:\/\/analysedanmark.stage.heyrobot.com\/?page_id=44059"},"modified":"2025-05-20T12:54:28","modified_gmt":"2025-05-20T10:54:28","slug":"danish-industry","status":"publish","type":"page","link":"https:\/\/analysedanmark.dk\/en\/cases\/dansk-industri\/","title":{"rendered":"Danish Industry"},"content":{"rendered":"<header class=\"gb-container gb-container-fa2dff78 gbp--border-radius\">\n<div class=\"gb-container gb-container-d2d53606 gbp-section__inner\">\n<div class=\"gb-grid-wrapper gb-grid-wrapper-781df5b1\">\n<div class=\"gb-grid-column gb-grid-column-63aab36c\"><div class=\"gb-container gb-container-63aab36c\">\n\n<figure class=\"gb-block-image gb-block-image-e61ea73b\"><a href=\"https:\/\/www.danskindustri.dk\/\" target=\"_blank\" rel=\"noopener noreferrer nofollow\"><img loading=\"lazy\" decoding=\"async\" width=\"800\" height=\"571\" class=\"gb-image gb-image-e61ea73b gbp--border-radius gbp--margin-after\" src=\"https:\/\/analysedanmark.dk\/wp-content\/uploads\/2025\/05\/Industriens-Hus-2024_0307_kontraframe-800px.jpg\" alt=\"Industriens Hus (Copyright Danish Industry)\" title=\"Industriens Hus 2024_0307_kontraframe-800px\" srcset=\"https:\/\/analysedanmark.dk\/wp-content\/uploads\/2025\/05\/Industriens-Hus-2024_0307_kontraframe-800px.jpg 800w, https:\/\/analysedanmark.dk\/wp-content\/uploads\/2025\/05\/Industriens-Hus-2024_0307_kontraframe-800px-640x457.jpg 640w, https:\/\/analysedanmark.dk\/wp-content\/uploads\/2025\/05\/Industriens-Hus-2024_0307_kontraframe-800px-768x548.jpg 768w, https:\/\/analysedanmark.dk\/wp-content\/uploads\/2025\/05\/Industriens-Hus-2024_0307_kontraframe-800px-18x12.jpg 18w\" sizes=\"auto, (max-width: 800px) 100vw, 800px\" \/><\/a><\/figure>\n\n<\/div><\/div>\n\n<div class=\"gb-grid-column gb-grid-column-7de558b8\"><div class=\"gb-container gb-container-7de558b8\">\n\n<h1 class=\"gb-headline gb-headline-be302155 gb-headline-text\">Danish Industry<\/h1>\n\n\n\n<p>From card sorting and drawings to practical everyday tools.<\/p>\n\n\n\n<h2 class=\"wp-block-heading\">The challenge<\/h2>\n\n\n\n<p><a href=\"https:\/\/www.danskindustri.dk\/\" rel=\"nofollow noopener\" target=\"_blank\">DI<\/a>&nbsp;is a private business and employers' organisation representing 8 trade associations and approximately 80 member associations. <a href=\"https:\/\/www.danskindustri.dk\/\" rel=\"nofollow noopener\" target=\"_blank\">DI<\/a> represents 10,000 companies in Denmark that employ half a million employees in Denmark and a million employees abroad. This is a highly differentiated target group with different needs and wishes. DI therefore wanted to strengthen the introduction of new members with a more systematic follow-up on their new membership and introduction to DI's many services.<\/p>\n\n\n\n<p>When you don't identify with the large Danish manufacturing companies such as LEGO or Novo Nordisk and it's a long way to the \u2019glass house\u2019 on the City Hall Square, small and medium-sized companies may have doubts about what they can actually get out of their membership in <a href=\"https:\/\/www.danskindustri.dk\/\" rel=\"nofollow noopener\" target=\"_blank\">DI<\/a>.<\/p>\n\n<\/div><\/div>\n<\/div>\n<\/div>\n<\/header>\n\n<div class=\"gb-container gb-container-58a76ced gbp-section\">\n<div class=\"gb-container gb-container-3224c6ce gbp-section__inner\">\n<div class=\"gb-grid-wrapper gb-grid-wrapper-d7355558\">\n<div class=\"gb-grid-column gb-grid-column-516ff6c2\"><div class=\"gb-container gb-container-516ff6c2\">\n\n<p class=\"gb-headline gb-headline-b2a7a5e2 gb-headline-text gbp-section__tagline\">The methodology<\/p>\n\n\n\n<h2 class=\"gb-headline gb-headline-cf6f9690 gb-headline-text\"><strong><strong><strong><strong>Knowledge beats gut feeling<\/strong><\/strong><\/strong><\/strong><\/h2>\n\n\n\n<p>The Confederation of Danish Industry simply needed to gain insight into how new member companies perceive DI and which services they find relevant. Analyse Danmark therefore conducted <a href=\"https:\/\/analysedanmark.dk\/en\/methods\/qualitative-methods\/focus-groups\/\" data-type=\"page\" data-id=\"43770\">focus groups <\/a>and a number of company visits to get to the bottom of how new members view DI and what they need as new members. One of the aims of the study was to get input for specific tools that DI can use in its communication with new members.<\/p>\n\n\n\n<p>During the interviews, we used card sorting where members sorted DI's services by relevance and a workshop exercise to develop the ideal welcome to the Confederation of Danish Industry.<\/p>\n\n<\/div><\/div>\n\n<div class=\"gb-grid-column gb-grid-column-38b0cc66\"><div class=\"gb-container gb-container-38b0cc66 gbp--gradient-secondary\">\n\n<figure class=\"gb-block-image gb-block-image-ff825c85\"><img loading=\"lazy\" decoding=\"async\" width=\"418\" height=\"557\" class=\"gb-image gb-image-ff825c85 gbp--border-radius\" src=\"https:\/\/analysedanmark.dk\/wp-content\/uploads\/2024\/12\/DI_billed-1.png\" alt=\"\" title=\"DI_billed-1\"><\/figure>\n\n\n\n<p class=\"has-text-align-center\"><em>Card sorting exercise<\/em><\/p>\n\n<\/div><\/div>\n<\/div>\n<\/div>\n<\/div>\n\n<div class=\"gb-container gb-container-7e6d0854 gbp-section\">\n<div class=\"gb-container gb-container-3ff20a45 gbp-section__inner\">\n<div class=\"gb-grid-wrapper gb-grid-wrapper-d4759108\">\n<div class=\"gb-grid-column gb-grid-column-c739950f\"><div class=\"gb-container gb-container-c739950f\">\n\n<figure class=\"wp-block-image size-full\"><img loading=\"lazy\" decoding=\"async\" width=\"500\" height=\"347\" src=\"https:\/\/analysedanmark.dk\/wp-content\/uploads\/2024\/12\/DI_billed-2.png\" alt=\"\" class=\"wp-image-44163\"><\/figure>\n\n\n\n<p><em>Drawing from workshop exercise<\/em><\/p>\n\n<\/div><\/div>\n\n<div class=\"gb-grid-column gb-grid-column-44584bd0\"><div class=\"gb-container gb-container-44584bd0\">\n\n<h2 class=\"gb-headline gb-headline-c2afdff5 gb-headline-text\">Results<\/h2>\n\n\n\n<p><strong><strong>From analysis to concrete action<\/strong><\/strong><br>Based on the conclusions from the <a href=\"https:\/\/analysedanmark.dk\/en\/methods\/qualitative-methods\/\" data-type=\"page\" data-id=\"43688\">qualitative study<\/a> The Confederation of Danish Industry has now got down to work and is using the new tools in contact with new members. Among other things, the card exercise proved to be a great success in terms of getting very specific about the importance of focusing on the needs of the individual member company rather than what DI wants to say about itself.<\/p>\n\n\n\n<p>Not only that, the Confederation of Danish Industry is now testing the new approach against the old way of doing things to document the results of the changed communication approach.<\/p>\n\n<\/div><\/div>\n<\/div>\n<\/div>\n<\/div>\n\n<div class=\"gb-container gb-container-68a23b27 gbp--border-radius\">\n<div class=\"gb-container gb-container-4c3bf351 gbp-section__inner\">\n\n<p class=\"gb-headline gb-headline-49bc7c64\"><span class=\"gb-icon\"><svg viewbox=\"0 0 40 26.79\" data-name=\"Layer 1\" xmlns=\"http:\/\/www.w3.org\/2000\/svg\"><path style=\"stroke-width:0\" d=\"M.31 18.41C-1.37 10.67 3.97 2.41 12.65 0l.63 5.23c-2.3.94-4.29 3.14-4.29 6.07 3.45-1.57 8.27.42 9.42 5.34.94 4.5-1.99 8.89-6.59 9.94C6.8 27.63 1.67 24.7.31 18.42Zm21.49 0C20.13 10.67 25.36 2.4 34.04 0l.73 5.23c-2.41.94-4.29 3.14-4.4 6.07 3.56-1.57 8.37.42 9.42 5.34 1.05 4.5-1.99 8.89-6.59 9.94-4.92 1.05-10.04-1.88-11.41-8.16Z\"><\/path><\/svg><\/span><span class=\"gb-headline-text\">The survey has given us an insight that allows us to test a number of concrete initiatives both in the enrolment phase and after some time as a member. The sorting cards are a good example of how we can now easily track what services are relevant and useful for the member to talk about in member meetings<\/span><\/p>\n\n\n\n<p class=\"has-base-3-color has-text-color\"><strong>Vivian Vinter<\/strong>, Chief Consultant at DI<\/p>\n\n<\/div>\n<\/div>","protected":false},"excerpt":{"rendered":"<p>Unders\u00f8gelsen har givet os en indsigt, der g\u00f8r det muligt for os at afpr\u00f8ve en r\u00e6kke konkrete tiltag b\u00e5de i indmeldelsesfasen og efter et stykke tid som medlem. Sorteringskortene er et godt eksempel p\u00e5, hvordan vi i medlemsm\u00f8der nu p\u00e5 en meget let m\u00e5de kan spore os ind p\u00e5, hvad der er relevante og brugbare &#8230; <\/p>\n<p class=\"read-more-container\"><a title=\"Danish Industry\" class=\"read-more button\" href=\"https:\/\/analysedanmark.dk\/en\/cases\/dansk-industri\/#more-44059\" aria-label=\"Read more about Dansk Industri\">Read more<\/a><\/p>","protected":false},"author":4,"featured_media":0,"parent":24,"menu_order":0,"comment_status":"closed","ping_status":"closed","template":"","meta":{"_acf_changed":false,"footnotes":""},"class_list":["post-44059","page","type-page","status-publish"],"acf":[],"_links":{"self":[{"href":"https:\/\/analysedanmark.dk\/en\/wp-json\/wp\/v2\/pages\/44059","targetHints":{"allow":["GET"]}}],"collection":[{"href":"https:\/\/analysedanmark.dk\/en\/wp-json\/wp\/v2\/pages"}],"about":[{"href":"https:\/\/analysedanmark.dk\/en\/wp-json\/wp\/v2\/types\/page"}],"author":[{"embeddable":true,"href":"https:\/\/analysedanmark.dk\/en\/wp-json\/wp\/v2\/users\/4"}],"replies":[{"embeddable":true,"href":"https:\/\/analysedanmark.dk\/en\/wp-json\/wp\/v2\/comments?post=44059"}],"version-history":[{"count":5,"href":"https:\/\/analysedanmark.dk\/en\/wp-json\/wp\/v2\/pages\/44059\/revisions"}],"predecessor-version":[{"id":234906,"href":"https:\/\/analysedanmark.dk\/en\/wp-json\/wp\/v2\/pages\/44059\/revisions\/234906"}],"up":[{"embeddable":true,"href":"https:\/\/analysedanmark.dk\/en\/wp-json\/wp\/v2\/pages\/24"}],"wp:attachment":[{"href":"https:\/\/analysedanmark.dk\/en\/wp-json\/wp\/v2\/media?parent=44059"}],"curies":[{"name":"wp","href":"https:\/\/api.w.org\/{rel}","templated":true}]}}