{"id":44010,"date":"2024-12-13T08:41:11","date_gmt":"2024-12-13T07:41:11","guid":{"rendered":"https:\/\/analysedanmark.stage.heyrobot.com\/?page_id=44010"},"modified":"2024-12-13T08:45:06","modified_gmt":"2024-12-13T07:45:06","slug":"samhandelsbetingelser","status":"publish","type":"page","link":"https:\/\/analysedanmark.dk\/en\/samhandelsbetingelser\/","title":{"rendered":"Terms of Trade"},"content":{"rendered":"<div class=\"gb-container gb-container-00dad267 gbp-section\">\n<div class=\"gb-container gb-container-7c095171 gb-container-e12be6ba gbp-section__inner\">\n\n<h3 class=\"wp-block-heading\"><a><\/a>1. Generelt<\/h3>\n\n\n\n<p>1.1. N\u00e6rv\u00e6rende samhandelsbetingelser er aftalt mellem, og tiltr\u00e5dt af, ANALYSE DANMARK og KUNDEN og udg\u00f8r s\u00e5ledes en integreret del af retsforholdet mellem parterne.<\/p>\n\n\n\n<p>1.2. Samhandelsbetingelserne g\u00e6lder for alle tilbud, leverancer og aftaler, og g\u00e6lder forud for eventuelle modst\u00e5ende eller afvigende oplysninger og bestemmelser i afgivne\/modtagne tilbud, ordre, accept eller lignende, medmindre andet konkret er skriftligt aftalt mellem parterne.<\/p>\n\n\n\n<p>1.3. Det er KUNDENS ansvar, at KUNDEN, hvis denne er dataansvarlig i hht. Datatilsynets definition, overholder Datatilsynets retningslinjer. KUNDEN har s\u00e5ledes selv ansvar for at udarbejde en databehandleraftale med ANALYSE DANMARK og anmelde projekt, hvis dette er p\u00e5kr\u00e6vet.<\/p>\n\n\n\n<h3 class=\"wp-block-heading\"><a><\/a>2. Tilbud og ordre<\/h3>\n\n\n\n<p>2.1. Alle oplysninger vedr\u00f8rende tilbud m.v. er omtrentlige og kun bindende for ANALYSE DANMARK, s\u00e5fremt skriftlig aftale foreligger mellem parterne, KUNDEN skriftligt har accepteret ANALYSE DANMARKS tilbud eller ANALYSE DANMARK skriftligt har bekr\u00e6ftet KUNDENS ordre.<\/p>\n\n\n\n<p>2.2. Det af ANALYSE DANMARK afgivne skriftlige tilbud er g\u00e6ldende i 4 uger fra tilbuddets datering, hvorefter tilbuddet er bortfaldet, medmindre andet fremg\u00e5r af tilbuddet.<\/p>\n\n\n\n<p>2.3. Annullering eller \u00e6ndring af ordre, fortrydelse af allerede indg\u00e5et aftale, returnering af det leverede eller lignende kan kun ske efter forudg\u00e5ende skriftlig aftale.<\/p>\n\n\n\n<h3 class=\"wp-block-heading\"><a><\/a>3. ANALYSE DANMARKs ydelse<\/h3>\n\n\n\n<p>3.1. Den ydelse, som ANALYSE DANMARK skal levere til KUNDEN, best\u00e5r af tabeller, der udarbejdes p\u00e5 baggrund af sp\u00f8rgeskemaunders\u00f8gelser, der foretages enten via internettet, postalt eller som personlige interview. Den n\u00e6rmere beskrivelse af ANALYSE DANMARKS ydelse til KUNDEN, herunder metode og principper m.v. for udf\u00f8relse af sp\u00f8rgeskemaunders\u00f8gelser, fremg\u00e5r af parternes s\u00e6rskilte aftale indg\u00e5et i overensstemmelse med det af ANALYSE DANMARK afgivne tilbud. ANALYSE DANMARKS eventuelle yderligere rapportering eller \u00f8vrige ydelser til KUNDEN fremg\u00e5r ligeledes af parternes aftale.<\/p>\n\n\n\n<p>3.2. KUNDENS kommunikation og brug af den af ANALYSE DANMARK leverede rapport sker for KUNDENS egen regning og risiko.<\/p>\n\n\n\n<h3 class=\"wp-block-heading\"><a><\/a>4. Levering og forsinkelse<\/h3>\n\n\n\n<p>4.1. ANALYSE DANMARKS levering af resultater sker med fremsendelse pr. e-mail til KUNDEN, medmindre andet s\u00e6rskilt er aftalt. Det kan s\u00e5ledes s\u00e6rskilt aftales, at rapporterne fremsendes i trykt form.<\/p>\n\n\n\n<p>4.2. Leveringstidspunktet er den dato, hvor rapporterne af ANALYSE DANMARK afsendes\/fremsendes til KUNDEN. Risikoen overg\u00e5r til KUNDEN p\u00e5 leveringstidspunktet, og forsendelse sker s\u00e5ledes for KUNDENS risiko.<\/p>\n\n\n\n<p>4.3. Medmindre andet s\u00e6rskilt fremg\u00e5r af det af ANALYSE DANMARKS afgivne skriftlige tilbud, eller er aftalt mellem parterne, regnes en i ANALYSE DANMARKS tilbud fastsat leveringsfrist \u2013 og dermed fasts\u00e6ttelse af leveringstidspunktet \u2013 fra det seneste af f\u00f8lgende tidspunkter:<\/p>\n\n\n\n<p>a) den dato aftale indg\u00e5s mellem parterne,<\/p>\n\n\n\n<p>b) den dato ANALYSE DANMARK modtager en i parternes aftale fastsat betaling, der skal erl\u00e6gges inden leveringstidspunktet, eller<\/p>\n\n\n\n<p>c) den dato ANALYSE DANMARK fra KUNDEN har modtaget samtlige, de for levering af ANALYSE DANMARKS ydelse n\u00f8dvendige oplysninger m.v., som er aftalt mellem parterne, eller som i \u00f8vrigt efter ANALYSE DANMARKS sk\u00f8n er n\u00f8dvendigt for ANALYSE DANMARKS opfyldelse af sin leveringsforpligtelse.<\/p>\n\n\n\n<p>4.4. Dersom KUNDEN ikke rettidigt og fuldt ud opfylder en betalingspligt, ikke rettidigt og fuldt ud fremkommer med de for aftalens opfyldelse n\u00f8dvendige oplysninger eller lignende eller p\u00e5 anden m\u00e5de medvirker til forsinkelse af ANALYSE DANMARKS arbejde, udf\u00e6rdigelse af rapporterne m.v., er ANALYSE DANMARK berettiget til at udskyde leveringstiden i det omfang, det efter omst\u00e6ndighederne af ANALYSE DANMARK sk\u00f8nnes rimeligt.<\/p>\n\n\n\n<p>4.5. Leveringstiden forl\u00e6nges\/udskydes ligeledes med den tid, hvormed ANALYSE DANMARKS arbejde, udf\u00e6rdigelse af rapporterne m.v. m\u00e5tte blive forsinket, s\u00e5fremt denne forsinkelse kan henf\u00f8res til omst\u00e6ndigheder, der ikke er af en s\u00e5dan beskaffenhed, at ANALYSE DANMARK p\u00e5 aftaletidspunktet burde eller kunne have taget disse omst\u00e6ndigheder i betragtning. ANALYSE DANMARK skal, s\u00e5 snart ANALYSE DANMARK bliver bekendt med s\u00e5danne omst\u00e6ndigheder m.v., underrette KUNDEN herom.<\/p>\n\n\n\n<p>4.6. Overskrider ANALYSE DANMARK leveringstiden med mere end 3 m\u00e5neder uden, at der foreligger s\u00e5danne forhold som n\u00e6vnt i punkt 4.5 eller uden, at ANALYSE DANMARK i \u00f8vrigt er berettiget til at udskyde leveringstiden, er KUNDEN kun berettiget til at h\u00e6ve aftalen, hvis ANALYSE DANMARK, trods et efter udl\u00f8bet af de 3 m\u00e5neder af KUNDEN afgivet skriftligt p\u00e5krav, ikke leverer inden for en rimelig frist. I \u00f8vrigt er KUNDEN ikke berettiget til at h\u00e6ve aftalen, medmindre KUNDEN ved aftalens indg\u00e5else skriftligt har betinget sig opfyldelse n\u00f8jagtig til en bestemt tid. KUNDEN er under alle omst\u00e6ndigheder ikke berettiget til at h\u00e6ve aftalen, s\u00e5fremt KUNDENS forhold forsinker leveringens udf\u00f8relse.<\/p>\n\n\n\n<p>4.7. ANALYSE DANMARK kan ikke g\u00f8res ansvarlig p\u00e5 nogen m\u00e5de i tilf\u00e6lde af overskridelse af leveringstiden \/ forsinkelse, medmindre forsinkelsen skyldes grov fors\u00f8mmelse fra ANALYSE DANMARKS side. ANALYSE DANMARKS erstatningsansvar er begr\u00e6nset til 5% af fakturaprisen af de af aftalen omfattede rapporter, og ANALYSE DANMARK kan ikke tilpligtes at yde anden erstatning eller godtg\u00f8relse af nogen art. ANALYSE DANMARK er i intet tilf\u00e6lde ansvarlig for driftstab, tab af avance eller \u00f8vrige indirekte tab hos KUNDEN eller tredjemand.<\/p>\n\n\n\n<p>4.8. Udskyder ANALYSE DANMARK leveringstiden med mere end 6 m\u00e5neder p\u00e5 grund af s\u00e5danne forhold som n\u00e6vnt i punkt 4.5, er begge parter berettiget til at tr\u00e6de tilbage fra aftalen. Den h\u00e6vende part kan ikke kr\u00e6ve nogen form for erstatning af den anden part, hverken for direkte eller indirekte tab.<\/p>\n\n\n\n<p>4.9. Udskydes leveringstiden p\u00e5 grund af s\u00e5danne omst\u00e6ndigheder som n\u00e6vnt i punkt 4.4. med mere end 1 m\u00e5ned, er ANALYSE DANMARK berettiget til at h\u00e6ve aftalen. ANALYSE DANMARK kan herudover kr\u00e6ve erstatning, hvad enten aftalen h\u00e6ves eller fastholdes, efter dansk rets almindelige regler. ANALYSE DANMARK kan i denne forbindelse altid \u2013 uden dokumentation for det lidte tab \u2013 kr\u00e6ve en erstatning, blandt andet til d\u00e6kning for tabt avance, som udg\u00f8r 50% af fakturaprisen for de af aftalen omfattede rapporter m.v., og i \u00f8vrigt kr\u00e6ve yderligere erstatning efter de almindelige erstatningsregler.<\/p>\n\n\n\n<h3 class=\"wp-block-heading\"><a><\/a>5. Kundens betaling<\/h3>\n\n\n\n<p>5.1. Betaling skal erl\u00e6gges i henhold til det p\u00e5 fakturaen oplyste, herunder med hensyn til forfaldsdato (som udgangspunkt netto kontant 8 dage efter fakturadato). ANALYSE DANMARK er efter aftale med KUNDEN berettiget til at kr\u00e6ve hel eller delvis forudbetaling, og kan altid kr\u00e6ve fuld betaling senest samtidig med leveringen, og medmindre andet s\u00e6rskilt er aftalt er ANALYSE DANMARK altid berettiget til at kr\u00e6ve betaling med 50% p\u00e5 tidspunktet for aftalens indg\u00e5else (accept af tilbud) og 50% p\u00e5 leveringstidspunktet.<\/p>\n\n\n\n<p>5.2. Anf\u00f8rte priser angives eksklusive moms og \u00f8vrige eventuelle statsafgifter eller lignende. ANALYSE DANMARK er berettiget til at opkr\u00e6ve s\u00e6rskilt ekspeditionsgebyr\/fragtgebyr.<\/p>\n\n\n\n<p>5.3. Ved forsinket betaling fra KUNDENS side er ANALYSE DANMARK berettiget til at opkr\u00e6ve en morarente som angivet p\u00e5 faktura fra forfaldsdato til betaling sker. Der skal ikke fremsendes s\u00e6rskilt rentep\u00e5krav for at opn\u00e5 denne ret. Morarente beregnes med 2% pr. p\u00e5begyndt m\u00e5ned. Herudover er ANALYSE DANMARK berettiget til at opkr\u00e6ve p\u00e5kravsgebyrer\/rykkergebyrer p\u00e5 DKK 150,00 pr. p\u00e5krav\/rykker.<\/p>\n\n\n\n<h3 class=\"wp-block-heading\"><a><\/a>6. Rettigheder m.v.<\/h3>\n\n\n\n<p>6.1. Ejendomsretten og eneretten, herunder ophavsretten, til alle immaterielle samt industrielle rettigheder \u2013 herunder s\u00e5danne rettigheder, som m\u00e5tte udspringe af ANALYSE DANMARKS arbejde og ydelser og parternes aftale i \u00f8vrigt \u2013 tilkommer til enhver tid ANALYSE DANMARK. KUNDEN opn\u00e5r s\u00e5ledes alene ejendomsret til de leverede resultater, som er fremsendt af ANALYSE DANMARK i henhold til parternes aftale.<\/p>\n\n\n\n<p>6.2. Samtlige af ANALYSE DANMARK indsamlede data, oplysninger m.v. i forbindelse med ANALYSE DANMARKS arbejde og udf\u00e6rdigelse af rapporter tilh\u00f8rer alene ANALYSE DANMARK.<\/p>\n\n\n\n<p>6.3. KUNDEN anerkender, at ANALYSE DANMARK har en retsbeskyttet eneret til varem\u00e6rket \u201cANALYSE DANMARK\u201d, akkurat som KUNDEN anerkender, at enhver tilsides\u00e6ttelse af ophavsretslovens, varem\u00e6rkelovens og markedsf\u00f8ringslovens regler anses som v\u00e6sentlig misligholdelse af parternes aftale.<\/p>\n\n\n\n<p>6.4. Medmindre andet s\u00e6rskilt er aftalt, er de af ANALYSE DANMARK til KUNDEN leverede rapporter strengt fortrolige og tjener udelukkende til brug for KUNDEN. S\u00e5ledes m\u00e5 KUNDEN ikke \u2013 hverken mod eller uden vederlag \u2013 offentligg\u00f8re ANALYSE DANMARKS rapporter helt eller delvist eller i \u00f8vrigt formidle indholdet heraf eller videregive disse til tredjemand, medmindre ANALYSE DANMARKS forudg\u00e5ende skriftlige samtykke er opn\u00e5et.<\/p>\n\n\n\n<p>6.5. S\u00e5fremt det s\u00e6rskilt m\u00e5tte v\u00e6re aftalt mellem parterne, eller ANALYSE DANMARK m\u00e5tte have givet samtykke til, at KUNDEN alligevel i et givet omfang er berettiget til at offentligg\u00f8re, formidle og\/eller videregive rapporterne og indholdet heraf, skal en s\u00e5dan offentligg\u00f8relse, formidling eller lignende ske under iagttagelse af f\u00f8lgende vilk\u00e5r:<\/p>\n\n\n\n<p>a) Rapporterne m\u00e5 kun offentligg\u00f8res, formidles eller videregives i uddrag. Uddrag af rapporterne skal foretages s\u00e5ledes, at rapporternes indhold gengives loyalt. Er KUNDENS konkurrenter genstand for sammenligning i rapporterne \u2013 hvad enten dette sker verbalt eller ved opstilling af tal, og hvad enten dette finder sted under navns n\u00e6vnelse eller ej \u2013 skal der gengives tilsvarende oplysninger for konkurrenternes produkter m.v. som for egne produkter m.v. Det fremh\u00e6ves, at der ikke hermed er taget stilling til, hvorvidt \u2013 og i bekr\u00e6ftende fald i hvilket omfang \u2013 anvendelsen af oplysninger om KUNDENS konkurrenter i sammenlignende reklamer eller lignende er lovmedholdelig, og alene KUNDEN er ansvarlig og h\u00e6fter herfor.<\/p>\n\n\n\n<p>b) Ethvert rapportuddrag skal v\u00e6re forsynet med udtrykkelig meddelelse om, at ophavsretten til indholdet, materialet m.v. alene tilh\u00f8rer ANALYSE DANMARK. Uddraget skal endvidere v\u00e6re ledsaget af fyldestg\u00f8rende oplysninger til identificering af den p\u00e5g\u00e6ldende rapport, herunder med angivelse af, hvilke forhold rapporten vedr\u00f8rer, hvilken tidsperiode rapporten ang\u00e5r, og \u2013 hvis det m\u00e5tte v\u00e6re relevant \u2013 hvilket geografisk omr\u00e5de rapporten ang\u00e5r.<\/p>\n\n\n\n<p>6.6. ANALYSE DANMARK kan til enhver tid tilbagekalde et samtykke eller lignende til offentligg\u00f8relse, formidling m.v. af rapporterne og indholdet heraf, s\u00e5fremt KUNDEN efter ANALYSE DANMARKS rimelige sk\u00f8n ikke har benyttet eller ikke agter at benytte rapportmaterialet p\u00e5 loyal vis eller i \u00f8vrigt har tilsidesat eller agter at tilsides\u00e6tte de i punkt 6.5. fastsatte vilk\u00e5r helt eller delvist.<\/p>\n\n\n\n<p>6.7. I det omfang offentligg\u00f8relse af rapporterne finder sted, jf. punkt 6.5, er alene KUNDEN ansvarlig for, at rapportuddraget, indholdet af rapporterne og\/eller de af rapporterne udledte oplysninger m.v. lovligt kan anvendes og offentligg\u00f8res, herunder at offentligg\u00f8relse lovligt kan ske p\u00e5 den af KUNDEN valgte m\u00e5de.<\/p>\n\n\n\n<h3 class=\"wp-block-heading\"><a><\/a>7. Mangler og ansvar<\/h3>\n\n\n\n<p>7.1. ANALYSE DANMARK forpligter sig over for KUNDEN til at iagttage h\u00f8j datasikkerhed s\u00e5ledes, at alene ANALYSE DANMARK opn\u00e5r adgang til de af deltagerne i en analyse afgivne svar og i \u00f8vrige modtagne oplysninger.<\/p>\n\n\n\n<p>7.2. ANALYSE DANMARK kan i intet tilf\u00e6lde af KUNDEN eller af tredjemand g\u00f8res ansvarlig for rapporternes indhold, brugbarhed, funktionalitet m.v. KUNDEN er i denne forbindelse blandt andet opm\u00e6rksom p\u00e5, at de af ANALYSE DANMARK gennemf\u00f8rte analyseunders\u00f8gelser rummer statistiske usikkerhedsmomenter m.v. ANALYSE DANMARK er s\u00e5ledes uden ansvar for, i hvilket omfang, til hvilke form\u00e5l og\/eller i hvilke sammenh\u00e6nge KUNDEN kan g\u00f8re brug af eller \u00f8nsker at benytte rapporterne.<\/p>\n\n\n\n<p>7.3. ANALYSE DANMARKS erstatningsansvar er i enhver henseende begr\u00e6nset til kontraktsummen i henhold til parternes aftale, og ANALYSE DANMARK kan ikke tilpligtes at yde anden erstatning eller godtg\u00f8relse af nogen art. ANALYSE DANMARK er i intet tilf\u00e6lde ansvarlig for driftstab, tabt avance, tab af goodwill samt lignende indirekte tab eller skade hos KUNDEN eller tredjemand.<\/p>\n\n\n\n<p>7.4. KUNDEN indest\u00e5r over for ANALYSE DANMARK for, at ANALYSE DANMARK i enhver henseende lovligt \u2013 s\u00e5vel offentligretligt som privatretligt \u2013 kan iv\u00e6rks\u00e6tte og gennemf\u00f8re de for rapporternes udf\u00e6rdigelse n\u00f8dvendige analyser, unders\u00f8gelser m.v., som rekvireret\/bestilt af KUNDEN, akkurat som KUNDEN indest\u00e5r for \u2013 s\u00e5fremt KUNDEN har anvist deltagere til disse unders\u00f8gelser m.v. \u2013 at KUNDEN er berettiget til at udlevere navne og adresser og \u00f8vrige relevante oplysninger vedr\u00f8rende de p\u00e5g\u00e6ldende deltagere til ANALYSE DANMARK, og at ANALYSE DANMARK er berettiget til at kontakte de p\u00e5g\u00e6ldende deltagere og i \u00f8vrigt g\u00f8re brug af de modtagne oplysninger.<\/p>\n\n\n\n<p>7.5. KUNDEN indest\u00e5r herudover over for ANALYSE DANMARK for, at de af KUNDEN udleverede oplysninger, materiale m.v., som skal anvendes af ANALYSE DANMARK i forbindelse med ANALYSE DANMARKS arbejde, lovligt kan anvendes i s\u00e5 henseende uden at kr\u00e6nke tredjemands rettigheder, herunder ophavsrettigheder, licensrettigheder m.v.<\/p>\n\n\n\n<p>7.6. S\u00e5fremt ANALYSE DANMARK m\u00e5tte blive m\u00f8dt med noget krav i anledning af, at KUNDEN uberettiget har udleveret navne, adresser eller \u00f8vrige oplysninger p\u00e5 ovenn\u00e6vnte deltagere til ANALYSE DANMARK, eller i anledning af, at ANALYSE DANMARK ikke har v\u00e6ret berettiget til at kontakte de p\u00e5g\u00e6ldende deltagere eller i \u00f8vrigt g\u00f8re brug af de modtagne oplysninger, eller i anledning af, at de i \u00f8vrigt af KUNDEN udleverede oplysninger\/materiale og brugen heraf kr\u00e6nker tredjemands rettigheder, er ANALYSE DANMARK berettiget til at g\u00f8re regres mod KUNDEN, akkurat som Kunden har pligt til at erstatte ethvert tab, som ANALYSE DANMARK m\u00e5tte lide i denne forbindelse.<\/p>\n\n\n\n<p>7.7. KUNDEN er i \u00f8vrigt forpligtet til at fritage ANALYSE DANMARK for ethvert ansvar, erstatningskrav eller lignende, som af tredjemand \u2013 eksempelvis analysedeltagere, KUNDENS konkurrenter, offentlige myndigheder m.v. \u2013 m\u00e5tte blive rettet mod ANALYSE DANMARK, eller som ANALYSE DANMARK m\u00e5tte blive p\u00e5lagt som f\u00f8lge af KUNDENS adf\u00e6rd, herunder KUNDENS benyttelse, brug og\/eller offentligg\u00f8relse\/formidling af de leverede rapporter og indholdet heraf, akkurat som KUNDEN i \u00f8vrigt har pligt til at erstatte ethvert tab, som ANALYSE DANMARK m\u00e5tte lide i denne forbindelse.<\/p>\n\n\n\n<p>7.8. KUNDEN er herudover erstatningsansvarlig efter dansk rets almindelige regler i tilf\u00e6lde af KUNDENS misligholdelse af parternes aftale, herunder KUNDENS tilsides\u00e6ttelse af n\u00e6rv\u00e6rende samhandelsbetingelser.<\/p>\n\n\n\n<h3 class=\"wp-block-heading\"><a><\/a>8. Overdragelse<\/h3>\n\n\n\n<p>8.1. ANALYSE DANMARK er berettiget til at overdrage samtlige rettigheder og forpligtelser til tredjemand, herunder g\u00f8re brug af underleverand\u00f8rer m.v., uden KUNDENS s\u00e6rskilte samtykke hertil.<\/p>\n\n\n\n<h3 class=\"wp-block-heading\"><a><\/a>9. Lovvalg og v\u00e6rneting<\/h3>\n\n\n\n<p>9.1. N\u00e6rv\u00e6rende samhandelsbetingelser er undergivet dansk ret, og enhver tvist mellem ANALYSE DANMARK og KUNDEN skal afg\u00f8res efter dansk ret.<\/p>\n\n\n\n<p>9.2. Retssager mod ANALYSE DANMARK skal af KUNDEN anl\u00e6gges ved ANALYSE DANMARKS hjemting. ANALYSE DANMARK kan efter eget valg anl\u00e6gge retssag mod KUNDEN ved KUNDENS hjemting eller ved ANALYSE DANMARKS hjemting.<\/p>\n\n<\/div>\n<\/div>","protected":false},"excerpt":{"rendered":"<p>1. Generelt 1.1. N\u00e6rv\u00e6rende samhandelsbetingelser er aftalt mellem, og tiltr\u00e5dt af, ANALYSE DANMARK og KUNDEN og udg\u00f8r s\u00e5ledes en integreret del af retsforholdet mellem parterne. 1.2. Samhandelsbetingelserne g\u00e6lder for alle tilbud, leverancer og aftaler, og g\u00e6lder forud for eventuelle modst\u00e5ende eller afvigende oplysninger og bestemmelser i afgivne\/modtagne tilbud, ordre, accept eller lignende, medmindre andet konkret &#8230; <\/p>\n<p class=\"read-more-container\"><a title=\"Terms of Trade\" class=\"read-more button\" href=\"https:\/\/analysedanmark.dk\/en\/samhandelsbetingelser\/#more-44010\" aria-label=\"Read more about Samhandelsbetingelser\">Read more<\/a><\/p>","protected":false},"author":4,"featured_media":0,"parent":0,"menu_order":0,"comment_status":"closed","ping_status":"closed","template":"","meta":{"_acf_changed":false,"footnotes":""},"class_list":["post-44010","page","type-page","status-publish"],"acf":[],"_links":{"self":[{"href":"https:\/\/analysedanmark.dk\/en\/wp-json\/wp\/v2\/pages\/44010","targetHints":{"allow":["GET"]}}],"collection":[{"href":"https:\/\/analysedanmark.dk\/en\/wp-json\/wp\/v2\/pages"}],"about":[{"href":"https:\/\/analysedanmark.dk\/en\/wp-json\/wp\/v2\/types\/page"}],"author":[{"embeddable":true,"href":"https:\/\/analysedanmark.dk\/en\/wp-json\/wp\/v2\/users\/4"}],"replies":[{"embeddable":true,"href":"https:\/\/analysedanmark.dk\/en\/wp-json\/wp\/v2\/comments?post=44010"}],"version-history":[{"count":4,"href":"https:\/\/analysedanmark.dk\/en\/wp-json\/wp\/v2\/pages\/44010\/revisions"}],"predecessor-version":[{"id":44014,"href":"https:\/\/analysedanmark.dk\/en\/wp-json\/wp\/v2\/pages\/44010\/revisions\/44014"}],"wp:attachment":[{"href":"https:\/\/analysedanmark.dk\/en\/wp-json\/wp\/v2\/media?parent=44010"}],"curies":[{"name":"wp","href":"https:\/\/api.w.org\/{rel}","templated":true}]}}