{"id":44001,"date":"2024-12-13T08:24:40","date_gmt":"2024-12-13T07:24:40","guid":{"rendered":"https:\/\/analysedanmark.stage.heyrobot.com\/?page_id=44001"},"modified":"2025-05-20T13:25:14","modified_gmt":"2025-05-20T11:25:14","slug":"realdania","status":"publish","type":"page","link":"https:\/\/analysedanmark.dk\/en\/cases\/realdania\/","title":{"rendered":"Realdania"},"content":{"rendered":"<header class=\"gb-container gb-container-fa2dff78 gbp--border-radius\">\n<div class=\"gb-container gb-container-d2d53606 gbp-section__inner\">\n<div class=\"gb-grid-wrapper gb-grid-wrapper-781df5b1\">\n<div class=\"gb-grid-column gb-grid-column-63aab36c\"><div class=\"gb-container gb-container-63aab36c\">\n\n<figure class=\"gb-block-image gb-block-image-e61ea73b\"><a href=\"https:\/\/realdania.dk\/\" target=\"_blank\" rel=\"noopener noreferrer nofollow\"><img loading=\"lazy\" decoding=\"async\" width=\"500\" height=\"500\" class=\"gb-image gb-image-e61ea73b gbp--border-radius gbp--margin-after\" src=\"https:\/\/analysedanmark.dk\/wp-content\/uploads\/2024\/12\/Realdania-logo.png\" alt=\"Realdania\" title=\"Realdania logo\" srcset=\"https:\/\/analysedanmark.dk\/wp-content\/uploads\/2024\/12\/Realdania-logo.png 500w, https:\/\/analysedanmark.dk\/wp-content\/uploads\/2024\/12\/Realdania-logo-300x300.png 300w, https:\/\/analysedanmark.dk\/wp-content\/uploads\/2024\/12\/Realdania-logo-400x400.png 400w\" sizes=\"auto, (max-width: 500px) 100vw, 500px\" \/><\/a><\/figure>\n\n<\/div><\/div>\n\n<div class=\"gb-grid-column gb-grid-column-7de558b8\"><div class=\"gb-container gb-container-7de558b8\">\n\n<h1 class=\"gb-headline gb-headline-be302155 gb-headline-text\">Realdania<\/h1>\n\n\n\n<p>Segmentation of Realdania's potential members.<\/p>\n\n\n\n<h2 class=\"wp-block-heading\">The challenge<\/h2>\n\n\n\n<p><strong>When everyone is in the target group...<\/strong><br><a href=\"https:\/\/realdania.dk\/\" rel=\"nofollow noopener\" target=\"_blank\">Realdania<\/a>\u00a0currently has around 150,000 members, including both professionals and private homeowners. This may sound like a lot, but the association wants to increase its membership - and not least ensure a broader composition of the membership database, which today mainly includes the older part of the homeowners. <\/p>\n\n\n\n<p>This must be done through a strengthened communication effort. There was therefore a need to build a better understanding of the target group of homeowners before the organisation could begin a communication effort towards potential members. However, the association faces an extremely broad target group of potential members, as the association actually addresses all approximately 1.4 million homeowners in Denmark. <\/p>\n\n\n\n<p>Therefore, they wanted a study that could focus on what would attract new members, hypothesising that it was something other than what attracted existing members.<\/p>\n\n<\/div><\/div>\n<\/div>\n<\/div>\n<\/header>\n\n<div class=\"gb-container gb-container-58a76ced gbp-section\">\n<div class=\"gb-container gb-container-3224c6ce gbp-section__inner\">\n<div class=\"gb-grid-wrapper gb-grid-wrapper-d7355558\">\n<div class=\"gb-grid-column gb-grid-column-516ff6c2\"><div class=\"gb-container gb-container-516ff6c2\">\n\n<p class=\"gb-headline gb-headline-b2a7a5e2 gb-headline-text gbp-section__tagline\">The methodology<\/p>\n\n\n\n<h2 class=\"gb-headline gb-headline-cf6f9690 gb-headline-text\"><strong><strong><strong><strong>Segmentation study with both quantitative and qualitative methods:<\/strong><\/strong><\/strong><\/strong><\/h2>\n\n\n\n<ol class=\"wp-block-list\">\n<li>Phase: Analyse Danmark first conducted a quantitative so-called <a href=\"https:\/\/analysedanmark.dk\/en\/services\/segmentation\/\" data-type=\"page\" data-id=\"43549\">cluster analysis <\/a>via and online <a href=\"https:\/\/analysedanmark.dk\/en\/services\/panelundersoegelser\/\" data-type=\"page\" data-id=\"43547\">panel survey <\/a>among homeowners, which led to a division of the overall target group of homeowners into five segments based on demographics, life values and attitudes towards different themes and projects, which are Realdania's core areas.<\/li>\n\n\n\n<li>Phase: This was followed by six qualitative\u00a0<a href=\"https:\/\/analysedanmark.dk\/en\/methods\/qualitative-methods\/focus-groups\/\" data-type=\"page\" data-id=\"43770\">focus groups\u00a0<\/a>around Denmark. The focus groups were composed based on the five segments, where questions were asked about what could motivate the segments to become Realdania members and what barriers they considered to be the most important for a potential membership.<\/li>\n\n\n\n<li>Phase: Analyse Denmark then tested the focus groups' input and potential membership drivers in the quantitative universe. For example, do the majority also think that discount schemes are a motivation to become a member?<\/li>\n<\/ol>\n\n\n\n<p><\/p>\n\n<\/div><\/div>\n\n<div class=\"gb-grid-column gb-grid-column-38b0cc66\"><div class=\"gb-container gb-container-38b0cc66 gbp--gradient-secondary\">\n\n<figure class=\"gb-block-image gb-block-image-ff825c85\"><img loading=\"lazy\" decoding=\"async\" width=\"914\" height=\"162\" class=\"gb-image gb-image-ff825c85 gbp--border-radius\" src=\"https:\/\/analysedanmark.dk\/wp-content\/uploads\/2024\/12\/Cases_realdania_AnalyseDanmark.png\" alt=\"\" title=\"Cases_realdania_AnalyseDanmark\" srcset=\"https:\/\/analysedanmark.dk\/wp-content\/uploads\/2024\/12\/Cases_realdania_AnalyseDanmark.png 914w, https:\/\/analysedanmark.dk\/wp-content\/uploads\/2024\/12\/Cases_realdania_AnalyseDanmark-640x113.png 640w, https:\/\/analysedanmark.dk\/wp-content\/uploads\/2024\/12\/Cases_realdania_AnalyseDanmark-768x136.png 768w\" sizes=\"auto, (max-width: 914px) 100vw, 914px\"><\/figure>\n\n<\/div><\/div>\n<\/div>\n<\/div>\n<\/div>\n\n<div class=\"gb-container gb-container-7e6d0854 gbp-section\">\n<div class=\"gb-container gb-container-3ff20a45 gbp-section__inner\">\n<div class=\"gb-grid-wrapper gb-grid-wrapper-d4759108\">\n<div class=\"gb-grid-column gb-grid-column-c739950f\"><div class=\"gb-container gb-container-c739950f\">\n\n<figure class=\"wp-block-image size-full\"><img loading=\"lazy\" decoding=\"async\" width=\"966\" height=\"582\" src=\"https:\/\/analysedanmark.dk\/wp-content\/uploads\/2024\/12\/Realdania-case.png\" alt=\"\" class=\"wp-image-44192\" srcset=\"https:\/\/analysedanmark.dk\/wp-content\/uploads\/2024\/12\/Realdania-case.png 966w, https:\/\/analysedanmark.dk\/wp-content\/uploads\/2024\/12\/Realdania-case-640x386.png 640w, https:\/\/analysedanmark.dk\/wp-content\/uploads\/2024\/12\/Realdania-case-768x463.png 768w\" sizes=\"auto, (max-width: 966px) 100vw, 966px\" \/><\/figure>\n\n\n\n<p class=\"has-text-align-center\"><em>Examples from Realdania's themes, here Sustainable Building and Harbour and Sea Bathing<\/em><\/p>\n\n<\/div><\/div>\n\n<div class=\"gb-grid-column gb-grid-column-44584bd0\"><div class=\"gb-container gb-container-44584bd0\">\n\n<h2 class=\"gb-headline gb-headline-c2afdff5 gb-headline-text\">Results<\/h2>\n\n\n\n<p><strong>From everyone in the target group to five specific segments<\/strong><br>The study showed that the segments are motivated by very different things, such as special cultural experiences, neighbourhood, being able to make a difference or discounts. There is therefore a big difference in the drivers behind the choice of organisations and how the segments' potential membership of Realdania should be manifested. The study also showed that few people know Realdania, while more know the projects that are supported.<\/p>\n\n\n\n<p>Based on the five segments, Realdania will now start prioritising its communication efforts. The organisation has not yet set any final success criteria, and although the number of members is important, it is also about the broad composition.<\/p>\n\n<\/div><\/div>\n<\/div>\n<\/div>\n<\/div>\n\n<div class=\"gb-container gb-container-68a23b27 gbp--border-radius\">\n<div class=\"gb-container gb-container-4c3bf351 gbp-section__inner\">\n\n<p class=\"gb-headline gb-headline-49bc7c64\"><span class=\"gb-icon\"><svg viewbox=\"0 0 40 26.79\" data-name=\"Layer 1\" xmlns=\"http:\/\/www.w3.org\/2000\/svg\"><path style=\"stroke-width:0\" d=\"M.31 18.41C-1.37 10.67 3.97 2.41 12.65 0l.63 5.23c-2.3.94-4.29 3.14-4.29 6.07 3.45-1.57 8.27.42 9.42 5.34.94 4.5-1.99 8.89-6.59 9.94C6.8 27.63 1.67 24.7.31 18.42Zm21.49 0C20.13 10.67 25.36 2.4 34.04 0l.73 5.23c-2.41.94-4.29 3.14-4.4 6.07 3.56-1.57 8.37.42 9.42 5.34 1.05 4.5-1.99 8.89-6.59 9.94-4.92 1.05-10.04-1.88-11.41-8.16Z\"><\/path><\/svg><\/span><span class=\"gb-headline-text\">Analysis Denmark has really helped to clarify our need for communication. We had a prior assumption that many Danes do not know about Realdania, and this was emphasised in the survey. It is our clear experience that there is a lot of substance in the results we have received from Analyse Danmark. It is very useful as a basis for decision-making when it comes to prioritising our communication<\/span><\/p>\n\n\n\n<p class=\"has-base-3-color has-text-color\"><strong>Kristian S\u00f8rensen<\/strong>, project manager in Realdania<\/p>\n\n<\/div>\n<\/div>","protected":false},"excerpt":{"rendered":"<p>Analyse Danmark har i den grad v\u00e6ret med til at tydeligg\u00f8re vores behov for kommunikation. Vi havde p\u00e5 forh\u00e5nd en formodning om, at mange danskere ikke kender til Realdania, og det blev i den grad understreget i unders\u00f8gelsen. Det er vores klare oplevelse, at der er rigtig god substans i de resultater, vi har f\u00e5et &#8230; <\/p>\n<p class=\"read-more-container\"><a title=\"Realdania\" class=\"read-more button\" href=\"https:\/\/analysedanmark.dk\/en\/cases\/realdania\/#more-44001\" aria-label=\"Read more about Realdania\">Read more<\/a><\/p>","protected":false},"author":4,"featured_media":0,"parent":24,"menu_order":0,"comment_status":"closed","ping_status":"closed","template":"","meta":{"_acf_changed":false,"footnotes":""},"class_list":["post-44001","page","type-page","status-publish"],"acf":[],"_links":{"self":[{"href":"https:\/\/analysedanmark.dk\/en\/wp-json\/wp\/v2\/pages\/44001","targetHints":{"allow":["GET"]}}],"collection":[{"href":"https:\/\/analysedanmark.dk\/en\/wp-json\/wp\/v2\/pages"}],"about":[{"href":"https:\/\/analysedanmark.dk\/en\/wp-json\/wp\/v2\/types\/page"}],"author":[{"embeddable":true,"href":"https:\/\/analysedanmark.dk\/en\/wp-json\/wp\/v2\/users\/4"}],"replies":[{"embeddable":true,"href":"https:\/\/analysedanmark.dk\/en\/wp-json\/wp\/v2\/comments?post=44001"}],"version-history":[{"count":5,"href":"https:\/\/analysedanmark.dk\/en\/wp-json\/wp\/v2\/pages\/44001\/revisions"}],"predecessor-version":[{"id":234914,"href":"https:\/\/analysedanmark.dk\/en\/wp-json\/wp\/v2\/pages\/44001\/revisions\/234914"}],"up":[{"embeddable":true,"href":"https:\/\/analysedanmark.dk\/en\/wp-json\/wp\/v2\/pages\/24"}],"wp:attachment":[{"href":"https:\/\/analysedanmark.dk\/en\/wp-json\/wp\/v2\/media?parent=44001"}],"curies":[{"name":"wp","href":"https:\/\/api.w.org\/{rel}","templated":true}]}}