{"id":43847,"date":"2024-12-10T12:51:54","date_gmt":"2024-12-10T11:51:54","guid":{"rendered":"https:\/\/analysedanmark.stage.heyrobot.com\/?page_id=43847"},"modified":"2025-05-20T12:51:03","modified_gmt":"2025-05-20T10:51:03","slug":"aids-foundation","status":"publish","type":"page","link":"https:\/\/analysedanmark.dk\/en\/cases\/aids-fondet\/","title":{"rendered":"AIDS Fund"},"content":{"rendered":"<header class=\"gb-container gb-container-fa2dff78 gbp--border-radius\">\n<div class=\"gb-container gb-container-d2d53606 gbp-section__inner\">\n<div class=\"gb-grid-wrapper gb-grid-wrapper-781df5b1\">\n<div class=\"gb-grid-column gb-grid-column-63aab36c\"><div class=\"gb-container gb-container-63aab36c\">\n\n<figure class=\"gb-block-image gb-block-image-e61ea73b\"><a href=\"https:\/\/aidsfondet.dk\/\" target=\"_blank\" rel=\"noopener noreferrer nofollow\"><img loading=\"lazy\" decoding=\"async\" width=\"500\" height=\"500\" class=\"gb-image gb-image-e61ea73b gbp--border-radius gbp--margin-after\" src=\"https:\/\/analysedanmark.dk\/wp-content\/uploads\/2024\/12\/AD-logo.png\" alt=\"The AIDS Foundation\" title=\"AD logo\" srcset=\"https:\/\/analysedanmark.dk\/wp-content\/uploads\/2024\/12\/AD-logo.png 500w, https:\/\/analysedanmark.dk\/wp-content\/uploads\/2024\/12\/AD-logo-300x300.png 300w, https:\/\/analysedanmark.dk\/wp-content\/uploads\/2024\/12\/AD-logo-400x400.png 400w\" sizes=\"auto, (max-width: 500px) 100vw, 500px\" \/><\/a><\/figure>\n\n<\/div><\/div>\n\n<div class=\"gb-grid-column gb-grid-column-7de558b8\"><div class=\"gb-container gb-container-7de558b8\">\n\n<h1 class=\"gb-headline gb-headline-be302155 gb-headline-text\">AIDS Foundation<\/h1>\n\n\n\n<p>Motives and barriers to condom use among men who have sex with men.<\/p>\n\n\n\n<h2 class=\"wp-block-heading\">The challenge<\/h2>\n\n\n\n<p><strong>What role does the condom play for men who have sex with men (MSM)?<\/strong><br>In September 2014, the AIDS Foundation, in collaboration with the Danish Health Authority, launched the campaign \u2019Only with condoms\u2019 by distributing sample packs of condoms in different sizes to men who have sex with men (MSM) to raise awareness of the benefits of condom use and any misconceptions about condom use.<\/p>\n\n\n\n<p>The AIDS Foundation contacted Analyse Danmark about a customer journey process that could uncover motives and barriers to condom use throughout the process from initial contact to parting - and provide input to support the AIDS Foundation's message of \u2019reintroducing\u2019 the condom for, among other things, HIV prevention to the target group MSM, as well as provide visibility through the newsworthiness of the conclusions and figures in connection with PR. with PR.<\/p>\n\n<\/div><\/div>\n<\/div>\n<\/div>\n<\/header>\n\n<div class=\"gb-container gb-container-58a76ced gbp-section\">\n<div class=\"gb-container gb-container-3224c6ce gbp-section__inner\">\n<div class=\"gb-grid-wrapper gb-grid-wrapper-d7355558\">\n<div class=\"gb-grid-column gb-grid-column-516ff6c2\"><div class=\"gb-container gb-container-516ff6c2\">\n\n<p class=\"gb-headline gb-headline-b2a7a5e2 gb-headline-text gbp-section__tagline\">The methodology<\/p>\n\n\n\n<h2 class=\"gb-headline gb-headline-cf6f9690 gb-headline-text\"><strong><strong>Combination study in three phases:<\/strong><\/strong><\/h2>\n\n\n\n<ul class=\"wp-block-list\">\n<li>In-depth interviews<\/li>\n\n\n\n<li>Online survey<\/li>\n\n\n\n<li>Bulletin Board<\/li>\n<\/ul>\n\n\n\n<p>When it comes to qualitative research, we offer a range of different methods, carried out by highly experienced moderators. Here, for example, could be. <a href=\"https:\/\/analysedanmark.dk\/en\/methods\/qualitative-methods\/focus-groups\/\" data-type=\"page\" data-id=\"43770\">focus groups<\/a>, <a href=\"https:\/\/analysedanmark.dk\/en\/methods\/qualitative-methods\/in-depth-interview\/\" data-type=\"page\" data-id=\"43766\">in-depth interview<\/a> or <a href=\"https:\/\/analysedanmark.dk\/en\/methods\/qualitative-methods\/qualitative-online-methods\/\" data-type=\"page\" data-id=\"43772\">online bulletin boards<\/a> come into play. Most methods are available in both traditional face-to-face and online versions, which offer better geographical spread and are less time-consuming for respondents.<\/p>\n\n<\/div><\/div>\n\n<div class=\"gb-grid-column gb-grid-column-38b0cc66\"><div class=\"gb-container gb-container-38b0cc66 gbp--gradient-secondary\">\n\n<figure class=\"gb-block-image gb-block-image-ff825c85\"><img loading=\"lazy\" decoding=\"async\" width=\"390\" height=\"336\" class=\"gb-image gb-image-ff825c85 gbp--border-radius\" src=\"https:\/\/analysedanmark.dk\/wp-content\/uploads\/2024\/12\/figur-case.png\" alt=\"\" title=\"figure-case\"><\/figure>\n\n<\/div><\/div>\n<\/div>\n<\/div>\n<\/div>\n\n<div class=\"gb-container gb-container-7e6d0854 gbp-section\">\n<div class=\"gb-container gb-container-3ff20a45 gbp-section__inner\">\n<div class=\"gb-grid-wrapper gb-grid-wrapper-d4759108\">\n<div class=\"gb-grid-column gb-grid-column-c739950f\"><div class=\"gb-container gb-container-c739950f\">\n\n<figure class=\"wp-block-image size-full\"><img loading=\"lazy\" decoding=\"async\" width=\"973\" height=\"447\" src=\"https:\/\/analysedanmark.dk\/wp-content\/uploads\/2024\/12\/risiko.png\" alt=\"\" class=\"wp-image-44130\" srcset=\"https:\/\/analysedanmark.dk\/wp-content\/uploads\/2024\/12\/risiko.png 973w, https:\/\/analysedanmark.dk\/wp-content\/uploads\/2024\/12\/risiko-640x294.png 640w, https:\/\/analysedanmark.dk\/wp-content\/uploads\/2024\/12\/risiko-768x353.png 768w\" sizes=\"auto, (max-width: 973px) 100vw, 973px\" \/><\/figure>\n\n<\/div><\/div>\n\n<div class=\"gb-grid-column gb-grid-column-44584bd0\"><div class=\"gb-container gb-container-44584bd0\">\n\n<h2 class=\"gb-headline gb-headline-c2afdff5 gb-headline-text\">Results<\/h2>\n\n\n\n<p><strong>New insights and knowledge base as a basis for dialogue with the AIDS Foundation's partners<\/strong><br>Analysis Denmark's report delves into the target group's motives and barriers to condom use, the role of condoms, MSM's use of language around safe and unsafe sex, and additional insights presented in a visual format. Among other things, the study shows that MSM operate with a so-called calculated risk assessment in relation to partners and situations. partners and situations when it comes to condom use\/non-use.<\/p>\n\n\n\n<ul class=\"wp-block-list\">\n<li><em>\u2018Trust in partner\u2019<\/em>&nbsp;is considered by MSM as one of the main reasons for not using a condom, and the influence of alcohol and drugs can also contribute to condoms not always being used. 49% of MSM who have had more than 10 sexual partners in the past six months use free condoms in cafes and bars. This indicates that free condom distribution is an important element in the prevention of HIV and other sexually transmitted diseases among this target group.&nbsp;<a href=\"https:\/\/www.kk.dk\/indhold\/sundheds-og-omsorgsudvalgets-modemateriale\/22102015\/edoc-agenda\/6e655e2c-626e-43c9-b5fc-33f3a143e8ea\/0ab88f6f-2250-456c-ae8e-264324432e58\" rel=\"nofollow noopener\" target=\"_blank\">Read more about how the study has changed the City of Copenhagen's allocation.<\/a><\/li>\n<\/ul>\n\n\n\n<p>Among other things, the study has contributed to increased knowledge of MSM's condom behaviour, including differences in the target group related to e.g. sexual preferences (active vs. passive), age, etc. and more specifically to form a knowledge base for the AIDS Foundation's dialogue with the City of Copenhagen about subsidies for free condoms in the city's caf\u00e9s and bars.<\/p>\n\n<\/div><\/div>\n<\/div>\n<\/div>\n<\/div>\n\n<div class=\"gb-container gb-container-68a23b27 gbp--border-radius\">\n<div class=\"gb-container gb-container-4c3bf351 gbp-section__inner\">\n\n<p class=\"gb-headline gb-headline-49bc7c64\"><span class=\"gb-icon\"><svg viewbox=\"0 0 40 26.79\" data-name=\"Layer 1\" xmlns=\"http:\/\/www.w3.org\/2000\/svg\"><path style=\"stroke-width:0\" d=\"M.31 18.41C-1.37 10.67 3.97 2.41 12.65 0l.63 5.23c-2.3.94-4.29 3.14-4.29 6.07 3.45-1.57 8.27.42 9.42 5.34.94 4.5-1.99 8.89-6.59 9.94C6.8 27.63 1.67 24.7.31 18.42Zm21.49 0C20.13 10.67 25.36 2.4 34.04 0l.73 5.23c-2.41.94-4.29 3.14-4.4 6.07 3.56-1.57 8.37.42 9.42 5.34 1.05 4.5-1.99 8.89-6.59 9.94-4.92 1.05-10.04-1.88-11.41-8.16Z\"><\/path><\/svg><\/span><span class=\"gb-headline-text\">The study has provided us with insight into the motivations that influence the uptake and rejection of condoms in very intimate situations. This allows us to formulate strong messages both in our dialogue with the MSM target group and in mass communication. Furthermore, the quantitative part of the study has shown that easy access to free condoms is an important and central part of Danish HIV prevention.<\/span><\/p>\n\n\n\n<p class=\"has-base-3-color has-text-color\"><strong>Ole M\u00f8ller Markussen,<\/strong> Project Manager AIDS-Fondet<\/p>\n\n<\/div>\n<\/div>","protected":false},"excerpt":{"rendered":"<p>Unders\u00f8gelsen har givet os indsigt i de bev\u00e6ggrunde, der p\u00e5virker tilvalg og fravalg af kondomer i de meget intime situationer. Det giver os mulighed for at formulere v\u00e6gtige budskaber b\u00e5de i vores dialog med m\u00e5lgruppen MSM og i massekommunikation. Unders\u00f8gelsens kvantitative del har desuden vist, at den lette adgang til gratis kondomer er en vigtig &#8230; <\/p>\n<p class=\"read-more-container\"><a title=\"AIDS Fund\" class=\"read-more button\" href=\"https:\/\/analysedanmark.dk\/en\/cases\/aids-fondet\/#more-43847\" aria-label=\"Read more about Aids-fondet\">Read more<\/a><\/p>","protected":false},"author":4,"featured_media":0,"parent":24,"menu_order":0,"comment_status":"closed","ping_status":"closed","template":"","meta":{"_acf_changed":false,"footnotes":""},"class_list":["post-43847","page","type-page","status-publish"],"acf":[],"_links":{"self":[{"href":"https:\/\/analysedanmark.dk\/en\/wp-json\/wp\/v2\/pages\/43847","targetHints":{"allow":["GET"]}}],"collection":[{"href":"https:\/\/analysedanmark.dk\/en\/wp-json\/wp\/v2\/pages"}],"about":[{"href":"https:\/\/analysedanmark.dk\/en\/wp-json\/wp\/v2\/types\/page"}],"author":[{"embeddable":true,"href":"https:\/\/analysedanmark.dk\/en\/wp-json\/wp\/v2\/users\/4"}],"replies":[{"embeddable":true,"href":"https:\/\/analysedanmark.dk\/en\/wp-json\/wp\/v2\/comments?post=43847"}],"version-history":[{"count":5,"href":"https:\/\/analysedanmark.dk\/en\/wp-json\/wp\/v2\/pages\/43847\/revisions"}],"predecessor-version":[{"id":234902,"href":"https:\/\/analysedanmark.dk\/en\/wp-json\/wp\/v2\/pages\/43847\/revisions\/234902"}],"up":[{"embeddable":true,"href":"https:\/\/analysedanmark.dk\/en\/wp-json\/wp\/v2\/pages\/24"}],"wp:attachment":[{"href":"https:\/\/analysedanmark.dk\/en\/wp-json\/wp\/v2\/media?parent=43847"}],"curies":[{"name":"wp","href":"https:\/\/api.w.org\/{rel}","templated":true}]}}