{"id":30249,"date":"2023-08-24T20:15:00","date_gmt":"2023-08-24T20:15:00","guid":{"rendered":"https:\/\/gpsites.co\/affinity\/?page_id=30249"},"modified":"2026-03-25T14:40:23","modified_gmt":"2026-03-25T13:40:23","slug":"privacy-policy","status":"publish","type":"page","link":"https:\/\/analysedanmark.dk\/en\/persondatapolitik\/","title":{"rendered":"Privacy Policy"},"content":{"rendered":"<div class=\"gb-container gb-container-00dad267 gbp-section\">\n<div class=\"gb-container gb-container-7c095171 gb-container-e12be6ba gbp-section__inner\">\n\n<p>In our privacy policy you can read about how we collect and process your personal data when you participate in our surveys, sign up for our newsletter or submit an enquiry via a form on the website.<\/p>\n\n\n\n<h3 class=\"wp-block-heading\"><strong>Data controller<\/strong><\/h3>\n\n\n\n<p>Analyse Danmark ApS is the data controller for the processing of your personal data.<\/p>\n\n\n\n<p>Analyse Danmark ApS<br>Vesterbrogade 124 B, 4th left.<br>1620 Copenhagen V<br>Phone: 43331020<br>CVR: 3740 8174<br><\/p>\n\n\n\n<h3 class=\"wp-block-heading\"><strong>Processing of personal data when you participate in our surveys, have questions about existing surveys, or e.g. send an enquiry via sent link, by phone, in person (e.g. personal interview or as a focus group participant), by post, email or on the website<\/strong><\/h3>\n\n\n\n<p>When you participate in our surveys or send an enquiry via the website, you may be asked to provide your name, e-mail address, telephone number and other information that is relevant for participation in the survey or for us to respond to your enquiry. All information will be treated confidentially and anonymously to both our customers and third parties. Your contact information will not be disclosed to third parties without your consent unless we are required to do so by law. We do not use the information for spam or other commercial mailings. In some cases, we outsource the processing of your personal data to our suppliers. This is the case, for example, when we use GoGift, Send a Thought or others as suppliers of gift vouchers and here only e-mail addresses so that the gift voucher can be sent to you electronically.<\/p>\n\n\n\n<p>As a rule, we store personal data for up to 2 years, after which we delete it. The reason why we don't always delete it right after a survey is completed is for quality control purposes and if there is a need to repeat the survey among the same target group, e.g. to measure history within a specific topic or invite for more in-depth interviews. In surveys where we need to subsequently contact you again, you will be made aware of this.<\/p>\n\n\n\n<p>You may receive a survey from us without having expressed your interest in participating in a survey. This could be in connection with a survey where our customer has collected publicly available contact information such as emails from websites or you are a member of an association where the association is the data controller. This is perfectly legal and you are of course free to decide whether you want to participate in the survey. Read more about the marketing law and the spam ban here<\/p>\n\n\n\n<p><a href=\"https:\/\/www.forbrugerombudsmanden.dk\/hvad-gaelder\/ofte-stillede-spoergsmaal\/spam\" rel=\"nofollow noopener\" target=\"_blank\">https:\/\/www.forbrugerombudsmanden.dk\/hvad-gaelder\/ofte-stillede-spoergsmaal\/spam<\/a><\/p>\n\n\n\n<p>Employees at Analyse Danmark are subject to a confidentiality agreement that covers both internal company-specific matters, information about our customers and their products\/services and respondents in our surveys.<\/p>\n\n\n\n<h3 class=\"wp-block-heading\"><strong>Processing of personal data when you sign up for our newsletter<\/strong><\/h3>\n\n\n\n<p>When you sign up for our newsletter, we register your name and email address in order to send you our newsletters.&nbsp;<\/p>\n\n\n\n<p>We process the aforementioned data on the basis of the consent you give when you sign up for our newsletters. You can always withdraw your consent by writing an email to or unsubscribe directly by clicking on the link in one of the newsletters we send you. We generally do not disclose your personal data to third parties without your consent, unless we are required to do so by law. We generally process the personal data until you withdraw your consent to receive our newsletters.<\/p>\n\n\n\n<h3 class=\"wp-block-heading\"><strong>Your rights<\/strong><\/h3>\n\n\n\n<p>You can always request insight into what personal data we process about you.<\/p>\n\n\n\n<p>You can also object to our processing of your personal data, including, for example, asking us to correct, delete, limit, transfer or stop processing.<\/p>\n\n\n\n<p><strong>For all such enquiries, you can simply contact us via the contact details provided below.&nbsp;<\/strong><\/p>\n\n\n\n<p>If you have any questions or comments about the processing of your personal data, you are always welcome to contact us here:<\/p>\n\n\n\n<p>Analyse Danmark ApS<br>Vesterbrogade 124 B, 4th left.&nbsp;<br>1620 Copenhagen V<br>Phone: 43331020<br>Mail:&nbsp;<a href=\"mailto:info@analysedanmark.dk\">info@analysedanmark.dk<\/a><\/p>\n\n\n\n<p>If you wish to lodge a complaint about our processing of your personal data, you can do so to:&nbsp;<\/p>\n\n\n\n<p>Data Protection Authority<br>Borgergade 28, 5<br>1300 Copenhagen K, Denmark&nbsp;<br>Phone: 33 19 32 00<br>&nbsp;<\/p>\n\n\n\n<p>See also&nbsp;<a href=\"https:\/\/www.datatilsynet.dk\/om-datatilsynet\/kontakt\/\" rel=\"nofollow noopener\" target=\"_blank\">https:\/\/www.datatilsynet.dk\/om-datatilsynet\/kontakt\/<\/a><\/p>\n\n<\/div>\n<\/div>","protected":false},"excerpt":{"rendered":"<p>I vores&nbsp;persondatapolitik kan du l\u00e6se om, hvordan vi indsamler og behandler dine persondata, n\u00e5r du deltager i vores unders\u00f8gelser, tilmelder dig vores nyhedsbrev eller sender en foresp\u00f8rgsel via formular p\u00e5 hjemmesiden. Dataansvarlig Analyse Danmark ApS er dataansvarlig for behandling af dine personoplysninger. Analyse Danmark ApSVesterbrogade 124 B, 4. t.v.1620 K\u00f8benhavn VTelefon: 43331020CVR: 3740 8174 Behandling &#8230; <\/p>\n<p class=\"read-more-container\"><a title=\"Privacy Policy\" class=\"read-more button\" href=\"https:\/\/analysedanmark.dk\/en\/persondatapolitik\/#more-30249\" aria-label=\"Read more about Persondatapolitik\">Read more<\/a><\/p>","protected":false},"author":1,"featured_media":0,"parent":0,"menu_order":0,"comment_status":"closed","ping_status":"closed","template":"","meta":{"_acf_changed":false,"footnotes":""},"class_list":["post-30249","page","type-page","status-publish"],"acf":[],"_links":{"self":[{"href":"https:\/\/analysedanmark.dk\/en\/wp-json\/wp\/v2\/pages\/30249","targetHints":{"allow":["GET"]}}],"collection":[{"href":"https:\/\/analysedanmark.dk\/en\/wp-json\/wp\/v2\/pages"}],"about":[{"href":"https:\/\/analysedanmark.dk\/en\/wp-json\/wp\/v2\/types\/page"}],"author":[{"embeddable":true,"href":"https:\/\/analysedanmark.dk\/en\/wp-json\/wp\/v2\/users\/1"}],"replies":[{"embeddable":true,"href":"https:\/\/analysedanmark.dk\/en\/wp-json\/wp\/v2\/comments?post=30249"}],"version-history":[{"count":7,"href":"https:\/\/analysedanmark.dk\/en\/wp-json\/wp\/v2\/pages\/30249\/revisions"}],"predecessor-version":[{"id":235028,"href":"https:\/\/analysedanmark.dk\/en\/wp-json\/wp\/v2\/pages\/30249\/revisions\/235028"}],"wp:attachment":[{"href":"https:\/\/analysedanmark.dk\/en\/wp-json\/wp\/v2\/media?parent=30249"}],"curies":[{"name":"wp","href":"https:\/\/api.w.org\/{rel}","templated":true}]}}