{"id":190806,"date":"2025-02-01T16:39:46","date_gmt":"2025-02-01T15:39:46","guid":{"rendered":"https:\/\/analysedanmark.stage.heyrobot.com\/?page_id=190806"},"modified":"2025-05-01T13:05:32","modified_gmt":"2025-05-01T11:05:32","slug":"nyhedsbreve","status":"publish","type":"page","link":"https:\/\/analysedanmark.dk\/en\/nyheder\/nyhedsbreve\/","title":{"rendered":"Newsletters"},"content":{"rendered":"<div class=\"gb-container gb-container-7853d711 gbp-section\">\n<div class=\"gb-container gb-container-e1e22289 gbp-section__inner\">\n<div class=\"gb-container gb-container-6bd182c5 gbp--margin-after\">\n\n<p class=\"gb-headline gb-headline-675b16aa gb-headline-text gbp-section__tagline\">Analyse Danmarks nyhedsbreve<\/p>\n\n\n\n<h1 class=\"wp-block-heading\">Newsletters<\/h1>\n\n\n\n<div class=\"gb-grid-wrapper gb-grid-wrapper-f36e853f gb-query-loop-wrapper\">\n<div class=\"gb-grid-column gb-grid-column-ed17f760 gb-query-loop-item post-124237 post type-post status-publish format-standard hentry category-nyhedsbreve\"><div class=\"gb-container gb-container-ed17f760\">\n\n\n<h2 class=\"gb-headline gb-headline-894dfa0a gb-headline-text\"><a href=\"https:\/\/analysedanmark.dk\/en\/nyhedsbrev-marts-2021\/\">Newsletter March 2021<\/a><\/h2>\n\n<p class=\"gb-headline gb-headline-07abcd1c gb-headline-text\"><time class=\"entry-date published\" datetime=\"2021-03-18T08:09:54+01:00\">18. March 2021<\/time><\/p>\n\n<div class=\"gb-headline gb-headline-c5d08e04 gb-headline-text\">K\u00e6re l\u00e6ser Vi h\u00e5ber, I er kommet helskindede igennem det seneste \u00e5r, som un\u00e6gtelig har v\u00e6ret et specielt og omv\u00e6ltende \u00e5r p\u00e5 mange planer. Vi gl\u00e6der os over de mange &#8230; <p class=\"read-more-container\"><a title=\"Newsletter March 2021\" class=\"read-more button\" href=\"https:\/\/analysedanmark.dk\/en\/nyhedsbrev-marts-2021\/#more-124237\" aria-label=\"Read more about Nyhedsbrev marts 2021\">Read more<\/a><\/p><\/div>\n<\/div><\/div>\n\n<div class=\"gb-grid-column gb-grid-column-ed17f760 gb-query-loop-item post-25682 post type-post status-publish format-standard hentry category-nyhedsbreve\"><div class=\"gb-container gb-container-ed17f760\">\n\n\n<h2 class=\"gb-headline gb-headline-894dfa0a gb-headline-text\"><a href=\"https:\/\/analysedanmark.dk\/en\/nyhedsbrev-december-2019\/\">Nyhedsbrev december 2019<\/a><\/h2>\n\n<p class=\"gb-headline gb-headline-07abcd1c gb-headline-text\"><time class=\"entry-date published\" datetime=\"2019-12-17T13:35:16+01:00\">17. December 2019<\/time><\/p>\n\n<div class=\"gb-headline gb-headline-c5d08e04 gb-headline-text\">God jul K\u00e6re l\u00e6ser S\u00e5 blev det december, og \u00e5ret g\u00e5r p\u00e5 h\u00e6ld. Vi gl\u00e6der os til, dagene snart bliver lysere og til at tage hul p\u00e5 et nyt \u00e5rti &#8230; <p class=\"read-more-container\"><a title=\"Nyhedsbrev december 2019\" class=\"read-more button\" href=\"https:\/\/analysedanmark.dk\/en\/nyhedsbrev-december-2019\/#more-25682\" aria-label=\"Read more about Nyhedsbrev december 2019\">Read more<\/a><\/p><\/div>\n<\/div><\/div>\n\n<div class=\"gb-grid-column gb-grid-column-ed17f760 gb-query-loop-item post-3890 post type-post status-publish format-standard hentry category-nyhedsbreve\"><div class=\"gb-container gb-container-ed17f760\">\n\n\n<h2 class=\"gb-headline gb-headline-894dfa0a gb-headline-text\"><a href=\"https:\/\/analysedanmark.dk\/en\/nyhedsbrev-august-2019\/\">Newsletter August 2019<\/a><\/h2>\n\n<p class=\"gb-headline gb-headline-07abcd1c gb-headline-text\"><time class=\"entry-date published\" datetime=\"2019-08-22T09:12:51+02:00\">22 August 2019<\/time><\/p>\n\n<div class=\"gb-headline gb-headline-c5d08e04 gb-headline-text\">K\u00e6re l\u00e6ser Sommeren g\u00e5r p\u00e5 h\u00e6ld og udenfor bliver dagene kortere. Men herinde p\u00e5 kontoret bliver dagene l\u00e6ngere, n\u00e5r vi n\u00e6rmer os efter\u00e5ret, og feriestemningen har lagt sig ude hos &#8230; <p class=\"read-more-container\"><a title=\"Newsletter August 2019\" class=\"read-more button\" href=\"https:\/\/analysedanmark.dk\/en\/nyhedsbrev-august-2019\/#more-3890\" aria-label=\"Read more about Nyhedsbrev august 2019\">Read more<\/a><\/p><\/div>\n<\/div><\/div>\n\n<div class=\"gb-grid-column gb-grid-column-ed17f760 gb-query-loop-item post-3226 post type-post status-publish format-standard hentry category-nyhedsbreve\"><div class=\"gb-container gb-container-ed17f760\">\n\n\n<h2 class=\"gb-headline gb-headline-894dfa0a gb-headline-text\"><a href=\"https:\/\/analysedanmark.dk\/en\/nyhedsbrev-december-2017\/\">Newsletter December 2017<\/a><\/h2>\n\n<p class=\"gb-headline gb-headline-07abcd1c gb-headline-text\"><time class=\"entry-date published\" datetime=\"2017-12-14T15:35:39+01:00\">14 December 2017<\/time><\/p>\n\n<div class=\"gb-headline gb-headline-c5d08e04 gb-headline-text\">Nyhedsbrev december 2017 K\u00e6re l\u00e6ser Det bliver et godt nyt \u00e5r. Endnu et \u00e5r er g\u00e5et i det lille analyseinstitut og det er jo en god lejlighed til b\u00e5de at &#8230; <p class=\"read-more-container\"><a title=\"Newsletter December 2017\" class=\"read-more button\" href=\"https:\/\/analysedanmark.dk\/en\/nyhedsbrev-december-2017\/#more-3226\" aria-label=\"Read more about Nyhedsbrev december 2017\">Read more<\/a><\/p><\/div>\n<\/div><\/div>\n\n<div class=\"gb-grid-column gb-grid-column-ed17f760 gb-query-loop-item post-1175 post type-post status-publish format-standard hentry category-nyhedsbreve\"><div class=\"gb-container gb-container-ed17f760\">\n\n\n<h2 class=\"gb-headline gb-headline-894dfa0a gb-headline-text\"><a href=\"https:\/\/analysedanmark.dk\/en\/nyhedsbrev-september-2015\/\">Nyhedsbrev september 2015<\/a><\/h2>\n\n<p class=\"gb-headline gb-headline-07abcd1c gb-headline-text\"><time class=\"entry-date published\" datetime=\"2015-09-09T17:42:47+02:00\">9. September 2015<\/time><\/p>\n\n<div class=\"gb-headline gb-headline-c5d08e04 gb-headline-text\">K\u00e6re l\u00e6ser Hos Analyse Danmark er \u00e5rets gr\u00e5 sommer en solstr\u00e5lehistorie. Vi m\u00e6rker de positive str\u00f8mninger, og vores kunder har behov for sp\u00e6ndende analyser. Folketingsvalget gav som altid behov for &#8230; <p class=\"read-more-container\"><a title=\"Nyhedsbrev september 2015\" class=\"read-more button\" href=\"https:\/\/analysedanmark.dk\/en\/nyhedsbrev-september-2015\/#more-1175\" aria-label=\"Read more about Nyhedsbrev september 2015\">Read more<\/a><\/p><\/div>\n<\/div><\/div>\n\n<div class=\"gb-grid-column gb-grid-column-ed17f760 gb-query-loop-item post-662 post type-post status-publish format-standard hentry category-nyhedsbreve\"><div class=\"gb-container gb-container-ed17f760\">\n\n\n<h2 class=\"gb-headline gb-headline-894dfa0a gb-headline-text\"><a href=\"https:\/\/analysedanmark.dk\/en\/sitetesten-til-offentlige-hjemmesider-gaar-i-luften\/\">SiteTesten til offentlige hjemmesider g\u00e5r i luften<\/a><\/h2>\n\n<p class=\"gb-headline gb-headline-07abcd1c gb-headline-text\"><time class=\"entry-date published\" datetime=\"2015-04-26T21:05:59+02:00\">26. April 2015<\/time><\/p>\n\n<div class=\"gb-headline gb-headline-c5d08e04 gb-headline-text\">I l\u00f8bet af efter\u00e5ret gennemf\u00f8res brugerunders\u00f8gelsen SiteTesten for f\u00f8rste gang af Analyse Danmark, som har bygget videre p\u00e5 Digitaliseringsstyrelsens Bedst P\u00e5 Nettet, som ikke l\u00e6ngere eksisterer. Unders\u00f8gelsen handler om brugernes &#8230; <p class=\"read-more-container\"><a title=\"SiteTesten til offentlige hjemmesider g\u00e5r i luften\" class=\"read-more button\" href=\"https:\/\/analysedanmark.dk\/en\/sitetesten-til-offentlige-hjemmesider-gaar-i-luften\/#more-662\" aria-label=\"Read more about SiteTesten til offentlige hjemmesider g\u00e5r i luften\">Read more<\/a><\/p><\/div>\n<\/div><\/div>\n\n<div class=\"gb-grid-column gb-grid-column-ed17f760 gb-query-loop-item post-475 post type-post status-publish format-standard hentry category-nyhedsbreve\"><div class=\"gb-container gb-container-ed17f760\">\n\n\n<h2 class=\"gb-headline gb-headline-894dfa0a gb-headline-text\"><a href=\"https:\/\/analysedanmark.dk\/en\/vil-du-se-dit-produkt-i-den-reelle-brugs-eller-koebssituation\/\">Vil du se dit produkt i den reelle brugs- eller k\u00f8bssituation?<\/a><\/h2>\n\n<p class=\"gb-headline gb-headline-07abcd1c gb-headline-text\"><time class=\"entry-date published\" datetime=\"2015-04-23T12:14:29+02:00\">23. April 2015<\/time><\/p>\n\n<div class=\"gb-headline gb-headline-c5d08e04 gb-headline-text\">Qual Mobile eller \u2019auto etnografi\u2019 giver dig muligheden til en fornuftig pris. Head of Qualitative Research Marianne H. Parastatis fort\u00e6ller om denne nye mobile kvalitative metode:<\/div>\n<\/div><\/div>\n\n<div class=\"gb-grid-column gb-grid-column-ed17f760 gb-query-loop-item post-473 post type-post status-publish format-standard hentry category-nyhedsbreve\"><div class=\"gb-container gb-container-ed17f760\">\n\n\n<h2 class=\"gb-headline gb-headline-894dfa0a gb-headline-text\"><a href=\"https:\/\/analysedanmark.dk\/en\/affald-pa-agendaen\/\">Affald p\u00e5 agendaen<\/a><\/h2>\n\n<p class=\"gb-headline gb-headline-07abcd1c gb-headline-text\"><time class=\"entry-date published\" datetime=\"2015-04-23T12:13:03+02:00\">23. April 2015<\/time><\/p>\n\n<div class=\"gb-headline gb-headline-c5d08e04 gb-headline-text\">Op til oplysningskampagnen Stop Affald gennemf\u00f8rte Analyse Danmark en unders\u00f8gelse af danskernes affaldsvaner og madspild. Den viser, at genanvendeligt affald ofte havner i skraldespanden, og at de fleste potentielt kan &#8230; <p class=\"read-more-container\"><a title=\"Affald p\u00e5 agendaen\" class=\"read-more button\" href=\"https:\/\/analysedanmark.dk\/en\/affald-pa-agendaen\/#more-473\" aria-label=\"Read more about Affald p\u00e5 agendaen\">Read more<\/a><\/p><\/div>\n<\/div><\/div>\n\n<div class=\"gb-grid-column gb-grid-column-ed17f760 gb-query-loop-item post-471 post type-post status-publish format-standard hentry category-nyhedsbreve\"><div class=\"gb-container gb-container-ed17f760\">\n\n\n<h2 class=\"gb-headline gb-headline-894dfa0a gb-headline-text\"><a href=\"https:\/\/analysedanmark.dk\/en\/crowd-sourcing-og-gamification-i-et\/\">Crowd sourcing og gamification i \u00e9t<\/a><\/h2>\n\n<p class=\"gb-headline gb-headline-07abcd1c gb-headline-text\"><time class=\"entry-date published\" datetime=\"2015-04-23T12:11:54+02:00\">23. April 2015<\/time><\/p>\n\n<div class=\"gb-headline gb-headline-c5d08e04 gb-headline-text\">Hvordan f\u00e5r du kunder, medlemmer, eksperter eller andre interessenter til at bidrage til jeres id\u00e9udvikling? Analyse Danmark har afpr\u00f8vet en ny Facebook-applikation, der via en simpel spil-tilgang kan h\u00f8ste v\u00e6rdifuld &#8230; <p class=\"read-more-container\"><a title=\"Crowd sourcing og gamification i \u00e9t\" class=\"read-more button\" href=\"https:\/\/analysedanmark.dk\/en\/crowd-sourcing-og-gamification-i-et\/#more-471\" aria-label=\"Read more about Crowd sourcing og gamification i \u00e9t\">Read more<\/a><\/p><\/div>\n<\/div><\/div>\n\n<div class=\"gb-grid-column gb-grid-column-ed17f760 gb-query-loop-item post-467 post type-post status-publish format-standard hentry category-nyhedsbreve\"><div class=\"gb-container gb-container-ed17f760\">\n\n\n<h2 class=\"gb-headline gb-headline-894dfa0a gb-headline-text\"><a href=\"https:\/\/analysedanmark.dk\/en\/fire-ud-af-ti-maler-ikke-effekten-af-csr\/\">Fire ud af ti m\u00e5ler ikke effekten af CSR<\/a><\/h2>\n\n<p class=\"gb-headline gb-headline-07abcd1c gb-headline-text\"><time class=\"entry-date published\" datetime=\"2015-04-23T12:07:33+02:00\">23. April 2015<\/time><\/p>\n\n<div class=\"gb-headline gb-headline-c5d08e04 gb-headline-text\">Danske virksomheder stiller krav til deres egen indsats inden for Corporate Social Responsibility (CSR). Men en unders\u00f8gelse foretaget af Analyse Danmark viser, at ansvaret for indsatsen sj\u00e6ldent ligger i direktionen, &#8230; <p class=\"read-more-container\"><a title=\"Fire ud af ti m\u00e5ler ikke effekten af CSR\" class=\"read-more button\" href=\"https:\/\/analysedanmark.dk\/en\/fire-ud-af-ti-maler-ikke-effekten-af-csr\/#more-467\" aria-label=\"Read more about Fire ud af ti m\u00e5ler ikke effekten af CSR\">Read more<\/a><\/p><\/div>\n<\/div><\/div>\n\n<div class=\"gb-grid-column gb-grid-column-ed17f760 gb-query-loop-item post-465 post type-post status-publish format-standard hentry category-nyhedsbreve\"><div class=\"gb-container gb-container-ed17f760\">\n\n\n<h2 class=\"gb-headline gb-headline-894dfa0a gb-headline-text\"><a href=\"https:\/\/analysedanmark.dk\/en\/facebook-en-fordel-for-jeres-forretning\/\">Facebook: En fordel for jeres forretning?<\/a><\/h2>\n\n<p class=\"gb-headline gb-headline-07abcd1c gb-headline-text\"><time class=\"entry-date published\" datetime=\"2015-04-23T12:06:27+02:00\">23. April 2015<\/time><\/p>\n\n<div class=\"gb-headline gb-headline-c5d08e04 gb-headline-text\">Mange virksomheder og organisationer har taget turen ud i Facebook-universet i h\u00e6lene p\u00e5 deres kunder. Det er dog langt fra alle, der har analyseret, hvorfor og hvordan forretningen kan have &#8230; <p class=\"read-more-container\"><a title=\"Facebook: En fordel for jeres forretning?\" class=\"read-more button\" href=\"https:\/\/analysedanmark.dk\/en\/facebook-en-fordel-for-jeres-forretning\/#more-465\" aria-label=\"Read more about Facebook: En fordel for jeres forretning?\">Read more<\/a><\/p><\/div>\n<\/div><\/div>\n\n<div class=\"gb-grid-column gb-grid-column-ed17f760 gb-query-loop-item post-461 post type-post status-publish format-standard hentry category-nyhedsbreve\"><div class=\"gb-container gb-container-ed17f760\">\n\n\n<h2 class=\"gb-headline gb-headline-894dfa0a gb-headline-text\"><a href=\"https:\/\/analysedanmark.dk\/en\/nye-ansigter-hos-analyse-danmark\/\">Nye ansigter hos Analyse Danmark<\/a><\/h2>\n\n<p class=\"gb-headline gb-headline-07abcd1c gb-headline-text\"><time class=\"entry-date published\" datetime=\"2015-04-23T12:02:31+02:00\">23. April 2015<\/time><\/p>\n\n<div class=\"gb-headline gb-headline-c5d08e04 gb-headline-text\">1. september b\u00f8d vi velkommen til tre nye kolleger. Merethe Kring er ansat som Research Team Manager, og bag sig har hun over 15 \u00e5r i analysebranchen \u2013 de seneste &#8230; <p class=\"read-more-container\"><a title=\"Nye ansigter hos Analyse Danmark\" class=\"read-more button\" href=\"https:\/\/analysedanmark.dk\/en\/nye-ansigter-hos-analyse-danmark\/#more-461\" aria-label=\"Read more about Nye ansigter hos Analyse Danmark\">Read more<\/a><\/p><\/div>\n<\/div><\/div>\n\n<div class=\"gb-grid-column gb-grid-column-ed17f760 gb-query-loop-item post-458 post type-post status-publish format-standard hentry category-nyhedsbreve\"><div class=\"gb-container gb-container-ed17f760\">\n\n\n<h2 class=\"gb-headline gb-headline-894dfa0a gb-headline-text\"><a href=\"https:\/\/analysedanmark.dk\/en\/fire-fif-til-den-gode-goer-det-selv-undersoegelse\/\">Fire fif til den gode g\u00f8r-det-selv-unders\u00f8gelse<\/a><\/h2>\n\n<p class=\"gb-headline gb-headline-07abcd1c gb-headline-text\"><time class=\"entry-date published\" datetime=\"2015-04-23T11:58:29+02:00\">23. April 2015<\/time><\/p>\n\n<div class=\"gb-headline gb-headline-c5d08e04 gb-headline-text\">Et stort antal deltagere er ingen garanti for, at en unders\u00f8gelse er pr\u00e6cis. Og sp\u00f8rgsm\u00e5lenes ordlyd kan v\u00e6re afg\u00f8rende for, om dine resultater holder vand \u2013 og hvad du kan &#8230; <p class=\"read-more-container\"><a title=\"Fire fif til den gode g\u00f8r-det-selv-unders\u00f8gelse\" class=\"read-more button\" href=\"https:\/\/analysedanmark.dk\/en\/fire-fif-til-den-gode-goer-det-selv-undersoegelse\/#more-458\" aria-label=\"Read more about Fire fif til den gode g\u00f8r-det-selv-unders\u00f8gelse\">Read more<\/a><\/p><\/div>\n<\/div><\/div>\n\n<div class=\"gb-grid-column gb-grid-column-ed17f760 gb-query-loop-item post-453 post type-post status-publish format-standard hentry category-nyhedsbreve\"><div class=\"gb-container gb-container-ed17f760\">\n\n\n<h2 class=\"gb-headline gb-headline-894dfa0a gb-headline-text\"><a href=\"https:\/\/analysedanmark.dk\/en\/det-virtuelle-sygehus-skal-vaere-nemmere-at-besoege\/\">Det virtuelle sygehus skal v\u00e6re nemmere at bes\u00f8ge<\/a><\/h2>\n\n<p class=\"gb-headline gb-headline-07abcd1c gb-headline-text\"><time class=\"entry-date published\" datetime=\"2015-04-23T11:50:10+02:00\">23. April 2015<\/time><\/p>\n\n<div class=\"gb-headline gb-headline-c5d08e04 gb-headline-text\">Analyse Danmark har gennemf\u00f8rt en st\u00f8rre segmenteringsunders\u00f8gelse af den offentlige portal sundhed.dk. Resultatet af analysen, der kombinerer kvalitative og kvantitative metoder, skal bruges til at skr\u00e6ddersy sitet, s\u00e5 bes\u00f8gende finder &#8230; <p class=\"read-more-container\"><a title=\"Det virtuelle sygehus skal v\u00e6re nemmere at bes\u00f8ge\" class=\"read-more button\" href=\"https:\/\/analysedanmark.dk\/en\/det-virtuelle-sygehus-skal-vaere-nemmere-at-besoege\/#more-453\" aria-label=\"Read more about Det virtuelle sygehus skal v\u00e6re nemmere at bes\u00f8ge\">Read more<\/a><\/p><\/div>\n<\/div><\/div>\n\n<div class=\"gb-grid-column gb-grid-column-ed17f760 gb-query-loop-item post-436 post type-post status-publish format-standard hentry category-nyhedsbreve\"><div class=\"gb-container gb-container-ed17f760\">\n\n\n<h2 class=\"gb-headline gb-headline-894dfa0a gb-headline-text\"><a href=\"https:\/\/analysedanmark.dk\/en\/laeserundersoegelser-skal-styrke-substansen\/\">L\u00e6serunders\u00f8gelser skal styrke substansen<\/a><\/h2>\n\n<p class=\"gb-headline gb-headline-07abcd1c gb-headline-text\"><time class=\"entry-date published\" datetime=\"2015-04-23T11:31:37+02:00\">23. April 2015<\/time><\/p>\n\n<div class=\"gb-headline gb-headline-c5d08e04 gb-headline-text\">F\u00f8devareforbundet NNF\u2019s medlemsmagasin, Substans, vil fremover blive m\u00e5lt og vejet af l\u00e6serne efter hver eneste udgivelse. Samtidig skal forudg\u00e5ende unders\u00f8gelser kortl\u00e6gge, hvilken erfaring l\u00e6serne har med det faglige tema, som &#8230; <p class=\"read-more-container\"><a title=\"L\u00e6serunders\u00f8gelser skal styrke substansen\" class=\"read-more button\" href=\"https:\/\/analysedanmark.dk\/en\/laeserundersoegelser-skal-styrke-substansen\/#more-436\" aria-label=\"Read more about L\u00e6serunders\u00f8gelser skal styrke substansen\">Read more<\/a><\/p><\/div>\n<\/div><\/div>\n\n<div class=\"gb-grid-column gb-grid-column-ed17f760 gb-query-loop-item post-422 post type-post status-publish format-standard hentry category-nyhedsbreve\"><div class=\"gb-container gb-container-ed17f760\">\n\n\n<h2 class=\"gb-headline gb-headline-894dfa0a gb-headline-text\"><a href=\"https:\/\/analysedanmark.dk\/en\/nyt-kontor-i-malmoe-styrker-dansksvensk-samarbejde\/\">Nyt kontor i Malm\u00f8 styrker dansk\/svensk samarbejde<\/a><\/h2>\n\n<p class=\"gb-headline gb-headline-07abcd1c gb-headline-text\"><time class=\"entry-date published\" datetime=\"2015-04-23T11:19:06+02:00\">23. April 2015<\/time><\/p>\n\n<div class=\"gb-headline gb-headline-c5d08e04 gb-headline-text\">Novus, som er Analyse Danmarks svenske partner i Nordic Research Alliance, har \u00e5bnet kontor i Malm\u00f8. Det gavner de af vores kunder, som har behov for analyser og research i &#8230; <p class=\"read-more-container\"><a title=\"Nyt kontor i Malm\u00f8 styrker dansk\/svensk samarbejde\" class=\"read-more button\" href=\"https:\/\/analysedanmark.dk\/en\/nyt-kontor-i-malmoe-styrker-dansksvensk-samarbejde\/#more-422\" aria-label=\"Read more about Nyt kontor i Malm\u00f8 styrker dansk\/svensk samarbejde\">Read more<\/a><\/p><\/div>\n<\/div><\/div>\n\n<div class=\"gb-grid-column gb-grid-column-ed17f760 gb-query-loop-item post-418 post type-post status-publish format-standard hentry category-nyhedsbreve\"><div class=\"gb-container gb-container-ed17f760\">\n\n\n<h2 class=\"gb-headline gb-headline-894dfa0a gb-headline-text\"><a href=\"https:\/\/analysedanmark.dk\/en\/ny-viden-satte-sikkerhed-paa-dagsordenen\/\">Ny viden satte sikkerhed p\u00e5 dagsordenen<\/a><\/h2>\n\n<p class=\"gb-headline gb-headline-07abcd1c gb-headline-text\"><time class=\"entry-date published\" datetime=\"2015-04-23T11:14:22+02:00\">23. April 2015<\/time><\/p>\n\n<div class=\"gb-headline gb-headline-c5d08e04 gb-headline-text\">Virksomheden ABUS har fingeren p\u00e5 pulsen, n\u00e5r det g\u00e6lder cykeltilbeh\u00f8r, l\u00e5se, alarmer og videooverv\u00e5gning. Med hj\u00e6lp fra Analyse Danmark og PR-bureauet Publico gennemf\u00f8rte ABUS tidligere p\u00e5 \u00e5ret en befolkningsunders\u00f8gelse blandt &#8230; <p class=\"read-more-container\"><a title=\"Ny viden satte sikkerhed p\u00e5 dagsordenen\" class=\"read-more button\" href=\"https:\/\/analysedanmark.dk\/en\/ny-viden-satte-sikkerhed-paa-dagsordenen\/#more-418\" aria-label=\"Read more about Ny viden satte sikkerhed p\u00e5 dagsordenen\">Read more<\/a><\/p><\/div>\n<\/div><\/div>\n\n<div class=\"gb-grid-column gb-grid-column-ed17f760 gb-query-loop-item post-410 post type-post status-publish format-standard hentry category-nyhedsbreve\"><div class=\"gb-container gb-container-ed17f760\">\n\n\n<h2 class=\"gb-headline gb-headline-894dfa0a gb-headline-text\"><a href=\"https:\/\/analysedanmark.dk\/en\/spoerger-du-hvad-dine-kunder-synes\/\">Sp\u00f8rger du, hvad dine kunder synes?<\/a><\/h2>\n\n<p class=\"gb-headline gb-headline-07abcd1c gb-headline-text\"><time class=\"entry-date published\" datetime=\"2015-04-23T11:05:18+02:00\">23. April 2015<\/time><\/p>\n\n<div class=\"gb-headline gb-headline-c5d08e04 gb-headline-text\">Mere end fire ud af ti bankkunder har taget bankernes mobil-apps til sig. Loyaliteten over for egen bank er dog faldende, og hver fjerde overvejer at skifte til en anden. &#8230; <p class=\"read-more-container\"><a title=\"Sp\u00f8rger du, hvad dine kunder synes?\" class=\"read-more button\" href=\"https:\/\/analysedanmark.dk\/en\/spoerger-du-hvad-dine-kunder-synes\/#more-410\" aria-label=\"Read more about Sp\u00f8rger du, hvad dine kunder synes?\">Read more<\/a><\/p><\/div>\n<\/div><\/div>\n\n<div class=\"gb-grid-column gb-grid-column-ed17f760 gb-query-loop-item post-252 post type-post status-publish format-standard hentry category-nyhedsbreve\"><div class=\"gb-container gb-container-ed17f760\">\n\n\n<h2 class=\"gb-headline gb-headline-894dfa0a gb-headline-text\"><a href=\"https:\/\/analysedanmark.dk\/en\/aeldre-nyhedsbreve\/\">\u00c6ldre nyhedsbreve<\/a><\/h2>\n\n<p class=\"gb-headline gb-headline-07abcd1c gb-headline-text\"><time class=\"entry-date published\" datetime=\"2015-04-21T21:23:21+02:00\">21 April 2015<\/time><\/p>\n\n<div class=\"gb-headline gb-headline-c5d08e04 gb-headline-text\">Januar 2013 Qual Mobile Vi har i efter\u00e5ret afpr\u00f8vet vores nye mobile, kvalitative unders\u00f8gelsesmetode Qual Mobile. Den l\u00e6nge ventede app er et supplement til vores g\u00e6ngse Bulletin Board unders\u00f8gelser. Qual &#8230; <p class=\"read-more-container\"><a title=\"\u00c6ldre nyhedsbreve\" class=\"read-more button\" href=\"https:\/\/analysedanmark.dk\/en\/aeldre-nyhedsbreve\/#more-252\" aria-label=\"Read more about \u00c6ldre nyhedsbreve\">Read more<\/a><\/p><\/div>\n<\/div><\/div>\n\n<div class=\"gb-grid-column gb-grid-column-ed17f760 gb-query-loop-item post-250 post type-post status-publish format-standard hentry category-nyhedsbreve\"><div class=\"gb-container gb-container-ed17f760\">\n\n\n<h2 class=\"gb-headline gb-headline-894dfa0a gb-headline-text\"><a href=\"https:\/\/analysedanmark.dk\/en\/nyhedsbrev-maj-2013\/\">Nyhedsbrev maj 2013<\/a><\/h2>\n\n<p class=\"gb-headline gb-headline-07abcd1c gb-headline-text\"><time class=\"entry-date published\" datetime=\"2015-04-21T21:22:49+02:00\">21 April 2015<\/time><\/p>\n\n<div class=\"gb-headline gb-headline-c5d08e04 gb-headline-text\">K\u00e6re l\u00e6ser Fremover vil du her i nyhedsbrevet kunne l\u00e6se endnu flere sp\u00e6ndende artikler, som du kan bruge i dit professionelle liv. Denne gang s\u00e6tter vi blandt andet fokus p\u00e5 &#8230; <p class=\"read-more-container\"><a title=\"Nyhedsbrev maj 2013\" class=\"read-more button\" href=\"https:\/\/analysedanmark.dk\/en\/nyhedsbrev-maj-2013\/#more-250\" aria-label=\"Read more about Nyhedsbrev maj 2013\">Read more<\/a><\/p><\/div>\n<\/div><\/div>\n<\/div>\n\n<\/div>\n<\/div>\n<\/div>","protected":false},"excerpt":{"rendered":"<p>Analyse Danmarks nyhedsbreve Nyhedsbreve<\/p>","protected":false},"author":1,"featured_media":0,"parent":44109,"menu_order":0,"comment_status":"closed","ping_status":"closed","template":"","meta":{"_acf_changed":false,"footnotes":""},"class_list":["post-190806","page","type-page","status-publish"],"acf":[],"_links":{"self":[{"href":"https:\/\/analysedanmark.dk\/en\/wp-json\/wp\/v2\/pages\/190806","targetHints":{"allow":["GET"]}}],"collection":[{"href":"https:\/\/analysedanmark.dk\/en\/wp-json\/wp\/v2\/pages"}],"about":[{"href":"https:\/\/analysedanmark.dk\/en\/wp-json\/wp\/v2\/types\/page"}],"author":[{"embeddable":true,"href":"https:\/\/analysedanmark.dk\/en\/wp-json\/wp\/v2\/users\/1"}],"replies":[{"embeddable":true,"href":"https:\/\/analysedanmark.dk\/en\/wp-json\/wp\/v2\/comments?post=190806"}],"version-history":[{"count":2,"href":"https:\/\/analysedanmark.dk\/en\/wp-json\/wp\/v2\/pages\/190806\/revisions"}],"predecessor-version":[{"id":190809,"href":"https:\/\/analysedanmark.dk\/en\/wp-json\/wp\/v2\/pages\/190806\/revisions\/190809"}],"up":[{"embeddable":true,"href":"https:\/\/analysedanmark.dk\/en\/wp-json\/wp\/v2\/pages\/44109"}],"wp:attachment":[{"href":"https:\/\/analysedanmark.dk\/en\/wp-json\/wp\/v2\/media?parent=190806"}],"curies":[{"name":"wp","href":"https:\/\/api.w.org\/{rel}","templated":true}]}}