{"id":43889,"date":"2024-12-13T06:07:57","date_gmt":"2024-12-13T05:07:57","guid":{"rendered":"https:\/\/analysedanmark.stage.heyrobot.com\/?page_id=43889"},"modified":"2025-05-01T12:33:20","modified_gmt":"2025-05-01T10:33:20","slug":"b2b","status":"publish","type":"page","link":"https:\/\/analysedanmark.dk\/de\/b2b\/","title":{"rendered":"B2B"},"content":{"rendered":"<header class=\"gb-container gb-container-fa2dff78 gbp--border-radius\">\n<div class=\"gb-container gb-container-d2d53606 gbp-section__inner\">\n<div class=\"gb-grid-wrapper gb-grid-wrapper-781df5b1\">\n<div class=\"gb-grid-column gb-grid-column-63aab36c\"><div class=\"gb-container gb-container-63aab36c\">\n\n<figure class=\"gb-block-image gb-block-image-e61ea73b\"><img loading=\"lazy\" decoding=\"async\" width=\"1467\" height=\"1239\" class=\"gb-image gb-image-e61ea73b\" src=\"https:\/\/analysedanmark.dk\/wp-content\/uploads\/2024\/12\/B2B_kundeorienteretDialog_AnalyseDanmark.jpg\" alt=\"\" title=\"B2B_KundenorientierterDialog_AnalyseD\u00e4nemark\" srcset=\"https:\/\/analysedanmark.dk\/wp-content\/uploads\/2024\/12\/B2B_kundeorienteretDialog_AnalyseDanmark.jpg 1467w, https:\/\/analysedanmark.dk\/wp-content\/uploads\/2024\/12\/B2B_kundeorienteretDialog_AnalyseDanmark-640x541.jpg 640w, https:\/\/analysedanmark.dk\/wp-content\/uploads\/2024\/12\/B2B_kundeorienteretDialog_AnalyseDanmark-1280x1081.jpg 1280w, https:\/\/analysedanmark.dk\/wp-content\/uploads\/2024\/12\/B2B_kundeorienteretDialog_AnalyseDanmark-768x649.jpg 768w\" sizes=\"auto, (max-width: 1467px) 100vw, 1467px\"><\/figure>\n\n\n\n<p><em>Wir nehmen unseren B2B DIALOGUE CIRCLE als Ausgangspunkt und entwerfen einen bew\u00e4hrten Prozess, der zu einer erfolgreichen kundenzentrierten Entwicklung f\u00fchren wird.<\/em><\/p>\n\n<\/div><\/div>\n\n<div class=\"gb-grid-column gb-grid-column-7de558b8\"><div class=\"gb-container gb-container-7de558b8\">\n\n<h1 class=\"gb-headline gb-headline-be302155 gb-headline-text\"><strong>B2B D<\/strong>ialogue<strong>:<\/strong>&nbsp;eine spezialisierte Abteilung in Analysis Denmark<\/h1>\n\n\n\n<p>Wir sind einige der erfahrensten Spezialisten f\u00fcr Business-to-Business-Forschung und -Analyse - unsere Kunden sind sowohl national als auch international. Wir beherrschen ein umfassendes Instrumentarium, das in \u00fcber 25 Jahren durch umfangreiche Projekte f\u00fcr mehr als 80 internationale und d\u00e4nische Unternehmen dokumentiert worden ist.<\/p>\n\n\n\n<p>Unsere Analyseberichte - quantitativ oder qualitativ - sind solide und bieten eine klare Grundlage f\u00fcr die Gestaltung und Umsetzung einer kundenorientierten Entwicklung. Wir sind leidenschaftlich und kreativ auf einer faktenbasierten Grundlage. Unsere Berichte und Ratschl\u00e4ge bieten einen besseren Einblick in das Kunden- und Marktpotenzial.<\/p>\n\n\n\n<p>Wir verf\u00fcgen \u00fcber langj\u00e4hrige Erfahrung und gut dokumentierte Ergebnisse in Forschung, Marketing und Management bei f\u00fchrenden d\u00e4nischen und internationalen Unternehmen. Zu unseren Referenzen geh\u00f6ren Dansk Industri, AS3, Lyreco Scandinavia, Pankas, Force Technology und andere. Siehe zum Beispiel B2B-Wettbewerbs- und Marktanalyse f\u00fcr Lyreco Scandinavia&nbsp;<a href=\"https:\/\/analysedanmark.dk\/de\/caseeksempel-lyreco\/\">ihr<\/a>.<\/p>\n\n<\/div><\/div>\n<\/div>\n<\/div>\n<\/header>\n\n<div class=\"gb-container gb-container-58a76ced gbp-section\">\n<div class=\"gb-container gb-container-3224c6ce gbp-section__inner\">\n<div class=\"gb-grid-wrapper gb-grid-wrapper-d7355558\">\n<div class=\"gb-grid-column gb-grid-column-516ff6c2\"><div class=\"gb-container gb-container-516ff6c2\">\n\n<p class=\"gb-headline gb-headline-b2a7a5e2 gb-headline-text gbp-section__tagline\">Die Methodik<\/p>\n\n\n\n<h2 class=\"gb-headline gb-headline-cf6f9690 gb-headline-text\"><strong><strong>Wir beherrschen sowohl quantitative als auch qualitative Methoden. Hier finden Sie eine Auswahl aus unserem Werkzeugkasten:<\/strong><\/strong><\/h2>\n\n\n\n<ul class=\"wp-block-list\">\n<li>Unsere methodische Unabh\u00e4ngigkeit gew\u00e4hrleistet, dass Sie die richtige L\u00f6sung und Beratung erhalten<\/li>\n<\/ul>\n\n\n\n<ul class=\"wp-block-list\">\n<li>Unsere internationale Erfahrung und unser Netzwerk garantieren Ihnen eine Beratung auf hohem Niveau<\/li>\n<\/ul>\n\n\n\n<ul class=\"wp-block-list\">\n<li>Sie erhalten eine L\u00f6sung, die auf Ihre Bed\u00fcrfnisse und Gesch\u00e4ftsabl\u00e4ufe zugeschnitten ist.<\/li>\n<\/ul>\n\n<\/div><\/div>\n\n<div class=\"gb-grid-column gb-grid-column-38b0cc66\"><div class=\"gb-container gb-container-38b0cc66 gbp--gradient-secondary\">\n\n<figure class=\"gb-block-image gb-block-image-90a33ced\"><img loading=\"lazy\" decoding=\"async\" width=\"716\" height=\"320\" class=\"gb-image gb-image-90a33ced\" src=\"https:\/\/analysedanmark.dk\/wp-content\/uploads\/2024\/12\/B2B_vaerktoeskasse2-AnalyseDanmark.png\" alt=\"\" title=\"B2B_vaerktoeskasse2-AnalyseD\u00e4nemark\" srcset=\"https:\/\/analysedanmark.dk\/wp-content\/uploads\/2024\/12\/B2B_vaerktoeskasse2-AnalyseDanmark.png 716w, https:\/\/analysedanmark.dk\/wp-content\/uploads\/2024\/12\/B2B_vaerktoeskasse2-AnalyseDanmark-640x286.png 640w\" sizes=\"auto, (max-width: 716px) 100vw, 716px\"><\/figure>\n\n<\/div><\/div>\n<\/div>\n<\/div>\n<\/div>","protected":false},"excerpt":{"rendered":"","protected":false},"author":4,"featured_media":0,"parent":0,"menu_order":0,"comment_status":"closed","ping_status":"closed","template":"","meta":{"_acf_changed":false,"footnotes":""},"class_list":["post-43889","page","type-page","status-publish"],"acf":[],"_links":{"self":[{"href":"https:\/\/analysedanmark.dk\/de\/wp-json\/wp\/v2\/pages\/43889","targetHints":{"allow":["GET"]}}],"collection":[{"href":"https:\/\/analysedanmark.dk\/de\/wp-json\/wp\/v2\/pages"}],"about":[{"href":"https:\/\/analysedanmark.dk\/de\/wp-json\/wp\/v2\/types\/page"}],"author":[{"embeddable":true,"href":"https:\/\/analysedanmark.dk\/de\/wp-json\/wp\/v2\/users\/4"}],"replies":[{"embeddable":true,"href":"https:\/\/analysedanmark.dk\/de\/wp-json\/wp\/v2\/comments?post=43889"}],"version-history":[{"count":5,"href":"https:\/\/analysedanmark.dk\/de\/wp-json\/wp\/v2\/pages\/43889\/revisions"}],"predecessor-version":[{"id":190854,"href":"https:\/\/analysedanmark.dk\/de\/wp-json\/wp\/v2\/pages\/43889\/revisions\/190854"}],"wp:attachment":[{"href":"https:\/\/analysedanmark.dk\/de\/wp-json\/wp\/v2\/media?parent=43889"}],"curies":[{"name":"wp","href":"https:\/\/api.w.org\/{rel}","templated":true}]}}