{"id":43847,"date":"2024-12-10T12:51:54","date_gmt":"2024-12-10T11:51:54","guid":{"rendered":"https:\/\/analysedanmark.stage.heyrobot.com\/?page_id=43847"},"modified":"2025-05-20T12:51:03","modified_gmt":"2025-05-20T10:51:03","slug":"aids-stiftung","status":"publish","type":"page","link":"https:\/\/analysedanmark.dk\/de\/cases\/aids-fondet\/","title":{"rendered":"Die Aids-Stiftung"},"content":{"rendered":"<header class=\"gb-container gb-container-fa2dff78 gbp--border-radius\">\n<div class=\"gb-container gb-container-d2d53606 gbp-section__inner\">\n<div class=\"gb-grid-wrapper gb-grid-wrapper-781df5b1\">\n<div class=\"gb-grid-column gb-grid-column-63aab36c\"><div class=\"gb-container gb-container-63aab36c\">\n\n<figure class=\"gb-block-image gb-block-image-e61ea73b\"><a href=\"https:\/\/aidsfondet.dk\/\" target=\"_blank\" rel=\"noopener noreferrer nofollow\"><img loading=\"lazy\" decoding=\"async\" width=\"500\" height=\"500\" class=\"gb-image gb-image-e61ea73b gbp--border-radius gbp--margin-after\" src=\"https:\/\/analysedanmark.dk\/wp-content\/uploads\/2024\/12\/AD-logo.png\" alt=\"Die AIDS-Stiftung\" title=\"AD-Logo\" srcset=\"https:\/\/analysedanmark.dk\/wp-content\/uploads\/2024\/12\/AD-logo.png 500w, https:\/\/analysedanmark.dk\/wp-content\/uploads\/2024\/12\/AD-logo-300x300.png 300w, https:\/\/analysedanmark.dk\/wp-content\/uploads\/2024\/12\/AD-logo-400x400.png 400w\" sizes=\"auto, (max-width: 500px) 100vw, 500px\" \/><\/a><\/figure>\n\n<\/div><\/div>\n\n<div class=\"gb-grid-column gb-grid-column-7de558b8\"><div class=\"gb-container gb-container-7de558b8\">\n\n<h1 class=\"gb-headline gb-headline-be302155 gb-headline-text\">Die AIDS-Stiftung<\/h1>\n\n\n\n<p>Motive und Hindernisse f\u00fcr die Verwendung von Kondomen bei M\u00e4nnern, die Sex mit M\u00e4nnern haben.<\/p>\n\n\n\n<h2 class=\"wp-block-heading\">Die Herausforderung<\/h2>\n\n\n\n<p><strong>Welche Rolle spielt das Kondom f\u00fcr M\u00e4nner, die Sex mit M\u00e4nnern haben (MSM)?<\/strong><br>Im September 2014 startete die AIDS-Stiftung in Zusammenarbeit mit der d\u00e4nischen Gesundheitsbeh\u00f6rde die Kampagne \u2019Nur mit Kondomen\u2019, bei der Musterpackungen mit Kondomen in verschiedenen Gr\u00f6\u00dfen an M\u00e4nner, die Sex mit M\u00e4nnern haben, verteilt wurden, um das Bewusstsein f\u00fcr die Vorteile des Kondomgebrauchs zu sch\u00e4rfen und falsche Vorstellungen \u00fcber den Kondomgebrauch auszur\u00e4umen.<\/p>\n\n\n\n<p>Die AIDS-Stiftung wandte sich an Analyse Danmark wegen eines Customer Journey-Prozesses, der die Motive und Hindernisse f\u00fcr die Kondombenutzung w\u00e4hrend des gesamten Prozesses vom ersten Kontakt bis zur Trennung aufdecken und Input liefern sollte, um die Botschaft der AIDS-Stiftung von der \u2019Wiedereinf\u00fchrung\u2019 des Kondoms u.a. zur HIV-Pr\u00e4vention f\u00fcr die Zielgruppe der MSM zu unterst\u00fctzen sowie durch den Nachrichtenwert der Schlussfolgerungen und Zahlen in Verbindung mit PR f\u00fcr Sichtbarkeit zu sorgen. mit PR.<\/p>\n\n<\/div><\/div>\n<\/div>\n<\/div>\n<\/header>\n\n<div class=\"gb-container gb-container-58a76ced gbp-section\">\n<div class=\"gb-container gb-container-3224c6ce gbp-section__inner\">\n<div class=\"gb-grid-wrapper gb-grid-wrapper-d7355558\">\n<div class=\"gb-grid-column gb-grid-column-516ff6c2\"><div class=\"gb-container gb-container-516ff6c2\">\n\n<p class=\"gb-headline gb-headline-b2a7a5e2 gb-headline-text gbp-section__tagline\">Die Methodik<\/p>\n\n\n\n<h2 class=\"gb-headline gb-headline-cf6f9690 gb-headline-text\"><strong><strong>Kombinationsstudie in drei Phasen:<\/strong><\/strong><\/h2>\n\n\n\n<ul class=\"wp-block-list\">\n<li>Ausf\u00fchrliche Interviews<\/li>\n\n\n\n<li>Online-Umfrage<\/li>\n\n\n\n<li>Schwarzes Brett<\/li>\n<\/ul>\n\n\n\n<p>Im Bereich der qualitativen Forschung bieten wir eine Reihe von unterschiedlichen Methoden an, die von sehr erfahrenen Moderatoren durchgef\u00fchrt werden. Das k\u00f6nnen zum Beispiel sein. <a href=\"https:\/\/analysedanmark.dk\/de\/methoden\/qualitative-methoden\/schwerpunktgruppen\/\" data-type=\"page\" data-id=\"43770\">Schwerpunktgruppen<\/a>, <a href=\"https:\/\/analysedanmark.dk\/de\/methoden\/qualitative-methoden\/ausfuhrliches-interview\/\" data-type=\"page\" data-id=\"43766\">ausf\u00fchrliches Interview<\/a> oder <a href=\"https:\/\/analysedanmark.dk\/de\/methoden\/qualitative-methoden\/kvalitative-onlinemetoder\/\" data-type=\"page\" data-id=\"43772\">Online-Pinnw\u00e4nde<\/a> ins Spiel kommen. Die meisten Methoden sind sowohl in der traditionellen Face-to-Face- als auch in der Online-Version verf\u00fcgbar, die eine bessere geografische Streuung bietet und weniger zeitaufw\u00e4ndig f\u00fcr die Befragten ist.<\/p>\n\n<\/div><\/div>\n\n<div class=\"gb-grid-column gb-grid-column-38b0cc66\"><div class=\"gb-container gb-container-38b0cc66 gbp--gradient-secondary\">\n\n<figure class=\"gb-block-image gb-block-image-ff825c85\"><img loading=\"lazy\" decoding=\"async\" width=\"390\" height=\"336\" class=\"gb-image gb-image-ff825c85 gbp--border-radius\" src=\"https:\/\/analysedanmark.dk\/wp-content\/uploads\/2024\/12\/figur-case.png\" alt=\"\" title=\"Figurenkoffer\"><\/figure>\n\n<\/div><\/div>\n<\/div>\n<\/div>\n<\/div>\n\n<div class=\"gb-container gb-container-7e6d0854 gbp-section\">\n<div class=\"gb-container gb-container-3ff20a45 gbp-section__inner\">\n<div class=\"gb-grid-wrapper gb-grid-wrapper-d4759108\">\n<div class=\"gb-grid-column gb-grid-column-c739950f\"><div class=\"gb-container gb-container-c739950f\">\n\n<figure class=\"wp-block-image size-full\"><img loading=\"lazy\" decoding=\"async\" width=\"973\" height=\"447\" src=\"https:\/\/analysedanmark.dk\/wp-content\/uploads\/2024\/12\/risiko.png\" alt=\"\" class=\"wp-image-44130\" srcset=\"https:\/\/analysedanmark.dk\/wp-content\/uploads\/2024\/12\/risiko.png 973w, https:\/\/analysedanmark.dk\/wp-content\/uploads\/2024\/12\/risiko-640x294.png 640w, https:\/\/analysedanmark.dk\/wp-content\/uploads\/2024\/12\/risiko-768x353.png 768w\" sizes=\"auto, (max-width: 973px) 100vw, 973px\" \/><\/figure>\n\n<\/div><\/div>\n\n<div class=\"gb-grid-column gb-grid-column-44584bd0\"><div class=\"gb-container gb-container-44584bd0\">\n\n<h2 class=\"gb-headline gb-headline-c2afdff5 gb-headline-text\">Ergebnisse<\/h2>\n\n\n\n<p><strong>Neue Erkenntnisse und Wissensbasis als Grundlage f\u00fcr den Dialog mit den Partnern der AIDS-Stiftung<\/strong><br>Der Bericht von Analysis Denmark befasst sich mit den Motiven und Hindernissen der Zielgruppe f\u00fcr die Verwendung von Kondomen, der Rolle von Kondomen, dem Sprachgebrauch von MSM im Zusammenhang mit sicherem und ungesch\u00fctztem Sex sowie mit zus\u00e4tzlichen Erkenntnissen, die in einem visuellen Format dargestellt werden. Die Studie zeigt unter anderem, dass MSM mit einer so genannten kalkulierten Risikobewertung in Bezug auf Partner und Situationen arbeiten. Partner und Situationen, wenn es um den Gebrauch\/Nichtgebrauch von Kondomen geht.<\/p>\n\n\n\n<ul class=\"wp-block-list\">\n<li><em>\u2018Vertrauen in den Partner\u2019.\u2019<\/em>&nbsp;wird von MSM als einer der Hauptgr\u00fcnde f\u00fcr die Nichtbenutzung eines Kondoms genannt, und auch der Einfluss von Alkohol und Drogen kann dazu beitragen, dass Kondome nicht immer benutzt werden. 49% der MSM, die in den letzten sechs Monaten mehr als 10 Sexualpartner hatten, benutzen kostenlose Kondome in Caf\u00e9s und Bars. Dies zeigt, dass die kostenlose Verteilung von Kondomen ein wichtiges Element der Pr\u00e4vention von HIV und anderen sexuell \u00fcbertragbaren Krankheiten in dieser Zielgruppe ist.&nbsp;<a href=\"https:\/\/www.kk.dk\/indhold\/sundheds-og-omsorgsudvalgets-modemateriale\/22102015\/edoc-agenda\/6e655e2c-626e-43c9-b5fc-33f3a143e8ea\/0ab88f6f-2250-456c-ae8e-264324432e58\" rel=\"nofollow noopener\" target=\"_blank\">Lesen Sie mehr dar\u00fcber, wie die Studie die Zuweisung der Stadt Kopenhagen ver\u00e4ndert hat.<\/a><\/li>\n<\/ul>\n\n\n\n<p>Die Studie hat unter anderem dazu beigetragen, das Wissen \u00fcber das Kondomverhalten von MSM zu erweitern, einschlie\u00dflich der Unterschiede in der Zielgruppe, z. B. in Bezug auf sexuelle Pr\u00e4ferenzen (aktiv vs. passiv), Alter usw., und insbesondere eine Wissensgrundlage f\u00fcr den Dialog der AIDS-Stiftung mit der Stadt Kopenhagen \u00fcber Subventionen f\u00fcr kostenlose Kondome in den Caf\u00e9s und Bars der Stadt zu schaffen.<\/p>\n\n<\/div><\/div>\n<\/div>\n<\/div>\n<\/div>\n\n<div class=\"gb-container gb-container-68a23b27 gbp--border-radius\">\n<div class=\"gb-container gb-container-4c3bf351 gbp-section__inner\">\n\n<p class=\"gb-headline gb-headline-49bc7c64\"><span class=\"gb-icon\"><svg viewbox=\"0 0 40 26.79\" data-name=\"Layer 1\" xmlns=\"http:\/\/www.w3.org\/2000\/svg\"><path style=\"stroke-width:0\" d=\"M.31 18.41C-1.37 10.67 3.97 2.41 12.65 0l.63 5.23c-2.3.94-4.29 3.14-4.29 6.07 3.45-1.57 8.27.42 9.42 5.34.94 4.5-1.99 8.89-6.59 9.94C6.8 27.63 1.67 24.7.31 18.42Zm21.49 0C20.13 10.67 25.36 2.4 34.04 0l.73 5.23c-2.41.94-4.29 3.14-4.4 6.07 3.56-1.57 8.37.42 9.42 5.34 1.05 4.5-1.99 8.89-6.59 9.94-4.92 1.05-10.04-1.88-11.41-8.16Z\"><\/path><\/svg><\/span><span class=\"gb-headline-text\">Die Studie hat uns Einblicke in die Motive gegeben, die die Wahl und Ablehnung von Kondomen in sehr intimen Situationen beeinflussen. Dies erm\u00f6glicht es uns, sowohl in unserem Dialog mit der Zielgruppe der MSM als auch in der Massenkommunikation wirkungsvolle Botschaften zu formulieren. Der quantitative Teil der Studie hat auch gezeigt, dass der einfache Zugang zu kostenlosen Kondomen ein wichtiger und zentraler Bestandteil der d\u00e4nischen HIV-Pr\u00e4vention ist.<\/span><\/p>\n\n\n\n<p class=\"has-base-3-color has-text-color\"><strong>Ole M\u00f8ller Markussen,<\/strong> Projektleiter AIDS-Fondet<\/p>\n\n<\/div>\n<\/div>","protected":false},"excerpt":{"rendered":"<p>Unders\u00f8gelsen har givet os indsigt i de bev\u00e6ggrunde, der p\u00e5virker tilvalg og fravalg af kondomer i de meget intime situationer. Det giver os mulighed for at formulere v\u00e6gtige budskaber b\u00e5de i vores dialog med m\u00e5lgruppen MSM og i massekommunikation. Unders\u00f8gelsens kvantitative del har desuden vist, at den lette adgang til gratis kondomer er en vigtig &#8230; <\/p>\n<p class=\"read-more-container\"><a title=\"Die Aids-Stiftung\" class=\"read-more button\" href=\"https:\/\/analysedanmark.dk\/de\/cases\/aids-fondet\/#more-43847\" aria-label=\"Mehr Informationen \u00fcber Aids-fondet\">Weiterlesen &#8230;<\/a><\/p>","protected":false},"author":4,"featured_media":0,"parent":24,"menu_order":0,"comment_status":"closed","ping_status":"closed","template":"","meta":{"_acf_changed":false,"footnotes":""},"class_list":["post-43847","page","type-page","status-publish"],"acf":[],"_links":{"self":[{"href":"https:\/\/analysedanmark.dk\/de\/wp-json\/wp\/v2\/pages\/43847","targetHints":{"allow":["GET"]}}],"collection":[{"href":"https:\/\/analysedanmark.dk\/de\/wp-json\/wp\/v2\/pages"}],"about":[{"href":"https:\/\/analysedanmark.dk\/de\/wp-json\/wp\/v2\/types\/page"}],"author":[{"embeddable":true,"href":"https:\/\/analysedanmark.dk\/de\/wp-json\/wp\/v2\/users\/4"}],"replies":[{"embeddable":true,"href":"https:\/\/analysedanmark.dk\/de\/wp-json\/wp\/v2\/comments?post=43847"}],"version-history":[{"count":5,"href":"https:\/\/analysedanmark.dk\/de\/wp-json\/wp\/v2\/pages\/43847\/revisions"}],"predecessor-version":[{"id":234902,"href":"https:\/\/analysedanmark.dk\/de\/wp-json\/wp\/v2\/pages\/43847\/revisions\/234902"}],"up":[{"embeddable":true,"href":"https:\/\/analysedanmark.dk\/de\/wp-json\/wp\/v2\/pages\/24"}],"wp:attachment":[{"href":"https:\/\/analysedanmark.dk\/de\/wp-json\/wp\/v2\/media?parent=43847"}],"curies":[{"name":"wp","href":"https:\/\/api.w.org\/{rel}","templated":true}]}}