{"id":43821,"date":"2024-12-10T12:22:45","date_gmt":"2024-12-10T11:22:45","guid":{"rendered":"https:\/\/analysedanmark.stage.heyrobot.com\/?page_id=43821"},"modified":"2025-05-20T12:52:47","modified_gmt":"2025-05-20T10:52:47","slug":"damixa","status":"publish","type":"page","link":"https:\/\/analysedanmark.dk\/de\/cases\/damixa\/","title":{"rendered":"Damixa"},"content":{"rendered":"<header class=\"gb-container gb-container-fa2dff78 gbp--border-radius\">\n<div class=\"gb-container gb-container-d2d53606 gbp-section__inner\">\n<div class=\"gb-grid-wrapper gb-grid-wrapper-781df5b1\">\n<div class=\"gb-grid-column gb-grid-column-63aab36c\"><div class=\"gb-container gb-container-63aab36c\">\n\n<figure class=\"gb-block-image gb-block-image-e61ea73b\"><a href=\"https:\/\/damixa.dk\/\" target=\"_blank\" rel=\"noopener noreferrer nofollow\"><img loading=\"lazy\" decoding=\"async\" width=\"500\" height=\"500\" class=\"gb-image gb-image-e61ea73b gbp--border-radius gbp--margin-after\" src=\"https:\/\/analysedanmark.dk\/wp-content\/uploads\/2024\/12\/damixalogo.png\" alt=\"Damixa\" title=\"damixalogo\" srcset=\"https:\/\/analysedanmark.dk\/wp-content\/uploads\/2024\/12\/damixalogo.png 500w, https:\/\/analysedanmark.dk\/wp-content\/uploads\/2024\/12\/damixalogo-300x300.png 300w, https:\/\/analysedanmark.dk\/wp-content\/uploads\/2024\/12\/damixalogo-400x400.png 400w\" sizes=\"auto, (max-width: 500px) 100vw, 500px\" \/><\/a><\/figure>\n\n<\/div><\/div>\n\n<div class=\"gb-grid-column gb-grid-column-7de558b8\"><div class=\"gb-container gb-container-7de558b8\">\n\n<h1 class=\"gb-headline gb-headline-be302155 gb-headline-text\">Damixa<\/h1>\n\n\n\n<p>Worauf legen die Nutzer Wert, wenn es um das Design von Wasserh\u00e4hnen geht? Hahndesign?<\/p>\n\n\n\n<h2 class=\"wp-block-heading\">Die Herausforderung<\/h2>\n\n\n\n<p><strong>Worauf legen die Nutzer Wert, wenn es um das Design von Wasserh\u00e4hnen geht? Hahndesign?<\/strong><br>Damixa ist ein innovatives d\u00e4nisches Unternehmen, das seit 1932 Armaturen und Thermostate im eigenen Werk in Odense entwickelt und produziert. In Zusammenarbeit mit Analyse Danmark f\u00fchrte Damixa im Jahr 2014 eine Umfrage durch <a href=\"https:\/\/analysedanmark.dk\/de\/methoden\/qualitative-methoden\/schwerpunktgruppen\/\" data-type=\"page\" data-id=\"43770\">Fokusgruppe<\/a> mit dem Ziel, vier Designkonzepte vorab zu testen, um Anregungen f\u00fcr die weitere Designarbeit zu erhalten, darunter<\/p>\n\n\n\n<ul class=\"wp-block-list\">\n<li>Spontane Reaktionen auf die Konzepte<\/li>\n\n\n\n<li>Wahrgenommene Vor- und Nachteile<\/li>\n\n\n\n<li>Welche(s) Design(s) wird\/werden bevorzugt<\/li>\n<\/ul>\n\n\n\n<p>Dar\u00fcber hinaus sollten die Einstellungen und das Kaufverhalten gegen\u00fcber dieser Produktgruppe ermittelt werden:<\/p>\n\n\n\n<ul class=\"wp-block-list\">\n<li>Infosuche \u00fcber Wasserh\u00e4hne<\/li>\n\n\n\n<li>Opt-in und Opt-out Kriterien<\/li>\n\n\n\n<li>Diskutieren Sie verschiedene Merkmale - welche sind die bevorzugten?<\/li>\n<\/ul>\n\n<\/div><\/div>\n<\/div>\n<\/div>\n<\/header>\n\n<div class=\"gb-container gb-container-58a76ced gbp-section\">\n<div class=\"gb-container gb-container-3224c6ce gbp-section__inner\">\n<div class=\"gb-grid-wrapper gb-grid-wrapper-d7355558\">\n<div class=\"gb-grid-column gb-grid-column-516ff6c2\"><div class=\"gb-container gb-container-516ff6c2\">\n\n<p class=\"gb-headline gb-headline-b2a7a5e2 gb-headline-text gbp-section__tagline\">Die Methodik<\/p>\n\n\n\n<h2 class=\"gb-headline gb-headline-cf6f9690 gb-headline-text\"><strong><strong><strong>Fokusgruppe mit physischen Versionen der Abh\u00f6rkonzepte - \u2019Dummies\u2019<\/strong><\/strong><\/strong><\/h2>\n\n\n\n<p>Vor der Gruppe hatten die Teilnehmer Fotos von ihren vorhandenen Wasserh\u00e4hnen in ihrer Wohnung und den Marken\/Typen, die sie f\u00fcr einen Austausch in Betracht zogen, gemacht. Diese Fotos wurden dann elektronisch an Analyse Denmark geschickt. Die Diskussion basierte auf den Wasserh\u00e4hnen, die die Endverbraucher zu Hause hatten, und den guten und weniger guten Erfahrungen, z. B. in Bezug auf Die vier neuen Designvorschl\u00e4ge von Damixa wurden als \u2019Dummys\u2019 pr\u00e4sentiert, um den Teilnehmern ein besseres Gef\u00fchl f\u00fcr die Gr\u00f6\u00dfe und Form der einzelnen Designs zu vermitteln - \u2019touch and feel\u2019.<\/p>\n\n<\/div><\/div>\n\n<div class=\"gb-grid-column gb-grid-column-38b0cc66\"><div class=\"gb-container gb-container-38b0cc66 gbp--gradient-secondary\">\n\n<figure class=\"gb-block-image gb-block-image-ff825c85\"><img loading=\"lazy\" decoding=\"async\" width=\"1200\" height=\"1200\" class=\"gb-image gb-image-ff825c85 gbp--border-radius\" src=\"https:\/\/analysedanmark.dk\/wp-content\/uploads\/2024\/06\/wes-hicks-4-EeTnaC1S4-unsplash.webp\" alt=\"\" title=\"wes-hicks-4-EeTnaC1S4-unsplash\" srcset=\"https:\/\/analysedanmark.dk\/wp-content\/uploads\/2024\/06\/wes-hicks-4-EeTnaC1S4-unsplash.webp 1200w, https:\/\/analysedanmark.dk\/wp-content\/uploads\/2024\/06\/wes-hicks-4-EeTnaC1S4-unsplash-640x640.webp 640w, https:\/\/analysedanmark.dk\/wp-content\/uploads\/2024\/06\/wes-hicks-4-EeTnaC1S4-unsplash-768x768.webp 768w, https:\/\/analysedanmark.dk\/wp-content\/uploads\/2024\/06\/wes-hicks-4-EeTnaC1S4-unsplash-300x300.webp 300w, https:\/\/analysedanmark.dk\/wp-content\/uploads\/2024\/06\/wes-hicks-4-EeTnaC1S4-unsplash-400x400.webp 400w, https:\/\/analysedanmark.dk\/wp-content\/uploads\/2024\/06\/wes-hicks-4-EeTnaC1S4-unsplash-600x600.webp 600w\" sizes=\"auto, (max-width: 1200px) 100vw, 1200px\"><\/figure>\n\n<\/div><\/div>\n<\/div>\n<\/div>\n<\/div>\n\n<div class=\"gb-container gb-container-7e6d0854 gbp-section\">\n<div class=\"gb-container gb-container-3ff20a45 gbp-section__inner\">\n<div class=\"gb-grid-wrapper gb-grid-wrapper-d4759108\">\n<div class=\"gb-grid-column gb-grid-column-c739950f\"><div class=\"gb-container gb-container-c739950f\">\n\n<figure class=\"wp-block-image size-full\"><img loading=\"lazy\" decoding=\"async\" width=\"1160\" height=\"450\" src=\"https:\/\/analysedanmark.dk\/wp-content\/uploads\/2024\/12\/Vandhane.png\" alt=\"\" class=\"wp-image-44143\" srcset=\"https:\/\/analysedanmark.dk\/wp-content\/uploads\/2024\/12\/Vandhane.png 1160w, https:\/\/analysedanmark.dk\/wp-content\/uploads\/2024\/12\/Vandhane-640x248.png 640w, https:\/\/analysedanmark.dk\/wp-content\/uploads\/2024\/12\/Vandhane-768x298.png 768w\" sizes=\"auto, (max-width: 1160px) 100vw, 1160px\" \/><\/figure>\n\n<\/div><\/div>\n\n<div class=\"gb-grid-column gb-grid-column-44584bd0\"><div class=\"gb-container gb-container-44584bd0\">\n\n<h2 class=\"gb-headline gb-headline-c2afdff5 gb-headline-text\">Ergebnisse<\/h2>\n\n\n\n<p><strong>Vom Dummy zum Start<\/strong><br>Zwei der vier Konzepte, die Damixa im Vorfeld in der Gruppe getestet hat, wurden anschlie\u00dfend zu Projekten erhoben, von denen eines im September 2015 gestartet wurde.<\/p>\n\n\n\n<p>Das Design wurde auf der Grundlage der Kommentare der Fokusgruppe ge\u00e4ndert, die u. a. feststellte, dass die Nase zu lang sei, das flache Design aber sch\u00f6n und innovativ sei. Das Konzept f\u00fchrte zu einer umweltfreundlichen Produktreihe namens Pine, die zwei K\u00fcchenarmaturen, zwei Badezimmerarmaturen und die Waschtischarmatur umfasst, die der Fokusgruppe vorgestellt wurde und die Grundlage f\u00fcr die Designrichtung der Reihe bildete. Damixa hatte auch einige Vorschl\u00e4ge f\u00fcr neue Funktionen, wie z. B. integrierte Wassersparfunktionen, die auf der Grundlage der Antworten der Teilnehmer in das endg\u00fcltige Design aufgenommen wurden.<\/p>\n\n\n\n<p>S\u00f8ren Braae hat daf\u00fcr gesorgt, dass die Kommentare der Fokusgruppen in die Produkte einflie\u00dfen, die derzeit auf dem Markt sind. Das zweite Konzept, das bei den Fokusgruppenteilnehmern in puncto Design sehr gut ankam und daher sp\u00e4ter zum Projekt erhoben wurde, soll in der zweiten Jahresh\u00e4lfte 2016 auf den Markt kommen.&nbsp;<a href=\"https:\/\/www.damixa.dk\/presse#\/pressreleases\/en-fornuftig-vandhane-1210117\" rel=\"nofollow noopener\" target=\"_blank\">Lesen Sie mehr \u00fcber die neue Pine-Serie<\/a><\/p>\n\n\n\n<p><\/p>\n\n<\/div><\/div>\n<\/div>\n<\/div>\n<\/div>\n\n<div class=\"gb-container gb-container-68a23b27 gbp--border-radius\">\n<div class=\"gb-container gb-container-4c3bf351 gbp-section__inner\">\n\n<p class=\"gb-headline gb-headline-49bc7c64\"><span class=\"gb-icon\"><svg viewbox=\"0 0 40 26.79\" data-name=\"Layer 1\" xmlns=\"http:\/\/www.w3.org\/2000\/svg\"><path style=\"stroke-width:0\" d=\"M.31 18.41C-1.37 10.67 3.97 2.41 12.65 0l.63 5.23c-2.3.94-4.29 3.14-4.29 6.07 3.45-1.57 8.27.42 9.42 5.34.94 4.5-1.99 8.89-6.59 9.94C6.8 27.63 1.67 24.7.31 18.42Zm21.49 0C20.13 10.67 25.36 2.4 34.04 0l.73 5.23c-2.41.94-4.29 3.14-4.4 6.07 3.56-1.57 8.37.42 9.42 5.34 1.05 4.5-1.99 8.89-6.59 9.94-4.92 1.05-10.04-1.88-11.41-8.16Z\"><\/path><\/svg><\/span><span class=\"gb-headline-text\">F\u00fcr Damixa ist es wichtig, nah an den Endnutzern und ihren Bed\u00fcrfnissen zu sein. Durch den Einsatz von 3D-gedruckten Dummys in Fokusgruppen kommen wir einem potenziellen Endprodukt so nahe wie m\u00f6glich und erhalten die unmittelbaren Reaktionen der Endnutzer auf Techniken und Designs, die wir sonst nur auf einem Rei\u00dfbrett skizzieren k\u00f6nnten.<\/span><\/p>\n\n\n\n<p class=\"has-base-3-color has-text-color\"><strong>S\u00f8ren Braae,<\/strong> Produktmanager bei Damixa.<\/p>\n\n<\/div>\n<\/div>","protected":false},"excerpt":{"rendered":"<p>For Damixa er det vigtigt at v\u00e6re t\u00e6t p\u00e5 slutbrugerne og deres behov. Ved at bruges 3D-printede dummies i fokusgrupper kommer vi s\u00e5 t\u00e6t som muligt p\u00e5 et potentielt slutprodukt og f\u00e5r slutbrugernes umiddelbare reaktioner p\u00e5 teknikker og designs, som vi ellers kun har kunnet skitsere p\u00e5 et tegnebr\u00e6t. S\u00f8ren Braae, produktchef i Damixa.<\/p>","protected":false},"author":4,"featured_media":0,"parent":24,"menu_order":0,"comment_status":"closed","ping_status":"closed","template":"","meta":{"_acf_changed":false,"footnotes":""},"class_list":["post-43821","page","type-page","status-publish"],"acf":[],"_links":{"self":[{"href":"https:\/\/analysedanmark.dk\/de\/wp-json\/wp\/v2\/pages\/43821","targetHints":{"allow":["GET"]}}],"collection":[{"href":"https:\/\/analysedanmark.dk\/de\/wp-json\/wp\/v2\/pages"}],"about":[{"href":"https:\/\/analysedanmark.dk\/de\/wp-json\/wp\/v2\/types\/page"}],"author":[{"embeddable":true,"href":"https:\/\/analysedanmark.dk\/de\/wp-json\/wp\/v2\/users\/4"}],"replies":[{"embeddable":true,"href":"https:\/\/analysedanmark.dk\/de\/wp-json\/wp\/v2\/comments?post=43821"}],"version-history":[{"count":5,"href":"https:\/\/analysedanmark.dk\/de\/wp-json\/wp\/v2\/pages\/43821\/revisions"}],"predecessor-version":[{"id":234904,"href":"https:\/\/analysedanmark.dk\/de\/wp-json\/wp\/v2\/pages\/43821\/revisions\/234904"}],"up":[{"embeddable":true,"href":"https:\/\/analysedanmark.dk\/de\/wp-json\/wp\/v2\/pages\/24"}],"wp:attachment":[{"href":"https:\/\/analysedanmark.dk\/de\/wp-json\/wp\/v2\/media?parent=43821"}],"curies":[{"name":"wp","href":"https:\/\/api.w.org\/{rel}","templated":true}]}}