{"id":43788,"date":"2024-12-10T11:25:07","date_gmt":"2024-12-10T10:25:07","guid":{"rendered":"https:\/\/analysedanmark.stage.heyrobot.com\/?page_id=43788"},"modified":"2025-05-15T12:13:18","modified_gmt":"2025-05-15T10:13:18","slug":"internetinterview-cawi","status":"publish","type":"page","link":"https:\/\/analysedanmark.dk\/de\/metoder\/kvantitative-metoder\/internetinterview-cawi\/","title":{"rendered":"Internet-Interview"},"content":{"rendered":"<header class=\"gb-container gb-container-58a76ced\">\n<div class=\"gb-container gb-container-3224c6ce gbp-section__inner\">\n<div class=\"gb-grid-wrapper gb-grid-wrapper-d7355558\">\n<div class=\"gb-grid-column gb-grid-column-516ff6c2\"><div class=\"gb-container gb-container-516ff6c2\">\n\n<p class=\"gb-headline gb-headline-ad6edd9c gb-headline-text gbp-section__tagline\">Kvantitativ metode<\/p>\n\n\n\n<h1 class=\"gb-headline gb-headline-0e509d67 gb-headline-text\">Internet-Interview<\/h1>\n\n\n\n<p><strong>Vi har stor erfaring med internetinterview.<\/strong><br>I dag er udbredelsen af internetinterview&nbsp; (CAWI, Computer Assisted Web Interviewing) langt st\u00f8rre end i 1997, hvor Analyse Danmark blev etableret. Traditionel dataindsamling, telefonisk (CATI) eller postalt, tager lang tid og kr\u00e6ver et stort produktionsapparat. Dette medf\u00f8rer ofte dyre unders\u00f8gelser og resultater, som kan v\u00e6re for\u00e6ldede, n\u00e5r de foreligger. I internetbaserede unders\u00f8gelser inviteres respondenterne direkte via en hjemmeside eller en e-mail.<\/p>\n\n\n\n<p>Med internettet er det muligt at flytte store m\u00e6ngder af data og informationer til et stort antal personer meget hurtigt. Vores erfaringer viser, at st\u00f8rstedelen af besvarelserne i en online-unders\u00f8gelse kommer inden for 2-3 dage. Selv omfattende unders\u00f8gelser kan gennemf\u00f8res meget hurtigt<\/p>\n\n<\/div><\/div>\n\n<div class=\"gb-grid-column gb-grid-column-38b0cc66\"><div class=\"gb-container gb-container-38b0cc66\">\n\n<figure class=\"gb-block-image gb-block-image-6f1ffcca\"><img decoding=\"async\" class=\"gb-image gb-image-6f1ffcca gbp--border-radius\" src=\"https:\/\/gpsites.co\/affinity\/wp-content\/uploads\/sites\/147\/2024\/06\/nordwood-themes-ubIWo074QlU-unsplash-300x225.webp\" alt=\"\" title=\"nordwood-themes-ubIWo074QlU-unsplash\"><\/figure>\n\n\n\n<figure class=\"gb-block-image gb-block-image-e235177f\"><img decoding=\"async\" class=\"gb-image gb-image-e235177f gbp--border-radius\" src=\"https:\/\/gpsites.co\/affinity\/wp-content\/uploads\/sites\/147\/2024\/06\/walling-UP7JSnodG2M-unsplash-300x225.webp\" alt=\"\" title=\"walling-UP7JSnodG2M-unsplash\"><\/figure>\n\n<\/div><\/div>\n<\/div>\n<\/div>\n<\/header>\n\n<div class=\"gb-container gb-container-b510b0bb\">\n<div class=\"gb-container gb-container-7e6d0854 gbp-section\">\n<div class=\"gb-container gb-container-3ff20a45 gbp-section__inner\">\n<div class=\"gb-grid-wrapper gb-grid-wrapper-d4759108\">\n<div class=\"gb-grid-column gb-grid-column-c739950f\"><div class=\"gb-container gb-container-c739950f\">\n\n<figure class=\"wp-block-image size-full\"><img loading=\"lazy\" decoding=\"async\" width=\"800\" height=\"800\" src=\"https:\/\/analysedanmark.dk\/wp-content\/uploads\/2024\/06\/christin-hume-hBuwVLcYTnA-unsplash.webp\" alt=\"Internetinterview (CAWI)\" class=\"wp-image-42041\" srcset=\"https:\/\/analysedanmark.dk\/wp-content\/uploads\/2024\/06\/christin-hume-hBuwVLcYTnA-unsplash.webp 800w, https:\/\/analysedanmark.dk\/wp-content\/uploads\/2024\/06\/christin-hume-hBuwVLcYTnA-unsplash-640x640.webp 640w, https:\/\/analysedanmark.dk\/wp-content\/uploads\/2024\/06\/christin-hume-hBuwVLcYTnA-unsplash-768x768.webp 768w, https:\/\/analysedanmark.dk\/wp-content\/uploads\/2024\/06\/christin-hume-hBuwVLcYTnA-unsplash-300x300.webp 300w, https:\/\/analysedanmark.dk\/wp-content\/uploads\/2024\/06\/christin-hume-hBuwVLcYTnA-unsplash-400x400.webp 400w, https:\/\/analysedanmark.dk\/wp-content\/uploads\/2024\/06\/christin-hume-hBuwVLcYTnA-unsplash-600x600.webp 600w\" sizes=\"auto, (max-width: 800px) 100vw, 800px\" \/><\/figure>\n\n<\/div><\/div>\n\n<div class=\"gb-grid-column gb-grid-column-44584bd0\"><div class=\"gb-container gb-container-44584bd0\">\n\n<h2 class=\"gb-headline gb-headline-c2afdff5 gb-headline-text\">Fordele ved internetinterview<\/h2>\n\n\n\n<ul class=\"wp-block-list\">\n<li>Onlinesp\u00f8rgeskemaer giver mulighed for at gennemf\u00f8re det n\u00f8dvendige antal interviews inden for ganske kort tid, typisk 2 \u2013 5 dage, dog afh\u00e6ngigt af m\u00e5lgruppen<\/li>\n\n\n\n<li>Kan anvendes hvor man har adgang til (og tilladelse) til at bruge) e-mailadresser p\u00e5 potentielle respondenter eller kan distribuere et link p\u00e5 anden vis<\/li>\n\n\n\n<li>Kan f.eks. kombineres med onlinepaneler<\/li>\n\n\n\n<li>Giver mulighed for l\u00f8bende at styre udsendelsen, s\u00e5 man f\u00e5r den rigtige fordeling af respondenter og antal svar<\/li>\n<\/ul>\n\n<\/div><\/div>\n<\/div>\n<\/div>\n<\/div>\n<\/div>\n\n<div class=\"gb-container gb-container-0c83677d\">\n<div class=\"gb-container gb-container-a5391143 gbp-section\">\n<div class=\"gb-container gb-container-93ca79a7 gbp-section__inner\">\n<div class=\"gb-grid-wrapper gb-grid-wrapper-b92d2374\">\n<div class=\"gb-grid-column gb-grid-column-57d1efca\"><div class=\"gb-container gb-container-57d1efca\">\n\n<h2 class=\"gb-headline gb-headline-3f298b35 gb-headline-text\" id=\"Panelunders\u00f8gelser\">Panelerhebungen<\/h2>\n\n\n\n<p>Panelunders\u00f8gelser er, som navnet indikerer, unders\u00f8gelser som gennemf\u00f8res via et panel. Et panel defineres typisk som \u201cen samling af personer, der over tid deltager i flere unders\u00f8gelser\u201d og er en metode, som har v\u00e6ret benyttet i mange \u00e5r. N\u00e5r der er tale om et internetpanel foreg\u00e5r unders\u00f8gelserne via websp\u00f8rgeskemaer (CAWI), som udsendes pr. e-mail.<\/p>\n\n\n\n<ul class=\"wp-block-list\">\n<li>Kombinationen af en h\u00f8j internetpenetration og h\u00f8je omkostninger i forbindelse med traditionelle dataindsamlingsmetoder har gjort panelunders\u00f8gelser til en meget udbredt og attraktiv unders\u00f8gelsesmetode i Danmark<\/li>\n<\/ul>\n\n\n\n<p>Et af de mest afg\u00f8rende parametre for kvaliteten af en panelunders\u00f8gelse, er selve panelets kvalitet. Herunder t\u00e6nkes is\u00e6r p\u00e5 rekruttering, panelh\u00e5ndtering og metodik i forhold til udtr\u00e6k af stikpr\u00f8ver. Selve websp\u00f8rgeskemaets kvalitet&nbsp;er naturligvis ogs\u00e5 en v\u00e6sentlig faktor.<\/p>\n\n<\/div><\/div>\n\n<div class=\"gb-grid-column gb-grid-column-8020f66b\"><div class=\"gb-container gb-container-8020f66b\">\n\n<figure class=\"wp-block-image size-full\"><img loading=\"lazy\" decoding=\"async\" width=\"1000\" height=\"667\" src=\"https:\/\/analysedanmark.dk\/wp-content\/uploads\/2024\/11\/20240114-154938-L-1920x1280we.webp\" alt=\"\" class=\"wp-image-43432\" srcset=\"https:\/\/analysedanmark.dk\/wp-content\/uploads\/2024\/11\/20240114-154938-L-1920x1280we.webp 1000w, https:\/\/analysedanmark.dk\/wp-content\/uploads\/2024\/11\/20240114-154938-L-1920x1280we-640x427.webp 640w, https:\/\/analysedanmark.dk\/wp-content\/uploads\/2024\/11\/20240114-154938-L-1920x1280we-360x240.webp 360w, https:\/\/analysedanmark.dk\/wp-content\/uploads\/2024\/11\/20240114-154938-L-1920x1280we-768x512.webp 768w\" sizes=\"auto, (max-width: 1000px) 100vw, 1000px\" \/><\/figure>\n\n<\/div><\/div>\n<\/div>\n<\/div>\n<\/div>\n<\/div>\n\n<div class=\"gb-container gb-container-790d876f\">\n<div class=\"gb-container gb-container-b42fcb09 gbp-section\">\n<div class=\"gb-container gb-container-2323c07d gbp-section__inner\">\n<div class=\"gb-grid-wrapper gb-grid-wrapper-0430955c\">\n<div class=\"gb-grid-column gb-grid-column-5ae67160\"><div class=\"gb-container gb-container-5ae67160\">\n\n<figure class=\"wp-block-image size-full\"><img loading=\"lazy\" decoding=\"async\" width=\"1200\" height=\"800\" src=\"https:\/\/analysedanmark.dk\/wp-content\/uploads\/2024\/05\/dai-ke-GkraTrCYA_0-unsplash.webp\" alt=\"\" class=\"wp-image-42029\" srcset=\"https:\/\/analysedanmark.dk\/wp-content\/uploads\/2024\/05\/dai-ke-GkraTrCYA_0-unsplash.webp 1200w, https:\/\/analysedanmark.dk\/wp-content\/uploads\/2024\/05\/dai-ke-GkraTrCYA_0-unsplash-640x427.webp 640w, https:\/\/analysedanmark.dk\/wp-content\/uploads\/2024\/05\/dai-ke-GkraTrCYA_0-unsplash-360x240.webp 360w, https:\/\/analysedanmark.dk\/wp-content\/uploads\/2024\/05\/dai-ke-GkraTrCYA_0-unsplash-768x512.webp 768w\" sizes=\"auto, (max-width: 1200px) 100vw, 1200px\" \/><\/figure>\n\n<\/div><\/div>\n\n<div class=\"gb-grid-column gb-grid-column-9e017e61\"><div class=\"gb-container gb-container-9e017e61\">\n\n<h2 class=\"gb-headline gb-headline-c0213001 gb-headline-text\">Unders\u00f8gelser af h\u00f8j kvalitet<\/h2>\n\n\n\n<p>I dag har 86 % af befolkningen mellem 16 og 74 \u00e5r adgang til internettet enten fra hjemmet, arbejdspladsen eller uddannelsesinstitutionen.<\/p>\n\n\n\n<p>Det er en af de h\u00f8jeste internetpenetrationsgrader i verden. Der er i dag s\u00e5 godt som ingen barrierer for unders\u00f8gelser via internettet. Hvis du s\u00f8rger for at v\u00e6lge en seri\u00f8s leverand\u00f8r af online analyser, vil du p\u00e5 en hurtig og effektiv m\u00e5de kunne f\u00e5 et godt og solidt beslutningsgrundlag af h\u00f8j kvalitet. <\/p>\n\n\n\n<p>Flere sammenligninger af forskellige dataindsamlingsmetoder viser, at kvaliteten af panelbaserede unders\u00f8gelser er ganske h\u00f8j. Samtidig oplever man med telefonbaserede unders\u00f8gelser stigende problemer. <\/p>\n\n\n\n<p>Det drejer sig bl.a. om forbrugernes \u00e6ndrede adf\u00e6rd i relation til telefoni med et fald i antallet af fastnettelefoner, en stigning i arbejdsgiverbetalte mobiler og en tendens til ikke at svare p\u00e5 opkald fra ukendte numre.<\/p>\n\n<\/div><\/div>\n<\/div>\n<\/div>\n<\/div>\n<\/div>","protected":false},"excerpt":{"rendered":"","protected":false},"author":4,"featured_media":0,"parent":43690,"menu_order":0,"comment_status":"closed","ping_status":"closed","template":"","meta":{"_acf_changed":false,"footnotes":""},"class_list":["post-43788","page","type-page","status-publish"],"acf":[],"_links":{"self":[{"href":"https:\/\/analysedanmark.dk\/de\/wp-json\/wp\/v2\/pages\/43788","targetHints":{"allow":["GET"]}}],"collection":[{"href":"https:\/\/analysedanmark.dk\/de\/wp-json\/wp\/v2\/pages"}],"about":[{"href":"https:\/\/analysedanmark.dk\/de\/wp-json\/wp\/v2\/types\/page"}],"author":[{"embeddable":true,"href":"https:\/\/analysedanmark.dk\/de\/wp-json\/wp\/v2\/users\/4"}],"replies":[{"embeddable":true,"href":"https:\/\/analysedanmark.dk\/de\/wp-json\/wp\/v2\/comments?post=43788"}],"version-history":[{"count":5,"href":"https:\/\/analysedanmark.dk\/de\/wp-json\/wp\/v2\/pages\/43788\/revisions"}],"predecessor-version":[{"id":234873,"href":"https:\/\/analysedanmark.dk\/de\/wp-json\/wp\/v2\/pages\/43788\/revisions\/234873"}],"up":[{"embeddable":true,"href":"https:\/\/analysedanmark.dk\/de\/wp-json\/wp\/v2\/pages\/43690"}],"wp:attachment":[{"href":"https:\/\/analysedanmark.dk\/de\/wp-json\/wp\/v2\/media?parent=43788"}],"curies":[{"name":"wp","href":"https:\/\/api.w.org\/{rel}","templated":true}]}}