{"id":43770,"date":"2024-12-10T11:11:53","date_gmt":"2024-12-10T10:11:53","guid":{"rendered":"https:\/\/analysedanmark.stage.heyrobot.com\/?page_id=43770"},"modified":"2025-05-20T12:48:07","modified_gmt":"2025-05-20T10:48:07","slug":"schwerpunktgruppen","status":"publish","type":"page","link":"https:\/\/analysedanmark.dk\/de\/metoder\/kvalitative-metoder\/fokusgrupper\/","title":{"rendered":"Schwerpunktgruppen"},"content":{"rendered":"<div class=\"gb-container gb-container-8bfe7ea1\">\n<div class=\"gb-container gb-container-84580139\">\n<header class=\"gb-container gb-container-58a76ced\">\n<div class=\"gb-container gb-container-3224c6ce gbp-section__inner\">\n<div class=\"gb-grid-wrapper gb-grid-wrapper-d7355558\">\n<div class=\"gb-grid-column gb-grid-column-516ff6c2\"><div class=\"gb-container gb-container-516ff6c2\">\n\n<p class=\"gb-headline gb-headline-ad6edd9c gb-headline-text gbp-section__tagline\">Kvalitativ metode<\/p>\n\n\n\n<h1 class=\"gb-headline gb-headline-0e509d67 gb-headline-text\">Schwerpunktgruppen<\/h1>\n\n\n\n<p class=\"gb-headline gb-headline-cf6f9690 gb-headline-text\"><strong>En fokusgruppe kan give jer v\u00e6rdifulde indsigter.<\/strong><br>Die Befragung von Fokusgruppen ist eine qualitative Form der Analyse, bei der ein Moderator eine Gruppe von in der Regel acht Personen mit einer Reihe von Fragen durch ein Forschungsgebiet f\u00fchrt.<\/p>\n\n\n\n<h2 class=\"gb-headline gb-headline-451f3cc8 gb-headline-text\">Hvorn\u00e5r er fokusgrupper interessante for dig?<\/h2>\n\n\n\n<p>Analyse Danmark anbefaler fokusgrupper, n\u00e5r du \u00f8nsker at f\u00e5 afd\u00e6kket kundesegmenters holdninger, fordomme og vaner. Fokusgrupper er en yderst velegnet analysemetode til at afd\u00e6kke m\u00e5lgruppens umiddelbare reaktion og \u00e5bner&nbsp;for den ellers skjulte verden af f\u00f8lelser, motiver og holdninger, der udg\u00f8r baggrunden for kundesegmenters valg.<\/p>\n\n<\/div><\/div>\n\n<div class=\"gb-grid-column gb-grid-column-38b0cc66\"><div class=\"gb-container gb-container-38b0cc66\">\n\n<figure class=\"gb-block-image gb-block-image-6f1ffcca\"><img loading=\"lazy\" decoding=\"async\" width=\"640\" height=\"427\" class=\"gb-image gb-image-6f1ffcca gbp--border-radius\" src=\"https:\/\/analysedanmark.dk\/wp-content\/uploads\/2025\/01\/shutterstock_117941944-1-640x427.jpg\" alt=\"\" title=\"Gruppe\" srcset=\"https:\/\/analysedanmark.dk\/wp-content\/uploads\/2025\/01\/shutterstock_117941944-1-640x427.jpg 640w, https:\/\/analysedanmark.dk\/wp-content\/uploads\/2025\/01\/shutterstock_117941944-1-360x240.jpg 360w, https:\/\/analysedanmark.dk\/wp-content\/uploads\/2025\/01\/shutterstock_117941944-1-768x512.jpg 768w, https:\/\/analysedanmark.dk\/wp-content\/uploads\/2025\/01\/shutterstock_117941944-1.jpg 1000w\" sizes=\"auto, (max-width: 640px) 100vw, 640px\"><\/figure>\n\n\n\n<figure class=\"gb-block-image gb-block-image-e235177f\"><img loading=\"lazy\" decoding=\"async\" width=\"640\" height=\"388\" class=\"gb-image gb-image-e235177f gbp--border-radius\" src=\"https:\/\/analysedanmark.dk\/wp-content\/uploads\/2025\/01\/shutterstock_2485183319-640x388.jpg\" alt=\"\" title=\"Question,Mark,Concept.,Problem,And,Solution.,Quiz,,Test,,Survey,,Support,\" srcset=\"https:\/\/analysedanmark.dk\/wp-content\/uploads\/2025\/01\/shutterstock_2485183319-640x388.jpg 640w, https:\/\/analysedanmark.dk\/wp-content\/uploads\/2025\/01\/shutterstock_2485183319-768x466.jpg 768w, https:\/\/analysedanmark.dk\/wp-content\/uploads\/2025\/01\/shutterstock_2485183319.jpg 1000w\" sizes=\"auto, (max-width: 640px) 100vw, 640px\"><\/figure>\n\n<\/div><\/div>\n<\/div>\n<\/div>\n<\/header>\n<\/div>\n\n<div class=\"gb-container gb-container-b510b0bb\">\n<div class=\"gb-container gb-container-7e6d0854 gbp-section\">\n<div class=\"gb-container gb-container-3ff20a45 gbp-section__inner\">\n<div class=\"gb-grid-wrapper gb-grid-wrapper-d4759108\">\n<div class=\"gb-grid-column gb-grid-column-c739950f\"><div class=\"gb-container gb-container-c739950f\">\n\n<figure class=\"wp-block-image size-full\"><img loading=\"lazy\" decoding=\"async\" width=\"1200\" height=\"1200\" src=\"https:\/\/analysedanmark.dk\/wp-content\/uploads\/2024\/11\/giu-vicente-3_uiwITfv4M-unsplash-1.webp\" alt=\"\" class=\"wp-image-43057\" srcset=\"https:\/\/analysedanmark.dk\/wp-content\/uploads\/2024\/11\/giu-vicente-3_uiwITfv4M-unsplash-1.webp 1200w, https:\/\/analysedanmark.dk\/wp-content\/uploads\/2024\/11\/giu-vicente-3_uiwITfv4M-unsplash-1-640x640.webp 640w, https:\/\/analysedanmark.dk\/wp-content\/uploads\/2024\/11\/giu-vicente-3_uiwITfv4M-unsplash-1-768x768.webp 768w, https:\/\/analysedanmark.dk\/wp-content\/uploads\/2024\/11\/giu-vicente-3_uiwITfv4M-unsplash-1-300x300.webp 300w, https:\/\/analysedanmark.dk\/wp-content\/uploads\/2024\/11\/giu-vicente-3_uiwITfv4M-unsplash-1-400x400.webp 400w, https:\/\/analysedanmark.dk\/wp-content\/uploads\/2024\/11\/giu-vicente-3_uiwITfv4M-unsplash-1-600x600.webp 600w\" sizes=\"auto, (max-width: 1200px) 100vw, 1200px\" \/><\/figure>\n\n<\/div><\/div>\n\n<div class=\"gb-grid-column gb-grid-column-44584bd0\"><div class=\"gb-container gb-container-44584bd0\">\n\n<h2 class=\"gb-headline gb-headline-c2afdff5 gb-headline-text\">Fokusgrupper er et ideelt v\u00e6rkt\u00f8j til afd\u00e6kning af:<\/h2>\n\n\n\n<ul class=\"wp-block-list\">\n<li>Potentiale for nye produkter<\/li>\n\n\n\n<li>M\u00e5lgruppens vurdering af et nyt markedsf\u00f8ringskoncept<\/li>\n\n\n\n<li>M\u00e5lgruppens reaktioner p\u00e5 reklame- og informationskampagner<\/li>\n\n\n\n<li>Baggrunden for en eventuel modstand over for et produkt<\/li>\n\n\n\n<li>Hvad kunderne l\u00e6gger v\u00e6gt p\u00e5 i forhold til&nbsp;valg af&nbsp;leverand\u00f8r<\/li>\n\n\n\n<li>Trendspotting og udviklingsretninger inden for m\u00e5lgruppen<\/li>\n<\/ul>\n\n<\/div><\/div>\n<\/div>\n<\/div>\n<\/div>\n<\/div>\n\n<div class=\"gb-container gb-container-0c83677d\">\n<div class=\"gb-container gb-container-a5391143 gbp-section\">\n<div class=\"gb-container gb-container-93ca79a7 gbp-section__inner\">\n<div class=\"gb-grid-wrapper gb-grid-wrapper-b92d2374\">\n<div class=\"gb-grid-column gb-grid-column-57d1efca\"><div class=\"gb-container gb-container-57d1efca\">\n\n<h2 class=\"gb-headline gb-headline-3f298b35 gb-headline-text\">Hvordan udf\u00f8res et fokusgruppeinterview?<\/h2>\n\n\n\n<ol class=\"wp-block-list\">\n<li>Sammen med kunden identificeres de problemomr\u00e5der, som \u00f8nskes belyst<\/li>\n\n\n\n<li>En professionelt gennemarbejdet interviewramme udarbejdes<\/li>\n\n\n\n<li>Der foretages en seri\u00f8s og professionel rekruttering af respondenter i de relevante m\u00e5lgrupper<\/li>\n\n\n\n<li>En erfaren moderator med indsigt i forbrugeradf\u00e6rd, gruppedynamik og eksplorative interviewteknikker foretager fokusgruppeinterviewene, som optages p\u00e5 video<\/li>\n\n\n\n<li>Alle rapporter skrives af vore moderatorer og leveres inden for fem arbejdsdage efter afslutningen af den sidste fokusgruppe. Rapporten har en handlingsorienteret udformning, der sikrer kunden indsigt i problemomr\u00e5der og anbefalinger til problemafhj\u00e6lpning<\/li>\n\n\n\n<li>Et fokusgruppeinterview er som udgangspunkt dynamisk og eksplorativt, og vil kunne afd\u00e6kke kontraster i m\u00e5lgruppens holdninger og dermed ogs\u00e5 baggrunden for dennes valgkriterier og beslutningsprocesser<\/li>\n<\/ol>\n\n\n\n<p>Analyse Danmark afrapporterer i form af en fuldt kommenteret rapport med hovedkonklusion, delkonklusioner og anbefalinger. Dertil kan du som kunde v\u00e6lge at modtage en pr\u00e6sentation af resultatet.<\/p>\n\n\n<div class=\"wp-block-image\">\n<figure class=\"alignleft size-thumbnail is-resized\"><a href=\"https:\/\/damixa.dk\/\" rel=\"nofollow noopener\" target=\"_blank\"><img loading=\"lazy\" decoding=\"async\" width=\"360\" height=\"240\" src=\"https:\/\/analysedanmark.dk\/wp-content\/uploads\/2024\/12\/damixalogo-360x240.png\" alt=\"Damixa logo\" class=\"wp-image-44077\" style=\"width:87px;height:auto\"\/><\/a><\/figure>\n<\/div>\n\n\n<a class=\"gb-button gb-button-bf023fdd gb-button-text gbp-button--primary\" href=\"https:\/\/analysedanmark.dk\/de\/boxen\/damixa\/\">Fokusgruppe-case for Damixa<\/a>\n\n<\/div><\/div>\n\n<div class=\"gb-grid-column gb-grid-column-8020f66b\"><div class=\"gb-container gb-container-8020f66b\">\n\n<figure class=\"wp-block-image size-full\"><img loading=\"lazy\" decoding=\"async\" width=\"1000\" height=\"667\" src=\"https:\/\/analysedanmark.dk\/wp-content\/uploads\/2025\/01\/shutterstock_2476653977.jpg\" alt=\"Schwerpunktgruppen\" class=\"wp-image-44411\" srcset=\"https:\/\/analysedanmark.dk\/wp-content\/uploads\/2025\/01\/shutterstock_2476653977.jpg 1000w, https:\/\/analysedanmark.dk\/wp-content\/uploads\/2025\/01\/shutterstock_2476653977-640x427.jpg 640w, https:\/\/analysedanmark.dk\/wp-content\/uploads\/2025\/01\/shutterstock_2476653977-360x240.jpg 360w, https:\/\/analysedanmark.dk\/wp-content\/uploads\/2025\/01\/shutterstock_2476653977-768x512.jpg 768w\" sizes=\"auto, (max-width: 1000px) 100vw, 1000px\" \/><\/figure>\n\n<\/div><\/div>\n<\/div>\n<\/div>\n<\/div>\n<\/div>\n<\/div>","protected":false},"excerpt":{"rendered":"","protected":false},"author":4,"featured_media":0,"parent":43688,"menu_order":0,"comment_status":"closed","ping_status":"closed","template":"","meta":{"_acf_changed":false,"footnotes":""},"class_list":["post-43770","page","type-page","status-publish"],"acf":[],"_links":{"self":[{"href":"https:\/\/analysedanmark.dk\/de\/wp-json\/wp\/v2\/pages\/43770","targetHints":{"allow":["GET"]}}],"collection":[{"href":"https:\/\/analysedanmark.dk\/de\/wp-json\/wp\/v2\/pages"}],"about":[{"href":"https:\/\/analysedanmark.dk\/de\/wp-json\/wp\/v2\/types\/page"}],"author":[{"embeddable":true,"href":"https:\/\/analysedanmark.dk\/de\/wp-json\/wp\/v2\/users\/4"}],"replies":[{"embeddable":true,"href":"https:\/\/analysedanmark.dk\/de\/wp-json\/wp\/v2\/comments?post=43770"}],"version-history":[{"count":5,"href":"https:\/\/analysedanmark.dk\/de\/wp-json\/wp\/v2\/pages\/43770\/revisions"}],"predecessor-version":[{"id":234900,"href":"https:\/\/analysedanmark.dk\/de\/wp-json\/wp\/v2\/pages\/43770\/revisions\/234900"}],"up":[{"embeddable":true,"href":"https:\/\/analysedanmark.dk\/de\/wp-json\/wp\/v2\/pages\/43688"}],"wp:attachment":[{"href":"https:\/\/analysedanmark.dk\/de\/wp-json\/wp\/v2\/media?parent=43770"}],"curies":[{"name":"wp","href":"https:\/\/api.w.org\/{rel}","templated":true}]}}