{"id":43764,"date":"2024-12-10T11:10:11","date_gmt":"2024-12-10T10:10:11","guid":{"rendered":"https:\/\/analysedanmark.stage.heyrobot.com\/?page_id=43764"},"modified":"2025-05-01T12:48:29","modified_gmt":"2025-05-01T10:48:29","slug":"duointerview","status":"publish","type":"page","link":"https:\/\/analysedanmark.dk\/de\/metoder\/kvalitative-metoder\/duointerview\/","title":{"rendered":"Duo-Interview"},"content":{"rendered":"<div class=\"gb-container gb-container-f3427f21\">\n<div class=\"gb-container gb-container-84580139\">\n<header class=\"gb-container gb-container-58a76ced\">\n<div class=\"gb-container gb-container-3224c6ce gbp-section__inner\">\n<div class=\"gb-grid-wrapper gb-grid-wrapper-d7355558\">\n<div class=\"gb-grid-column gb-grid-column-516ff6c2\"><div class=\"gb-container gb-container-516ff6c2\">\n\n<p class=\"gb-headline gb-headline-ad6edd9c gb-headline-text gbp-section__tagline\">Kvalitativ metode<\/p>\n\n\n\n<h1 class=\"gb-headline gb-headline-0e509d67 gb-headline-text\">Duo-Interview<\/h1>\n\n\n\n<p>Duointerviewet er en variant af det&nbsp;personlige interview. I duointerviews g\u00f8res brug af dialogen mellem to parter, f.eks. \u00e6gtepar, venner eller en for\u00e6lder og et barn. Ved at s\u00e6tte hovedinterviewpersonen sammen med en anden, der kender vedkommende, opst\u00e5r en s\u00e6rlig form for co-interview, hvor deltagerne kan huske hinanden p\u00e5 forskellige ting, bidrage med supplerende oplysninger eller s\u00e6tte tingene i perspektiv.<\/p>\n\n\n\n<p>En udvidelse af duointerviewet er familieinterviewet, hvor flere familiemedlemmer deltager. Her inddrages typisk familiemedlemmernes forskellige roller og adf\u00e6rd ift. det testede tema eller produkt\/kommunikation, f.eks. hvordan en beslutningsproces finder sted eller hvordan man tilbringer sin f\u00e6lles tid i hjemmet.<\/p>\n\n<\/div><\/div>\n\n<div class=\"gb-grid-column gb-grid-column-38b0cc66\"><div class=\"gb-container gb-container-38b0cc66\">\n\n<figure class=\"gb-block-image gb-block-image-6f1ffcca\"><img decoding=\"async\" class=\"gb-image gb-image-6f1ffcca gbp--border-radius\" src=\"https:\/\/gpsites.co\/affinity\/wp-content\/uploads\/sites\/147\/2024\/06\/nordwood-themes-ubIWo074QlU-unsplash-300x225.webp\" alt=\"\" title=\"nordwood-themes-ubIWo074QlU-unsplash\"><\/figure>\n\n\n\n<figure class=\"gb-block-image gb-block-image-e235177f\"><img decoding=\"async\" class=\"gb-image gb-image-e235177f gbp--border-radius\" src=\"https:\/\/gpsites.co\/affinity\/wp-content\/uploads\/sites\/147\/2024\/06\/walling-UP7JSnodG2M-unsplash-300x225.webp\" alt=\"\" title=\"walling-UP7JSnodG2M-unsplash\"><\/figure>\n\n<\/div><\/div>\n<\/div>\n<\/div>\n<\/header>\n<\/div>\n\n<div class=\"gb-container gb-container-b510b0bb\">\n<div class=\"gb-container gb-container-7e6d0854 gbp-section\">\n<div class=\"gb-container gb-container-3ff20a45 gbp-section__inner\">\n<div class=\"gb-grid-wrapper gb-grid-wrapper-d4759108\">\n<div class=\"gb-grid-column gb-grid-column-c739950f\"><div class=\"gb-container gb-container-c739950f\">\n\n<figure class=\"wp-block-image size-full\"><img loading=\"lazy\" decoding=\"async\" width=\"1200\" height=\"1200\" src=\"https:\/\/analysedanmark.dk\/wp-content\/uploads\/2024\/11\/giu-vicente-3_uiwITfv4M-unsplash-1.webp\" alt=\"\" class=\"wp-image-43057\" srcset=\"https:\/\/analysedanmark.dk\/wp-content\/uploads\/2024\/11\/giu-vicente-3_uiwITfv4M-unsplash-1.webp 1200w, https:\/\/analysedanmark.dk\/wp-content\/uploads\/2024\/11\/giu-vicente-3_uiwITfv4M-unsplash-1-640x640.webp 640w, https:\/\/analysedanmark.dk\/wp-content\/uploads\/2024\/11\/giu-vicente-3_uiwITfv4M-unsplash-1-768x768.webp 768w, https:\/\/analysedanmark.dk\/wp-content\/uploads\/2024\/11\/giu-vicente-3_uiwITfv4M-unsplash-1-300x300.webp 300w, https:\/\/analysedanmark.dk\/wp-content\/uploads\/2024\/11\/giu-vicente-3_uiwITfv4M-unsplash-1-400x400.webp 400w, https:\/\/analysedanmark.dk\/wp-content\/uploads\/2024\/11\/giu-vicente-3_uiwITfv4M-unsplash-1-600x600.webp 600w\" sizes=\"auto, (max-width: 1200px) 100vw, 1200px\" \/><\/figure>\n\n<\/div><\/div>\n\n<div class=\"gb-grid-column gb-grid-column-44584bd0\"><div class=\"gb-container gb-container-44584bd0\">\n\n<h2 class=\"gb-headline gb-headline-c2afdff5 gb-headline-text\">Observation i hjemmet samt inddragelse af artefakter<\/h2>\n\n\n\n<p>I begge tilf\u00e6lde foreg\u00e5r interviews typisk hjemme hos deltagerne.<\/p>\n\n\n\n<p>Observation i hjemmet samt inddragelse af artefakter bidrager med et meget fyldestg\u00f8rende billede af, hvordan tingene foreg\u00e5r i praksis.<\/p>\n\n\n\n<p>Vi bruger altid visuelle \u00f8velser eller sm\u00e5 cases, som bidrager til at afd\u00e6kke de mere emotionelle argumenter og komme et spadestik dybere end de rationelle svar og dermed t\u00e6ttere p\u00e5, hvad folk egentlig g\u00f8r, og ikke bare hvad de siger, de g\u00f8r.<\/p>\n\n<\/div><\/div>\n<\/div>\n<\/div>\n<\/div>\n<\/div>\n<\/div>\n\n<div class=\"gb-container gb-container-671213ee\"><\/div>","protected":false},"excerpt":{"rendered":"","protected":false},"author":4,"featured_media":0,"parent":43688,"menu_order":0,"comment_status":"closed","ping_status":"closed","template":"","meta":{"_acf_changed":false,"footnotes":""},"class_list":["post-43764","page","type-page","status-publish"],"acf":[],"_links":{"self":[{"href":"https:\/\/analysedanmark.dk\/de\/wp-json\/wp\/v2\/pages\/43764","targetHints":{"allow":["GET"]}}],"collection":[{"href":"https:\/\/analysedanmark.dk\/de\/wp-json\/wp\/v2\/pages"}],"about":[{"href":"https:\/\/analysedanmark.dk\/de\/wp-json\/wp\/v2\/types\/page"}],"author":[{"embeddable":true,"href":"https:\/\/analysedanmark.dk\/de\/wp-json\/wp\/v2\/users\/4"}],"replies":[{"embeddable":true,"href":"https:\/\/analysedanmark.dk\/de\/wp-json\/wp\/v2\/comments?post=43764"}],"version-history":[{"count":5,"href":"https:\/\/analysedanmark.dk\/de\/wp-json\/wp\/v2\/pages\/43764\/revisions"}],"predecessor-version":[{"id":44347,"href":"https:\/\/analysedanmark.dk\/de\/wp-json\/wp\/v2\/pages\/43764\/revisions\/44347"}],"up":[{"embeddable":true,"href":"https:\/\/analysedanmark.dk\/de\/wp-json\/wp\/v2\/pages\/43688"}],"wp:attachment":[{"href":"https:\/\/analysedanmark.dk\/de\/wp-json\/wp\/v2\/media?parent=43764"}],"curies":[{"name":"wp","href":"https:\/\/api.w.org\/{rel}","templated":true}]}}