{"id":43517,"date":"2024-12-05T03:27:05","date_gmt":"2024-12-05T02:27:05","guid":{"rendered":"https:\/\/analysedanmark.stage.heyrobot.com\/?page_id=43517"},"modified":"2025-05-01T13:08:06","modified_gmt":"2025-05-01T11:08:06","slug":"detailhandelsanalyser","status":"publish","type":"page","link":"https:\/\/analysedanmark.dk\/de\/ydelser\/detailhandelsanalyser\/","title":{"rendered":"detailhandelsanalyser"},"content":{"rendered":"<div class=\"gb-container gb-container-69085cdc\">\n<header class=\"gb-container gb-container-58a76ced\">\n<div class=\"gb-container gb-container-3224c6ce gbp-section__inner\">\n<div class=\"gb-grid-wrapper gb-grid-wrapper-d7355558\">\n<div class=\"gb-grid-column gb-grid-column-516ff6c2\"><div class=\"gb-container gb-container-516ff6c2\">\n\n<p class=\"gb-headline gb-headline-ad6edd9c gb-headline-text gbp-section__tagline\">Effektiviser jeres markedsf\u00f8ringsindsats<\/p>\n\n\n\n<h1 class=\"gb-headline gb-headline-0e509d67 gb-headline-text\">Einzelhandelsanalysen<\/h1>\n\n\n\n<p class=\"gb-headline gb-headline-cf6f9690 gb-headline-text\">Der bruges store summer p\u00e5 markedsf\u00f8ring i og omkring detailhandelsk\u00e6derne i Danmark; s\u00e5vel af k\u00e6derne selv, som af leverand\u00f8rerne. Derfor er det s\u00e6rdeles vigtigt at m\u00e5le effekten af disse investeringer, uanset om der er tale om dagligvareforretninger, kiosksektoren, specialforretninger eller udvalgsvareforretninger.<\/p>\n\n\n\n<p>Traditionelt har man m\u00e5lt resultaterne af markedsf\u00f8ringen i form af butikkernes salgstal, men i dag er dette i de fleste tilf\u00e6lde ikke tilstr\u00e6kkeligt, idet markedsf\u00f8ringen i detailhandelen ikke kun har det direkte salg som m\u00e5ls\u00e6tning, men ogs\u00e5 indg\u00e5r som en parameter i firmaernes samlede markedsf\u00f8ringsindsats.<\/p>\n\n<\/div><\/div>\n\n<div class=\"gb-grid-column gb-grid-column-38b0cc66\"><div class=\"gb-container gb-container-38b0cc66\">\n\n<figure class=\"gb-block-image gb-block-image-6f1ffcca\"><img loading=\"lazy\" decoding=\"async\" width=\"640\" height=\"427\" class=\"gb-image gb-image-6f1ffcca hey_image_fx gbp--border-radius\" src=\"https:\/\/analysedanmark.dk\/wp-content\/uploads\/2025\/01\/shutterstock_2496682153-1-640x427.jpg\" alt=\"\" title=\"Portr\u00e4t,der,gl\u00fccklichen,Frau,beim,Einkauf,von,Lebensmitteln,im,Supermarkt,und,auf der Suche\" srcset=\"https:\/\/analysedanmark.dk\/wp-content\/uploads\/2025\/01\/shutterstock_2496682153-1-640x427.jpg 640w, https:\/\/analysedanmark.dk\/wp-content\/uploads\/2025\/01\/shutterstock_2496682153-1-1280x854.jpg 1280w, https:\/\/analysedanmark.dk\/wp-content\/uploads\/2025\/01\/shutterstock_2496682153-1-360x240.jpg 360w, https:\/\/analysedanmark.dk\/wp-content\/uploads\/2025\/01\/shutterstock_2496682153-1-768x512.jpg 768w, https:\/\/analysedanmark.dk\/wp-content\/uploads\/2025\/01\/shutterstock_2496682153-1-1536x1025.jpg 1536w, https:\/\/analysedanmark.dk\/wp-content\/uploads\/2025\/01\/shutterstock_2496682153-1-2048x1366.jpg 2048w\" sizes=\"auto, (max-width: 640px) 100vw, 640px\"><\/figure>\n\n\n\n<figure class=\"gb-block-image gb-block-image-e235177f\"><img decoding=\"async\" class=\"gb-image gb-image-e235177f hey_image_fx gbp--border-radius\" src=\"https:\/\/gpsites.co\/affinity\/wp-content\/uploads\/sites\/147\/2024\/06\/walling-UP7JSnodG2M-unsplash-300x225.webp\" alt=\"\" title=\"walling-UP7JSnodG2M-unsplash\"><\/figure>\n\n<\/div><\/div>\n<\/div>\n<\/div>\n<\/header>\n<\/div>\n\n<div class=\"gb-container gb-container-c776e815\">\n<div class=\"gb-container gb-container-713676bd gbp-section__inner\">\n<div class=\"gb-grid-wrapper gb-grid-wrapper-686de9ba\">\n<div class=\"gb-grid-column gb-grid-column-ea268650\"><div class=\"gb-container gb-container-ea268650\">\n<div class=\"gb-container gb-container-4ae9c7d3\">\n\n<div class=\"gb-headline gb-headline-4584a96d\"><span class=\"gb-icon\"><svg viewbox=\"0 0 256 256\" height=\"32\" width=\"32\" xmlns=\"http:\/\/www.w3.org\/2000\/svg\"><path d=\"M58.34,101.66l-32-32a8,8,0,0,1,0-11.32l32-32A8,8,0,0,1,69.66,37.66L43.31,64,69.66,90.34a8,8,0,0,1-11.32,11.32Zm40,0a8,8,0,0,0,11.32,0l32-32a8,8,0,0,0,0-11.32l-32-32A8,8,0,0,0,98.34,37.66L124.69,64,98.34,90.34A8,8,0,0,0,98.34,101.66ZM200,40H176a8,8,0,0,0,0,16h24V200H56V136a8,8,0,0,0-16,0v64a16,16,0,0,0,16,16H200a16,16,0,0,0,16-16V56A16,16,0,0,0,200,40Z\"><\/path><\/svg><\/span><\/div>\n\n\n<div class=\"gb-container gb-container-1c8b5496\">\n\n<h3 class=\"gb-headline gb-headline-bc11298b gb-headline-text\">Hall Tests<\/h3>\n\n\n\n<p>Bruges til her-og-nu m\u00e5linger af forbrugerens oplevelse i butikken.<\/p>\n\n\n\n<p>Personlige interviews gennemf\u00f8res uden for eller i butikken efter indk\u00f8bsoplevelsen.<\/p>\n\n<\/div>\n<\/div>\n<\/div><\/div>\n\n<div class=\"gb-grid-column gb-grid-column-9dd3916a\"><div class=\"gb-container gb-container-9dd3916a\">\n<div class=\"gb-container gb-container-8f06bfe9\">\n\n<div class=\"gb-headline gb-headline-5e5c223d\"><span class=\"gb-icon\"><svg viewbox=\"0 0 256 256\" height=\"32\" width=\"32\" xmlns=\"http:\/\/www.w3.org\/2000\/svg\"><path d=\"M230.91,172A8,8,0,0,1,228,182.91l-96,56a8,8,0,0,1-8.06,0l-96-56A8,8,0,0,1,36,169.09l92,53.65,92-53.65A8,8,0,0,1,230.91,172ZM220,121.09l-92,53.65L36,121.09A8,8,0,0,0,28,134.91l96,56a8,8,0,0,0,8.06,0l96-56A8,8,0,1,0,220,121.09ZM24,80a8,8,0,0,1,4-6.91l96-56a8,8,0,0,1,8.06,0l96,56a8,8,0,0,1,0,13.82l-96,56a8,8,0,0,1-8.06,0l-96-56A8,8,0,0,1,24,80Zm23.88,0L128,126.74,208.12,80,128,33.26Z\"><\/path><\/svg><\/span><\/div>\n\n\n<div class=\"gb-container gb-container-006115cb\">\n\n<h3 class=\"gb-headline gb-headline-3fe79a7d gb-headline-text\">Instore Observationer<\/h3>\n\n\n\n<p>Analyse af forbrugerens reaktioner, handlings- og bev\u00e6gelsesm\u00f8nstre i butikken.<\/p>\n\n\n\n<p>Omfatter struktureret overv\u00e5gning, ofte kombineret med interviews og eventuelt brug af video.<\/p>\n\n<\/div>\n<\/div>\n<\/div><\/div>\n\n<div class=\"gb-grid-column gb-grid-column-83a3618b\"><div class=\"gb-container gb-container-83a3618b\">\n<div class=\"gb-container gb-container-cd5b8909\">\n\n<div class=\"gb-headline gb-headline-6879b666\"><span class=\"gb-icon\"><svg xmlns=\"http:\/\/www.w3.org\/2000\/svg\" width=\"32\" height=\"32\" viewbox=\"0 0 256 256\"><path d=\"M224,40V76a8,8,0,0,1-16,0V48H180a8,8,0,0,1,0-16h36A8,8,0,0,1,224,40Zm-8,132a8,8,0,0,0-8,8v28H180a8,8,0,0,0,0,16h36a8,8,0,0,0,8-8V180A8,8,0,0,0,216,172ZM76,208H48V180a8,8,0,0,0-16,0v36a8,8,0,0,0,8,8H76a8,8,0,0,0,0-16ZM40,84a8,8,0,0,0,8-8V48H76a8,8,0,0,0,0-16H40a8,8,0,0,0-8,8V76A8,8,0,0,0,40,84Zm136,92a8,8,0,0,1-6.41-3.19,52,52,0,0,0-83.2,0,8,8,0,1,1-12.8-9.62A67.94,67.94,0,0,1,101,141.51a40,40,0,1,1,53.94,0,67.94,67.94,0,0,1,27.43,21.68A8,8,0,0,1,176,176Zm-48-40a24,24,0,1,0-24-24A24,24,0,0,0,128,136Z\"><\/path><\/svg><\/span><\/div>\n\n\n<div class=\"gb-container gb-container-07922ee9\">\n\n<h3 class=\"gb-headline gb-headline-3a725d3e gb-headline-text\">Ad Hoc Unders\u00f8gelser<\/h3>\n\n\n\n<p>Online, telefon eller personlige interviews til afd\u00e6kning af indk\u00f8bsadf\u00e6rd, pr\u00e6ferencer og holdninger.<\/p>\n\n\n\n<p>Anvendes ogs\u00e5 til pr\u00e6-tests af instore kommunikation.<\/p>\n\n<\/div>\n<\/div>\n<\/div><\/div>\n\n<div class=\"gb-grid-column gb-grid-column-2c45c92e\"><div class=\"gb-container gb-container-2c45c92e\">\n<div class=\"gb-container gb-container-17070e59\">\n\n<div class=\"gb-headline gb-headline-66b53d6e\"><span class=\"gb-icon\"><svg xmlns=\"http:\/\/www.w3.org\/2000\/svg\" width=\"32\" height=\"32\" viewbox=\"0 0 256 256\"><path d=\"M221.87,83.16A104.1,104.1,0,1,1,195.67,49l22.67-22.68a8,8,0,0,1,11.32,11.32l-96,96a8,8,0,0,1-11.32-11.32l27.72-27.72a40,40,0,1,0,17.87,31.09,8,8,0,1,1,16-.9,56,56,0,1,1-22.38-41.65L184.3,60.39a87.88,87.88,0,1,0,23.13,29.67,8,8,0,0,1,14.44-6.9Z\"><\/path><\/svg><\/span><\/div>\n\n\n<div class=\"gb-container gb-container-eb769479\">\n\n<h3 class=\"gb-headline gb-headline-cd0f47d4 gb-headline-text\">Brug af Video<\/h3>\n\n\n\n<p>Videooptagelser kan v\u00e6re et supplement til instore observationer for at dokumentere adf\u00e6rden.<\/p>\n\n<\/div>\n<\/div>\n<\/div><\/div>\n<\/div>\n<\/div>\n<\/div>","protected":false},"excerpt":{"rendered":"","protected":false},"author":4,"featured_media":0,"parent":35209,"menu_order":0,"comment_status":"closed","ping_status":"closed","template":"","meta":{"_acf_changed":false,"footnotes":""},"class_list":["post-43517","page","type-page","status-publish"],"acf":[],"_links":{"self":[{"href":"https:\/\/analysedanmark.dk\/de\/wp-json\/wp\/v2\/pages\/43517","targetHints":{"allow":["GET"]}}],"collection":[{"href":"https:\/\/analysedanmark.dk\/de\/wp-json\/wp\/v2\/pages"}],"about":[{"href":"https:\/\/analysedanmark.dk\/de\/wp-json\/wp\/v2\/types\/page"}],"author":[{"embeddable":true,"href":"https:\/\/analysedanmark.dk\/de\/wp-json\/wp\/v2\/users\/4"}],"replies":[{"embeddable":true,"href":"https:\/\/analysedanmark.dk\/de\/wp-json\/wp\/v2\/comments?post=43517"}],"version-history":[{"count":5,"href":"https:\/\/analysedanmark.dk\/de\/wp-json\/wp\/v2\/pages\/43517\/revisions"}],"predecessor-version":[{"id":190834,"href":"https:\/\/analysedanmark.dk\/de\/wp-json\/wp\/v2\/pages\/43517\/revisions\/190834"}],"up":[{"embeddable":true,"href":"https:\/\/analysedanmark.dk\/de\/wp-json\/wp\/v2\/pages\/35209"}],"wp:attachment":[{"href":"https:\/\/analysedanmark.dk\/de\/wp-json\/wp\/v2\/media?parent=43517"}],"curies":[{"name":"wp","href":"https:\/\/api.w.org\/{rel}","templated":true}]}}