{"id":43515,"date":"2024-12-05T03:26:24","date_gmt":"2024-12-05T02:26:24","guid":{"rendered":"https:\/\/analysedanmark.stage.heyrobot.com\/?page_id=43515"},"modified":"2025-05-01T13:07:37","modified_gmt":"2025-05-01T11:07:37","slug":"benutzerumfragen","status":"publish","type":"page","link":"https:\/\/analysedanmark.dk\/de\/ydelser\/brugerundersoegelser\/","title":{"rendered":"Benutzerumfragen"},"content":{"rendered":"<header class=\"gb-container gb-container-58a76ced\">\n<div class=\"gb-container gb-container-3224c6ce gbp-section__inner\">\n<div class=\"gb-grid-wrapper gb-grid-wrapper-d7355558\">\n<div class=\"gb-grid-column gb-grid-column-516ff6c2\"><div class=\"gb-container gb-container-516ff6c2\">\n\n<p class=\"gb-headline gb-headline-ad6edd9c gb-headline-text gbp-section__tagline\">Eine Nutzerumfrage kann Ihnen zum Beispiel n\u00fctzliche Erkenntnisse \u00fcber Ihre Website liefern<\/p>\n\n\n\n<h1 class=\"gb-headline gb-headline-0e509d67 gb-headline-text\">Benutzerumfragen<\/h1>\n\n\n\n<p>Eine Nutzerumfrage gibt Aufschluss \u00fcber die Erfahrungen Ihrer Nutzer mit einem Produkt, einer Dienstleistung oder einer Website. Die Umfrage gibt in der Regel Aufschluss \u00fcber die Zufriedenheit der Nutzer und ihre Einstellung zu dem zu testenden Produkt. Der Test eines Produkts oder einer Dienstleistung ist in der Regel Teil einer&nbsp;<a href=\"https:\/\/analysedanmark.dk\/de\/dienstleistungen\/kundenanalysen\/\" data-type=\"page\" data-id=\"43523\">Kundenanalyse<\/a>. Der Schwerpunkt liegt hier auf der Nutzerforschung f\u00fcr Websites.<\/p>\n\n\n\n<p>Eine Website-Benutzerumfrage ist ideal, wenn:<\/p>\n\n\n\n<p>Die Entwicklung der Website ist im Gange - wir empfehlen einen Vor- und Nachtest, um ver\u00e4nderte Wahrnehmungen festzustellen<\/p>\n\n\n\n<p>Sie m\u00f6chten die Art der Nutzer und ihr Verhalten auf der Website kennen, um die Kommunikation zu optimieren<\/p>\n\n\n\n<p>Sie wollen die Website kontinuierlich auf der Grundlage der W\u00fcnsche der Nutzer optimieren.<\/p>\n\n<\/div><\/div>\n\n<div class=\"gb-grid-column gb-grid-column-38b0cc66\"><div class=\"gb-container gb-container-38b0cc66\">\n\n<figure class=\"gb-block-image gb-block-image-6f1ffcca\"><img decoding=\"async\" class=\"gb-image gb-image-6f1ffcca hey_image_fx gbp--border-radius\" src=\"https:\/\/gpsites.co\/affinity\/wp-content\/uploads\/sites\/147\/2024\/06\/nordwood-themes-ubIWo074QlU-unsplash-300x225.webp\" alt=\"\" title=\"nordwood-themes-ubIWo074QlU-unsplash\"><\/figure>\n\n\n\n<figure class=\"gb-block-image gb-block-image-e235177f\"><img decoding=\"async\" class=\"gb-image gb-image-e235177f hey_image_fx gbp--border-radius\" src=\"https:\/\/gpsites.co\/affinity\/wp-content\/uploads\/sites\/147\/2024\/06\/walling-UP7JSnodG2M-unsplash-300x225.webp\" alt=\"\" title=\"walling-UP7JSnodG2M-unsplash\"><\/figure>\n\n<\/div><\/div>\n<\/div>\n<\/div>\n<\/header>\n\n<div class=\"gb-container gb-container-b510b0bb\">\n<div class=\"gb-container gb-container-7e6d0854 gbp-section\">\n<div class=\"gb-container gb-container-3ff20a45 gbp-section__inner\">\n<div class=\"gb-grid-wrapper gb-grid-wrapper-d4759108\">\n<div class=\"gb-grid-column gb-grid-column-c739950f\"><div class=\"gb-container gb-container-c739950f\">\n\n<figure class=\"wp-block-image size-full hey_image_fx\"><img loading=\"lazy\" decoding=\"async\" width=\"1200\" height=\"1200\" src=\"https:\/\/analysedanmark.dk\/wp-content\/uploads\/2024\/11\/giu-vicente-3_uiwITfv4M-unsplash-1.webp\" alt=\"\" class=\"wp-image-43057\" srcset=\"https:\/\/analysedanmark.dk\/wp-content\/uploads\/2024\/11\/giu-vicente-3_uiwITfv4M-unsplash-1.webp 1200w, https:\/\/analysedanmark.dk\/wp-content\/uploads\/2024\/11\/giu-vicente-3_uiwITfv4M-unsplash-1-640x640.webp 640w, https:\/\/analysedanmark.dk\/wp-content\/uploads\/2024\/11\/giu-vicente-3_uiwITfv4M-unsplash-1-768x768.webp 768w, https:\/\/analysedanmark.dk\/wp-content\/uploads\/2024\/11\/giu-vicente-3_uiwITfv4M-unsplash-1-300x300.webp 300w, https:\/\/analysedanmark.dk\/wp-content\/uploads\/2024\/11\/giu-vicente-3_uiwITfv4M-unsplash-1-400x400.webp 400w, https:\/\/analysedanmark.dk\/wp-content\/uploads\/2024\/11\/giu-vicente-3_uiwITfv4M-unsplash-1-600x600.webp 600w\" sizes=\"auto, (max-width: 1200px) 100vw, 1200px\" \/><\/figure>\n\n<\/div><\/div>\n\n<div class=\"gb-grid-column gb-grid-column-44584bd0\"><div class=\"gb-container gb-container-44584bd0\">\n\n<h2 class=\"gb-headline gb-headline-c2afdff5 gb-headline-text\"><strong><strong>Analyse Danmark bietet Ihnen die M\u00f6glichkeit, das Verhalten Ihrer Website zu verfolgen, damit Sie Ihre Bem\u00fchungen und die Entwicklung Ihrer Website optimieren k\u00f6nnen.<\/strong><\/strong><\/h2>\n\n\n\n<p>Oft werden viele Ressourcen - finanzielle und personelle - in die Entwicklung und Pflege einer Unternehmenswebsite investiert. Das macht Sinn, denn das Internet ist heute oft der erste Anlaufpunkt f\u00fcr neue Kunden und damit ein m\u00f6glicher Beginn einer langen Kundenbeziehung.<\/p>\n\n\n\n<p>Aber nicht nur neue Kunden nutzen die Website. Presse, Wettbewerber, (k\u00fcnftige) Mitarbeiter und andere Interessengruppen k\u00f6nnen \u00fcber Ihre Website einen Einblick in Ihre Welt gewinnen. Das Problem ist oft, dass das Unternehmen nicht genug \u00fcber die Wahrnehmung der Website durch die Nutzer oder deren Verhalten wei\u00df.<\/p>\n\n\n\n<p><strong>Mit anderen Worten: Bekommen Sie genug von Ihren Besuchern? Wissen Sie, wer sie sind - und bekommen sie das, wof\u00fcr sie gekommen sind?<\/strong><\/p>\n\n\n\n<p>Analyse Denmark schl\u00e4gt vor, die eigene Wahrnehmung durch Fragen an die Nutzer selbst zu erg\u00e4nzen!<\/p>\n\n<\/div><\/div>\n<\/div>\n<\/div>\n<\/div>\n<\/div>\n\n<div class=\"gb-container gb-container-0c83677d\">\n<div class=\"gb-container gb-container-a5391143 gbp-section\">\n<div class=\"gb-container gb-container-93ca79a7 gbp-section__inner\">\n<div class=\"gb-grid-wrapper gb-grid-wrapper-b92d2374\">\n<div class=\"gb-grid-column gb-grid-column-57d1efca\"><div class=\"gb-container gb-container-57d1efca\">\n\n<h2 class=\"gb-headline gb-headline-9d1ec87b gb-headline-text\">Die Methoden<\/h2>\n\n\n\n<p>Eine vollst\u00e4ndige Nutzerbefragung Ihrer Website kann je nach Verkehrsaufkommen innerhalb von 2-3 Wochen abgeschlossen werden, wodurch die Aktualit\u00e4t der Ergebnisse gew\u00e4hrleistet ist.<\/p>\n\n\n\n<p>Analyse Denmark kann alles liefern, von Rohdaten bis hin zu einer Analyse mit Schlussfolgerungen und Empfehlungen. Wenn Sie sich f\u00fcr Letzteres entscheiden, erfolgt dies in Form eines vollst\u00e4ndigen und kommentierten Berichts mit \u00dcbersichtsgrafiken, Empfehlungen und einem vollst\u00e4ndigen Satz von Tabellen mit H\u00e4ufigkeits- und Kreuztabellen.<\/p>\n\n\n\n<ul class=\"wp-block-list\">\n<li>Nutzer, die auf Ihre Website klicken, werden mit einem Pop-up-Fragebogen konfrontiert, der zu diesem Zweck entwickelt wurde.<\/li>\n\n\n\n<li>Das Pop-up-Fenster ist Cookie- und frequenzgesteuert, so dass der Benutzer nicht mehrfach mit demselben Formular bel\u00e4stigt wird. Der Benutzer beantwortet die Fragen, und nach mind. 500 Beantwortungen wird die Umfrage gestoppt.<\/li>\n<\/ul>\n\n<\/div><\/div>\n\n<div class=\"gb-grid-column gb-grid-column-8020f66b\"><div class=\"gb-container gb-container-8020f66b\">\n\n<figure class=\"wp-block-image size-full hey_image_fx\"><img loading=\"lazy\" decoding=\"async\" width=\"1200\" height=\"1200\" src=\"https:\/\/analysedanmark.dk\/wp-content\/uploads\/2024\/11\/giu-vicente-3_uiwITfv4M-unsplash-1.webp\" alt=\"\" class=\"wp-image-43057\" srcset=\"https:\/\/analysedanmark.dk\/wp-content\/uploads\/2024\/11\/giu-vicente-3_uiwITfv4M-unsplash-1.webp 1200w, https:\/\/analysedanmark.dk\/wp-content\/uploads\/2024\/11\/giu-vicente-3_uiwITfv4M-unsplash-1-640x640.webp 640w, https:\/\/analysedanmark.dk\/wp-content\/uploads\/2024\/11\/giu-vicente-3_uiwITfv4M-unsplash-1-768x768.webp 768w, https:\/\/analysedanmark.dk\/wp-content\/uploads\/2024\/11\/giu-vicente-3_uiwITfv4M-unsplash-1-300x300.webp 300w, https:\/\/analysedanmark.dk\/wp-content\/uploads\/2024\/11\/giu-vicente-3_uiwITfv4M-unsplash-1-400x400.webp 400w, https:\/\/analysedanmark.dk\/wp-content\/uploads\/2024\/11\/giu-vicente-3_uiwITfv4M-unsplash-1-600x600.webp 600w\" sizes=\"auto, (max-width: 1200px) 100vw, 1200px\" \/><\/figure>\n\n<\/div><\/div>\n<\/div>\n<\/div>\n<\/div>\n<\/div>","protected":false},"excerpt":{"rendered":"","protected":false},"author":4,"featured_media":0,"parent":35209,"menu_order":0,"comment_status":"closed","ping_status":"closed","template":"","meta":{"_acf_changed":false,"footnotes":""},"class_list":["post-43515","page","type-page","status-publish"],"acf":[],"_links":{"self":[{"href":"https:\/\/analysedanmark.dk\/de\/wp-json\/wp\/v2\/pages\/43515","targetHints":{"allow":["GET"]}}],"collection":[{"href":"https:\/\/analysedanmark.dk\/de\/wp-json\/wp\/v2\/pages"}],"about":[{"href":"https:\/\/analysedanmark.dk\/de\/wp-json\/wp\/v2\/types\/page"}],"author":[{"embeddable":true,"href":"https:\/\/analysedanmark.dk\/de\/wp-json\/wp\/v2\/users\/4"}],"replies":[{"embeddable":true,"href":"https:\/\/analysedanmark.dk\/de\/wp-json\/wp\/v2\/comments?post=43515"}],"version-history":[{"count":5,"href":"https:\/\/analysedanmark.dk\/de\/wp-json\/wp\/v2\/pages\/43515\/revisions"}],"predecessor-version":[{"id":234832,"href":"https:\/\/analysedanmark.dk\/de\/wp-json\/wp\/v2\/pages\/43515\/revisions\/234832"}],"up":[{"embeddable":true,"href":"https:\/\/analysedanmark.dk\/de\/wp-json\/wp\/v2\/pages\/35209"}],"wp:attachment":[{"href":"https:\/\/analysedanmark.dk\/de\/wp-json\/wp\/v2\/media?parent=43515"}],"curies":[{"name":"wp","href":"https:\/\/api.w.org\/{rel}","templated":true}]}}