{"id":35209,"date":"2023-10-15T20:27:32","date_gmt":"2023-10-15T20:27:32","guid":{"rendered":"https:\/\/gpsites.co\/affinity\/?page_id=35209"},"modified":"2025-05-01T13:16:06","modified_gmt":"2025-05-01T11:16:06","slug":"dienstleistungen","status":"publish","type":"page","link":"https:\/\/analysedanmark.dk\/de\/ydelser\/","title":{"rendered":"Dienstleistungen und Vorteile"},"content":{"rendered":"<header class=\"gb-container gb-container-fa2dff78 gbp--border-radius\">\n<div class=\"gb-container gb-container-d2d53606 gbp-section__inner\">\n<div class=\"gb-grid-wrapper gb-grid-wrapper-781df5b1\">\n<div class=\"gb-grid-column gb-grid-column-7de558b8\"><div class=\"gb-container gb-container-7de558b8\">\n\n<h1 class=\"gb-headline gb-headline-480e274d gb-headline-text\">Analyse Danmark er et full service analysefirma der b\u00e5de tilbyder kvantitative og kvalitative ydelser<\/h1>\n\n\n\n<p>Vi er nogle at de mest erfarne specialister inden for business til business research og analyse \u2013 vores kunder er s\u00e5vel nationale som internationale. <\/p>\n\n\n\n<p>Vi behersker en omfattende v\u00e6rkt\u00f8jskasse, som er dokumenteret over 25 \u00e5r igennem substantielle projekter for godt 80 internationale og danske virksomheder.<\/p>\n\n<\/div><\/div>\n\n<div class=\"gb-grid-column gb-grid-column-63aab36c\"><div class=\"gb-container gb-container-63aab36c\">\n\n<figure class=\"gb-block-image gb-block-image-e61ea73b\"><img decoding=\"async\" class=\"gb-image gb-image-e61ea73b hey_image_fx gbp--border-radius\" src=\"https:\/\/gpsites.co\/affinity\/wp-content\/uploads\/sites\/147\/2024\/11\/giu-vicente-3_uiwITfv4M-unsplash-1-1024x1024.webp\" alt=\"\" title=\"giu-vicente-3_uiwITfv4M-unsplash-1\"><\/figure>\n\n\n\n<figure class=\"gb-block-image gb-block-image-90213ab8\"><img decoding=\"async\" class=\"gb-image gb-image-90213ab8 hey_image_fx gbp--border-radius\" src=\"https:\/\/gpsites.co\/affinity\/wp-content\/uploads\/sites\/147\/2024\/06\/kelly-sikkema-YK0HPwWDJ1I-unsplash-300x200.webp\" alt=\"\" title=\"kelly-sikkema-YK0HPwWDJ1I-unsplash\"><\/figure>\n\n<\/div><\/div>\n<\/div>\n<\/div>\n<\/header>\n\n<div class=\"gb-container gb-container-2ac196d8 gbp-section\">\n<div class=\"gb-container gb-container-4e37785e gbp-section__inner\">\n<div class=\"gb-container gb-container-2f2fb4d6 gbp--margin-after\">\n\n<p class=\"gb-headline gb-headline-a5332fc8 gb-headline-text gbp-section__tagline\">Vores ydelser<\/p>\n\n\n\n<h2 class=\"gb-headline gb-headline-ea2340eb gb-headline-text\">Hvad kan vi tilbyde?<\/h2>\n\n\n\n<p class=\"gb-headline gb-headline-745a546d gb-headline-text\">Analyse Danmark tilbyder et bredt analysesortiment. Vi gennemf\u00f8rer s\u00e5vel kvalitative som kvantitative m\u00e5linger samt r\u00e5dgivning i forbindelse hermed.<\/p>\n\n<\/div>\n\n<div class=\"gb-grid-wrapper gb-grid-wrapper-a38a0993\">\n<div class=\"gb-grid-column gb-grid-column-e7b2bee0\"><div class=\"gb-container gb-container-e7b2bee0 gbp-card\"><a class=\"gb-container-link\" href=\"https:\/\/analysedanmark.dk\/de\/dienstleistungen\/benutzerumfragen\/\"><\/a>\n\n<div class=\"gb-headline gb-headline-d72958e0\"><span class=\"gb-icon\"><svg viewbox=\"0 0 24 24\" fill=\"none\" height=\"24\" width=\"24\" xmlns=\"http:\/\/www.w3.org\/2000\/svg\" aria-hidden=\"true\" class=\"w-6 h-6 text-gray-800 dark:text-white\">   <path d=\"M7 17v1a1 1 0 0 0 1 1h8a1 1 0 0 0 1-1v-1a3 3 0 0 0-3-3h-4a3 3 0 0 0-3 3Zm8-9a3 3 0 1 1-6 0 3 3 0 0 1 6 0Z\" stroke-width=\"2\" stroke=\"currentColor\"><\/path> <\/svg><\/span><\/div>\n\n\n\n<h3 class=\"gb-headline gb-headline-24c982ef gb-headline-text\">Benutzerumfragen<\/h3>\n\n\n\n<p class=\"gb-headline gb-headline-f96b8ad5 gbp-section__icon-list\"><span class=\"gb-icon\"><svg viewbox=\"0 0 24 24\" fill=\"none\" height=\"24\" width=\"24\" xmlns=\"http:\/\/www.w3.org\/2000\/svg\" aria-hidden=\"true\" class=\"w-6 h-6 text-gray-800 dark:text-white\">   <path d=\"M19 12H5m14 0-4 4m4-4-4-4\" stroke-width=\"2\" stroke-linejoin=\"round\" stroke-linecap=\"round\" stroke=\"currentColor\"><\/path> <\/svg><\/span><span class=\"gb-headline-text\"><strong><a href=\"https:\/\/analysedanmark.dk\/de\/dienstleistungen\/benutzerumfragen\/\" data-type=\"page\" data-id=\"43515\">Lesen Sie hier mehr<\/a><\/strong><\/span><\/p>\n\n<\/div><\/div>\n\n<div class=\"gb-grid-column gb-grid-column-66828e8c\"><div class=\"gb-container gb-container-66828e8c gbp-card\"><a class=\"gb-container-link\" href=\"https:\/\/analysedanmark.dk\/de\/dienstleistungen\/detailhandelsanalyser\/\"><\/a>\n\n<div class=\"gb-headline gb-headline-5f02daf9\"><span class=\"gb-icon\"><svg viewbox=\"0 0 24 24\" fill=\"currentColor\" height=\"24\" width=\"24\" xmlns=\"http:\/\/www.w3.org\/2000\/svg\" aria-hidden=\"true\" class=\"w-6 h-6 text-gray-800 dark:text-white\">   <path clip-rule=\"evenodd\" d=\"M5.535 7.677c.313-.98.687-2.023.926-2.677H17.46c.253.63.646 1.64.977 2.61.166.487.312.953.416 1.347.11.42.148.675.148.779 0 .18-.032.355-.09.515-.06.161-.144.3-.243.412-.1.111-.21.192-.324.245a.809.809 0 0 1-.686 0 1.004 1.004 0 0 1-.324-.245c-.1-.112-.183-.25-.242-.412a1.473 1.473 0 0 1-.091-.515 1 1 0 1 0-2 0 1.4 1.4 0 0 1-.333.927.896.896 0 0 1-.667.323.896.896 0 0 1-.667-.323A1.401 1.401 0 0 1 13 9.736a1 1 0 1 0-2 0 1.4 1.4 0 0 1-.333.927.896.896 0 0 1-.667.323.896.896 0 0 1-.667-.323A1.4 1.4 0 0 1 9 9.74v-.008a1 1 0 0 0-2 .003v.008a1.504 1.504 0 0 1-.18.712 1.22 1.22 0 0 1-.146.209l-.007.007a1.01 1.01 0 0 1-.325.248.82.82 0 0 1-.316.08.973.973 0 0 1-.563-.256 1.224 1.224 0 0 1-.102-.103A1.518 1.518 0 0 1 5 9.724v-.006a2.543 2.543 0 0 1 .029-.207c.024-.132.06-.296.11-.49.098-.385.237-.85.395-1.344ZM4 12.112a3.521 3.521 0 0 1-1-2.376c0-.349.098-.8.202-1.208.112-.441.264-.95.428-1.46.327-1.024.715-2.104.958-2.767A1.985 1.985 0 0 1 6.456 3h11.01c.803 0 1.539.481 1.844 1.243.258.641.67 1.697 1.019 2.72a22.3 22.3 0 0 1 .457 1.487c.114.433.214.903.214 1.286 0 .412-.072.821-.214 1.207A3.288 3.288 0 0 1 20 12.16V19a2 2 0 0 1-2 2h-6a1 1 0 0 1-1-1v-4H8v4a1 1 0 0 1-1 1H6a2 2 0 0 1-2-2v-6.888ZM13 15a1 1 0 0 1 1-1h2a1 1 0 0 1 1 1v2a1 1 0 0 1-1 1h-2a1 1 0 0 1-1-1v-2Z\" fill-rule=\"evenodd\"><\/path> <\/svg><\/span><\/div>\n\n\n\n<h3 class=\"gb-headline gb-headline-dda5534c gb-headline-text\">Einzelhandelsanalysen<\/h3>\n\n\n\n<p class=\"gb-headline gb-headline-9d8820a3 gbp-section__icon-list\"><span class=\"gb-icon\"><svg viewbox=\"0 0 24 24\" fill=\"none\" height=\"24\" width=\"24\" xmlns=\"http:\/\/www.w3.org\/2000\/svg\" aria-hidden=\"true\" class=\"w-6 h-6 text-gray-800 dark:text-white\">   <path d=\"M19 12H5m14 0-4 4m4-4-4-4\" stroke-width=\"2\" stroke-linejoin=\"round\" stroke-linecap=\"round\" stroke=\"currentColor\"><\/path> <\/svg><\/span><span class=\"gb-headline-text\"><strong><a href=\"https:\/\/analysedanmark.dk\/de\/dienstleistungen\/detailhandelsanalyser\/\" data-type=\"page\" data-id=\"43517\">Lesen Sie hier mehr<\/a><\/strong><\/span><\/p>\n\n<\/div><\/div>\n\n<div class=\"gb-grid-column gb-grid-column-13764844\"><div class=\"gb-container gb-container-13764844 gbp-card\"><a class=\"gb-container-link\" href=\"https:\/\/analysedanmark.dk\/de\/dienstleistungen\/holdnings-og-opinionsundersoegelser\/\"><\/a>\n\n<div class=\"gb-headline gb-headline-4813b873\"><span class=\"gb-icon\"><svg viewbox=\"0 0 24 24\" fill=\"currentColor\" height=\"24\" width=\"24\" xmlns=\"http:\/\/www.w3.org\/2000\/svg\" aria-hidden=\"true\" class=\"w-6 h-6 text-gray-800 dark:text-white\">   <path d=\"M10 2a8 8 0 1 0 0 16 8 8 0 0 0 0-16Z\"><\/path>   <path clip-rule=\"evenodd\" d=\"M21.707 21.707a1 1 0 0 1-1.414 0l-3.5-3.5a1 1 0 0 1 1.414-1.414l3.5 3.5a1 1 0 0 1 0 1.414Z\" fill-rule=\"evenodd\"><\/path> <\/svg><\/span><\/div>\n\n\n\n<h3 class=\"gb-headline gb-headline-afd7eac4 gb-headline-text\">Opinionsunders\u00f8gelser<\/h3>\n\n\n\n<p class=\"gb-headline gb-headline-6f8f97e7 gbp-section__icon-list\"><span class=\"gb-icon\"><svg viewbox=\"0 0 24 24\" fill=\"none\" height=\"24\" width=\"24\" xmlns=\"http:\/\/www.w3.org\/2000\/svg\" aria-hidden=\"true\" class=\"w-6 h-6 text-gray-800 dark:text-white\">   <path d=\"M19 12H5m14 0-4 4m4-4-4-4\" stroke-width=\"2\" stroke-linejoin=\"round\" stroke-linecap=\"round\" stroke=\"currentColor\"><\/path> <\/svg><\/span><span class=\"gb-headline-text\"><strong><a href=\"https:\/\/analysedanmark.dk\/de\/dienstleistungen\/holdnings-og-opinionsundersoegelser\/\" data-type=\"page\" data-id=\"43519\">Lesen Sie hier mehr<\/a><\/strong><\/span><\/p>\n\n<\/div><\/div>\n<\/div>\n\n<div class=\"gb-grid-wrapper gb-grid-wrapper-43394b2b\">\n<div class=\"gb-grid-column gb-grid-column-22c2fb48\"><div class=\"gb-container gb-container-22c2fb48 gbp-card\"><a class=\"gb-container-link\" href=\"https:\/\/analysedanmark.dk\/de\/dienstleistungen\/kommunikationstest\/\"><\/a>\n\n<div class=\"gb-headline gb-headline-2770fa43\"><span class=\"gb-icon\"><svg viewbox=\"0 0 24 24\" fill=\"currentColor\" height=\"24\" width=\"24\" xmlns=\"http:\/\/www.w3.org\/2000\/svg\" aria-hidden=\"true\" class=\"w-6 h-6 text-gray-800 dark:text-white\">   <path clip-rule=\"evenodd\" d=\"M4 3a1 1 0 0 0-1 1v8a1 1 0 0 0 1 1h1v2a1 1 0 0 0 1.707.707L9.414 13H15a1 1 0 0 0 1-1V4a1 1 0 0 0-1-1H4Z\" fill-rule=\"evenodd\"><\/path>   <path clip-rule=\"evenodd\" d=\"M8.023 17.215c.033-.03.066-.062.098-.094L10.243 15H15a3 3 0 0 0 3-3V8h2a1 1 0 0 1 1 1v8a1 1 0 0 1-1 1h-1v2a1 1 0 0 1-1.707.707L14.586 18H9a1 1 0 0 1-.977-.785Z\" fill-rule=\"evenodd\"><\/path> <\/svg><\/span><\/div>\n\n\n\n<h3 class=\"gb-headline gb-headline-498669fd gb-headline-text\">Kommunikationstest<\/h3>\n\n\n\n<p class=\"gb-headline gb-headline-bf7a2712 gbp-section__icon-list\"><span class=\"gb-icon\"><svg viewbox=\"0 0 24 24\" fill=\"none\" height=\"24\" width=\"24\" xmlns=\"http:\/\/www.w3.org\/2000\/svg\" aria-hidden=\"true\" class=\"w-6 h-6 text-gray-800 dark:text-white\">   <path d=\"M19 12H5m14 0-4 4m4-4-4-4\" stroke-width=\"2\" stroke-linejoin=\"round\" stroke-linecap=\"round\" stroke=\"currentColor\"><\/path> <\/svg><\/span><span class=\"gb-headline-text\"><strong><a href=\"https:\/\/analysedanmark.dk\/de\/dienstleistungen\/kommunikationstest\/\" data-type=\"page\" data-id=\"43521\">Lesen Sie hier mehr<\/a><\/strong><\/span><\/p>\n\n<\/div><\/div>\n\n<div class=\"gb-grid-column gb-grid-column-53dc21d9\"><div class=\"gb-container gb-container-53dc21d9 gbp-card\"><a class=\"gb-container-link\" href=\"https:\/\/analysedanmark.dk\/de\/dienstleistungen\/kundenanalysen\/\"><\/a>\n\n<div class=\"gb-headline gb-headline-87467636\"><span class=\"gb-icon\"><svg viewbox=\"0 0 24 24\" fill=\"none\" height=\"24\" width=\"24\" xmlns=\"http:\/\/www.w3.org\/2000\/svg\" aria-hidden=\"true\" class=\"w-6 h-6 text-gray-800 dark:text-white\">   <path d=\"M3 15v4m6-6v6m6-4v4m6-6v6M3 11l6-5 6 5 5.5-5.5\" stroke-width=\"2\" stroke-linejoin=\"round\" stroke-linecap=\"round\" stroke=\"currentColor\"><\/path> <\/svg><\/span><\/div>\n\n\n\n<h3 class=\"gb-headline gb-headline-97d23731 gb-headline-text\">Kundenanalysen<\/h3>\n\n\n\n<p class=\"gb-headline gb-headline-d44b09da gbp-section__icon-list\"><span class=\"gb-icon\"><svg viewbox=\"0 0 24 24\" fill=\"none\" height=\"24\" width=\"24\" xmlns=\"http:\/\/www.w3.org\/2000\/svg\" aria-hidden=\"true\" class=\"w-6 h-6 text-gray-800 dark:text-white\">   <path d=\"M19 12H5m14 0-4 4m4-4-4-4\" stroke-width=\"2\" stroke-linejoin=\"round\" stroke-linecap=\"round\" stroke=\"currentColor\"><\/path> <\/svg><\/span><span class=\"gb-headline-text\"><strong><a href=\"https:\/\/analysedanmark.dk\/de\/dienstleistungen\/kundenanalysen\/\" data-type=\"page\" data-id=\"43523\">Lesen Sie hier mehr<\/a><\/strong><\/span><\/p>\n\n<\/div><\/div>\n\n<div class=\"gb-grid-column gb-grid-column-a15bd9f9\"><div class=\"gb-container gb-container-a15bd9f9 gbp-card\"><a class=\"gb-container-link\" href=\"https:\/\/analysedanmark.dk\/de\/dienstleistungen\/kundepaneler-og-medlemspaneler\/\"><\/a>\n\n<div class=\"gb-headline gb-headline-591688d8\"><span class=\"gb-icon\"><svg viewbox=\"0 0 256 256\" fill=\"#000000\" height=\"32\" width=\"32\" xmlns=\"http:\/\/www.w3.org\/2000\/svg\"><path d=\"M216,40H72A16,16,0,0,0,56,56V72H40A16,16,0,0,0,24,88V200a16,16,0,0,0,16,16H184a16,16,0,0,0,16-16V184h16a16,16,0,0,0,16-16V56A16,16,0,0,0,216,40ZM184,88v16H40V88Zm0,112H40V120H184v80Zm32-32H200V88a16,16,0,0,0-16-16H72V56H216Z\"><\/path><\/svg><\/span><\/div>\n\n\n\n<h3 class=\"gb-headline gb-headline-80384906 gb-headline-text\">Kunde- og  Medlemspaneler<\/h3>\n\n\n\n<p class=\"gb-headline gb-headline-2a7d537a gbp-section__icon-list\"><span class=\"gb-icon\"><svg viewbox=\"0 0 24 24\" fill=\"none\" height=\"24\" width=\"24\" xmlns=\"http:\/\/www.w3.org\/2000\/svg\" aria-hidden=\"true\" class=\"w-6 h-6 text-gray-800 dark:text-white\">   <path d=\"M19 12H5m14 0-4 4m4-4-4-4\" stroke-width=\"2\" stroke-linejoin=\"round\" stroke-linecap=\"round\" stroke=\"currentColor\"><\/path> <\/svg><\/span><span class=\"gb-headline-text\"><strong><a href=\"https:\/\/analysedanmark.dk\/de\/dienstleistungen\/kundepaneler-og-medlemspaneler\/\" data-type=\"page\" data-id=\"43529\">Lesen Sie hier mehr<\/a><\/strong><\/span><\/p>\n\n<\/div><\/div>\n<\/div>\n\n<div class=\"gb-grid-wrapper gb-grid-wrapper-c3c70231\">\n<div class=\"gb-grid-column gb-grid-column-109513dd\"><div class=\"gb-container gb-container-109513dd gbp-card\"><a class=\"gb-container-link\" href=\"https:\/\/analysedanmark.dk\/de\/dienstleistungen\/laeserundersoegelser\/\"><\/a>\n\n<div class=\"gb-headline gb-headline-5751b41c\"><span class=\"gb-icon\"><svg viewbox=\"0 0 24 24\" fill=\"none\" height=\"24\" width=\"24\" xmlns=\"http:\/\/www.w3.org\/2000\/svg\" aria-hidden=\"true\" class=\"w-6 h-6 text-gray-800 dark:text-white\">   <path d=\"M12 6.03v13m0-13c-2.819-.831-4.715-1.076-8.029-1.023A.99.99 0 0 0 3 6v11c0 .563.466 1.014 1.03 1.007 3.122-.043 5.018.212 7.97 1.023m0-13c2.819-.831 4.715-1.076 8.029-1.023A.99.99 0 0 1 21 6v11c0 .563-.466 1.014-1.03 1.007-3.122-.043-5.018.212-7.97 1.023\" stroke-width=\"2\" stroke-linejoin=\"round\" stroke-linecap=\"round\" stroke=\"currentColor\"><\/path> <\/svg><\/span><\/div>\n\n\n\n<h3 class=\"gb-headline gb-headline-3e1f03bc gb-headline-text\">Leserumfragen<\/h3>\n\n\n\n<p class=\"gb-headline gb-headline-cb014268 gbp-section__icon-list\"><span class=\"gb-icon\"><svg viewbox=\"0 0 24 24\" fill=\"none\" height=\"24\" width=\"24\" xmlns=\"http:\/\/www.w3.org\/2000\/svg\" aria-hidden=\"true\" class=\"w-6 h-6 text-gray-800 dark:text-white\">   <path d=\"M19 12H5m14 0-4 4m4-4-4-4\" stroke-width=\"2\" stroke-linejoin=\"round\" stroke-linecap=\"round\" stroke=\"currentColor\"><\/path> <\/svg><\/span><span class=\"gb-headline-text\"><strong><a href=\"https:\/\/analysedanmark.dk\/de\/dienstleistungen\/laeserundersoegelser\/\" data-type=\"page\" data-id=\"43531\">Lesen Sie hier mehr<\/a><\/strong><\/span><\/p>\n\n<\/div><\/div>\n\n<div class=\"gb-grid-column gb-grid-column-d1780667\"><div class=\"gb-container gb-container-d1780667 gbp-card\"><a class=\"gb-container-link\" href=\"https:\/\/analysedanmark.dk\/de\/dienstleistungen\/markedsanalyser\/\"><\/a>\n\n<div class=\"gb-headline gb-headline-7c43e051\"><span class=\"gb-icon\"><svg viewbox=\"0 0 256 256\" fill=\"#000000\" height=\"32\" width=\"32\" xmlns=\"http:\/\/www.w3.org\/2000\/svg\"><path d=\"M224,72H208V64a24,24,0,0,0-24-24H40A24,24,0,0,0,16,64v96a24,24,0,0,0,24,24H152v8a24,24,0,0,0,24,24h48a24,24,0,0,0,24-24V96A24,24,0,0,0,224,72ZM40,168a8,8,0,0,1-8-8V64a8,8,0,0,1,8-8H184a8,8,0,0,1,8,8v8H176a24,24,0,0,0-24,24v72Zm192,24a8,8,0,0,1-8,8H176a8,8,0,0,1-8-8V96a8,8,0,0,1,8-8h48a8,8,0,0,1,8,8Zm-96,16a8,8,0,0,1-8,8H88a8,8,0,0,1,0-16h40A8,8,0,0,1,136,208Zm80-96a8,8,0,0,1-8,8H192a8,8,0,0,1,0-16h16A8,8,0,0,1,216,112Z\"><\/path><\/svg><\/span><\/div>\n\n\n\n<h3 class=\"gb-headline gb-headline-0fa31dce gb-headline-text\">Marktanalysen<\/h3>\n\n\n\n<p class=\"gb-headline gb-headline-f47e5d1a gbp-section__icon-list\"><span class=\"gb-icon\"><svg viewbox=\"0 0 24 24\" fill=\"none\" height=\"24\" width=\"24\" xmlns=\"http:\/\/www.w3.org\/2000\/svg\" aria-hidden=\"true\" class=\"w-6 h-6 text-gray-800 dark:text-white\">   <path d=\"M19 12H5m14 0-4 4m4-4-4-4\" stroke-width=\"2\" stroke-linejoin=\"round\" stroke-linecap=\"round\" stroke=\"currentColor\"><\/path> <\/svg><\/span><span class=\"gb-headline-text\"><strong><a href=\"https:\/\/analysedanmark.dk\/de\/dienstleistungen\/markedsanalyser\/\" data-type=\"page\" data-id=\"43533\">Lesen Sie hier mehr<\/a><\/strong><\/span><\/p>\n\n<\/div><\/div>\n\n<div class=\"gb-grid-column gb-grid-column-f5073e73\"><div class=\"gb-container gb-container-f5073e73 gbp-card\"><a class=\"gb-container-link\" href=\"https:\/\/analysedanmark.dk\/de\/dienstleistungen\/medlemsundersoegelser\/\"><\/a>\n\n<div class=\"gb-headline gb-headline-4aba9f90\"><span class=\"gb-icon\"><svg viewbox=\"0 0 256 256\" fill=\"#000000\" height=\"32\" width=\"32\" xmlns=\"http:\/\/www.w3.org\/2000\/svg\"><path d=\"M216,40H72A16,16,0,0,0,56,56V72H40A16,16,0,0,0,24,88V200a16,16,0,0,0,16,16H184a16,16,0,0,0,16-16V184h16a16,16,0,0,0,16-16V56A16,16,0,0,0,216,40ZM184,88v16H40V88Zm0,112H40V120H184v80Zm32-32H200V88a16,16,0,0,0-16-16H72V56H216Z\"><\/path><\/svg><\/span><\/div>\n\n\n\n<h3 class=\"gb-headline gb-headline-794e4ea2 gb-headline-text\">Umfragen unter den Mitgliedern<\/h3>\n\n\n\n<p class=\"gb-headline gb-headline-4e1e51bc gbp-section__icon-list\"><span class=\"gb-icon\"><svg viewbox=\"0 0 24 24\" fill=\"none\" height=\"24\" width=\"24\" xmlns=\"http:\/\/www.w3.org\/2000\/svg\" aria-hidden=\"true\" class=\"w-6 h-6 text-gray-800 dark:text-white\">   <path d=\"M19 12H5m14 0-4 4m4-4-4-4\" stroke-width=\"2\" stroke-linejoin=\"round\" stroke-linecap=\"round\" stroke=\"currentColor\"><\/path> <\/svg><\/span><span class=\"gb-headline-text\"><strong><a href=\"https:\/\/analysedanmark.dk\/de\/dienstleistungen\/medlemsundersoegelser\/\" data-type=\"page\" data-id=\"43543\">Lesen Sie hier mehr<\/a><\/strong><\/span><\/p>\n\n<\/div><\/div>\n<\/div>\n\n<div class=\"gb-grid-wrapper gb-grid-wrapper-78df8010\">\n<div class=\"gb-grid-column gb-grid-column-4d3a8899\"><div class=\"gb-container gb-container-4d3a8899 gbp-card\"><a class=\"gb-container-link\" href=\"https:\/\/analysedanmark.dk\/de\/dienstleistungen\/zielgruppenanalyse\/\"><\/a>\n\n<div class=\"gb-headline gb-headline-9736660f\"><span class=\"gb-icon\"><svg viewbox=\"0 0 256 256\" fill=\"#000000\" height=\"32\" width=\"32\" xmlns=\"http:\/\/www.w3.org\/2000\/svg\"><path d=\"M58.34,101.66l-32-32a8,8,0,0,1,0-11.32l32-32A8,8,0,0,1,69.66,37.66L43.31,64,69.66,90.34a8,8,0,0,1-11.32,11.32Zm40,0a8,8,0,0,0,11.32,0l32-32a8,8,0,0,0,0-11.32l-32-32A8,8,0,0,0,98.34,37.66L124.69,64,98.34,90.34A8,8,0,0,0,98.34,101.66ZM200,40H176a8,8,0,0,0,0,16h24V200H56V136a8,8,0,0,0-16,0v64a16,16,0,0,0,16,16H200a16,16,0,0,0,16-16V56A16,16,0,0,0,200,40Z\"><\/path><\/svg><\/span><\/div>\n\n\n\n<h3 class=\"gb-headline gb-headline-6b23b0a8 gb-headline-text\">Analyse des Zielpublikums<\/h3>\n\n\n\n<p class=\"gb-headline gb-headline-8c1acebe gbp-section__icon-list\"><span class=\"gb-icon\"><svg viewbox=\"0 0 24 24\" fill=\"none\" height=\"24\" width=\"24\" xmlns=\"http:\/\/www.w3.org\/2000\/svg\" aria-hidden=\"true\" class=\"w-6 h-6 text-gray-800 dark:text-white\">   <path d=\"M19 12H5m14 0-4 4m4-4-4-4\" stroke-width=\"2\" stroke-linejoin=\"round\" stroke-linecap=\"round\" stroke=\"currentColor\"><\/path> <\/svg><\/span><span class=\"gb-headline-text\"><strong><a href=\"https:\/\/analysedanmark.dk\/de\/dienstleistungen\/zielgruppenanalyse\/\" data-type=\"page\" data-id=\"43545\">Lesen Sie hier mehr<\/a><\/strong><\/span><\/p>\n\n<\/div><\/div>\n\n<div class=\"gb-grid-column gb-grid-column-c55a2ba9\"><div class=\"gb-container gb-container-c55a2ba9 gbp-card\"><a class=\"gb-container-link\" href=\"https:\/\/analysedanmark.dk\/de\/dienstleistungen\/panelundersoegelser\/\"><\/a>\n\n<div class=\"gb-headline gb-headline-84c327c9\"><span class=\"gb-icon\"><svg viewbox=\"0 0 256 256\" fill=\"#000000\" height=\"32\" width=\"32\" xmlns=\"http:\/\/www.w3.org\/2000\/svg\"><path d=\"M224,72H208V64a24,24,0,0,0-24-24H40A24,24,0,0,0,16,64v96a24,24,0,0,0,24,24H152v8a24,24,0,0,0,24,24h48a24,24,0,0,0,24-24V96A24,24,0,0,0,224,72ZM40,168a8,8,0,0,1-8-8V64a8,8,0,0,1,8-8H184a8,8,0,0,1,8,8v8H176a24,24,0,0,0-24,24v72Zm192,24a8,8,0,0,1-8,8H176a8,8,0,0,1-8-8V96a8,8,0,0,1,8-8h48a8,8,0,0,1,8,8Zm-96,16a8,8,0,0,1-8,8H88a8,8,0,0,1,0-16h40A8,8,0,0,1,136,208Zm80-96a8,8,0,0,1-8,8H192a8,8,0,0,1,0-16h16A8,8,0,0,1,216,112Z\"><\/path><\/svg><\/span><\/div>\n\n\n\n<h3 class=\"gb-headline gb-headline-381fefc6 gb-headline-text\">Panelerhebungen<\/h3>\n\n\n\n<p class=\"gb-headline gb-headline-6daccb24 gbp-section__icon-list\"><span class=\"gb-icon\"><svg viewbox=\"0 0 24 24\" fill=\"none\" height=\"24\" width=\"24\" xmlns=\"http:\/\/www.w3.org\/2000\/svg\" aria-hidden=\"true\" class=\"w-6 h-6 text-gray-800 dark:text-white\">   <path d=\"M19 12H5m14 0-4 4m4-4-4-4\" stroke-width=\"2\" stroke-linejoin=\"round\" stroke-linecap=\"round\" stroke=\"currentColor\"><\/path> <\/svg><\/span><span class=\"gb-headline-text\"><strong><a href=\"https:\/\/analysedanmark.dk\/de\/dienstleistungen\/panelundersoegelser\/\" data-type=\"page\" data-id=\"43547\">Lesen Sie hier mehr<\/a><\/strong><\/span><\/p>\n\n<\/div><\/div>\n\n<div class=\"gb-grid-column gb-grid-column-310fb821\"><div class=\"gb-container gb-container-310fb821 gbp-card\"><a class=\"gb-container-link\" href=\"https:\/\/analysedanmark.dk\/de\/dienstleistungen\/segmentering\/\"><\/a>\n\n<div class=\"gb-headline gb-headline-922a2ed6\"><span class=\"gb-icon\"><svg viewbox=\"0 0 256 256\" fill=\"#000000\" height=\"32\" width=\"32\" xmlns=\"http:\/\/www.w3.org\/2000\/svg\"><path d=\"M216,40H72A16,16,0,0,0,56,56V72H40A16,16,0,0,0,24,88V200a16,16,0,0,0,16,16H184a16,16,0,0,0,16-16V184h16a16,16,0,0,0,16-16V56A16,16,0,0,0,216,40ZM184,88v16H40V88Zm0,112H40V120H184v80Zm32-32H200V88a16,16,0,0,0-16-16H72V56H216Z\"><\/path><\/svg><\/span><\/div>\n\n\n\n<h3 class=\"gb-headline gb-headline-273e7aae gb-headline-text\">Segmentierung<\/h3>\n\n\n\n<p class=\"gb-headline gb-headline-a177fce5 gbp-section__icon-list\"><span class=\"gb-icon\"><svg viewbox=\"0 0 24 24\" fill=\"none\" height=\"24\" width=\"24\" xmlns=\"http:\/\/www.w3.org\/2000\/svg\" aria-hidden=\"true\" class=\"w-6 h-6 text-gray-800 dark:text-white\">   <path d=\"M19 12H5m14 0-4 4m4-4-4-4\" stroke-width=\"2\" stroke-linejoin=\"round\" stroke-linecap=\"round\" stroke=\"currentColor\"><\/path> <\/svg><\/span><span class=\"gb-headline-text\"><strong><a href=\"https:\/\/analysedanmark.dk\/de\/dienstleistungen\/segmentering\/\" data-type=\"page\" data-id=\"43549\">Lesen Sie hier mehr<\/a><\/strong><\/span><\/p>\n\n<\/div><\/div>\n<\/div>\n<\/div>\n<\/div>\n\n<div class=\"gb-container gb-container-68a23b27 gbp--border-radius\">\n<div class=\"gb-container gb-container-4c3bf351 gbp-section__inner\">\n\n<p class=\"gb-headline gb-headline-49bc7c64\"><span class=\"gb-icon\"><svg viewbox=\"0 0 40 26.79\" data-name=\"Layer 1\" xmlns=\"http:\/\/www.w3.org\/2000\/svg\"><path style=\"stroke-width:0\" d=\"M.31 18.41C-1.37 10.67 3.97 2.41 12.65 0l.63 5.23c-2.3.94-4.29 3.14-4.29 6.07 3.45-1.57 8.27.42 9.42 5.34.94 4.5-1.99 8.89-6.59 9.94C6.8 27.63 1.67 24.7.31 18.42Zm21.49 0C20.13 10.67 25.36 2.4 34.04 0l.73 5.23c-2.41.94-4.29 3.14-4.4 6.07 3.56-1.57 8.37.42 9.42 5.34 1.05 4.5-1.99 8.89-6.59 9.94-4.92 1.05-10.04-1.88-11.41-8.16Z\"><\/path><\/svg><\/span><span class=\"gb-headline-text\">F\u00fcr Damixa ist es wichtig, nah an den Endnutzern und ihren Bed\u00fcrfnissen zu sein. Durch den Einsatz von 3D-gedruckten Dummys in Fokusgruppen kommen wir einem potenziellen Endprodukt so nahe wie m\u00f6glich und erhalten die unmittelbaren Reaktionen der Endnutzer auf Techniken und Designs, die wir sonst nur auf einem Rei\u00dfbrett skizzieren k\u00f6nnten.<\/span><\/p>\n\n\n\n<p class=\"has-base-3-color has-text-color\"><strong>S\u00f8ren Braae<\/strong>, Produktchef i Damixa<\/p>\n\n<\/div>\n<\/div>","protected":false},"excerpt":{"rendered":"<p>Vores ydelser Hvad kan vi tilbyde? Analyse Danmark tilbyder et bredt analysesortiment. Vi gennemf\u00f8rer s\u00e5vel kvalitative som kvantitative m\u00e5linger samt r\u00e5dgivning i forbindelse hermed. For Damixa er det vigtigt at v\u00e6re t\u00e6t p\u00e5 slutbrugerne og deres behov. Ved at bruges 3D-printede dummies i fokusgrupper kommer vi s\u00e5 t\u00e6t som muligt p\u00e5 et potentielt slutprodukt og &#8230; <\/p>\n<p class=\"read-more-container\"><a title=\"Dienstleistungen und Vorteile\" class=\"read-more button\" href=\"https:\/\/analysedanmark.dk\/de\/ydelser\/#more-35209\" aria-label=\"Mehr Informationen \u00fcber Ydelser\">Weiterlesen &#8230;<\/a><\/p>","protected":false},"author":1,"featured_media":0,"parent":0,"menu_order":0,"comment_status":"closed","ping_status":"closed","template":"","meta":{"_acf_changed":false,"footnotes":""},"class_list":["post-35209","page","type-page","status-publish"],"acf":[],"_links":{"self":[{"href":"https:\/\/analysedanmark.dk\/de\/wp-json\/wp\/v2\/pages\/35209","targetHints":{"allow":["GET"]}}],"collection":[{"href":"https:\/\/analysedanmark.dk\/de\/wp-json\/wp\/v2\/pages"}],"about":[{"href":"https:\/\/analysedanmark.dk\/de\/wp-json\/wp\/v2\/types\/page"}],"author":[{"embeddable":true,"href":"https:\/\/analysedanmark.dk\/de\/wp-json\/wp\/v2\/users\/1"}],"replies":[{"embeddable":true,"href":"https:\/\/analysedanmark.dk\/de\/wp-json\/wp\/v2\/comments?post=35209"}],"version-history":[{"count":5,"href":"https:\/\/analysedanmark.dk\/de\/wp-json\/wp\/v2\/pages\/35209\/revisions"}],"predecessor-version":[{"id":190921,"href":"https:\/\/analysedanmark.dk\/de\/wp-json\/wp\/v2\/pages\/35209\/revisions\/190921"}],"wp:attachment":[{"href":"https:\/\/analysedanmark.dk\/de\/wp-json\/wp\/v2\/media?parent=35209"}],"curies":[{"name":"wp","href":"https:\/\/api.w.org\/{rel}","templated":true}]}}