{"id":30249,"date":"2023-08-24T20:15:00","date_gmt":"2023-08-24T20:15:00","guid":{"rendered":"https:\/\/gpsites.co\/affinity\/?page_id=30249"},"modified":"2026-03-25T14:40:23","modified_gmt":"2026-03-25T13:40:23","slug":"datenschutzbestimmungen","status":"publish","type":"page","link":"https:\/\/analysedanmark.dk\/de\/persondatapolitik\/","title":{"rendered":"Datenschutzbestimmungen"},"content":{"rendered":"<div class=\"gb-container gb-container-00dad267 gbp-section\">\n<div class=\"gb-container gb-container-7c095171 gb-container-e12be6ba gbp-section__inner\">\n\n<p>In unserer Datenschutzrichtlinie k\u00f6nnen Sie nachlesen, wie wir Ihre personenbezogenen Daten erfassen und verarbeiten, wenn Sie an unseren Umfragen teilnehmen, sich f\u00fcr unseren Newsletter anmelden oder eine Anfrage \u00fcber ein Formular auf der Website stellen.<\/p>\n\n\n\n<h3 class=\"wp-block-heading\"><strong>Verantwortlicher f\u00fcr die Datenverarbeitung<\/strong><\/h3>\n\n\n\n<p>Analyse Danmark ApS ist der Verantwortliche f\u00fcr die Verarbeitung Ihrer personenbezogenen Daten.<\/p>\n\n\n\n<p>Analyse Danmark ApS<br>Vesterbrogade 124 B, 4. links.<br>1620 Kopenhagen V<br>Telefon: 43331020<br>CVR: 3740 8174<br><\/p>\n\n\n\n<h3 class=\"wp-block-heading\"><strong>Verarbeitung personenbezogener Daten, wenn Sie an unseren Umfragen teilnehmen, Fragen zu bestehenden Umfragen haben oder z. B. eine Anfrage \u00fcber einen gesendeten Link, telefonisch, pers\u00f6nlich (z. B. in einem pers\u00f6nlichen Gespr\u00e4ch oder als Teilnehmer einer Fokusgruppe), per Post, E-Mail oder \u00fcber die Website stellen<\/strong><\/h3>\n\n\n\n<p>Wenn Sie an unseren Umfragen teilnehmen oder eine Anfrage \u00fcber die Website senden, werden Sie m\u00f6glicherweise aufgefordert, Ihren Namen, Ihre E-Mail-Adresse, Ihre Telefonnummer und andere Informationen anzugeben, die f\u00fcr die Teilnahme an der Umfrage oder f\u00fcr die Beantwortung Ihrer Anfrage relevant sind. Alle Informationen werden vertraulich und anonym behandelt, sowohl gegen\u00fcber unseren Kunden als auch gegen\u00fcber Dritten. Ihre Kontaktinformationen werden ohne Ihre Zustimmung nicht an Dritte weitergegeben, es sei denn, wir sind gesetzlich dazu verpflichtet. Wir verwenden die Informationen nicht f\u00fcr Spam oder andere kommerzielle Sendungen. In einigen F\u00e4llen lagern wir die Verarbeitung Ihrer personenbezogenen Daten an unsere Zulieferer aus. Dies ist z. B. der Fall, wenn wir GoGift, Send a Thought oder andere als Lieferanten von Geschenkgutscheinen nutzen und hier nur E-Mail-Adressen, damit der Geschenkgutschein elektronisch an Sie gesendet werden kann.<\/p>\n\n\n\n<p>In der Regel speichern wir personenbezogene Daten bis zu 2 Jahre, danach l\u00f6schen wir sie. Der Grund, warum wir sie nicht immer sofort nach Abschluss einer Umfrage l\u00f6schen, ist die Qualit\u00e4tskontrolle und die Notwendigkeit, die Umfrage bei derselben Zielgruppe zu wiederholen, z. B. um die Entwicklung innerhalb eines bestimmten Themas zu messen oder um zu vertiefenden Interviews einzuladen. Bei Umfragen, bei denen wir Sie sp\u00e4ter erneut kontaktieren m\u00fcssen, werden Sie darauf hingewiesen.<\/p>\n\n\n\n<p>Es kann sein, dass Sie eine Umfrage von uns erhalten, ohne dass Sie Ihr Interesse an der Teilnahme an einer Umfrage bekundet haben. Dies k\u00f6nnte im Zusammenhang mit einer Umfrage geschehen, bei der unser Kunde \u00f6ffentlich zug\u00e4ngliche Kontaktinformationen gesammelt hat, wie z. B. E-Mails von Websites, oder Sie sind Mitglied eines Vereins, bei dem der Verein der f\u00fcr die Datenverarbeitung Verantwortliche ist. Dies ist v\u00f6llig legal, und es steht Ihnen nat\u00fcrlich frei zu entscheiden, ob Sie an der Umfrage teilnehmen m\u00f6chten. Lesen Sie hier mehr \u00fcber das Marketinggesetz und das Spamverbot<\/p>\n\n\n\n<p><a href=\"https:\/\/www.forbrugerombudsmanden.dk\/hvad-gaelder\/ofte-stillede-spoergsmaal\/spam\" rel=\"nofollow noopener\" target=\"_blank\">https:\/\/www.forbrugerombudsmanden.dk\/hvad-gaelder\/ofte-stillede-spoergsmaal\/spam<\/a><\/p>\n\n\n\n<p>Die Mitarbeiter von Analyse Danmark unterliegen einer Vertraulichkeitsvereinbarung, die sich sowohl auf unternehmensinterne Angelegenheiten als auch auf Informationen \u00fcber unsere Kunden und deren Produkte\/Dienstleistungen sowie \u00fcber die Teilnehmer an unseren Umfragen erstreckt.<\/p>\n\n\n\n<h3 class=\"wp-block-heading\"><strong>Verarbeitung personenbezogener Daten, wenn Sie sich f\u00fcr unseren Newsletter anmelden<\/strong><\/h3>\n\n\n\n<p>Wenn Sie sich f\u00fcr unseren Newsletter anmelden, registrieren wir Ihren Namen und Ihre E-Mail-Adresse, damit wir Ihnen unsere Newsletter zusenden k\u00f6nnen.&nbsp;<\/p>\n\n\n\n<p>Wir verarbeiten die vorgenannten Daten auf der Grundlage Ihrer Einwilligung, die Sie bei der Anmeldung zu unseren Newslettern erteilt haben. Sie k\u00f6nnen Ihre Einwilligung jederzeit widerrufen, indem Sie eine E-Mail an uns schreiben oder sich direkt abmelden, indem Sie auf den Link in einem der Newsletter klicken, die wir Ihnen zusenden. Wir geben Ihre personenbezogenen Daten in der Regel nicht ohne Ihre Zustimmung an Dritte weiter, es sei denn, wir sind gesetzlich dazu verpflichtet. Wir verarbeiten die personenbezogenen Daten in der Regel so lange, bis Sie Ihre Einwilligung zum Erhalt unserer Newsletter widerrufen.<\/p>\n\n\n\n<h3 class=\"wp-block-heading\"><strong>Deine Rechte<\/strong><\/h3>\n\n\n\n<p>Sie k\u00f6nnen jederzeit Auskunft dar\u00fcber verlangen, welche personenbezogenen Daten wir \u00fcber Sie verarbeiten.<\/p>\n\n\n\n<p>Sie k\u00f6nnen auch Widerspruch gegen die Verarbeitung Ihrer personenbezogenen Daten einlegen und uns beispielsweise auffordern, diese zu berichtigen, zu l\u00f6schen, einzuschr\u00e4nken, zu \u00fcbertragen oder die Verarbeitung einzustellen.<\/p>\n\n\n\n<p><strong>F\u00fcr alle diese Anfragen k\u00f6nnen Sie uns einfach \u00fcber die unten angegebenen Kontaktdaten kontaktieren.&nbsp;<\/strong><\/p>\n\n\n\n<p>Wenn Sie Fragen oder Anmerkungen zur Verarbeitung Ihrer pers\u00f6nlichen Daten haben, k\u00f6nnen Sie sich hier jederzeit an uns wenden:<\/p>\n\n\n\n<p>Analyse Danmark ApS<br>Vesterbrogade 124 B, 4. links.&nbsp;<br>1620 Kopenhagen V<br>Telefon: 43331020<br>Post:&nbsp;<a href=\"mailto:info@analysedanmark.dk\">info@analysedanmark.dk<\/a><\/p>\n\n\n\n<p>Wenn Sie sich \u00fcber die Verarbeitung Ihrer personenbezogenen Daten durch uns beschweren m\u00f6chten, k\u00f6nnen Sie dies bei folgender Adresse tun:&nbsp;<\/p>\n\n\n\n<p>Datenschutzbeh\u00f6rde<br>Borgergade 28, 5<br>1300 Kopenhagen K, D\u00e4nemark&nbsp;<br>Telefon: 33 19 32 00<br>&nbsp;<\/p>\n\n\n\n<p>Siehe auch&nbsp;<a href=\"https:\/\/www.datatilsynet.dk\/om-datatilsynet\/kontakt\/\" rel=\"nofollow noopener\" target=\"_blank\">https:\/\/www.datatilsynet.dk\/om-datatilsynet\/kontakt\/<\/a><\/p>\n\n<\/div>\n<\/div>","protected":false},"excerpt":{"rendered":"<p>I vores&nbsp;persondatapolitik kan du l\u00e6se om, hvordan vi indsamler og behandler dine persondata, n\u00e5r du deltager i vores unders\u00f8gelser, tilmelder dig vores nyhedsbrev eller sender en foresp\u00f8rgsel via formular p\u00e5 hjemmesiden. Dataansvarlig Analyse Danmark ApS er dataansvarlig for behandling af dine personoplysninger. Analyse Danmark ApSVesterbrogade 124 B, 4. t.v.1620 K\u00f8benhavn VTelefon: 43331020CVR: 3740 8174 Behandling &#8230; <\/p>\n<p class=\"read-more-container\"><a title=\"Datenschutzbestimmungen\" class=\"read-more button\" href=\"https:\/\/analysedanmark.dk\/de\/persondatapolitik\/#more-30249\" aria-label=\"Mehr Informationen \u00fcber Persondatapolitik\">Weiterlesen &#8230;<\/a><\/p>","protected":false},"author":1,"featured_media":0,"parent":0,"menu_order":0,"comment_status":"closed","ping_status":"closed","template":"","meta":{"_acf_changed":false,"footnotes":""},"class_list":["post-30249","page","type-page","status-publish"],"acf":[],"_links":{"self":[{"href":"https:\/\/analysedanmark.dk\/de\/wp-json\/wp\/v2\/pages\/30249","targetHints":{"allow":["GET"]}}],"collection":[{"href":"https:\/\/analysedanmark.dk\/de\/wp-json\/wp\/v2\/pages"}],"about":[{"href":"https:\/\/analysedanmark.dk\/de\/wp-json\/wp\/v2\/types\/page"}],"author":[{"embeddable":true,"href":"https:\/\/analysedanmark.dk\/de\/wp-json\/wp\/v2\/users\/1"}],"replies":[{"embeddable":true,"href":"https:\/\/analysedanmark.dk\/de\/wp-json\/wp\/v2\/comments?post=30249"}],"version-history":[{"count":7,"href":"https:\/\/analysedanmark.dk\/de\/wp-json\/wp\/v2\/pages\/30249\/revisions"}],"predecessor-version":[{"id":235028,"href":"https:\/\/analysedanmark.dk\/de\/wp-json\/wp\/v2\/pages\/30249\/revisions\/235028"}],"wp:attachment":[{"href":"https:\/\/analysedanmark.dk\/de\/wp-json\/wp\/v2\/media?parent=30249"}],"curies":[{"name":"wp","href":"https:\/\/api.w.org\/{rel}","templated":true}]}}