{"id":24,"date":"2023-07-25T17:53:45","date_gmt":"2023-07-25T17:53:45","guid":{"rendered":"https:\/\/business-one.local\/?page_id=24"},"modified":"2025-10-02T11:10:12","modified_gmt":"2025-10-02T09:10:12","slug":"boxen","status":"publish","type":"page","link":"https:\/\/analysedanmark.dk\/de\/cases\/","title":{"rendered":"F\u00e4lle"},"content":{"rendered":"<div class=\"gb-container gb-container-7853d711 gbp-section\">\n<div class=\"gb-container gb-container-e1e22289 gbp-section__inner\">\n<div class=\"gb-container gb-container-6bd182c5 gbp--margin-after\">\n\n<p class=\"gb-headline gb-headline-675b16aa gb-headline-text gbp-section__tagline\">Enge Zusammenarbeit mit unseren Kunden <\/p>\n\n\n\n<h1 class=\"wp-block-heading\">Kunden &amp; F\u00e4lle<\/h1>\n\n\n\n<p class=\"gb-headline gb-headline-0b6d10cc gb-headline-text gb-headline-848d8056\">Wir wollen immer eng mit unseren Kunden zusammenarbeiten, um ihre Herausforderungen und Bed\u00fcrfnisse so gut wie m\u00f6glich zu verstehen.<\/p>\n\n\n\n<p>Seit 1997 f\u00fchrt Analyse Danmark sowohl qualitative als auch quantitative Umfragen durch. Hier finden Sie Beispiele von privaten Unternehmen, Organisationen und \u00f6ffentlichen Einrichtungen, f\u00fcr die wir Auftr\u00e4ge gel\u00f6st haben. In den einzelnen F\u00e4llen wird beschrieben, welche Methoden angewandt wurden und was bei den Projekten herausgekommen ist. Wenn Sie Fragen haben oder dar\u00fcber sprechen m\u00f6chten, ob etwas \u00c4hnliches auch f\u00fcr Ihre Organisation durchgef\u00fchrt werden kann, k\u00f6nnen Sie uns gerne kontaktieren.<\/p>\n\n\n\n<p>Viel Spa\u00df beim Eintauchen in sie.<\/p>\n\n<\/div>\n\n<div class=\"gb-grid-wrapper gb-grid-wrapper-988f5f34\">\n<div class=\"gb-grid-column gb-grid-column-8a3ba7e7\"><div class=\"gb-container gb-container-8a3ba7e7 gbp-card\">\n\n<figure class=\"gb-block-image gb-block-image-f820c0e2\"><a href=\"https:\/\/aidsfondet.dk\/\" target=\"_blank\" rel=\"noopener noreferrer nofollow\"><img loading=\"lazy\" decoding=\"async\" width=\"500\" height=\"500\" class=\"gb-image gb-image-f820c0e2 gbp--border-radius\" src=\"https:\/\/analysedanmark.dk\/wp-content\/uploads\/2024\/12\/AD-logo.png\" alt=\"\" title=\"AD-Logo\" srcset=\"https:\/\/analysedanmark.dk\/wp-content\/uploads\/2024\/12\/AD-logo.png 500w, https:\/\/analysedanmark.dk\/wp-content\/uploads\/2024\/12\/AD-logo-300x300.png 300w, https:\/\/analysedanmark.dk\/wp-content\/uploads\/2024\/12\/AD-logo-400x400.png 400w\" sizes=\"auto, (max-width: 500px) 100vw, 500px\"><\/a><\/figure>\n\n\n\n<p class=\"gb-headline gb-headline-25c4c5af gb-headline-text gbp-card__title\"><strong>Die AIDS-Stiftung<\/strong><\/p>\n\n\n\n<p class=\"gb-headline gb-headline-20389cd3 gb-headline-text gbp-section__text--sm gb-headline-ad44c097\">Wie deckt man tabuisiertes Verhalten bei einer schwer zu erreichenden Zielgruppe auf?<\/p>\n\n\n\n<p class=\"gb-headline gb-headline-71dd314b gb-headline-text gb-headline-931196b7\"><strong><a href=\"https:\/\/analysedanmark.dk\/de\/boxen\/aids-stiftung\/\" data-type=\"page\" data-id=\"43847\">Lesen Sie hier mehr<\/a><\/strong><\/p>\n\n<\/div><\/div>\n\n<div class=\"gb-grid-column gb-grid-column-59693bc2\"><div class=\"gb-container gb-container-59693bc2 gbp-card\">\n\n<figure class=\"gb-block-image gb-block-image-a4ba5d5a\"><a href=\"https:\/\/damixa.dk\/\" target=\"_blank\" rel=\"noopener noreferrer nofollow\"><img loading=\"lazy\" decoding=\"async\" width=\"500\" height=\"500\" class=\"gb-image gb-image-a4ba5d5a gbp--border-radius\" src=\"https:\/\/analysedanmark.dk\/wp-content\/uploads\/2024\/12\/damixalogo.png\" alt=\"\" title=\"damixalogo\" srcset=\"https:\/\/analysedanmark.dk\/wp-content\/uploads\/2024\/12\/damixalogo.png 500w, https:\/\/analysedanmark.dk\/wp-content\/uploads\/2024\/12\/damixalogo-300x300.png 300w, https:\/\/analysedanmark.dk\/wp-content\/uploads\/2024\/12\/damixalogo-400x400.png 400w\" sizes=\"auto, (max-width: 500px) 100vw, 500px\"><\/a><\/figure>\n\n\n\n<p class=\"gb-headline gb-headline-a1cbb546 gb-headline-text gbp-card__title\"><strong>Damixa<\/strong><\/p>\n\n\n\n<p class=\"gb-headline gb-headline-2711e439 gb-headline-text gbp-section__text--sm gb-headline-ad44c097\">Von Ideen auf dem Rei\u00dfbrett und Plastikpuppen bis hin zur Einf\u00fchrung einer neuen Armaturenserie.<\/p>\n\n\n\n<p class=\"gb-headline gb-headline-a50273c1 gb-headline-text gb-headline-931196b7\"><a href=\"https:\/\/analysedanmark.dk\/de\/boxen\/damixa\/\" data-type=\"page\" data-id=\"43821\"><strong>Lesen Sie hier mehr<\/strong><\/a><\/p>\n\n<\/div><\/div>\n\n<div class=\"gb-grid-column gb-grid-column-c57784d6\"><div class=\"gb-container gb-container-c57784d6 gbp-card\">\n\n<figure class=\"wp-block-image size-medium\"><a href=\"https:\/\/www.danskindustri.dk\/\" rel=\"nofollow noopener\" target=\"_blank\"><img loading=\"lazy\" decoding=\"async\" width=\"500\" height=\"500\" src=\"https:\/\/analysedanmark.dk\/wp-content\/uploads\/2024\/12\/Dansk-industri-logo.png\" alt=\"\" class=\"wp-image-44079\" srcset=\"https:\/\/analysedanmark.dk\/wp-content\/uploads\/2024\/12\/Dansk-industri-logo.png 500w, https:\/\/analysedanmark.dk\/wp-content\/uploads\/2024\/12\/Dansk-industri-logo-300x300.png 300w, https:\/\/analysedanmark.dk\/wp-content\/uploads\/2024\/12\/Dansk-industri-logo-400x400.png 400w\" sizes=\"auto, (max-width: 500px) 100vw, 500px\" \/><\/a><\/figure>\n\n\n\n<p class=\"gb-headline gb-headline-335a494a gb-headline-text gbp-card__title\"><strong><strong>D\u00e4nische Industrie<\/strong><\/strong><\/p>\n\n\n\n<p class=\"gb-headline gb-headline-7b162a8d gb-headline-text gbp-section__text--sm gb-headline-ad44c097\">Von projektiven Techniken wie dem Sortieren von Karten und Zeichnungen bis hin zu praktischen Hilfsmitteln.<\/p>\n\n\n\n<p class=\"gb-headline gb-headline-4e70528a gb-headline-text gb-headline-931196b7\"><a href=\"https:\/\/analysedanmark.dk\/de\/boxen\/dansk-industri\/\" data-type=\"page\" data-id=\"44059\"><strong>Lesen Sie hier mehr<\/strong><\/a><\/p>\n\n<\/div><\/div>\n<\/div>\n\n<div class=\"gb-grid-wrapper gb-grid-wrapper-2497f7ae\">\n<div class=\"gb-grid-column gb-grid-column-390c22c0\"><div class=\"gb-container gb-container-390c22c0 gbp-card\">\n\n<figure class=\"gb-block-image gb-block-image-7ae110e9\"><a href=\"https:\/\/www.lyreco.com\/\" target=\"_blank\" rel=\"noopener noreferrer nofollow\"><img loading=\"lazy\" decoding=\"async\" width=\"500\" height=\"500\" class=\"gb-image gb-image-7ae110e9 gbp--border-radius\" src=\"https:\/\/analysedanmark.dk\/wp-content\/uploads\/2024\/12\/Lyreco-logo.png\" alt=\"\" title=\"Lyreco-Logo\" srcset=\"https:\/\/analysedanmark.dk\/wp-content\/uploads\/2024\/12\/Lyreco-logo.png 500w, https:\/\/analysedanmark.dk\/wp-content\/uploads\/2024\/12\/Lyreco-logo-300x300.png 300w, https:\/\/analysedanmark.dk\/wp-content\/uploads\/2024\/12\/Lyreco-logo-400x400.png 400w\" sizes=\"auto, (max-width: 500px) 100vw, 500px\"><\/a><\/figure>\n\n\n\n<p class=\"gb-headline gb-headline-9aa843c1 gb-headline-text gbp-card__title\"><strong>Lyreco<\/strong><\/p>\n\n\n\n<p class=\"gb-headline gb-headline-44b0dde6 gb-headline-text gbp-section__text--sm gb-headline-ad44c097\">Wie kann man detaillierte Einblicke in einen Markt gewinnen, wenn alle Akteure ihre Karten auf dem Tisch liegen haben?&nbsp;<\/p>\n\n\n\n<p class=\"gb-headline gb-headline-8387d5e9 gb-headline-text gb-headline-931196b7\"><strong><a href=\"https:\/\/analysedanmark.dk\/de\/boxen\/lyreco\/\" data-type=\"page\" data-id=\"44061\">Lesen Sie hier mehr<\/a><\/strong><\/p>\n\n<\/div><\/div>\n\n<div class=\"gb-grid-column gb-grid-column-a5bacbd7\"><div class=\"gb-container gb-container-a5bacbd7 gbp-card\">\n\n<figure class=\"gb-block-image gb-block-image-ff5fb4ee\"><a href=\"https:\/\/realdania.dk\/\" target=\"_blank\" rel=\"noopener noreferrer nofollow\"><img loading=\"lazy\" decoding=\"async\" width=\"500\" height=\"500\" class=\"gb-image gb-image-ff5fb4ee gbp--border-radius\" src=\"https:\/\/analysedanmark.dk\/wp-content\/uploads\/2024\/12\/Realdania-logo.png\" alt=\"\" title=\"Realdania-Logo\" srcset=\"https:\/\/analysedanmark.dk\/wp-content\/uploads\/2024\/12\/Realdania-logo.png 500w, https:\/\/analysedanmark.dk\/wp-content\/uploads\/2024\/12\/Realdania-logo-300x300.png 300w, https:\/\/analysedanmark.dk\/wp-content\/uploads\/2024\/12\/Realdania-logo-400x400.png 400w\" sizes=\"auto, (max-width: 500px) 100vw, 500px\"><\/a><\/figure>\n\n\n\n<p class=\"gb-headline gb-headline-863e7c85 gb-headline-text gbp-card__title\"><strong>Realdania<\/strong><\/p>\n\n\n\n<p class=\"gb-headline gb-headline-bac42861 gb-headline-text gbp-section__text--sm gb-headline-ad44c097\">Was tun Sie, wenn alle zu Ihrer Zielgruppe geh\u00f6ren und nur wenige Ihre Marke kennen?<\/p>\n\n\n\n<p class=\"gb-headline gb-headline-575ba865 gb-headline-text gb-headline-931196b7\"><a href=\"https:\/\/analysedanmark.dk\/de\/boxen\/realdania\/\" data-type=\"page\" data-id=\"44001\"><strong>Lesen Sie hier mehr<\/strong><\/a><\/p>\n\n<\/div><\/div>\n\n<div class=\"gb-grid-column gb-grid-column-cc6c8461\"><div class=\"gb-container gb-container-cc6c8461 gbp-card\">\n\n<figure class=\"gb-block-image gb-block-image-a1940f51\"><a href=\"https:\/\/mediesundhed.dk\/\" target=\"_blank\" rel=\"noopener noreferrer nofollow\"><img loading=\"lazy\" decoding=\"async\" width=\"500\" height=\"500\" class=\"gb-image gb-image-a1940f51 gbp--border-radius\" src=\"https:\/\/analysedanmark.dk\/wp-content\/uploads\/2024\/12\/mediesundhed-logo.png\" alt=\"\" title=\"media health logo\" srcset=\"https:\/\/analysedanmark.dk\/wp-content\/uploads\/2024\/12\/mediesundhed-logo.png 500w, https:\/\/analysedanmark.dk\/wp-content\/uploads\/2024\/12\/mediesundhed-logo-300x300.png 300w, https:\/\/analysedanmark.dk\/wp-content\/uploads\/2024\/12\/mediesundhed-logo-400x400.png 400w\" sizes=\"auto, (max-width: 500px) 100vw, 500px\"><\/a><\/figure>\n\n\n\n<p class=\"gb-headline gb-headline-575c382a gb-headline-text gbp-card__title\"><strong><strong>Gesundheit der Medien<\/strong><\/strong><\/p>\n\n\n\n<p class=\"gb-headline gb-headline-79b11bac gb-headline-text gbp-section__text--sm gb-headline-ad44c097\">Mediengesundheit f\u00fcr Kinder und Jugendliche: Haben Sie heute schon mit Ihrem Teenager gesprochen?<br><\/p>\n\n\n\n<p class=\"gb-headline gb-headline-8821b8f1 gb-headline-text gb-headline-931196b7\"><strong><a href=\"https:\/\/analysedanmark.dk\/de\/boxen\/mediesundhed\/\" data-type=\"page\" data-id=\"44057\">Lesen Sie hier mehr<\/a><\/strong><\/p>\n\n<\/div><\/div>\n<\/div>\n<\/div>\n<\/div>","protected":false},"excerpt":{"rendered":"<p>T\u00e6t samarbejde med vores kunder Kunder &amp; cases Vi \u00f8nsker altid at have et t\u00e6t samarbejde med vores kunder, s\u00e5 vi f\u00e5r den bedst mulige forst\u00e5else af deres udfordringer og behov. Analyse Danmark har siden 1997 udf\u00f8rt b\u00e5de kvalitative og kvantitative unders\u00f8gelser. Her finder du eksempler p\u00e5&nbsp;private virksomheder,&nbsp;organisationer&nbsp;og&nbsp;offentlige institutioner&nbsp;som vi har l\u00f8st opgaver for. I &#8230; <\/p>\n<p class=\"read-more-container\"><a title=\"F\u00e4lle\" class=\"read-more button\" href=\"https:\/\/analysedanmark.dk\/de\/cases\/#more-24\" aria-label=\"Mehr Informationen \u00fcber Cases\">Weiterlesen &#8230;<\/a><\/p>","protected":false},"author":1,"featured_media":0,"parent":0,"menu_order":0,"comment_status":"closed","ping_status":"closed","template":"","meta":{"_acf_changed":false,"footnotes":""},"class_list":["post-24","page","type-page","status-publish"],"acf":[],"_links":{"self":[{"href":"https:\/\/analysedanmark.dk\/de\/wp-json\/wp\/v2\/pages\/24","targetHints":{"allow":["GET"]}}],"collection":[{"href":"https:\/\/analysedanmark.dk\/de\/wp-json\/wp\/v2\/pages"}],"about":[{"href":"https:\/\/analysedanmark.dk\/de\/wp-json\/wp\/v2\/types\/page"}],"author":[{"embeddable":true,"href":"https:\/\/analysedanmark.dk\/de\/wp-json\/wp\/v2\/users\/1"}],"replies":[{"embeddable":true,"href":"https:\/\/analysedanmark.dk\/de\/wp-json\/wp\/v2\/comments?post=24"}],"version-history":[{"count":5,"href":"https:\/\/analysedanmark.dk\/de\/wp-json\/wp\/v2\/pages\/24\/revisions"}],"predecessor-version":[{"id":234963,"href":"https:\/\/analysedanmark.dk\/de\/wp-json\/wp\/v2\/pages\/24\/revisions\/234963"}],"wp:attachment":[{"href":"https:\/\/analysedanmark.dk\/de\/wp-json\/wp\/v2\/media?parent=24"}],"curies":[{"name":"wp","href":"https:\/\/api.w.org\/{rel}","templated":true}]}}